{"id":1265,"date":"2023-08-23T10:00:16","date_gmt":"2023-08-23T08:00:16","guid":{"rendered":"https:\/\/alpagasmaquis.be\/alpanage\/look-book\/bonnet-canopee-reflet-toison-kalita\/"},"modified":"2023-08-23T14:06:07","modified_gmt":"2023-08-23T12:06:07","slug":"bonnet-canopee-reflet-toison-kalita","status":"publish","type":"page","link":"https:\/\/alpagasdumaquis.be\/en\/alpanage\/look-book\/bonnet-canopee-reflet-toison-kalita\/","title":{"rendered":"Bonnet Canop\u00e9e reflet &#8211; Toison Kalita"},"content":{"rendered":"\t\t<div data-elementor-type=\"wp-page\" data-elementor-id=\"1265\" class=\"elementor elementor-1265 elementor-737\" data-elementor-post-type=\"page\">\n\t\t\t\t<div class=\"elementor-element elementor-element-ce8c350 e-flex e-con-boxed e-con e-parent\" data-id=\"ce8c350\" data-element_type=\"container\" data-e-type=\"container\" data-settings=\"{&quot;background_background&quot;:&quot;classic&quot;}\">\n\t\t\t\t\t<div class=\"e-con-inner\">\n\t\t\t\t<div class=\"elementor-element elementor-element-c42ab6a elementor-align-right elementor-widget elementor-widget-breadcrumbs\" data-id=\"c42ab6a\" data-element_type=\"widget\" data-e-type=\"widget\" data-widget_type=\"breadcrumbs.default\">\n\t\t\t\t\t<p id=\"breadcrumbs\"><span><span><a href=\"https:\/\/alpagasdumaquis.be\/en\/alpagas-du-maquis-alpaca-breeding-spinning-mill-shop\/\">Accueil<\/a><\/span><\/span><\/p>\t\t\t\t<\/div>\n\t\t\t\t\t<\/div>\n\t\t\t\t<\/div>\n\t\t<div class=\"elementor-element elementor-element-2ca5120 e-flex e-con-boxed e-con e-parent\" data-id=\"2ca5120\" data-element_type=\"container\" data-e-type=\"container\" data-settings=\"{&quot;background_background&quot;:&quot;classic&quot;}\">\n\t\t\t\t\t<div class=\"e-con-inner\">\n\t\t<div class=\"elementor-element elementor-element-e0299ca e-con-full e-flex e-con e-parent\" data-id=\"e0299ca\" data-element_type=\"container\" data-e-type=\"container\">\n\t\t\t\t<div class=\"elementor-element elementor-element-f4197e7 elementor-arrows-position-inside elementor-pagination-position-outside elementor-widget elementor-widget-image-carousel\" data-id=\"f4197e7\" data-element_type=\"widget\" data-e-type=\"widget\" data-settings=\"{&quot;slides_to_show&quot;:&quot;1&quot;,&quot;navigation&quot;:&quot;both&quot;,&quot;autoplay&quot;:&quot;yes&quot;,&quot;pause_on_hover&quot;:&quot;yes&quot;,&quot;pause_on_interaction&quot;:&quot;yes&quot;,&quot;autoplay_speed&quot;:5000,&quot;infinite&quot;:&quot;yes&quot;,&quot;effect&quot;:&quot;slide&quot;,&quot;speed&quot;:500}\" data-widget_type=\"image-carousel.default\">\n\t\t\t\t\t\t\t<div class=\"elementor-image-carousel-wrapper swiper\" role=\"region\" aria-roledescription=\"carousel\" aria-label=\"Image Carousel\" dir=\"ltr\">\n\t\t\t<div class=\"elementor-image-carousel swiper-wrapper\" aria-live=\"off\">\n\t\t\t\t\t\t\t\t<div class=\"swiper-slide\" role=\"group\" aria-roledescription=\"slide\" aria-label=\"1 of 3\"><a data-elementor-open-lightbox=\"yes\" data-elementor-lightbox-slideshow=\"f4197e7\" data-e-action-hash=\"#elementor-action%3Aaction%3Dlightbox%26settings%3DeyJpZCI6NTY1LCJ1cmwiOiJodHRwczpcL1wvYWxwYWdhc2R1bWFxdWlzLmJlXC93cC1jb250ZW50XC91cGxvYWRzXC8yMDIzXC8wOFwvRTY1QzM1NUItMzlDRC00MkM1LUE2NUUtOTA1RkRBRjU4MzYxXzFfMTA1X2NfNjU1eC53ZWJwIiwic2xpZGVzaG93IjoiZjQxOTdlNyJ9\" href=\"https:\/\/alpagasdumaquis.be\/wp-content\/uploads\/2023\/08\/E65C355B-39CD-42C5-A65E-905FDAF58361_1_105_c_655x.webp\"><figure class=\"swiper-slide-inner\"><img decoding=\"async\" class=\"swiper-slide-image\" src=\"https:\/\/alpagasdumaquis.be\/wp-content\/uploads\/2023\/08\/E65C355B-39CD-42C5-A65E-905FDAF58361_1_105_c_655x.webp\" alt=\"E65C355B-39CD-42C5-A65E-905FDAF58361_1_105_c_655x\" \/><\/figure><\/a><\/div><div class=\"swiper-slide\" role=\"group\" aria-roledescription=\"slide\" aria-label=\"2 of 3\"><a data-elementor-open-lightbox=\"yes\" data-elementor-lightbox-slideshow=\"f4197e7\" data-e-action-hash=\"#elementor-action%3Aaction%3Dlightbox%26settings%3DeyJpZCI6NTQ5LCJ1cmwiOiJodHRwczpcL1wvYWxwYWdhc2R1bWFxdWlzLmJlXC93cC1jb250ZW50XC91cGxvYWRzXC8yMDIzXC8wOFwvMjU3OTE1NjEtQUM1OS00QzYwLUFDREUtMDM3NDAxQTBCODcwXzFfMjAxX2FfNjU1eC53ZWJwIiwic2xpZGVzaG93IjoiZjQxOTdlNyJ9\" href=\"https:\/\/alpagasdumaquis.be\/wp-content\/uploads\/2023\/08\/25791561-AC59-4C60-ACDE-037401A0B870_1_201_a_655x.webp\"><figure class=\"swiper-slide-inner\"><img decoding=\"async\" class=\"swiper-slide-image\" src=\"https:\/\/alpagasdumaquis.be\/wp-content\/uploads\/2023\/08\/25791561-AC59-4C60-ACDE-037401A0B870_1_201_a_655x.webp\" alt=\"25791561-AC59-4C60-ACDE-037401A0B870_1_201_a_655x\" \/><\/figure><\/a><\/div><div class=\"swiper-slide\" role=\"group\" aria-roledescription=\"slide\" aria-label=\"3 of 3\"><a data-elementor-open-lightbox=\"yes\" data-elementor-lightbox-slideshow=\"f4197e7\" data-e-action-hash=\"#elementor-action%3Aaction%3Dlightbox%26settings%3DeyJpZCI6OTI2LCJ1cmwiOiJodHRwczpcL1wvYWxwYWdhc2R1bWFxdWlzLmJlXC93cC1jb250ZW50XC91cGxvYWRzXC8yMDIzXC8wOFwvSGlzdG9ncmFtbWVLYWxpdGEyMDE3XzFfNTM4YzdmMGItNjExMy00ZjczLThiOTYtMzgwYWEwOGQ1OWIyXzY1NXgud2VicCIsInNsaWRlc2hvdyI6ImY0MTk3ZTcifQ%3D%3D\" href=\"https:\/\/alpagasdumaquis.be\/wp-content\/uploads\/2023\/08\/HistogrammeKalita2017_1_538c7f0b-6113-4f73-8b96-380aa08d59b2_655x.webp\"><figure class=\"swiper-slide-inner\"><img decoding=\"async\" class=\"swiper-slide-image\" src=\"https:\/\/alpagasdumaquis.be\/wp-content\/uploads\/2023\/08\/HistogrammeKalita2017_1_538c7f0b-6113-4f73-8b96-380aa08d59b2_655x.webp\" alt=\"HistogrammeKalita2017_1_538c7f0b-6113-4f73-8b96-380aa08d59b2_655x\" \/><\/figure><\/a><\/div>\t\t\t<\/div>\n\t\t\t\t\t\t\t\t\t\t\t\t<div class=\"elementor-swiper-button elementor-swiper-button-prev\" role=\"button\" tabindex=\"0\">\n\t\t\t\t\t\t<svg aria-hidden=\"true\" class=\"e-font-icon-svg e-eicon-chevron-left\" viewBox=\"0 0 1000 1000\" xmlns=\"http:\/\/www.w3.org\/2000\/svg\"><path d=\"M646 125C629 125 613 133 604 142L308 442C296 454 292 471 292 487 292 504 296 521 308 533L604 854C617 867 629 875 646 875 663 875 679 871 692 858 704 846 713 829 713 812 713 796 708 779 692 767L438 487 692 225C700 217 708 204 708 187 708 171 704 154 692 142 675 129 663 125 646 125Z\"><\/path><\/svg>\t\t\t\t\t<\/div>\n\t\t\t\t\t<div class=\"elementor-swiper-button elementor-swiper-button-next\" role=\"button\" tabindex=\"0\">\n\t\t\t\t\t\t<svg aria-hidden=\"true\" class=\"e-font-icon-svg e-eicon-chevron-right\" viewBox=\"0 0 1000 1000\" xmlns=\"http:\/\/www.w3.org\/2000\/svg\"><path d=\"M696 533C708 521 713 504 713 487 713 471 708 454 696 446L400 146C388 133 375 125 354 125 338 125 325 129 313 142 300 154 292 171 292 187 292 204 296 221 308 233L563 492 304 771C292 783 288 800 288 817 288 833 296 850 308 863 321 871 338 875 354 875 371 875 388 867 400 854L696 533Z\"><\/path><\/svg>\t\t\t\t\t<\/div>\n\t\t\t\t\n\t\t\t\t\t\t\t\t\t<div class=\"swiper-pagination\"><\/div>\n\t\t\t\t\t\t\t\t\t<\/div>\n\t\t\t\t\t\t<\/div>\n\t\t\t\t<\/div>\n\t\t<div class=\"elementor-element elementor-element-a2042d6 e-con-full e-flex e-con e-parent\" data-id=\"a2042d6\" data-element_type=\"container\" data-e-type=\"container\">\n\t\t\t\t<div class=\"elementor-element elementor-element-6ae8a07 elementor-widget elementor-widget-text-editor\" data-id=\"6ae8a07\" data-element_type=\"widget\" data-e-type=\"widget\" data-widget_type=\"text-editor.default\">\n\t\t\t\t\t\t\t\t\t<p>Alpa&#8217;n&#8217;age<\/p>\n\t\t\t\t\t\t\t\t<\/div>\n\t\t\t\t<div class=\"elementor-element elementor-element-b2ddfef elementor-widget elementor-widget-text-editor\" data-id=\"b2ddfef\" data-element_type=\"widget\" data-e-type=\"widget\" data-widget_type=\"text-editor.default\">\n\t\t\t\t\t\t\t\t\t<p>BONNET CANOP\u00c9E REFLET &#8211; TOISON KALITA<\/p>\n\t\t\t\t\t\t\t\t<\/div>\n\t\t\t\t<div class=\"elementor-element elementor-element-f98a2c4 linkmod elementor-widget elementor-widget-text-editor\" data-id=\"f98a2c4\" data-element_type=\"widget\" data-e-type=\"widget\" data-widget_type=\"text-editor.default\">\n\t\t\t\t\t\t\t\t\t<p>Prix sur demande via <a href=\"mailto:info@alpagasdumaquis.be?subject=Demande%20de%20prix%20Foulard%20Canop%C3%A9e%20-%20toison%20Decouverte\">info@alpagasdumaquis.be<\/a><\/p>\n\t\t\t\t\t\t\t\t<\/div>\n\t\t\t\t<div class=\"elementor-element elementor-element-f478337 elementor-widget elementor-widget-button\" data-id=\"f478337\" data-element_type=\"widget\" data-e-type=\"widget\" data-widget_type=\"button.default\">\n\t\t\t\t\t\t\t\t\t\t<a class=\"elementor-button elementor-button-link elementor-size-sm\" href=\"mailto:info@alpagasdumaquis.be?subject=Demande%20de%20prix%20Foulard%20Canop%C3%A9e%20-%20toison%20Decouverte\">\n\t\t\t\t\t\t<span class=\"elementor-button-content-wrapper\">\n\t\t\t\t\t\t\t\t\t<span class=\"elementor-button-text\">Demander le prix<\/span>\n\t\t\t\t\t<\/span>\n\t\t\t\t\t<\/a>\n\t\t\t\t\t\t\t\t<\/div>\n\t\t\t\t<div class=\"elementor-element elementor-element-e3636d2 elementor-widget-divider--view-line elementor-widget elementor-widget-divider\" data-id=\"e3636d2\" data-element_type=\"widget\" data-e-type=\"widget\" data-widget_type=\"divider.default\">\n\t\t\t\t\t\t\t<div class=\"elementor-divider\">\n\t\t\t<span class=\"elementor-divider-separator\">\n\t\t\t\t\t\t<\/span>\n\t\t<\/div>\n\t\t\t\t\t\t<\/div>\n\t\t\t\t<div class=\"elementor-element elementor-element-8924749 elementor-widget elementor-widget-text-editor\" data-id=\"8924749\" data-element_type=\"widget\" data-e-type=\"widget\" data-widget_type=\"text-editor.default\">\n\t\t\t\t\t\t\t\t\t<p>Description Du Produit<\/p>\n\t\t\t\t\t\t\t\t<\/div>\n\t\t\t\t<div class=\"elementor-element elementor-element-c6b06b5 elementor-widget elementor-widget-text-editor\" data-id=\"c6b06b5\" data-element_type=\"widget\" data-e-type=\"widget\" data-widget_type=\"text-editor.default\">\n\t\t\t\t\t\t\t\t\t<p><i>Le style Canop\u00e9e <\/i>se distingue par sa sobri\u00e9t\u00e9 et sa d\u00e9licatesse avec un petit ajour\u00e9 discret dans certaines pi\u00e8ces et une douce torsade dans d&#8217;autres.<\/p>\n<p>Ce bonnet l\u00e9ger et pratique est pourvu d&#8217;une torsade de chaque c\u00f4t\u00e9.<\/p>\n<p>Il est fabriqu\u00e9 artisanalement en Belgique, dans le plus pur respect de la divine mati\u00e8re et de l&#8217;artisanat de qualit\u00e9.<\/p>\n<p>Kalita est la merveilleuse femelle productrice de cette fibre de qualit\u00e9 ROYAL BABY ALPACA certifi\u00e9e \u00e0 18.7 microns.<\/p>\n\t\t\t\t\t\t\t\t<\/div>\n\t\t\t\t<div class=\"elementor-element elementor-element-c260571 elementor-widget-divider--view-line elementor-widget elementor-widget-divider\" data-id=\"c260571\" data-element_type=\"widget\" data-e-type=\"widget\" data-widget_type=\"divider.default\">\n\t\t\t\t\t\t\t<div class=\"elementor-divider\">\n\t\t\t<span class=\"elementor-divider-separator\">\n\t\t\t\t\t\t<\/span>\n\t\t<\/div>\n\t\t\t\t\t\t<\/div>\n\t\t\t\t<div class=\"elementor-element elementor-element-4f719a9 elementor-widget elementor-widget-text-editor\" data-id=\"4f719a9\" data-element_type=\"widget\" data-e-type=\"widget\" data-widget_type=\"text-editor.default\">\n\t\t\t\t\t\t\t\t\t<p>Partager<\/p>\n\t\t\t\t\t\t\t\t<\/div>\n\t\t\t\t<div class=\"elementor-element elementor-element-8d7cb60 elementor-share-buttons--view-icon elementor-share-buttons--skin-minimal elementor-share-buttons--color-custom elementor-share-buttons--shape-square elementor-grid-0 elementor-widget elementor-widget-share-buttons\" data-id=\"8d7cb60\" data-element_type=\"widget\" data-e-type=\"widget\" data-widget_type=\"share-buttons.default\">\n\t\t\t\t\t\t\t<div class=\"elementor-grid\" role=\"list\">\n\t\t\t\t\t\t\t\t<div class=\"elementor-grid-item\" role=\"listitem\">\n\t\t\t\t\t\t<div class=\"elementor-share-btn elementor-share-btn_facebook\" role=\"button\" tabindex=\"0\" aria-label=\"Share on facebook\">\n\t\t\t\t\t\t\t\t\t\t\t\t\t\t\t<span class=\"elementor-share-btn__icon\">\n\t\t\t\t\t\t\t\t<svg aria-hidden=\"true\" class=\"e-font-icon-svg e-fab-facebook\" viewBox=\"0 0 512 512\" xmlns=\"http:\/\/www.w3.org\/2000\/svg\"><path d=\"M504 256C504 119 393 8 256 8S8 119 8 256c0 123.78 90.69 226.38 209.25 245V327.69h-63V256h63v-54.64c0-62.15 37-96.48 93.67-96.48 27.14 0 55.52 4.84 55.52 4.84v61h-31.28c-30.8 0-40.41 19.12-40.41 38.73V256h68.78l-11 71.69h-57.78V501C413.31 482.38 504 379.78 504 256z\"><\/path><\/svg>\t\t\t\t\t\t\t<\/span>\n\t\t\t\t\t\t\t\t\t\t\t\t\t\t\t\t\t\t\t\t<\/div>\n\t\t\t\t\t<\/div>\n\t\t\t\t\t\t\t\t\t<div class=\"elementor-grid-item\" role=\"listitem\">\n\t\t\t\t\t\t<div class=\"elementor-share-btn elementor-share-btn_pinterest\" role=\"button\" tabindex=\"0\" aria-label=\"Share on pinterest\">\n\t\t\t\t\t\t\t\t\t\t\t\t\t\t\t<span class=\"elementor-share-btn__icon\">\n\t\t\t\t\t\t\t\t<svg aria-hidden=\"true\" class=\"e-font-icon-svg e-fab-pinterest\" viewBox=\"0 0 496 512\" xmlns=\"http:\/\/www.w3.org\/2000\/svg\"><path d=\"M496 256c0 137-111 248-248 248-25.6 0-50.2-3.9-73.4-11.1 10.1-16.5 25.2-43.5 30.8-65 3-11.6 15.4-59 15.4-59 8.1 15.4 31.7 28.5 56.8 28.5 74.8 0 128.7-68.8 128.7-154.3 0-81.9-66.9-143.2-152.9-143.2-107 0-163.9 71.8-163.9 150.1 0 36.4 19.4 81.7 50.3 96.1 4.7 2.2 7.2 1.2 8.3-3.3.8-3.4 5-20.3 6.9-28.1.6-2.5.3-4.7-1.7-7.1-10.1-12.5-18.3-35.3-18.3-56.6 0-54.7 41.4-107.6 112-107.6 60.9 0 103.6 41.5 103.6 100.9 0 67.1-33.9 113.6-78 113.6-24.3 0-42.6-20.1-36.7-44.8 7-29.5 20.5-61.3 20.5-82.6 0-19-10.2-34.9-31.4-34.9-24.9 0-44.9 25.7-44.9 60.2 0 22 7.4 36.8 7.4 36.8s-24.5 103.8-29 123.2c-5 21.4-3 51.6-.9 71.2C65.4 450.9 0 361.1 0 256 0 119 111 8 248 8s248 111 248 248z\"><\/path><\/svg>\t\t\t\t\t\t\t<\/span>\n\t\t\t\t\t\t\t\t\t\t\t\t\t\t\t\t\t\t\t\t<\/div>\n\t\t\t\t\t<\/div>\n\t\t\t\t\t\t\t\t\t<div class=\"elementor-grid-item\" role=\"listitem\">\n\t\t\t\t\t\t<div class=\"elementor-share-btn elementor-share-btn_twitter\" role=\"button\" tabindex=\"0\" aria-label=\"Share on twitter\">\n\t\t\t\t\t\t\t\t\t\t\t\t\t\t\t<span class=\"elementor-share-btn__icon\">\n\t\t\t\t\t\t\t\t<svg aria-hidden=\"true\" class=\"e-font-icon-svg e-fab-twitter\" viewBox=\"0 0 512 512\" xmlns=\"http:\/\/www.w3.org\/2000\/svg\"><path d=\"M459.37 151.716c.325 4.548.325 9.097.325 13.645 0 138.72-105.583 298.558-298.558 298.558-59.452 0-114.68-17.219-161.137-47.106 8.447.974 16.568 1.299 25.34 1.299 49.055 0 94.213-16.568 130.274-44.832-46.132-.975-84.792-31.188-98.112-72.772 6.498.974 12.995 1.624 19.818 1.624 9.421 0 18.843-1.3 27.614-3.573-48.081-9.747-84.143-51.98-84.143-102.985v-1.299c13.969 7.797 30.214 12.67 47.431 13.319-28.264-18.843-46.781-51.005-46.781-87.391 0-19.492 5.197-37.36 14.294-52.954 51.655 63.675 129.3 105.258 216.365 109.807-1.624-7.797-2.599-15.918-2.599-24.04 0-57.828 46.782-104.934 104.934-104.934 30.213 0 57.502 12.67 76.67 33.137 23.715-4.548 46.456-13.32 66.599-25.34-7.798 24.366-24.366 44.833-46.132 57.827 21.117-2.273 41.584-8.122 60.426-16.243-14.292 20.791-32.161 39.308-52.628 54.253z\"><\/path><\/svg>\t\t\t\t\t\t\t<\/span>\n\t\t\t\t\t\t\t\t\t\t\t\t\t\t\t\t\t\t\t\t<\/div>\n\t\t\t\t\t<\/div>\n\t\t\t\t\t\t<\/div>\n\t\t\t\t\t\t<\/div>\n\t\t\t\t<\/div>\n\t\t\t\t\t<\/div>\n\t\t\t\t<\/div>\n\t\t\t\t<\/div>\n\t\t","protected":false},"excerpt":{"rendered":"<p>Alpa&#8217;n&#8217;age BONNET CANOP\u00c9E REFLET &#8211; TOISON KALITA Prix sur demande via info@alpagasdumaquis.be Demander le prix Description Du Produit Le style Canop\u00e9e se distingue par sa sobri\u00e9t\u00e9 et sa d\u00e9licatesse avec un petit ajour\u00e9 discret dans certaines pi\u00e8ces et une douce torsade dans d&#8217;autres. Ce bonnet l\u00e9ger et pratique est pourvu d&#8217;une torsade de chaque c\u00f4t\u00e9. [&hellip;]<\/p>\n","protected":false},"author":1,"featured_media":565,"parent":1252,"menu_order":0,"comment_status":"closed","ping_status":"closed","template":"elementor_header_footer","meta":{"footnotes":""},"class_list":["post-1265","page","type-page","status-publish","has-post-thumbnail","hentry"],"yoast_head":"<!-- This site is optimized with the Yoast SEO plugin v27.4 - https:\/\/yoast.com\/product\/yoast-seo-wordpress\/ -->\n<title>Bonnet Canop\u00e9e reflet - Toison Kalita - Alpagas du Maquis<\/title>\n<meta name=\"robots\" content=\"index, follow, max-snippet:-1, max-image-preview:large, max-video-preview:-1\" \/>\n<link rel=\"canonical\" href=\"https:\/\/alpagasdumaquis.be\/alpanage-accueil\/look-book\/bonnet-canopee-reflet-toison-kalita\/\" \/>\n<meta property=\"og:locale\" content=\"en_US\" \/>\n<meta property=\"og:type\" content=\"article\" \/>\n<meta property=\"og:title\" content=\"Bonnet Canop\u00e9e reflet - Toison Kalita - Alpagas du Maquis\" \/>\n<meta property=\"og:description\" content=\"Alpa&#8217;n&#8217;age BONNET CANOP\u00c9E REFLET &#8211; TOISON KALITA Prix sur demande via info@alpagasdumaquis.be Demander le prix Description Du Produit Le style Canop\u00e9e se distingue par sa sobri\u00e9t\u00e9 et sa d\u00e9licatesse avec un petit ajour\u00e9 discret dans certaines pi\u00e8ces et une douce torsade dans d&#8217;autres. Ce bonnet l\u00e9ger et pratique est pourvu d&#8217;une torsade de chaque c\u00f4t\u00e9. [&hellip;]\" \/>\n<meta property=\"og:url\" content=\"https:\/\/alpagasdumaquis.be\/alpanage-accueil\/look-book\/bonnet-canopee-reflet-toison-kalita\/\" \/>\n<meta property=\"og:site_name\" content=\"Alpagas du Maquis\" \/>\n<meta property=\"article:modified_time\" content=\"2023-08-23T12:06:07+00:00\" \/>\n<meta property=\"og:image\" content=\"https:\/\/alpagasdumaquis.be\/wp-content\/uploads\/2023\/08\/E65C355B-39CD-42C5-A65E-905FDAF58361_1_105_c_655x.webp\" \/>\n\t<meta property=\"og:image:width\" content=\"655\" \/>\n\t<meta property=\"og:image:height\" content=\"873\" \/>\n\t<meta property=\"og:image:type\" content=\"image\/webp\" \/>\n<meta name=\"twitter:card\" content=\"summary_large_image\" \/>\n<meta name=\"twitter:label1\" content=\"Est. reading time\" \/>\n\t<meta name=\"twitter:data1\" content=\"1 minute\" \/>\n<script type=\"application\/ld+json\" class=\"yoast-schema-graph\">{\"@context\":\"https:\\\/\\\/schema.org\",\"@graph\":[{\"@type\":\"WebPage\",\"@id\":\"https:\\\/\\\/alpagasdumaquis.be\\\/alpanage-accueil\\\/look-book\\\/bonnet-canopee-reflet-toison-kalita\\\/\",\"url\":\"https:\\\/\\\/alpagasdumaquis.be\\\/alpanage-accueil\\\/look-book\\\/bonnet-canopee-reflet-toison-kalita\\\/\",\"name\":\"Bonnet Canop\u00e9e reflet - Toison Kalita - Alpagas du Maquis\",\"isPartOf\":{\"@id\":\"https:\\\/\\\/alpagasdumaquis.be\\\/#website\"},\"primaryImageOfPage\":{\"@id\":\"https:\\\/\\\/alpagasdumaquis.be\\\/alpanage-accueil\\\/look-book\\\/bonnet-canopee-reflet-toison-kalita\\\/#primaryimage\"},\"image\":{\"@id\":\"https:\\\/\\\/alpagasdumaquis.be\\\/alpanage-accueil\\\/look-book\\\/bonnet-canopee-reflet-toison-kalita\\\/#primaryimage\"},\"thumbnailUrl\":\"https:\\\/\\\/alpagasdumaquis.be\\\/wp-content\\\/uploads\\\/2023\\\/08\\\/E65C355B-39CD-42C5-A65E-905FDAF58361_1_105_c_655x.webp\",\"datePublished\":\"2023-08-23T08:00:16+00:00\",\"dateModified\":\"2023-08-23T12:06:07+00:00\",\"breadcrumb\":{\"@id\":\"https:\\\/\\\/alpagasdumaquis.be\\\/alpanage-accueil\\\/look-book\\\/bonnet-canopee-reflet-toison-kalita\\\/#breadcrumb\"},\"inLanguage\":\"en-US\",\"potentialAction\":[{\"@type\":\"ReadAction\",\"target\":[\"https:\\\/\\\/alpagasdumaquis.be\\\/alpanage-accueil\\\/look-book\\\/bonnet-canopee-reflet-toison-kalita\\\/\"]}]},{\"@type\":\"ImageObject\",\"inLanguage\":\"en-US\",\"@id\":\"https:\\\/\\\/alpagasdumaquis.be\\\/alpanage-accueil\\\/look-book\\\/bonnet-canopee-reflet-toison-kalita\\\/#primaryimage\",\"url\":\"https:\\\/\\\/alpagasdumaquis.be\\\/wp-content\\\/uploads\\\/2023\\\/08\\\/E65C355B-39CD-42C5-A65E-905FDAF58361_1_105_c_655x.webp\",\"contentUrl\":\"https:\\\/\\\/alpagasdumaquis.be\\\/wp-content\\\/uploads\\\/2023\\\/08\\\/E65C355B-39CD-42C5-A65E-905FDAF58361_1_105_c_655x.webp\",\"width\":655,\"height\":873},{\"@type\":\"BreadcrumbList\",\"@id\":\"https:\\\/\\\/alpagasdumaquis.be\\\/alpanage-accueil\\\/look-book\\\/bonnet-canopee-reflet-toison-kalita\\\/#breadcrumb\",\"itemListElement\":[{\"@type\":\"ListItem\",\"position\":1,\"name\":\"Accueil\",\"item\":\"https:\\\/\\\/alpagasdumaquis.be\\\/en\\\/alpagas-du-maquis-alpaca-breeding-spinning-mill-shop\\\/\"},{\"@type\":\"ListItem\",\"position\":2,\"name\":\"Alpanage\",\"item\":\"https:\\\/\\\/alpagasdumaquis.be\\\/alpanage-accueil\\\/\"},{\"@type\":\"ListItem\",\"position\":3,\"name\":\"Look Book\",\"item\":\"https:\\\/\\\/alpagasdumaquis.be\\\/alpanage-accueil\\\/look-book\\\/\"},{\"@type\":\"ListItem\",\"position\":4,\"name\":\"Bonnet Canop\u00e9e reflet &#8211; Toison Kalita\"}]},{\"@type\":\"WebSite\",\"@id\":\"https:\\\/\\\/alpagasdumaquis.be\\\/#website\",\"url\":\"https:\\\/\\\/alpagasdumaquis.be\\\/\",\"name\":\"Alpagas du Maquis\",\"description\":\"Quality Alpagas &amp; Fiber Mill\",\"publisher\":{\"@id\":\"https:\\\/\\\/alpagasdumaquis.be\\\/#organization\"},\"potentialAction\":[{\"@type\":\"SearchAction\",\"target\":{\"@type\":\"EntryPoint\",\"urlTemplate\":\"https:\\\/\\\/alpagasdumaquis.be\\\/?s={search_term_string}\"},\"query-input\":{\"@type\":\"PropertyValueSpecification\",\"valueRequired\":true,\"valueName\":\"search_term_string\"}}],\"inLanguage\":\"en-US\"},{\"@type\":\"Organization\",\"@id\":\"https:\\\/\\\/alpagasdumaquis.be\\\/#organization\",\"name\":\"Alpagas du Maquis\",\"url\":\"https:\\\/\\\/alpagasdumaquis.be\\\/\",\"logo\":{\"@type\":\"ImageObject\",\"inLanguage\":\"en-US\",\"@id\":\"https:\\\/\\\/alpagasdumaquis.be\\\/#\\\/schema\\\/logo\\\/image\\\/\",\"url\":\"https:\\\/\\\/alpagasdumaquis.be\\\/wp-content\\\/uploads\\\/2023\\\/07\\\/alpagas-logo.76cc389.webp\",\"contentUrl\":\"https:\\\/\\\/alpagasdumaquis.be\\\/wp-content\\\/uploads\\\/2023\\\/07\\\/alpagas-logo.76cc389.webp\",\"width\":200,\"height\":200,\"caption\":\"Alpagas du Maquis\"},\"image\":{\"@id\":\"https:\\\/\\\/alpagasdumaquis.be\\\/#\\\/schema\\\/logo\\\/image\\\/\"}}]}<\/script>\n<!-- \/ Yoast SEO plugin. -->","yoast_head_json":{"title":"Bonnet Canop\u00e9e reflet - Toison Kalita - Alpagas du Maquis","robots":{"index":"index","follow":"follow","max-snippet":"max-snippet:-1","max-image-preview":"max-image-preview:large","max-video-preview":"max-video-preview:-1"},"canonical":"https:\/\/alpagasdumaquis.be\/alpanage-accueil\/look-book\/bonnet-canopee-reflet-toison-kalita\/","og_locale":"en_US","og_type":"article","og_title":"Bonnet Canop\u00e9e reflet - Toison Kalita - Alpagas du Maquis","og_description":"Alpa&#8217;n&#8217;age BONNET CANOP\u00c9E REFLET &#8211; TOISON KALITA Prix sur demande via info@alpagasdumaquis.be Demander le prix Description Du Produit Le style Canop\u00e9e se distingue par sa sobri\u00e9t\u00e9 et sa d\u00e9licatesse avec un petit ajour\u00e9 discret dans certaines pi\u00e8ces et une douce torsade dans d&#8217;autres. Ce bonnet l\u00e9ger et pratique est pourvu d&#8217;une torsade de chaque c\u00f4t\u00e9. [&hellip;]","og_url":"https:\/\/alpagasdumaquis.be\/alpanage-accueil\/look-book\/bonnet-canopee-reflet-toison-kalita\/","og_site_name":"Alpagas du Maquis","article_modified_time":"2023-08-23T12:06:07+00:00","og_image":[{"width":655,"height":873,"url":"https:\/\/alpagasdumaquis.be\/wp-content\/uploads\/2023\/08\/E65C355B-39CD-42C5-A65E-905FDAF58361_1_105_c_655x.webp","type":"image\/webp"}],"twitter_card":"summary_large_image","twitter_misc":{"Est. reading time":"1 minute"},"schema":{"@context":"https:\/\/schema.org","@graph":[{"@type":"WebPage","@id":"https:\/\/alpagasdumaquis.be\/alpanage-accueil\/look-book\/bonnet-canopee-reflet-toison-kalita\/","url":"https:\/\/alpagasdumaquis.be\/alpanage-accueil\/look-book\/bonnet-canopee-reflet-toison-kalita\/","name":"Bonnet Canop\u00e9e reflet - Toison Kalita - Alpagas du Maquis","isPartOf":{"@id":"https:\/\/alpagasdumaquis.be\/#website"},"primaryImageOfPage":{"@id":"https:\/\/alpagasdumaquis.be\/alpanage-accueil\/look-book\/bonnet-canopee-reflet-toison-kalita\/#primaryimage"},"image":{"@id":"https:\/\/alpagasdumaquis.be\/alpanage-accueil\/look-book\/bonnet-canopee-reflet-toison-kalita\/#primaryimage"},"thumbnailUrl":"https:\/\/alpagasdumaquis.be\/wp-content\/uploads\/2023\/08\/E65C355B-39CD-42C5-A65E-905FDAF58361_1_105_c_655x.webp","datePublished":"2023-08-23T08:00:16+00:00","dateModified":"2023-08-23T12:06:07+00:00","breadcrumb":{"@id":"https:\/\/alpagasdumaquis.be\/alpanage-accueil\/look-book\/bonnet-canopee-reflet-toison-kalita\/#breadcrumb"},"inLanguage":"en-US","potentialAction":[{"@type":"ReadAction","target":["https:\/\/alpagasdumaquis.be\/alpanage-accueil\/look-book\/bonnet-canopee-reflet-toison-kalita\/"]}]},{"@type":"ImageObject","inLanguage":"en-US","@id":"https:\/\/alpagasdumaquis.be\/alpanage-accueil\/look-book\/bonnet-canopee-reflet-toison-kalita\/#primaryimage","url":"https:\/\/alpagasdumaquis.be\/wp-content\/uploads\/2023\/08\/E65C355B-39CD-42C5-A65E-905FDAF58361_1_105_c_655x.webp","contentUrl":"https:\/\/alpagasdumaquis.be\/wp-content\/uploads\/2023\/08\/E65C355B-39CD-42C5-A65E-905FDAF58361_1_105_c_655x.webp","width":655,"height":873},{"@type":"BreadcrumbList","@id":"https:\/\/alpagasdumaquis.be\/alpanage-accueil\/look-book\/bonnet-canopee-reflet-toison-kalita\/#breadcrumb","itemListElement":[{"@type":"ListItem","position":1,"name":"Accueil","item":"https:\/\/alpagasdumaquis.be\/en\/alpagas-du-maquis-alpaca-breeding-spinning-mill-shop\/"},{"@type":"ListItem","position":2,"name":"Alpanage","item":"https:\/\/alpagasdumaquis.be\/alpanage-accueil\/"},{"@type":"ListItem","position":3,"name":"Look Book","item":"https:\/\/alpagasdumaquis.be\/alpanage-accueil\/look-book\/"},{"@type":"ListItem","position":4,"name":"Bonnet Canop\u00e9e reflet &#8211; Toison Kalita"}]},{"@type":"WebSite","@id":"https:\/\/alpagasdumaquis.be\/#website","url":"https:\/\/alpagasdumaquis.be\/","name":"Alpagas du Maquis","description":"Quality Alpagas &amp; Fiber Mill","publisher":{"@id":"https:\/\/alpagasdumaquis.be\/#organization"},"potentialAction":[{"@type":"SearchAction","target":{"@type":"EntryPoint","urlTemplate":"https:\/\/alpagasdumaquis.be\/?s={search_term_string}"},"query-input":{"@type":"PropertyValueSpecification","valueRequired":true,"valueName":"search_term_string"}}],"inLanguage":"en-US"},{"@type":"Organization","@id":"https:\/\/alpagasdumaquis.be\/#organization","name":"Alpagas du Maquis","url":"https:\/\/alpagasdumaquis.be\/","logo":{"@type":"ImageObject","inLanguage":"en-US","@id":"https:\/\/alpagasdumaquis.be\/#\/schema\/logo\/image\/","url":"https:\/\/alpagasdumaquis.be\/wp-content\/uploads\/2023\/07\/alpagas-logo.76cc389.webp","contentUrl":"https:\/\/alpagasdumaquis.be\/wp-content\/uploads\/2023\/07\/alpagas-logo.76cc389.webp","width":200,"height":200,"caption":"Alpagas du Maquis"},"image":{"@id":"https:\/\/alpagasdumaquis.be\/#\/schema\/logo\/image\/"}}]}},"jetpack_sharing_enabled":true,"_links":{"self":[{"href":"https:\/\/alpagasdumaquis.be\/en\/wp-json\/wp\/v2\/pages\/1265","targetHints":{"allow":["GET"]}}],"collection":[{"href":"https:\/\/alpagasdumaquis.be\/en\/wp-json\/wp\/v2\/pages"}],"about":[{"href":"https:\/\/alpagasdumaquis.be\/en\/wp-json\/wp\/v2\/types\/page"}],"author":[{"embeddable":true,"href":"https:\/\/alpagasdumaquis.be\/en\/wp-json\/wp\/v2\/users\/1"}],"replies":[{"embeddable":true,"href":"https:\/\/alpagasdumaquis.be\/en\/wp-json\/wp\/v2\/comments?post=1265"}],"version-history":[{"count":0,"href":"https:\/\/alpagasdumaquis.be\/en\/wp-json\/wp\/v2\/pages\/1265\/revisions"}],"up":[{"embeddable":true,"href":"https:\/\/alpagasdumaquis.be\/en\/wp-json\/wp\/v2\/pages\/1252"}],"wp:featuredmedia":[{"embeddable":true,"href":"https:\/\/alpagasdumaquis.be\/en\/wp-json\/wp\/v2\/media\/565"}],"wp:attachment":[{"href":"https:\/\/alpagasdumaquis.be\/en\/wp-json\/wp\/v2\/media?parent=1265"}],"curies":[{"name":"wp","href":"https:\/\/api.w.org\/{rel}","templated":true}]}}