{"id":1487,"date":"2018-03-20T17:53:07","date_gmt":"2018-03-20T16:53:07","guid":{"rendered":"https:\/\/alpagasmaquis.be\/?post_type=product&#038;p=1487"},"modified":"2022-10-21T09:16:47","modified_gmt":"2022-10-21T09:16:47","slug":"doudou-pecan-2","status":"publish","type":"product","link":"https:\/\/alpagasdumaquis.be\/en\/produit\/doudou-pecan-2\/","title":{"rendered":"Doudou Pecan"},"content":{"rendered":"<p>Pecan est une jolie petite alpaga. Elle aime tout et tout le monde et en fait, elle est folle de tous ses amis!<\/p>\n<p>Les pieds et les bras remplis de haricots donnent \u00e0 Pecan une sensation de moelleux et de souplesse, elle est parfaite \u00e0 c\u00e2liner. Pecan aimerait beaucoup \u00eatre\u00a0ton amie&#8230;<\/p>\n<p>A l&#8217;achat d&#8217;une Pecan, une page d&#8217;autocollants est offerte!<\/p>\n<p>Notez s&#8217;il vous pla\u00eet: Pecan est un alpaga mais n&#8217;est pas\u00a0constitu\u00e9e de fibre d&#8217;alpaga.<\/p>\n<p>Convient d\u00e8s la naissance s&#8217;il est nu &#8211; les accessoires (\u00e9charpes, v\u00eatements,&#8230;) ne conviennent pas aux nouveaux-n\u00e9s.<\/p>\n<p>Trouvez sa valisette de transport en suivant ce lien:\u00a0<a href=\"https:\/\/alpagasdumaquis.com\/collections\/enfants\/products\/valisette-de-transport-de-pecan\">https:\/\/alpagasdumaquis.com\/collections\/enfants\/products\/valisette-de-transport-de-pecan<\/a><\/p>\n","protected":false},"excerpt":{"rendered":"<p>Pecan est une jolie petite alpaga. Elle aime tout et tout le monde et en fait, elle est folle de tous ses amis! Les pieds et les bras remplis de haricots donnent \u00e0 Pecan une sensation de moelleux et de souplesse, elle est parfaite \u00e0 c\u00e2liner. Pecan aimerait beaucoup \u00eatre\u00a0ton amie&#8230; A l&#8217;achat d&#8217;une Pecan, [&hellip;]<\/p>\n","protected":false},"featured_media":1489,"comment_status":"open","ping_status":"closed","template":"","meta":[],"product_brand":[56],"product_cat":[29],"product_tag":[],"class_list":{"0":"post-1487","1":"product","2":"type-product","3":"status-publish","4":"has-post-thumbnail","6":"product_brand-alpaca-pals","7":"product_cat-non-classe","8":"pa_accessoires-avec-echarpe-en","10":"first","11":"outofstock","12":"sale","13":"shipping-taxable","14":"purchasable","15":"product-type-variable"},"yoast_head":"<!-- This site is optimized with the Yoast SEO plugin v27.5 - https:\/\/yoast.com\/product\/yoast-seo-wordpress\/ -->\n<title>Doudou Pecan<\/title>\n<meta name=\"description\" content=\"Pecan est une jolie petite alpaga. Elle aime tout et tout le monde et en fait, elle est folle de tous ses amis! Les pieds et les bras remplis de haricots donnent \u00e0 Pecan une sensation de moelleux et de souplesse, elle est parfaite \u00e0 c\u00e2liner. Pecan aimerait beaucoup \u00eatre\u00a0ton amie... A l&#039;achat d&#039;une Pecan, une page d&#039;autocollants est offerte! Notez s&#039;il vous pla\u00eet: Pecan est un alpaga mais n&#039;est pas\u00a0constitu\u00e9e de fibre d&#039;alpaga.Convient d\u00e8s la naissance s&#039;il est nu - les accessoires (\u00e9charpes, v\u00eatements,...) ne conviennent pas aux nouveaux-n\u00e9s. Trouvez sa valisette de transport en suivant ce lien:\u00a0https:\/\/alpagasdumaquis.com\/collections\/enfants\/products\/valisette-de-transport-de-pecan\" \/>\n<meta name=\"robots\" content=\"index, follow, max-snippet:-1, max-image-preview:large, max-video-preview:-1\" \/>\n<link rel=\"canonical\" href=\"https:\/\/alpagasdumaquis.be\/produit\/doudou-pecan\/\" \/>\n<meta property=\"og:locale\" content=\"en_US\" \/>\n<meta property=\"og:type\" content=\"article\" \/>\n<meta property=\"og:title\" content=\"Doudou Pecan\" \/>\n<meta property=\"og:description\" content=\"Pecan est une jolie petite alpaga. Elle aime tout et tout le monde et en fait, elle est folle de tous ses amis! Les pieds et les bras remplis de haricots donnent \u00e0 Pecan une sensation de moelleux et de souplesse, elle est parfaite \u00e0 c\u00e2liner. Pecan aimerait beaucoup \u00eatre\u00a0ton amie... A l&#039;achat d&#039;une Pecan, une page d&#039;autocollants est offerte! Notez s&#039;il vous pla\u00eet: Pecan est un alpaga mais n&#039;est pas\u00a0constitu\u00e9e de fibre d&#039;alpaga.Convient d\u00e8s la naissance s&#039;il est nu - les accessoires (\u00e9charpes, v\u00eatements,...) ne conviennent pas aux nouveaux-n\u00e9s. Trouvez sa valisette de transport en suivant ce lien:\u00a0https:\/\/alpagasdumaquis.com\/collections\/enfants\/products\/valisette-de-transport-de-pecan\" \/>\n<meta property=\"og:url\" content=\"https:\/\/alpagasdumaquis.be\/produit\/doudou-pecan\/\" \/>\n<meta property=\"og:site_name\" content=\"Alpagas du Maquis\" \/>\n<meta property=\"article:modified_time\" content=\"2022-10-21T09:16:47+00:00\" \/>\n<meta property=\"og:image\" content=\"https:\/\/alpagasdumaquis.be\/wp-content\/uploads\/2018\/12\/products-IMG_3395_2-1.jpeg\" \/>\n\t<meta property=\"og:image:width\" content=\"3670\" \/>\n\t<meta property=\"og:image:height\" content=\"2202\" \/>\n\t<meta property=\"og:image:type\" content=\"image\/jpeg\" \/>\n<meta name=\"twitter:card\" content=\"summary_large_image\" \/>\n<meta name=\"twitter:label1\" content=\"Est. reading time\" \/>\n\t<meta name=\"twitter:data1\" content=\"1 minute\" \/>\n<script type=\"application\/ld+json\" class=\"yoast-schema-graph\">{\"@context\":\"https:\\\/\\\/schema.org\",\"@graph\":[{\"@type\":\"WebPage\",\"@id\":\"https:\\\/\\\/alpagasdumaquis.be\\\/produit\\\/doudou-pecan\\\/\",\"url\":\"https:\\\/\\\/alpagasdumaquis.be\\\/produit\\\/doudou-pecan\\\/\",\"name\":\"Doudou Pecan\",\"isPartOf\":{\"@id\":\"https:\\\/\\\/alpagasdumaquis.be\\\/#website\"},\"primaryImageOfPage\":{\"@id\":\"https:\\\/\\\/alpagasdumaquis.be\\\/produit\\\/doudou-pecan\\\/#primaryimage\"},\"image\":{\"@id\":\"https:\\\/\\\/alpagasdumaquis.be\\\/produit\\\/doudou-pecan\\\/#primaryimage\"},\"thumbnailUrl\":\"https:\\\/\\\/alpagasdumaquis.be\\\/wp-content\\\/uploads\\\/2018\\\/12\\\/products-IMG_3395_2-1-scaled.jpeg\",\"datePublished\":\"2018-03-20T16:53:07+00:00\",\"dateModified\":\"2022-10-21T09:16:47+00:00\",\"description\":\"Pecan est une jolie petite alpaga. Elle aime tout et tout le monde et en fait, elle est folle de tous ses amis! Les pieds et les bras remplis de haricots donnent \u00e0 Pecan une sensation de moelleux et de souplesse, elle est parfaite \u00e0 c\u00e2liner. Pecan aimerait beaucoup \u00eatre\u00a0ton amie... A l'achat d'une Pecan, une page d'autocollants est offerte! Notez s'il vous pla\u00eet: Pecan est un alpaga mais n'est pas\u00a0constitu\u00e9e de fibre d'alpaga.Convient d\u00e8s la naissance s'il est nu - les accessoires (\u00e9charpes, v\u00eatements,...) ne conviennent pas aux nouveaux-n\u00e9s. Trouvez sa valisette de transport en suivant ce lien:\u00a0https:\\\/\\\/alpagasdumaquis.com\\\/collections\\\/enfants\\\/products\\\/valisette-de-transport-de-pecan\",\"breadcrumb\":{\"@id\":\"https:\\\/\\\/alpagasdumaquis.be\\\/produit\\\/doudou-pecan\\\/#breadcrumb\"},\"inLanguage\":\"en-US\",\"potentialAction\":[{\"@type\":\"ReadAction\",\"target\":[\"https:\\\/\\\/alpagasdumaquis.be\\\/produit\\\/doudou-pecan\\\/\"]}]},{\"@type\":\"ImageObject\",\"inLanguage\":\"en-US\",\"@id\":\"https:\\\/\\\/alpagasdumaquis.be\\\/produit\\\/doudou-pecan\\\/#primaryimage\",\"url\":\"https:\\\/\\\/alpagasdumaquis.be\\\/wp-content\\\/uploads\\\/2018\\\/12\\\/products-IMG_3395_2-1-scaled.jpeg\",\"contentUrl\":\"https:\\\/\\\/alpagasdumaquis.be\\\/wp-content\\\/uploads\\\/2018\\\/12\\\/products-IMG_3395_2-1-scaled.jpeg\",\"width\":2560,\"height\":1536,\"caption\":\"Doudou Pecan\"},{\"@type\":\"BreadcrumbList\",\"@id\":\"https:\\\/\\\/alpagasdumaquis.be\\\/produit\\\/doudou-pecan\\\/#breadcrumb\",\"itemListElement\":[{\"@type\":\"ListItem\",\"position\":1,\"name\":\"Accueil\",\"item\":\"https:\\\/\\\/alpagasdumaquis.be\\\/en\\\/alpagas-du-maquis-alpaca-breeding-spinning-mill-shop\\\/\"},{\"@type\":\"ListItem\",\"position\":2,\"name\":\"origin &#8211; Boutique\",\"item\":\"https:\\\/\\\/alpagasdumaquis.be\\\/boutique-origin\\\/\"},{\"@type\":\"ListItem\",\"position\":3,\"name\":\"Doudou Pecan\"}]},{\"@type\":\"WebSite\",\"@id\":\"https:\\\/\\\/alpagasdumaquis.be\\\/#website\",\"url\":\"https:\\\/\\\/alpagasdumaquis.be\\\/\",\"name\":\"Alpagas du Maquis\",\"description\":\"Quality Alpagas &amp; Fiber Mill\",\"publisher\":{\"@id\":\"https:\\\/\\\/alpagasdumaquis.be\\\/#organization\"},\"potentialAction\":[{\"@type\":\"SearchAction\",\"target\":{\"@type\":\"EntryPoint\",\"urlTemplate\":\"https:\\\/\\\/alpagasdumaquis.be\\\/?s={search_term_string}\"},\"query-input\":{\"@type\":\"PropertyValueSpecification\",\"valueRequired\":true,\"valueName\":\"search_term_string\"}}],\"inLanguage\":\"en-US\"},{\"@type\":\"Organization\",\"@id\":\"https:\\\/\\\/alpagasdumaquis.be\\\/#organization\",\"name\":\"Alpagas du Maquis\",\"url\":\"https:\\\/\\\/alpagasdumaquis.be\\\/\",\"logo\":{\"@type\":\"ImageObject\",\"inLanguage\":\"en-US\",\"@id\":\"https:\\\/\\\/alpagasdumaquis.be\\\/#\\\/schema\\\/logo\\\/image\\\/\",\"url\":\"https:\\\/\\\/alpagasdumaquis.be\\\/wp-content\\\/uploads\\\/2023\\\/07\\\/alpagas-logo.76cc389.webp\",\"contentUrl\":\"https:\\\/\\\/alpagasdumaquis.be\\\/wp-content\\\/uploads\\\/2023\\\/07\\\/alpagas-logo.76cc389.webp\",\"width\":200,\"height\":200,\"caption\":\"Alpagas du Maquis\"},\"image\":{\"@id\":\"https:\\\/\\\/alpagasdumaquis.be\\\/#\\\/schema\\\/logo\\\/image\\\/\"}}]}<\/script>\n<!-- \/ Yoast SEO plugin. -->","yoast_head_json":{"title":"Doudou Pecan","description":"Pecan est une jolie petite alpaga. Elle aime tout et tout le monde et en fait, elle est folle de tous ses amis! Les pieds et les bras remplis de haricots donnent \u00e0 Pecan une sensation de moelleux et de souplesse, elle est parfaite \u00e0 c\u00e2liner. Pecan aimerait beaucoup \u00eatre\u00a0ton amie... A l'achat d'une Pecan, une page d'autocollants est offerte! Notez s'il vous pla\u00eet: Pecan est un alpaga mais n'est pas\u00a0constitu\u00e9e de fibre d'alpaga.Convient d\u00e8s la naissance s'il est nu - les accessoires (\u00e9charpes, v\u00eatements,...) ne conviennent pas aux nouveaux-n\u00e9s. Trouvez sa valisette de transport en suivant ce lien:\u00a0https:\/\/alpagasdumaquis.com\/collections\/enfants\/products\/valisette-de-transport-de-pecan","robots":{"index":"index","follow":"follow","max-snippet":"max-snippet:-1","max-image-preview":"max-image-preview:large","max-video-preview":"max-video-preview:-1"},"canonical":"https:\/\/alpagasdumaquis.be\/produit\/doudou-pecan\/","og_locale":"en_US","og_type":"article","og_title":"Doudou Pecan","og_description":"Pecan est une jolie petite alpaga. Elle aime tout et tout le monde et en fait, elle est folle de tous ses amis! Les pieds et les bras remplis de haricots donnent \u00e0 Pecan une sensation de moelleux et de souplesse, elle est parfaite \u00e0 c\u00e2liner. Pecan aimerait beaucoup \u00eatre\u00a0ton amie... A l'achat d'une Pecan, une page d'autocollants est offerte! Notez s'il vous pla\u00eet: Pecan est un alpaga mais n'est pas\u00a0constitu\u00e9e de fibre d'alpaga.Convient d\u00e8s la naissance s'il est nu - les accessoires (\u00e9charpes, v\u00eatements,...) ne conviennent pas aux nouveaux-n\u00e9s. Trouvez sa valisette de transport en suivant ce lien:\u00a0https:\/\/alpagasdumaquis.com\/collections\/enfants\/products\/valisette-de-transport-de-pecan","og_url":"https:\/\/alpagasdumaquis.be\/produit\/doudou-pecan\/","og_site_name":"Alpagas du Maquis","article_modified_time":"2022-10-21T09:16:47+00:00","og_image":[{"width":3670,"height":2202,"url":"https:\/\/alpagasdumaquis.be\/wp-content\/uploads\/2018\/12\/products-IMG_3395_2-1.jpeg","type":"image\/jpeg"}],"twitter_card":"summary_large_image","twitter_misc":{"Est. reading time":"1 minute"},"schema":{"@context":"https:\/\/schema.org","@graph":[{"@type":"WebPage","@id":"https:\/\/alpagasdumaquis.be\/produit\/doudou-pecan\/","url":"https:\/\/alpagasdumaquis.be\/produit\/doudou-pecan\/","name":"Doudou Pecan","isPartOf":{"@id":"https:\/\/alpagasdumaquis.be\/#website"},"primaryImageOfPage":{"@id":"https:\/\/alpagasdumaquis.be\/produit\/doudou-pecan\/#primaryimage"},"image":{"@id":"https:\/\/alpagasdumaquis.be\/produit\/doudou-pecan\/#primaryimage"},"thumbnailUrl":"https:\/\/alpagasdumaquis.be\/wp-content\/uploads\/2018\/12\/products-IMG_3395_2-1-scaled.jpeg","datePublished":"2018-03-20T16:53:07+00:00","dateModified":"2022-10-21T09:16:47+00:00","description":"Pecan est une jolie petite alpaga. Elle aime tout et tout le monde et en fait, elle est folle de tous ses amis! Les pieds et les bras remplis de haricots donnent \u00e0 Pecan une sensation de moelleux et de souplesse, elle est parfaite \u00e0 c\u00e2liner. Pecan aimerait beaucoup \u00eatre\u00a0ton amie... A l'achat d'une Pecan, une page d'autocollants est offerte! Notez s'il vous pla\u00eet: Pecan est un alpaga mais n'est pas\u00a0constitu\u00e9e de fibre d'alpaga.Convient d\u00e8s la naissance s'il est nu - les accessoires (\u00e9charpes, v\u00eatements,...) ne conviennent pas aux nouveaux-n\u00e9s. Trouvez sa valisette de transport en suivant ce lien:\u00a0https:\/\/alpagasdumaquis.com\/collections\/enfants\/products\/valisette-de-transport-de-pecan","breadcrumb":{"@id":"https:\/\/alpagasdumaquis.be\/produit\/doudou-pecan\/#breadcrumb"},"inLanguage":"en-US","potentialAction":[{"@type":"ReadAction","target":["https:\/\/alpagasdumaquis.be\/produit\/doudou-pecan\/"]}]},{"@type":"ImageObject","inLanguage":"en-US","@id":"https:\/\/alpagasdumaquis.be\/produit\/doudou-pecan\/#primaryimage","url":"https:\/\/alpagasdumaquis.be\/wp-content\/uploads\/2018\/12\/products-IMG_3395_2-1-scaled.jpeg","contentUrl":"https:\/\/alpagasdumaquis.be\/wp-content\/uploads\/2018\/12\/products-IMG_3395_2-1-scaled.jpeg","width":2560,"height":1536,"caption":"Doudou Pecan"},{"@type":"BreadcrumbList","@id":"https:\/\/alpagasdumaquis.be\/produit\/doudou-pecan\/#breadcrumb","itemListElement":[{"@type":"ListItem","position":1,"name":"Accueil","item":"https:\/\/alpagasdumaquis.be\/en\/alpagas-du-maquis-alpaca-breeding-spinning-mill-shop\/"},{"@type":"ListItem","position":2,"name":"origin &#8211; Boutique","item":"https:\/\/alpagasdumaquis.be\/boutique-origin\/"},{"@type":"ListItem","position":3,"name":"Doudou Pecan"}]},{"@type":"WebSite","@id":"https:\/\/alpagasdumaquis.be\/#website","url":"https:\/\/alpagasdumaquis.be\/","name":"Alpagas du Maquis","description":"Quality Alpagas &amp; Fiber Mill","publisher":{"@id":"https:\/\/alpagasdumaquis.be\/#organization"},"potentialAction":[{"@type":"SearchAction","target":{"@type":"EntryPoint","urlTemplate":"https:\/\/alpagasdumaquis.be\/?s={search_term_string}"},"query-input":{"@type":"PropertyValueSpecification","valueRequired":true,"valueName":"search_term_string"}}],"inLanguage":"en-US"},{"@type":"Organization","@id":"https:\/\/alpagasdumaquis.be\/#organization","name":"Alpagas du Maquis","url":"https:\/\/alpagasdumaquis.be\/","logo":{"@type":"ImageObject","inLanguage":"en-US","@id":"https:\/\/alpagasdumaquis.be\/#\/schema\/logo\/image\/","url":"https:\/\/alpagasdumaquis.be\/wp-content\/uploads\/2023\/07\/alpagas-logo.76cc389.webp","contentUrl":"https:\/\/alpagasdumaquis.be\/wp-content\/uploads\/2023\/07\/alpagas-logo.76cc389.webp","width":200,"height":200,"caption":"Alpagas du Maquis"},"image":{"@id":"https:\/\/alpagasdumaquis.be\/#\/schema\/logo\/image\/"}}]}},"jetpack_sharing_enabled":true,"_links":{"self":[{"href":"https:\/\/alpagasdumaquis.be\/en\/wp-json\/wp\/v2\/product\/1487","targetHints":{"allow":["GET"]}}],"collection":[{"href":"https:\/\/alpagasdumaquis.be\/en\/wp-json\/wp\/v2\/product"}],"about":[{"href":"https:\/\/alpagasdumaquis.be\/en\/wp-json\/wp\/v2\/types\/product"}],"replies":[{"embeddable":true,"href":"https:\/\/alpagasdumaquis.be\/en\/wp-json\/wp\/v2\/comments?post=1487"}],"version-history":[{"count":0,"href":"https:\/\/alpagasdumaquis.be\/en\/wp-json\/wp\/v2\/product\/1487\/revisions"}],"wp:featuredmedia":[{"embeddable":true,"href":"https:\/\/alpagasdumaquis.be\/en\/wp-json\/wp\/v2\/media\/1489"}],"wp:attachment":[{"href":"https:\/\/alpagasdumaquis.be\/en\/wp-json\/wp\/v2\/media?parent=1487"}],"wp:term":[{"taxonomy":"product_brand","embeddable":true,"href":"https:\/\/alpagasdumaquis.be\/en\/wp-json\/wp\/v2\/product_brand?post=1487"},{"taxonomy":"product_cat","embeddable":true,"href":"https:\/\/alpagasdumaquis.be\/en\/wp-json\/wp\/v2\/product_cat?post=1487"},{"taxonomy":"product_tag","embeddable":true,"href":"https:\/\/alpagasdumaquis.be\/en\/wp-json\/wp\/v2\/product_tag?post=1487"}],"curies":[{"name":"wp","href":"https:\/\/api.w.org\/{rel}","templated":true}]}}