{"id":1506,"date":"2018-03-20T19:44:05","date_gmt":"2018-03-20T19:44:05","guid":{"rendered":"https:\/\/alpagasmaquis.be\/?post_type=product&#038;p=1506"},"modified":"2026-03-31T19:06:22","modified_gmt":"2026-03-31T17:06:22","slug":"licol-pour-alpaga-2","status":"publish","type":"product","link":"https:\/\/alpagasdumaquis.be\/en\/produit\/licol-pour-alpaga-2\/","title":{"rendered":"Licol pour alpaga"},"content":{"rendered":"<p><meta charset=\"utf-8\"><\/p>\n<p><span>Tr\u00e8s beau licol import\u00e9 des USA, sp\u00e9cialement adapt\u00e9\u00a0pour les alpagas, enti\u00e8rement r\u00e9glable, \u00e9troit et avec un rembourrage au niveau de l&#8217;os du nez pour plus de confort.<\/span><\/p>\n<p>Licol bien souple et \u00e9troit, il est enti\u00e8rement r\u00e9glable et s&#8217;ajuste parfaitement pour plus de s\u00e9curit\u00e9 et de confort.<\/p>\n<p>Il convient aussi aux plus petites t\u00eates et aux nez courts et est parfait aussi pour les concours.<\/p>\n<p><\/p>\n","protected":false},"excerpt":{"rendered":"<p>Tr\u00e8s beau licol import\u00e9 des USA, sp\u00e9cialement adapt\u00e9\u00a0pour les alpagas, enti\u00e8rement r\u00e9glable, \u00e9troit et avec un rembourrage au niveau de l&#8217;os du nez pour plus de confort. Licol bien souple et \u00e9troit, il est enti\u00e8rement r\u00e9glable et s&#8217;ajuste parfaitement pour plus de s\u00e9curit\u00e9 et de confort. Il convient aussi aux plus petites t\u00eates et aux [&hellip;]<\/p>\n","protected":false},"featured_media":1508,"comment_status":"open","ping_status":"open","template":"","meta":[],"product_brand":[57],"product_cat":[31],"product_tag":[67,69,70,106,107],"class_list":{"0":"post-1506","1":"product","2":"type-product","3":"status-publish","4":"has-post-thumbnail","6":"product_brand-homestead-farm-supplies","7":"product_cat-alpaca-health","8":"product_tag-alpaca","9":"product_tag-alpaga","10":"product_tag-baby-alpaca","11":"product_tag-halter","12":"product_tag-licol","13":"pa_couleur-noir-en","14":"pa_taille-medium-en","15":"pa_taille-small-en","17":"first","18":"instock","19":"shipping-taxable","20":"purchasable","21":"product-type-variable"},"yoast_head":"<!-- This site is optimized with the Yoast SEO plugin v27.5 - https:\/\/yoast.com\/product\/yoast-seo-wordpress\/ -->\n<title>Licol pour alpaga<\/title>\n<meta name=\"description\" content=\"Tr\u00e8s beau licol import\u00e9 des USA, sp\u00e9cialement adapt\u00e9\u00a0pour les alpagas, enti\u00e8rement r\u00e9glable, \u00e9troit et avec un rembourrage au niveau de l&#039;os du nez pour plus de confort. Licol bien souple et \u00e9troit, il est enti\u00e8rement r\u00e9glable et s&#039;ajuste parfaitement pour plus de s\u00e9curit\u00e9 et de confort. Il convient aussi aux plus petites t\u00eates et aux nez courts et est parfait aussi pour les concours.\" \/>\n<meta name=\"robots\" content=\"index, follow, max-snippet:-1, max-image-preview:large, max-video-preview:-1\" \/>\n<link rel=\"canonical\" href=\"https:\/\/alpagasdumaquis.be\/produit\/licol-pour-alpaga\/\" \/>\n<meta property=\"og:locale\" content=\"en_US\" \/>\n<meta property=\"og:type\" content=\"article\" \/>\n<meta property=\"og:title\" content=\"Licol pour alpaga\" \/>\n<meta property=\"og:description\" content=\"Tr\u00e8s beau licol import\u00e9 des USA, sp\u00e9cialement adapt\u00e9\u00a0pour les alpagas, enti\u00e8rement r\u00e9glable, \u00e9troit et avec un rembourrage au niveau de l&#039;os du nez pour plus de confort. Licol bien souple et \u00e9troit, il est enti\u00e8rement r\u00e9glable et s&#039;ajuste parfaitement pour plus de s\u00e9curit\u00e9 et de confort. Il convient aussi aux plus petites t\u00eates et aux nez courts et est parfait aussi pour les concours.\" \/>\n<meta property=\"og:url\" content=\"https:\/\/alpagasdumaquis.be\/produit\/licol-pour-alpaga\/\" \/>\n<meta property=\"og:site_name\" content=\"Alpagas du Maquis\" \/>\n<meta property=\"article:modified_time\" content=\"2026-03-31T17:06:22+00:00\" \/>\n<meta property=\"og:image\" content=\"https:\/\/alpagasdumaquis.be\/wp-content\/uploads\/2023\/03\/products-12-1.jpg\" \/>\n\t<meta property=\"og:image:width\" content=\"2225\" \/>\n\t<meta property=\"og:image:height\" content=\"2967\" \/>\n\t<meta property=\"og:image:type\" content=\"image\/jpeg\" \/>\n<meta name=\"twitter:card\" content=\"summary_large_image\" \/>\n<script type=\"application\/ld+json\" class=\"yoast-schema-graph\">{\"@context\":\"https:\\\/\\\/schema.org\",\"@graph\":[{\"@type\":\"WebPage\",\"@id\":\"https:\\\/\\\/alpagasdumaquis.be\\\/produit\\\/licol-pour-alpaga\\\/\",\"url\":\"https:\\\/\\\/alpagasdumaquis.be\\\/produit\\\/licol-pour-alpaga\\\/\",\"name\":\"Licol pour alpaga\",\"isPartOf\":{\"@id\":\"https:\\\/\\\/alpagasdumaquis.be\\\/#website\"},\"primaryImageOfPage\":{\"@id\":\"https:\\\/\\\/alpagasdumaquis.be\\\/produit\\\/licol-pour-alpaga\\\/#primaryimage\"},\"image\":{\"@id\":\"https:\\\/\\\/alpagasdumaquis.be\\\/produit\\\/licol-pour-alpaga\\\/#primaryimage\"},\"thumbnailUrl\":\"https:\\\/\\\/alpagasdumaquis.be\\\/wp-content\\\/uploads\\\/2023\\\/03\\\/products-12-1-scaled.jpg\",\"datePublished\":\"2018-03-20T19:44:05+00:00\",\"dateModified\":\"2026-03-31T17:06:22+00:00\",\"description\":\"Tr\u00e8s beau licol import\u00e9 des USA, sp\u00e9cialement adapt\u00e9\u00a0pour les alpagas, enti\u00e8rement r\u00e9glable, \u00e9troit et avec un rembourrage au niveau de l'os du nez pour plus de confort. Licol bien souple et \u00e9troit, il est enti\u00e8rement r\u00e9glable et s'ajuste parfaitement pour plus de s\u00e9curit\u00e9 et de confort. Il convient aussi aux plus petites t\u00eates et aux nez courts et est parfait aussi pour les concours.\",\"breadcrumb\":{\"@id\":\"https:\\\/\\\/alpagasdumaquis.be\\\/produit\\\/licol-pour-alpaga\\\/#breadcrumb\"},\"inLanguage\":\"en-US\",\"potentialAction\":[{\"@type\":\"ReadAction\",\"target\":[\"https:\\\/\\\/alpagasdumaquis.be\\\/produit\\\/licol-pour-alpaga\\\/\"]}]},{\"@type\":\"ImageObject\",\"inLanguage\":\"en-US\",\"@id\":\"https:\\\/\\\/alpagasdumaquis.be\\\/produit\\\/licol-pour-alpaga\\\/#primaryimage\",\"url\":\"https:\\\/\\\/alpagasdumaquis.be\\\/wp-content\\\/uploads\\\/2023\\\/03\\\/products-12-1-scaled.jpg\",\"contentUrl\":\"https:\\\/\\\/alpagasdumaquis.be\\\/wp-content\\\/uploads\\\/2023\\\/03\\\/products-12-1-scaled.jpg\",\"width\":1920,\"height\":2560,\"caption\":\"Licol pour alpaga\"},{\"@type\":\"BreadcrumbList\",\"@id\":\"https:\\\/\\\/alpagasdumaquis.be\\\/produit\\\/licol-pour-alpaga\\\/#breadcrumb\",\"itemListElement\":[{\"@type\":\"ListItem\",\"position\":1,\"name\":\"Accueil\",\"item\":\"https:\\\/\\\/alpagasdumaquis.be\\\/en\\\/alpagas-du-maquis-alpaca-breeding-spinning-mill-shop\\\/\"},{\"@type\":\"ListItem\",\"position\":2,\"name\":\"origin &#8211; Boutique\",\"item\":\"https:\\\/\\\/alpagasdumaquis.be\\\/boutique-origin\\\/\"},{\"@type\":\"ListItem\",\"position\":3,\"name\":\"Licol pour alpaga\"}]},{\"@type\":\"WebSite\",\"@id\":\"https:\\\/\\\/alpagasdumaquis.be\\\/#website\",\"url\":\"https:\\\/\\\/alpagasdumaquis.be\\\/\",\"name\":\"Alpagas du Maquis\",\"description\":\"Quality Alpagas &amp; Fiber Mill\",\"publisher\":{\"@id\":\"https:\\\/\\\/alpagasdumaquis.be\\\/#organization\"},\"potentialAction\":[{\"@type\":\"SearchAction\",\"target\":{\"@type\":\"EntryPoint\",\"urlTemplate\":\"https:\\\/\\\/alpagasdumaquis.be\\\/?s={search_term_string}\"},\"query-input\":{\"@type\":\"PropertyValueSpecification\",\"valueRequired\":true,\"valueName\":\"search_term_string\"}}],\"inLanguage\":\"en-US\"},{\"@type\":\"Organization\",\"@id\":\"https:\\\/\\\/alpagasdumaquis.be\\\/#organization\",\"name\":\"Alpagas du Maquis\",\"url\":\"https:\\\/\\\/alpagasdumaquis.be\\\/\",\"logo\":{\"@type\":\"ImageObject\",\"inLanguage\":\"en-US\",\"@id\":\"https:\\\/\\\/alpagasdumaquis.be\\\/#\\\/schema\\\/logo\\\/image\\\/\",\"url\":\"https:\\\/\\\/alpagasdumaquis.be\\\/wp-content\\\/uploads\\\/2023\\\/07\\\/alpagas-logo.76cc389.webp\",\"contentUrl\":\"https:\\\/\\\/alpagasdumaquis.be\\\/wp-content\\\/uploads\\\/2023\\\/07\\\/alpagas-logo.76cc389.webp\",\"width\":200,\"height\":200,\"caption\":\"Alpagas du Maquis\"},\"image\":{\"@id\":\"https:\\\/\\\/alpagasdumaquis.be\\\/#\\\/schema\\\/logo\\\/image\\\/\"}}]}<\/script>\n<!-- \/ Yoast SEO plugin. -->","yoast_head_json":{"title":"Licol pour alpaga","description":"Tr\u00e8s beau licol import\u00e9 des USA, sp\u00e9cialement adapt\u00e9\u00a0pour les alpagas, enti\u00e8rement r\u00e9glable, \u00e9troit et avec un rembourrage au niveau de l'os du nez pour plus de confort. Licol bien souple et \u00e9troit, il est enti\u00e8rement r\u00e9glable et s'ajuste parfaitement pour plus de s\u00e9curit\u00e9 et de confort. Il convient aussi aux plus petites t\u00eates et aux nez courts et est parfait aussi pour les concours.","robots":{"index":"index","follow":"follow","max-snippet":"max-snippet:-1","max-image-preview":"max-image-preview:large","max-video-preview":"max-video-preview:-1"},"canonical":"https:\/\/alpagasdumaquis.be\/produit\/licol-pour-alpaga\/","og_locale":"en_US","og_type":"article","og_title":"Licol pour alpaga","og_description":"Tr\u00e8s beau licol import\u00e9 des USA, sp\u00e9cialement adapt\u00e9\u00a0pour les alpagas, enti\u00e8rement r\u00e9glable, \u00e9troit et avec un rembourrage au niveau de l'os du nez pour plus de confort. Licol bien souple et \u00e9troit, il est enti\u00e8rement r\u00e9glable et s'ajuste parfaitement pour plus de s\u00e9curit\u00e9 et de confort. Il convient aussi aux plus petites t\u00eates et aux nez courts et est parfait aussi pour les concours.","og_url":"https:\/\/alpagasdumaquis.be\/produit\/licol-pour-alpaga\/","og_site_name":"Alpagas du Maquis","article_modified_time":"2026-03-31T17:06:22+00:00","og_image":[{"width":2225,"height":2967,"url":"https:\/\/alpagasdumaquis.be\/wp-content\/uploads\/2023\/03\/products-12-1.jpg","type":"image\/jpeg"}],"twitter_card":"summary_large_image","schema":{"@context":"https:\/\/schema.org","@graph":[{"@type":"WebPage","@id":"https:\/\/alpagasdumaquis.be\/produit\/licol-pour-alpaga\/","url":"https:\/\/alpagasdumaquis.be\/produit\/licol-pour-alpaga\/","name":"Licol pour alpaga","isPartOf":{"@id":"https:\/\/alpagasdumaquis.be\/#website"},"primaryImageOfPage":{"@id":"https:\/\/alpagasdumaquis.be\/produit\/licol-pour-alpaga\/#primaryimage"},"image":{"@id":"https:\/\/alpagasdumaquis.be\/produit\/licol-pour-alpaga\/#primaryimage"},"thumbnailUrl":"https:\/\/alpagasdumaquis.be\/wp-content\/uploads\/2023\/03\/products-12-1-scaled.jpg","datePublished":"2018-03-20T19:44:05+00:00","dateModified":"2026-03-31T17:06:22+00:00","description":"Tr\u00e8s beau licol import\u00e9 des USA, sp\u00e9cialement adapt\u00e9\u00a0pour les alpagas, enti\u00e8rement r\u00e9glable, \u00e9troit et avec un rembourrage au niveau de l'os du nez pour plus de confort. Licol bien souple et \u00e9troit, il est enti\u00e8rement r\u00e9glable et s'ajuste parfaitement pour plus de s\u00e9curit\u00e9 et de confort. Il convient aussi aux plus petites t\u00eates et aux nez courts et est parfait aussi pour les concours.","breadcrumb":{"@id":"https:\/\/alpagasdumaquis.be\/produit\/licol-pour-alpaga\/#breadcrumb"},"inLanguage":"en-US","potentialAction":[{"@type":"ReadAction","target":["https:\/\/alpagasdumaquis.be\/produit\/licol-pour-alpaga\/"]}]},{"@type":"ImageObject","inLanguage":"en-US","@id":"https:\/\/alpagasdumaquis.be\/produit\/licol-pour-alpaga\/#primaryimage","url":"https:\/\/alpagasdumaquis.be\/wp-content\/uploads\/2023\/03\/products-12-1-scaled.jpg","contentUrl":"https:\/\/alpagasdumaquis.be\/wp-content\/uploads\/2023\/03\/products-12-1-scaled.jpg","width":1920,"height":2560,"caption":"Licol pour alpaga"},{"@type":"BreadcrumbList","@id":"https:\/\/alpagasdumaquis.be\/produit\/licol-pour-alpaga\/#breadcrumb","itemListElement":[{"@type":"ListItem","position":1,"name":"Accueil","item":"https:\/\/alpagasdumaquis.be\/en\/alpagas-du-maquis-alpaca-breeding-spinning-mill-shop\/"},{"@type":"ListItem","position":2,"name":"origin &#8211; Boutique","item":"https:\/\/alpagasdumaquis.be\/boutique-origin\/"},{"@type":"ListItem","position":3,"name":"Licol pour alpaga"}]},{"@type":"WebSite","@id":"https:\/\/alpagasdumaquis.be\/#website","url":"https:\/\/alpagasdumaquis.be\/","name":"Alpagas du Maquis","description":"Quality Alpagas &amp; Fiber Mill","publisher":{"@id":"https:\/\/alpagasdumaquis.be\/#organization"},"potentialAction":[{"@type":"SearchAction","target":{"@type":"EntryPoint","urlTemplate":"https:\/\/alpagasdumaquis.be\/?s={search_term_string}"},"query-input":{"@type":"PropertyValueSpecification","valueRequired":true,"valueName":"search_term_string"}}],"inLanguage":"en-US"},{"@type":"Organization","@id":"https:\/\/alpagasdumaquis.be\/#organization","name":"Alpagas du Maquis","url":"https:\/\/alpagasdumaquis.be\/","logo":{"@type":"ImageObject","inLanguage":"en-US","@id":"https:\/\/alpagasdumaquis.be\/#\/schema\/logo\/image\/","url":"https:\/\/alpagasdumaquis.be\/wp-content\/uploads\/2023\/07\/alpagas-logo.76cc389.webp","contentUrl":"https:\/\/alpagasdumaquis.be\/wp-content\/uploads\/2023\/07\/alpagas-logo.76cc389.webp","width":200,"height":200,"caption":"Alpagas du Maquis"},"image":{"@id":"https:\/\/alpagasdumaquis.be\/#\/schema\/logo\/image\/"}}]}},"jetpack_sharing_enabled":true,"_links":{"self":[{"href":"https:\/\/alpagasdumaquis.be\/en\/wp-json\/wp\/v2\/product\/1506","targetHints":{"allow":["GET"]}}],"collection":[{"href":"https:\/\/alpagasdumaquis.be\/en\/wp-json\/wp\/v2\/product"}],"about":[{"href":"https:\/\/alpagasdumaquis.be\/en\/wp-json\/wp\/v2\/types\/product"}],"replies":[{"embeddable":true,"href":"https:\/\/alpagasdumaquis.be\/en\/wp-json\/wp\/v2\/comments?post=1506"}],"version-history":[{"count":0,"href":"https:\/\/alpagasdumaquis.be\/en\/wp-json\/wp\/v2\/product\/1506\/revisions"}],"wp:featuredmedia":[{"embeddable":true,"href":"https:\/\/alpagasdumaquis.be\/en\/wp-json\/wp\/v2\/media\/1508"}],"wp:attachment":[{"href":"https:\/\/alpagasdumaquis.be\/en\/wp-json\/wp\/v2\/media?parent=1506"}],"wp:term":[{"taxonomy":"product_brand","embeddable":true,"href":"https:\/\/alpagasdumaquis.be\/en\/wp-json\/wp\/v2\/product_brand?post=1506"},{"taxonomy":"product_cat","embeddable":true,"href":"https:\/\/alpagasdumaquis.be\/en\/wp-json\/wp\/v2\/product_cat?post=1506"},{"taxonomy":"product_tag","embeddable":true,"href":"https:\/\/alpagasdumaquis.be\/en\/wp-json\/wp\/v2\/product_tag?post=1506"}],"curies":[{"name":"wp","href":"https:\/\/api.w.org\/{rel}","templated":true}]}}