{"id":1649,"date":"2018-07-18T14:53:39","date_gmt":"2018-07-18T14:53:39","guid":{"rendered":"https:\/\/alpagasmaquis.be\/?post_type=product&#038;p=1649"},"modified":"2025-08-13T22:18:22","modified_gmt":"2025-08-13T20:18:22","slug":"bonnet-reversible-2-coloris-au-choix-2","status":"publish","type":"product","link":"https:\/\/alpagasdumaquis.be\/en\/produit\/bonnet-reversible-2-coloris-au-choix-2\/","title":{"rendered":"Bonnet r\u00e9versible &#8211; 2 coloris au choix"},"content":{"rendered":"<p>Bonnet sportif pour elle et pour lui en noir &#038; gris ou gris &#038; bleu<\/p>\n<p>Changement de couleur en une seconde!<\/p>\n<p>Sympa, simple et r\u00e9versible.<br \/>Pour la vie quotidienne, les loisirs et les sports.<br \/>Que ce soit pour le ski ou d&#8217;autres activit\u00e9s sportives ou avec votre tenue de ville,\u00a0avec ce bonnet, vous serez toujours habill\u00e9 \u00e0 la perfection!<\/p>\n<p>Tricot\u00e9 double et \u00e0 plat en 100% Baby Alpaca.<br \/>Le cadeau parfait pour les froides journ\u00e9es d&#8217;hiver.<\/p>\n","protected":false},"excerpt":{"rendered":"<p>Bonnet sportif pour elle et pour lui en noir &#038; gris ou gris &#038; bleu Changement de couleur en une seconde! Sympa, simple et r\u00e9versible.Pour la vie quotidienne, les loisirs et les sports.Que ce soit pour le ski ou d&#8217;autres activit\u00e9s sportives ou avec votre tenue de ville,\u00a0avec ce bonnet, vous serez toujours habill\u00e9 \u00e0 [&hellip;]<\/p>\n","protected":false},"featured_media":1651,"comment_status":"open","ping_status":"open","template":"","meta":[],"product_brand":[58],"product_cat":[49],"product_tag":[67,154,69,70,155,156],"class_list":{"0":"post-1649","1":"product","2":"type-product","3":"status-publish","4":"has-post-thumbnail","6":"product_brand-apu-kuntur","7":"product_cat-peru-tete-cou-bien-proteges-2","8":"product_tag-alpaca","9":"product_tag-alpaca-hat","10":"product_tag-alpaga","11":"product_tag-baby-alpaca","12":"product_tag-bonnet","13":"product_tag-bonnet-alpaga","14":"pa_couleur-bleu-jeans-gris-en","15":"pa_couleur-noir-gris-en","16":"pa_taille-large-en","17":"pa_taille-medium-en","18":"pa_taille-small-en","20":"first","21":"instock","22":"shipping-taxable","23":"purchasable","24":"product-type-variable"},"yoast_head":"<!-- This site is optimized with the Yoast SEO plugin v27.5 - https:\/\/yoast.com\/product\/yoast-seo-wordpress\/ -->\n<title>Bonnet r\u00e9versible - 2 coloris au choix<\/title>\n<meta name=\"description\" content=\"Bonnet sportif pour elle et pour lui en noir &amp; gris ou gris &amp; bleu Changement de couleur en une seconde! Sympa, simple et r\u00e9versible.Pour la vie quotidienne, les loisirs et les sports.Que ce soit pour le ski ou d&#039;autres activit\u00e9s sportives ou avec votre tenue de ville,\u00a0avec ce bonnet, vous serez toujours habill\u00e9 \u00e0 la perfection! Tricot\u00e9 double et \u00e0 plat en 100% Baby Alpaca.Le cadeau parfait pour les froides journ\u00e9es d&#039;hiver.\" \/>\n<meta name=\"robots\" content=\"index, follow, max-snippet:-1, max-image-preview:large, max-video-preview:-1\" \/>\n<link rel=\"canonical\" href=\"https:\/\/alpagasdumaquis.be\/produit\/bonnet-reversible-2-coloris-au-choix\/\" \/>\n<meta property=\"og:locale\" content=\"en_US\" \/>\n<meta property=\"og:type\" content=\"article\" \/>\n<meta property=\"og:title\" content=\"Bonnet r\u00e9versible - 2 coloris au choix\" \/>\n<meta property=\"og:description\" content=\"Bonnet sportif pour elle et pour lui en noir &amp; gris ou gris &amp; bleu Changement de couleur en une seconde! Sympa, simple et r\u00e9versible.Pour la vie quotidienne, les loisirs et les sports.Que ce soit pour le ski ou d&#039;autres activit\u00e9s sportives ou avec votre tenue de ville,\u00a0avec ce bonnet, vous serez toujours habill\u00e9 \u00e0 la perfection! Tricot\u00e9 double et \u00e0 plat en 100% Baby Alpaca.Le cadeau parfait pour les froides journ\u00e9es d&#039;hiver.\" \/>\n<meta property=\"og:url\" content=\"https:\/\/alpagasdumaquis.be\/produit\/bonnet-reversible-2-coloris-au-choix\/\" \/>\n<meta property=\"og:site_name\" content=\"Alpagas du Maquis\" \/>\n<meta property=\"article:modified_time\" content=\"2025-08-13T20:18:22+00:00\" \/>\n<meta property=\"og:image\" content=\"https:\/\/alpagasdumaquis.be\/wp-content\/uploads\/2019\/09\/products-07057-05-wendemuetze-herren-2019-schwarz-grau-beanie-alpaca-1.jpg\" \/>\n\t<meta property=\"og:image:width\" content=\"1500\" \/>\n\t<meta property=\"og:image:height\" content=\"2275\" \/>\n\t<meta property=\"og:image:type\" content=\"image\/jpeg\" \/>\n<meta name=\"twitter:card\" content=\"summary_large_image\" \/>\n<script type=\"application\/ld+json\" class=\"yoast-schema-graph\">{\"@context\":\"https:\\\/\\\/schema.org\",\"@graph\":[{\"@type\":\"WebPage\",\"@id\":\"https:\\\/\\\/alpagasdumaquis.be\\\/produit\\\/bonnet-reversible-2-coloris-au-choix\\\/\",\"url\":\"https:\\\/\\\/alpagasdumaquis.be\\\/produit\\\/bonnet-reversible-2-coloris-au-choix\\\/\",\"name\":\"Bonnet r\u00e9versible - 2 coloris au choix\",\"isPartOf\":{\"@id\":\"https:\\\/\\\/alpagasdumaquis.be\\\/#website\"},\"primaryImageOfPage\":{\"@id\":\"https:\\\/\\\/alpagasdumaquis.be\\\/produit\\\/bonnet-reversible-2-coloris-au-choix\\\/#primaryimage\"},\"image\":{\"@id\":\"https:\\\/\\\/alpagasdumaquis.be\\\/produit\\\/bonnet-reversible-2-coloris-au-choix\\\/#primaryimage\"},\"thumbnailUrl\":\"https:\\\/\\\/alpagasdumaquis.be\\\/wp-content\\\/uploads\\\/2019\\\/09\\\/products-07057-05-wendemuetze-herren-2019-schwarz-grau-beanie-alpaca-1.jpg\",\"datePublished\":\"2018-07-18T14:53:39+00:00\",\"dateModified\":\"2025-08-13T20:18:22+00:00\",\"description\":\"Bonnet sportif pour elle et pour lui en noir & gris ou gris & bleu Changement de couleur en une seconde! Sympa, simple et r\u00e9versible.Pour la vie quotidienne, les loisirs et les sports.Que ce soit pour le ski ou d'autres activit\u00e9s sportives ou avec votre tenue de ville,\u00a0avec ce bonnet, vous serez toujours habill\u00e9 \u00e0 la perfection! Tricot\u00e9 double et \u00e0 plat en 100% Baby Alpaca.Le cadeau parfait pour les froides journ\u00e9es d'hiver.\",\"breadcrumb\":{\"@id\":\"https:\\\/\\\/alpagasdumaquis.be\\\/produit\\\/bonnet-reversible-2-coloris-au-choix\\\/#breadcrumb\"},\"inLanguage\":\"en-US\",\"potentialAction\":[{\"@type\":\"ReadAction\",\"target\":[\"https:\\\/\\\/alpagasdumaquis.be\\\/produit\\\/bonnet-reversible-2-coloris-au-choix\\\/\"]}]},{\"@type\":\"ImageObject\",\"inLanguage\":\"en-US\",\"@id\":\"https:\\\/\\\/alpagasdumaquis.be\\\/produit\\\/bonnet-reversible-2-coloris-au-choix\\\/#primaryimage\",\"url\":\"https:\\\/\\\/alpagasdumaquis.be\\\/wp-content\\\/uploads\\\/2019\\\/09\\\/products-07057-05-wendemuetze-herren-2019-schwarz-grau-beanie-alpaca-1.jpg\",\"contentUrl\":\"https:\\\/\\\/alpagasdumaquis.be\\\/wp-content\\\/uploads\\\/2019\\\/09\\\/products-07057-05-wendemuetze-herren-2019-schwarz-grau-beanie-alpaca-1.jpg\",\"width\":1500,\"height\":2275,\"caption\":\"Bonnet r\u00e9versible - 2 coloris au choix\"},{\"@type\":\"BreadcrumbList\",\"@id\":\"https:\\\/\\\/alpagasdumaquis.be\\\/produit\\\/bonnet-reversible-2-coloris-au-choix\\\/#breadcrumb\",\"itemListElement\":[{\"@type\":\"ListItem\",\"position\":1,\"name\":\"Accueil\",\"item\":\"https:\\\/\\\/alpagasdumaquis.be\\\/en\\\/alpagas-du-maquis-alpaca-breeding-spinning-mill-shop\\\/\"},{\"@type\":\"ListItem\",\"position\":2,\"name\":\"origin &#8211; Boutique\",\"item\":\"https:\\\/\\\/alpagasdumaquis.be\\\/boutique-origin\\\/\"},{\"@type\":\"ListItem\",\"position\":3,\"name\":\"Bonnet r\u00e9versible &#8211; 2 coloris au choix\"}]},{\"@type\":\"WebSite\",\"@id\":\"https:\\\/\\\/alpagasdumaquis.be\\\/#website\",\"url\":\"https:\\\/\\\/alpagasdumaquis.be\\\/\",\"name\":\"Alpagas du Maquis\",\"description\":\"Quality Alpagas &amp; Fiber Mill\",\"publisher\":{\"@id\":\"https:\\\/\\\/alpagasdumaquis.be\\\/#organization\"},\"potentialAction\":[{\"@type\":\"SearchAction\",\"target\":{\"@type\":\"EntryPoint\",\"urlTemplate\":\"https:\\\/\\\/alpagasdumaquis.be\\\/?s={search_term_string}\"},\"query-input\":{\"@type\":\"PropertyValueSpecification\",\"valueRequired\":true,\"valueName\":\"search_term_string\"}}],\"inLanguage\":\"en-US\"},{\"@type\":\"Organization\",\"@id\":\"https:\\\/\\\/alpagasdumaquis.be\\\/#organization\",\"name\":\"Alpagas du Maquis\",\"url\":\"https:\\\/\\\/alpagasdumaquis.be\\\/\",\"logo\":{\"@type\":\"ImageObject\",\"inLanguage\":\"en-US\",\"@id\":\"https:\\\/\\\/alpagasdumaquis.be\\\/#\\\/schema\\\/logo\\\/image\\\/\",\"url\":\"https:\\\/\\\/alpagasdumaquis.be\\\/wp-content\\\/uploads\\\/2023\\\/07\\\/alpagas-logo.76cc389.webp\",\"contentUrl\":\"https:\\\/\\\/alpagasdumaquis.be\\\/wp-content\\\/uploads\\\/2023\\\/07\\\/alpagas-logo.76cc389.webp\",\"width\":200,\"height\":200,\"caption\":\"Alpagas du Maquis\"},\"image\":{\"@id\":\"https:\\\/\\\/alpagasdumaquis.be\\\/#\\\/schema\\\/logo\\\/image\\\/\"}}]}<\/script>\n<!-- \/ Yoast SEO plugin. -->","yoast_head_json":{"title":"Bonnet r\u00e9versible - 2 coloris au choix","description":"Bonnet sportif pour elle et pour lui en noir & gris ou gris & bleu Changement de couleur en une seconde! Sympa, simple et r\u00e9versible.Pour la vie quotidienne, les loisirs et les sports.Que ce soit pour le ski ou d'autres activit\u00e9s sportives ou avec votre tenue de ville,\u00a0avec ce bonnet, vous serez toujours habill\u00e9 \u00e0 la perfection! Tricot\u00e9 double et \u00e0 plat en 100% Baby Alpaca.Le cadeau parfait pour les froides journ\u00e9es d'hiver.","robots":{"index":"index","follow":"follow","max-snippet":"max-snippet:-1","max-image-preview":"max-image-preview:large","max-video-preview":"max-video-preview:-1"},"canonical":"https:\/\/alpagasdumaquis.be\/produit\/bonnet-reversible-2-coloris-au-choix\/","og_locale":"en_US","og_type":"article","og_title":"Bonnet r\u00e9versible - 2 coloris au choix","og_description":"Bonnet sportif pour elle et pour lui en noir & gris ou gris & bleu Changement de couleur en une seconde! Sympa, simple et r\u00e9versible.Pour la vie quotidienne, les loisirs et les sports.Que ce soit pour le ski ou d'autres activit\u00e9s sportives ou avec votre tenue de ville,\u00a0avec ce bonnet, vous serez toujours habill\u00e9 \u00e0 la perfection! Tricot\u00e9 double et \u00e0 plat en 100% Baby Alpaca.Le cadeau parfait pour les froides journ\u00e9es d'hiver.","og_url":"https:\/\/alpagasdumaquis.be\/produit\/bonnet-reversible-2-coloris-au-choix\/","og_site_name":"Alpagas du Maquis","article_modified_time":"2025-08-13T20:18:22+00:00","og_image":[{"width":1500,"height":2275,"url":"https:\/\/alpagasdumaquis.be\/wp-content\/uploads\/2019\/09\/products-07057-05-wendemuetze-herren-2019-schwarz-grau-beanie-alpaca-1.jpg","type":"image\/jpeg"}],"twitter_card":"summary_large_image","schema":{"@context":"https:\/\/schema.org","@graph":[{"@type":"WebPage","@id":"https:\/\/alpagasdumaquis.be\/produit\/bonnet-reversible-2-coloris-au-choix\/","url":"https:\/\/alpagasdumaquis.be\/produit\/bonnet-reversible-2-coloris-au-choix\/","name":"Bonnet r\u00e9versible - 2 coloris au choix","isPartOf":{"@id":"https:\/\/alpagasdumaquis.be\/#website"},"primaryImageOfPage":{"@id":"https:\/\/alpagasdumaquis.be\/produit\/bonnet-reversible-2-coloris-au-choix\/#primaryimage"},"image":{"@id":"https:\/\/alpagasdumaquis.be\/produit\/bonnet-reversible-2-coloris-au-choix\/#primaryimage"},"thumbnailUrl":"https:\/\/alpagasdumaquis.be\/wp-content\/uploads\/2019\/09\/products-07057-05-wendemuetze-herren-2019-schwarz-grau-beanie-alpaca-1.jpg","datePublished":"2018-07-18T14:53:39+00:00","dateModified":"2025-08-13T20:18:22+00:00","description":"Bonnet sportif pour elle et pour lui en noir & gris ou gris & bleu Changement de couleur en une seconde! Sympa, simple et r\u00e9versible.Pour la vie quotidienne, les loisirs et les sports.Que ce soit pour le ski ou d'autres activit\u00e9s sportives ou avec votre tenue de ville,\u00a0avec ce bonnet, vous serez toujours habill\u00e9 \u00e0 la perfection! Tricot\u00e9 double et \u00e0 plat en 100% Baby Alpaca.Le cadeau parfait pour les froides journ\u00e9es d'hiver.","breadcrumb":{"@id":"https:\/\/alpagasdumaquis.be\/produit\/bonnet-reversible-2-coloris-au-choix\/#breadcrumb"},"inLanguage":"en-US","potentialAction":[{"@type":"ReadAction","target":["https:\/\/alpagasdumaquis.be\/produit\/bonnet-reversible-2-coloris-au-choix\/"]}]},{"@type":"ImageObject","inLanguage":"en-US","@id":"https:\/\/alpagasdumaquis.be\/produit\/bonnet-reversible-2-coloris-au-choix\/#primaryimage","url":"https:\/\/alpagasdumaquis.be\/wp-content\/uploads\/2019\/09\/products-07057-05-wendemuetze-herren-2019-schwarz-grau-beanie-alpaca-1.jpg","contentUrl":"https:\/\/alpagasdumaquis.be\/wp-content\/uploads\/2019\/09\/products-07057-05-wendemuetze-herren-2019-schwarz-grau-beanie-alpaca-1.jpg","width":1500,"height":2275,"caption":"Bonnet r\u00e9versible - 2 coloris au choix"},{"@type":"BreadcrumbList","@id":"https:\/\/alpagasdumaquis.be\/produit\/bonnet-reversible-2-coloris-au-choix\/#breadcrumb","itemListElement":[{"@type":"ListItem","position":1,"name":"Accueil","item":"https:\/\/alpagasdumaquis.be\/en\/alpagas-du-maquis-alpaca-breeding-spinning-mill-shop\/"},{"@type":"ListItem","position":2,"name":"origin &#8211; Boutique","item":"https:\/\/alpagasdumaquis.be\/boutique-origin\/"},{"@type":"ListItem","position":3,"name":"Bonnet r\u00e9versible &#8211; 2 coloris au choix"}]},{"@type":"WebSite","@id":"https:\/\/alpagasdumaquis.be\/#website","url":"https:\/\/alpagasdumaquis.be\/","name":"Alpagas du Maquis","description":"Quality Alpagas &amp; Fiber Mill","publisher":{"@id":"https:\/\/alpagasdumaquis.be\/#organization"},"potentialAction":[{"@type":"SearchAction","target":{"@type":"EntryPoint","urlTemplate":"https:\/\/alpagasdumaquis.be\/?s={search_term_string}"},"query-input":{"@type":"PropertyValueSpecification","valueRequired":true,"valueName":"search_term_string"}}],"inLanguage":"en-US"},{"@type":"Organization","@id":"https:\/\/alpagasdumaquis.be\/#organization","name":"Alpagas du Maquis","url":"https:\/\/alpagasdumaquis.be\/","logo":{"@type":"ImageObject","inLanguage":"en-US","@id":"https:\/\/alpagasdumaquis.be\/#\/schema\/logo\/image\/","url":"https:\/\/alpagasdumaquis.be\/wp-content\/uploads\/2023\/07\/alpagas-logo.76cc389.webp","contentUrl":"https:\/\/alpagasdumaquis.be\/wp-content\/uploads\/2023\/07\/alpagas-logo.76cc389.webp","width":200,"height":200,"caption":"Alpagas du Maquis"},"image":{"@id":"https:\/\/alpagasdumaquis.be\/#\/schema\/logo\/image\/"}}]}},"jetpack_sharing_enabled":true,"_links":{"self":[{"href":"https:\/\/alpagasdumaquis.be\/en\/wp-json\/wp\/v2\/product\/1649","targetHints":{"allow":["GET"]}}],"collection":[{"href":"https:\/\/alpagasdumaquis.be\/en\/wp-json\/wp\/v2\/product"}],"about":[{"href":"https:\/\/alpagasdumaquis.be\/en\/wp-json\/wp\/v2\/types\/product"}],"replies":[{"embeddable":true,"href":"https:\/\/alpagasdumaquis.be\/en\/wp-json\/wp\/v2\/comments?post=1649"}],"version-history":[{"count":0,"href":"https:\/\/alpagasdumaquis.be\/en\/wp-json\/wp\/v2\/product\/1649\/revisions"}],"wp:featuredmedia":[{"embeddable":true,"href":"https:\/\/alpagasdumaquis.be\/en\/wp-json\/wp\/v2\/media\/1651"}],"wp:attachment":[{"href":"https:\/\/alpagasdumaquis.be\/en\/wp-json\/wp\/v2\/media?parent=1649"}],"wp:term":[{"taxonomy":"product_brand","embeddable":true,"href":"https:\/\/alpagasdumaquis.be\/en\/wp-json\/wp\/v2\/product_brand?post=1649"},{"taxonomy":"product_cat","embeddable":true,"href":"https:\/\/alpagasdumaquis.be\/en\/wp-json\/wp\/v2\/product_cat?post=1649"},{"taxonomy":"product_tag","embeddable":true,"href":"https:\/\/alpagasdumaquis.be\/en\/wp-json\/wp\/v2\/product_tag?post=1649"}],"curies":[{"name":"wp","href":"https:\/\/api.w.org\/{rel}","templated":true}]}}