{"id":1666,"date":"2018-07-18T15:11:03","date_gmt":"2018-07-18T13:11:03","guid":{"rendered":"https:\/\/alpagasmaquis.be\/?post_type=product&#038;p=1666"},"modified":"2023-05-14T10:46:55","modified_gmt":"2023-05-14T10:46:55","slug":"bonnet-pompon-noir-2","status":"publish","type":"product","link":"https:\/\/alpagasdumaquis.be\/en\/produit\/bonnet-pompon-noir-2\/","title":{"rendered":"Bonnet pompon noir"},"content":{"rendered":"<p><meta charset=\"utf-8\"><\/p>\n<p><span>Un grand classique renouvel\u00e9\u00a0en mati\u00e8re haut de gamme: du<\/span><span>\u00a0baby alpaca en maille c\u00f4tel\u00e9e avec un pompon en\u00a0fibres d&#8217;alpaga authentique.\u00a0<\/span><br \/><span>Gr\u00e2ce \u00e0 son tricotage \u00e9lastique, ce bonnet s&#8217;adapte \u00e0 chaque forme de t\u00eate. Le bord large de cette toque tricot\u00e9e permet une longueur individuelle et lui donne un cachet particulier. <\/span><\/p>\n<p><span>Investissez dans un accessoire intemporel qui va vous accompagner pour des ann\u00e9es.\u00a0<\/span><\/p>\n<p><span>Tricot: 70% Baby Alpaca 23% Laine M\u00e9rinos 7% Polyamide\u00a0<\/span><br \/><span>Pompon: 100% Alpaga\u00a0<\/span><span>\u00a0<\/span><\/p>\n","protected":false},"excerpt":{"rendered":"<p>Un grand classique renouvel\u00e9\u00a0en mati\u00e8re haut de gamme: du\u00a0baby alpaca en maille c\u00f4tel\u00e9e avec un pompon en\u00a0fibres d&#8217;alpaga authentique.\u00a0Gr\u00e2ce \u00e0 son tricotage \u00e9lastique, ce bonnet s&#8217;adapte \u00e0 chaque forme de t\u00eate. Le bord large de cette toque tricot\u00e9e permet une longueur individuelle et lui donne un cachet particulier. Investissez dans un accessoire intemporel qui va [&hellip;]<\/p>\n","protected":false},"featured_media":1668,"comment_status":"open","ping_status":"closed","template":"","meta":[],"product_brand":[58],"product_cat":[49],"product_tag":[],"class_list":{"0":"post-1666","1":"product","2":"type-product","3":"status-publish","4":"has-post-thumbnail","6":"product_brand-apu-kuntur","7":"product_cat-peru-tete-cou-bien-proteges-2","8":"pa_couleur-noir-en","10":"first","11":"instock","12":"shipping-taxable","13":"product-type-variable"},"yoast_head":"<!-- This site is optimized with the Yoast SEO plugin v27.5 - https:\/\/yoast.com\/product\/yoast-seo-wordpress\/ -->\n<title>Bonnet pompon noir<\/title>\n<meta name=\"description\" content=\"Un grand classique renouvel\u00e9\u00a0en mati\u00e8re haut de gamme: du\u00a0baby alpaca en maille c\u00f4tel\u00e9e avec un pompon en\u00a0fibres d&#039;alpaga authentique.\u00a0Gr\u00e2ce \u00e0 son tricotage \u00e9lastique, ce bonnet s&#039;adapte \u00e0 chaque forme de t\u00eate. Le bord large de cette toque tricot\u00e9e permet une longueur individuelle et lui donne un cachet particulier. Investissez dans un accessoire intemporel qui va vous accompagner pour des ann\u00e9es.\u00a0Tricot: 70% Baby Alpaca 23% Laine M\u00e9rinos 7% Polyamide\u00a0Pompon: 100% Alpaga\u00a0\u00a0\" \/>\n<meta name=\"robots\" content=\"index, follow, max-snippet:-1, max-image-preview:large, max-video-preview:-1\" \/>\n<link rel=\"canonical\" href=\"https:\/\/alpagasdumaquis.be\/produit\/bonnet-pompon-noir\/\" \/>\n<meta property=\"og:locale\" content=\"en_US\" \/>\n<meta property=\"og:type\" content=\"article\" \/>\n<meta property=\"og:title\" content=\"Bonnet pompon noir\" \/>\n<meta property=\"og:description\" content=\"Un grand classique renouvel\u00e9\u00a0en mati\u00e8re haut de gamme: du\u00a0baby alpaca en maille c\u00f4tel\u00e9e avec un pompon en\u00a0fibres d&#039;alpaga authentique.\u00a0Gr\u00e2ce \u00e0 son tricotage \u00e9lastique, ce bonnet s&#039;adapte \u00e0 chaque forme de t\u00eate. Le bord large de cette toque tricot\u00e9e permet une longueur individuelle et lui donne un cachet particulier. Investissez dans un accessoire intemporel qui va vous accompagner pour des ann\u00e9es.\u00a0Tricot: 70% Baby Alpaca 23% Laine M\u00e9rinos 7% Polyamide\u00a0Pompon: 100% Alpaga\u00a0\u00a0\" \/>\n<meta property=\"og:url\" content=\"https:\/\/alpagasdumaquis.be\/produit\/bonnet-pompon-noir\/\" \/>\n<meta property=\"og:site_name\" content=\"Alpagas du Maquis\" \/>\n<meta property=\"article:modified_time\" content=\"2023-05-14T10:46:55+00:00\" \/>\n<meta property=\"og:image\" content=\"https:\/\/alpagasdumaquis.be\/wp-content\/uploads\/2018\/07\/products-bonnet_pompon_alpaga_noir-1.jpg\" \/>\n\t<meta property=\"og:image:width\" content=\"1500\" \/>\n\t<meta property=\"og:image:height\" content=\"2275\" \/>\n\t<meta property=\"og:image:type\" content=\"image\/jpeg\" \/>\n<meta name=\"twitter:card\" content=\"summary_large_image\" \/>\n<script type=\"application\/ld+json\" class=\"yoast-schema-graph\">{\"@context\":\"https:\\\/\\\/schema.org\",\"@graph\":[{\"@type\":\"WebPage\",\"@id\":\"https:\\\/\\\/alpagasdumaquis.be\\\/produit\\\/bonnet-pompon-noir\\\/\",\"url\":\"https:\\\/\\\/alpagasdumaquis.be\\\/produit\\\/bonnet-pompon-noir\\\/\",\"name\":\"Bonnet pompon noir\",\"isPartOf\":{\"@id\":\"https:\\\/\\\/alpagasdumaquis.be\\\/#website\"},\"primaryImageOfPage\":{\"@id\":\"https:\\\/\\\/alpagasdumaquis.be\\\/produit\\\/bonnet-pompon-noir\\\/#primaryimage\"},\"image\":{\"@id\":\"https:\\\/\\\/alpagasdumaquis.be\\\/produit\\\/bonnet-pompon-noir\\\/#primaryimage\"},\"thumbnailUrl\":\"https:\\\/\\\/alpagasdumaquis.be\\\/wp-content\\\/uploads\\\/2018\\\/07\\\/products-bonnet_pompon_alpaga_noir-1.jpg\",\"datePublished\":\"2018-07-18T13:11:03+00:00\",\"dateModified\":\"2023-05-14T10:46:55+00:00\",\"description\":\"Un grand classique renouvel\u00e9\u00a0en mati\u00e8re haut de gamme: du\u00a0baby alpaca en maille c\u00f4tel\u00e9e avec un pompon en\u00a0fibres d'alpaga authentique.\u00a0Gr\u00e2ce \u00e0 son tricotage \u00e9lastique, ce bonnet s'adapte \u00e0 chaque forme de t\u00eate. Le bord large de cette toque tricot\u00e9e permet une longueur individuelle et lui donne un cachet particulier. Investissez dans un accessoire intemporel qui va vous accompagner pour des ann\u00e9es.\u00a0Tricot: 70% Baby Alpaca 23% Laine M\u00e9rinos 7% Polyamide\u00a0Pompon: 100% Alpaga\u00a0\u00a0\",\"breadcrumb\":{\"@id\":\"https:\\\/\\\/alpagasdumaquis.be\\\/produit\\\/bonnet-pompon-noir\\\/#breadcrumb\"},\"inLanguage\":\"en-US\",\"potentialAction\":[{\"@type\":\"ReadAction\",\"target\":[\"https:\\\/\\\/alpagasdumaquis.be\\\/produit\\\/bonnet-pompon-noir\\\/\"]}]},{\"@type\":\"ImageObject\",\"inLanguage\":\"en-US\",\"@id\":\"https:\\\/\\\/alpagasdumaquis.be\\\/produit\\\/bonnet-pompon-noir\\\/#primaryimage\",\"url\":\"https:\\\/\\\/alpagasdumaquis.be\\\/wp-content\\\/uploads\\\/2018\\\/07\\\/products-bonnet_pompon_alpaga_noir-1.jpg\",\"contentUrl\":\"https:\\\/\\\/alpagasdumaquis.be\\\/wp-content\\\/uploads\\\/2018\\\/07\\\/products-bonnet_pompon_alpaga_noir-1.jpg\",\"width\":1500,\"height\":2275,\"caption\":\"Bonnet pompon noir\"},{\"@type\":\"BreadcrumbList\",\"@id\":\"https:\\\/\\\/alpagasdumaquis.be\\\/produit\\\/bonnet-pompon-noir\\\/#breadcrumb\",\"itemListElement\":[{\"@type\":\"ListItem\",\"position\":1,\"name\":\"Accueil\",\"item\":\"https:\\\/\\\/alpagasdumaquis.be\\\/en\\\/alpagas-du-maquis-alpaca-breeding-spinning-mill-shop\\\/\"},{\"@type\":\"ListItem\",\"position\":2,\"name\":\"origin &#8211; Boutique\",\"item\":\"https:\\\/\\\/alpagasdumaquis.be\\\/boutique-origin\\\/\"},{\"@type\":\"ListItem\",\"position\":3,\"name\":\"Bonnet pompon noir\"}]},{\"@type\":\"WebSite\",\"@id\":\"https:\\\/\\\/alpagasdumaquis.be\\\/#website\",\"url\":\"https:\\\/\\\/alpagasdumaquis.be\\\/\",\"name\":\"Alpagas du Maquis\",\"description\":\"Quality Alpagas &amp; Fiber Mill\",\"publisher\":{\"@id\":\"https:\\\/\\\/alpagasdumaquis.be\\\/#organization\"},\"potentialAction\":[{\"@type\":\"SearchAction\",\"target\":{\"@type\":\"EntryPoint\",\"urlTemplate\":\"https:\\\/\\\/alpagasdumaquis.be\\\/?s={search_term_string}\"},\"query-input\":{\"@type\":\"PropertyValueSpecification\",\"valueRequired\":true,\"valueName\":\"search_term_string\"}}],\"inLanguage\":\"en-US\"},{\"@type\":\"Organization\",\"@id\":\"https:\\\/\\\/alpagasdumaquis.be\\\/#organization\",\"name\":\"Alpagas du Maquis\",\"url\":\"https:\\\/\\\/alpagasdumaquis.be\\\/\",\"logo\":{\"@type\":\"ImageObject\",\"inLanguage\":\"en-US\",\"@id\":\"https:\\\/\\\/alpagasdumaquis.be\\\/#\\\/schema\\\/logo\\\/image\\\/\",\"url\":\"https:\\\/\\\/alpagasdumaquis.be\\\/wp-content\\\/uploads\\\/2023\\\/07\\\/alpagas-logo.76cc389.webp\",\"contentUrl\":\"https:\\\/\\\/alpagasdumaquis.be\\\/wp-content\\\/uploads\\\/2023\\\/07\\\/alpagas-logo.76cc389.webp\",\"width\":200,\"height\":200,\"caption\":\"Alpagas du Maquis\"},\"image\":{\"@id\":\"https:\\\/\\\/alpagasdumaquis.be\\\/#\\\/schema\\\/logo\\\/image\\\/\"}}]}<\/script>\n<!-- \/ Yoast SEO plugin. -->","yoast_head_json":{"title":"Bonnet pompon noir","description":"Un grand classique renouvel\u00e9\u00a0en mati\u00e8re haut de gamme: du\u00a0baby alpaca en maille c\u00f4tel\u00e9e avec un pompon en\u00a0fibres d'alpaga authentique.\u00a0Gr\u00e2ce \u00e0 son tricotage \u00e9lastique, ce bonnet s'adapte \u00e0 chaque forme de t\u00eate. Le bord large de cette toque tricot\u00e9e permet une longueur individuelle et lui donne un cachet particulier. Investissez dans un accessoire intemporel qui va vous accompagner pour des ann\u00e9es.\u00a0Tricot: 70% Baby Alpaca 23% Laine M\u00e9rinos 7% Polyamide\u00a0Pompon: 100% Alpaga\u00a0\u00a0","robots":{"index":"index","follow":"follow","max-snippet":"max-snippet:-1","max-image-preview":"max-image-preview:large","max-video-preview":"max-video-preview:-1"},"canonical":"https:\/\/alpagasdumaquis.be\/produit\/bonnet-pompon-noir\/","og_locale":"en_US","og_type":"article","og_title":"Bonnet pompon noir","og_description":"Un grand classique renouvel\u00e9\u00a0en mati\u00e8re haut de gamme: du\u00a0baby alpaca en maille c\u00f4tel\u00e9e avec un pompon en\u00a0fibres d'alpaga authentique.\u00a0Gr\u00e2ce \u00e0 son tricotage \u00e9lastique, ce bonnet s'adapte \u00e0 chaque forme de t\u00eate. Le bord large de cette toque tricot\u00e9e permet une longueur individuelle et lui donne un cachet particulier. Investissez dans un accessoire intemporel qui va vous accompagner pour des ann\u00e9es.\u00a0Tricot: 70% Baby Alpaca 23% Laine M\u00e9rinos 7% Polyamide\u00a0Pompon: 100% Alpaga\u00a0\u00a0","og_url":"https:\/\/alpagasdumaquis.be\/produit\/bonnet-pompon-noir\/","og_site_name":"Alpagas du Maquis","article_modified_time":"2023-05-14T10:46:55+00:00","og_image":[{"width":1500,"height":2275,"url":"https:\/\/alpagasdumaquis.be\/wp-content\/uploads\/2018\/07\/products-bonnet_pompon_alpaga_noir-1.jpg","type":"image\/jpeg"}],"twitter_card":"summary_large_image","schema":{"@context":"https:\/\/schema.org","@graph":[{"@type":"WebPage","@id":"https:\/\/alpagasdumaquis.be\/produit\/bonnet-pompon-noir\/","url":"https:\/\/alpagasdumaquis.be\/produit\/bonnet-pompon-noir\/","name":"Bonnet pompon noir","isPartOf":{"@id":"https:\/\/alpagasdumaquis.be\/#website"},"primaryImageOfPage":{"@id":"https:\/\/alpagasdumaquis.be\/produit\/bonnet-pompon-noir\/#primaryimage"},"image":{"@id":"https:\/\/alpagasdumaquis.be\/produit\/bonnet-pompon-noir\/#primaryimage"},"thumbnailUrl":"https:\/\/alpagasdumaquis.be\/wp-content\/uploads\/2018\/07\/products-bonnet_pompon_alpaga_noir-1.jpg","datePublished":"2018-07-18T13:11:03+00:00","dateModified":"2023-05-14T10:46:55+00:00","description":"Un grand classique renouvel\u00e9\u00a0en mati\u00e8re haut de gamme: du\u00a0baby alpaca en maille c\u00f4tel\u00e9e avec un pompon en\u00a0fibres d'alpaga authentique.\u00a0Gr\u00e2ce \u00e0 son tricotage \u00e9lastique, ce bonnet s'adapte \u00e0 chaque forme de t\u00eate. Le bord large de cette toque tricot\u00e9e permet une longueur individuelle et lui donne un cachet particulier. Investissez dans un accessoire intemporel qui va vous accompagner pour des ann\u00e9es.\u00a0Tricot: 70% Baby Alpaca 23% Laine M\u00e9rinos 7% Polyamide\u00a0Pompon: 100% Alpaga\u00a0\u00a0","breadcrumb":{"@id":"https:\/\/alpagasdumaquis.be\/produit\/bonnet-pompon-noir\/#breadcrumb"},"inLanguage":"en-US","potentialAction":[{"@type":"ReadAction","target":["https:\/\/alpagasdumaquis.be\/produit\/bonnet-pompon-noir\/"]}]},{"@type":"ImageObject","inLanguage":"en-US","@id":"https:\/\/alpagasdumaquis.be\/produit\/bonnet-pompon-noir\/#primaryimage","url":"https:\/\/alpagasdumaquis.be\/wp-content\/uploads\/2018\/07\/products-bonnet_pompon_alpaga_noir-1.jpg","contentUrl":"https:\/\/alpagasdumaquis.be\/wp-content\/uploads\/2018\/07\/products-bonnet_pompon_alpaga_noir-1.jpg","width":1500,"height":2275,"caption":"Bonnet pompon noir"},{"@type":"BreadcrumbList","@id":"https:\/\/alpagasdumaquis.be\/produit\/bonnet-pompon-noir\/#breadcrumb","itemListElement":[{"@type":"ListItem","position":1,"name":"Accueil","item":"https:\/\/alpagasdumaquis.be\/en\/alpagas-du-maquis-alpaca-breeding-spinning-mill-shop\/"},{"@type":"ListItem","position":2,"name":"origin &#8211; Boutique","item":"https:\/\/alpagasdumaquis.be\/boutique-origin\/"},{"@type":"ListItem","position":3,"name":"Bonnet pompon noir"}]},{"@type":"WebSite","@id":"https:\/\/alpagasdumaquis.be\/#website","url":"https:\/\/alpagasdumaquis.be\/","name":"Alpagas du Maquis","description":"Quality Alpagas &amp; Fiber Mill","publisher":{"@id":"https:\/\/alpagasdumaquis.be\/#organization"},"potentialAction":[{"@type":"SearchAction","target":{"@type":"EntryPoint","urlTemplate":"https:\/\/alpagasdumaquis.be\/?s={search_term_string}"},"query-input":{"@type":"PropertyValueSpecification","valueRequired":true,"valueName":"search_term_string"}}],"inLanguage":"en-US"},{"@type":"Organization","@id":"https:\/\/alpagasdumaquis.be\/#organization","name":"Alpagas du Maquis","url":"https:\/\/alpagasdumaquis.be\/","logo":{"@type":"ImageObject","inLanguage":"en-US","@id":"https:\/\/alpagasdumaquis.be\/#\/schema\/logo\/image\/","url":"https:\/\/alpagasdumaquis.be\/wp-content\/uploads\/2023\/07\/alpagas-logo.76cc389.webp","contentUrl":"https:\/\/alpagasdumaquis.be\/wp-content\/uploads\/2023\/07\/alpagas-logo.76cc389.webp","width":200,"height":200,"caption":"Alpagas du Maquis"},"image":{"@id":"https:\/\/alpagasdumaquis.be\/#\/schema\/logo\/image\/"}}]}},"jetpack_sharing_enabled":true,"_links":{"self":[{"href":"https:\/\/alpagasdumaquis.be\/en\/wp-json\/wp\/v2\/product\/1666","targetHints":{"allow":["GET"]}}],"collection":[{"href":"https:\/\/alpagasdumaquis.be\/en\/wp-json\/wp\/v2\/product"}],"about":[{"href":"https:\/\/alpagasdumaquis.be\/en\/wp-json\/wp\/v2\/types\/product"}],"replies":[{"embeddable":true,"href":"https:\/\/alpagasdumaquis.be\/en\/wp-json\/wp\/v2\/comments?post=1666"}],"version-history":[{"count":0,"href":"https:\/\/alpagasdumaquis.be\/en\/wp-json\/wp\/v2\/product\/1666\/revisions"}],"wp:featuredmedia":[{"embeddable":true,"href":"https:\/\/alpagasdumaquis.be\/en\/wp-json\/wp\/v2\/media\/1668"}],"wp:attachment":[{"href":"https:\/\/alpagasdumaquis.be\/en\/wp-json\/wp\/v2\/media?parent=1666"}],"wp:term":[{"taxonomy":"product_brand","embeddable":true,"href":"https:\/\/alpagasdumaquis.be\/en\/wp-json\/wp\/v2\/product_brand?post=1666"},{"taxonomy":"product_cat","embeddable":true,"href":"https:\/\/alpagasdumaquis.be\/en\/wp-json\/wp\/v2\/product_cat?post=1666"},{"taxonomy":"product_tag","embeddable":true,"href":"https:\/\/alpagasdumaquis.be\/en\/wp-json\/wp\/v2\/product_tag?post=1666"}],"curies":[{"name":"wp","href":"https:\/\/api.w.org\/{rel}","templated":true}]}}