{"id":1861,"date":"2018-10-17T20:23:49","date_gmt":"2018-10-17T20:23:49","guid":{"rendered":"https:\/\/alpagasmaquis.be\/?post_type=product&#038;p=1861"},"modified":"2023-08-04T19:15:04","modified_gmt":"2023-08-04T19:15:04","slug":"pantoufles-enfant-2","status":"publish","type":"product","link":"https:\/\/alpagasdumaquis.be\/en\/produit\/pantoufles-enfant-2\/","title":{"rendered":"Pantoufles enfant"},"content":{"rendered":"<p><meta charset=\"utf-8\"><\/p>\n<p><span>Des pantoufles incroyablement confortables pour toute l&#8217;ann\u00e9e!\u00a0<\/span><\/p>\n<p><span>Anti-bact\u00e9rien par nature et d&#8217;une fabrication de haute qualit\u00e9, ce chausson anti-d\u00e9rapant prot\u00e8ge formidablement les petits pieds du froid. <\/span><\/p>\n<p><span>Mat\u00e9riau ext\u00e9rieur: peau de mouton\u00a0, fourrure d&#8217;alpaga<\/span><br \/><span>Mat\u00e9riau int\u00e9rieur: fourrure de mouton<\/span><\/p>\n<p><span>C&#8217;est un produit naturel, donc de l\u00e9g\u00e8res\u00a0diff\u00e9rences de couleur sont normales et\u00a0ne sont pas des d\u00e9fauts mais les signes typiques d&#8217;un produit naturel.\u00a0<\/span><\/p>\n","protected":false},"excerpt":{"rendered":"<p>Des pantoufles incroyablement confortables pour toute l&#8217;ann\u00e9e!\u00a0 Anti-bact\u00e9rien par nature et d&#8217;une fabrication de haute qualit\u00e9, ce chausson anti-d\u00e9rapant prot\u00e8ge formidablement les petits pieds du froid. Mat\u00e9riau ext\u00e9rieur: peau de mouton\u00a0, fourrure d&#8217;alpagaMat\u00e9riau int\u00e9rieur: fourrure de mouton C&#8217;est un produit naturel, donc de l\u00e9g\u00e8res\u00a0diff\u00e9rences de couleur sont normales et\u00a0ne sont pas des d\u00e9fauts mais les [&hellip;]<\/p>\n","protected":false},"featured_media":1867,"comment_status":"open","ping_status":"closed","template":"","meta":[],"product_brand":[58],"product_cat":[51],"product_tag":[67,93,69,70,94,193,95,194,141],"class_list":{"0":"post-1861","1":"product","2":"type-product","3":"status-publish","4":"has-post-thumbnail","6":"product_brand-apu-kuntur","7":"product_cat-peru-mains-pieds-au-chaud-2","8":"product_tag-alpaca","9":"product_tag-alpaca-slippers","10":"product_tag-alpaga","11":"product_tag-baby-alpaca","12":"product_tag-chaussettes-alpaga","13":"product_tag-children-slippers","14":"product_tag-pantoufles-alpaga","15":"product_tag-pantoufles-enfant","16":"product_tag-slippers","17":"pa_pointure-26-en","18":"pa_pointure-28-en","19":"pa_pointure-30-en","20":"pa_pointure-32-en","21":"pa_pointure-34-en","23":"first","24":"instock","25":"shipping-taxable","26":"purchasable","27":"product-type-variable"},"yoast_head":"<!-- This site is optimized with the Yoast SEO plugin v27.5 - https:\/\/yoast.com\/product\/yoast-seo-wordpress\/ -->\n<title>Pantoufles enfant<\/title>\n<meta name=\"description\" content=\"Des pantoufles incroyablement confortables pour toute l&#039;ann\u00e9e!\u00a0Anti-bact\u00e9rien par nature et d&#039;une fabrication de haute qualit\u00e9, ce chausson anti-d\u00e9rapant prot\u00e8ge formidablement les petits pieds du froid. Mat\u00e9riau ext\u00e9rieur: peau de mouton\u00a0, fourrure d&#039;alpagaMat\u00e9riau int\u00e9rieur: fourrure de moutonC&#039;est un produit naturel, donc de l\u00e9g\u00e8res\u00a0diff\u00e9rences de couleur sont normales et\u00a0ne sont pas des d\u00e9fauts mais les signes typiques d&#039;un produit naturel.\u00a0\" \/>\n<meta name=\"robots\" content=\"index, follow, max-snippet:-1, max-image-preview:large, max-video-preview:-1\" \/>\n<link rel=\"canonical\" href=\"https:\/\/alpagasdumaquis.be\/en\/produit\/pantoufles-enfant-2\/\" \/>\n<meta property=\"og:locale\" content=\"en_US\" \/>\n<meta property=\"og:type\" content=\"article\" \/>\n<meta property=\"og:title\" content=\"Pantoufles enfant\" \/>\n<meta property=\"og:description\" content=\"Des pantoufles incroyablement confortables pour toute l&#039;ann\u00e9e!\u00a0Anti-bact\u00e9rien par nature et d&#039;une fabrication de haute qualit\u00e9, ce chausson anti-d\u00e9rapant prot\u00e8ge formidablement les petits pieds du froid. Mat\u00e9riau ext\u00e9rieur: peau de mouton\u00a0, fourrure d&#039;alpagaMat\u00e9riau int\u00e9rieur: fourrure de moutonC&#039;est un produit naturel, donc de l\u00e9g\u00e8res\u00a0diff\u00e9rences de couleur sont normales et\u00a0ne sont pas des d\u00e9fauts mais les signes typiques d&#039;un produit naturel.\u00a0\" \/>\n<meta property=\"og:url\" content=\"https:\/\/alpagasdumaquis.be\/en\/produit\/pantoufles-enfant-2\/\" \/>\n<meta property=\"og:site_name\" content=\"Alpagas du Maquis\" \/>\n<meta property=\"article:modified_time\" content=\"2023-08-04T19:15:04+00:00\" \/>\n<meta property=\"og:image\" content=\"https:\/\/alpagasdumaquis.be\/wp-content\/uploads\/2018\/10\/products-Pantoufles_enfant_alpaga_1-1.jpg\" \/>\n\t<meta property=\"og:image:width\" content=\"1500\" \/>\n\t<meta property=\"og:image:height\" content=\"2275\" \/>\n\t<meta property=\"og:image:type\" content=\"image\/jpeg\" \/>\n<meta name=\"twitter:card\" content=\"summary_large_image\" \/>\n<script type=\"application\/ld+json\" class=\"yoast-schema-graph\">{\"@context\":\"https:\\\/\\\/schema.org\",\"@graph\":[{\"@type\":\"WebPage\",\"@id\":\"https:\\\/\\\/alpagasdumaquis.be\\\/en\\\/produit\\\/pantoufles-enfant-2\\\/\",\"url\":\"https:\\\/\\\/alpagasdumaquis.be\\\/en\\\/produit\\\/pantoufles-enfant-2\\\/\",\"name\":\"Pantoufles enfant\",\"isPartOf\":{\"@id\":\"https:\\\/\\\/alpagasdumaquis.be\\\/#website\"},\"primaryImageOfPage\":{\"@id\":\"https:\\\/\\\/alpagasdumaquis.be\\\/en\\\/produit\\\/pantoufles-enfant-2\\\/#primaryimage\"},\"image\":{\"@id\":\"https:\\\/\\\/alpagasdumaquis.be\\\/en\\\/produit\\\/pantoufles-enfant-2\\\/#primaryimage\"},\"thumbnailUrl\":\"https:\\\/\\\/alpagasdumaquis.be\\\/wp-content\\\/uploads\\\/2018\\\/10\\\/products-Pantoufles_enfant_alpaga_1-1.jpg\",\"datePublished\":\"2018-10-17T20:23:49+00:00\",\"dateModified\":\"2023-08-04T19:15:04+00:00\",\"description\":\"Des pantoufles incroyablement confortables pour toute l'ann\u00e9e!\u00a0Anti-bact\u00e9rien par nature et d'une fabrication de haute qualit\u00e9, ce chausson anti-d\u00e9rapant prot\u00e8ge formidablement les petits pieds du froid. Mat\u00e9riau ext\u00e9rieur: peau de mouton\u00a0, fourrure d'alpagaMat\u00e9riau int\u00e9rieur: fourrure de moutonC'est un produit naturel, donc de l\u00e9g\u00e8res\u00a0diff\u00e9rences de couleur sont normales et\u00a0ne sont pas des d\u00e9fauts mais les signes typiques d'un produit naturel.\u00a0\",\"breadcrumb\":{\"@id\":\"https:\\\/\\\/alpagasdumaquis.be\\\/en\\\/produit\\\/pantoufles-enfant-2\\\/#breadcrumb\"},\"inLanguage\":\"en-US\",\"potentialAction\":[{\"@type\":\"ReadAction\",\"target\":[\"https:\\\/\\\/alpagasdumaquis.be\\\/en\\\/produit\\\/pantoufles-enfant-2\\\/\"]}]},{\"@type\":\"ImageObject\",\"inLanguage\":\"en-US\",\"@id\":\"https:\\\/\\\/alpagasdumaquis.be\\\/en\\\/produit\\\/pantoufles-enfant-2\\\/#primaryimage\",\"url\":\"https:\\\/\\\/alpagasdumaquis.be\\\/wp-content\\\/uploads\\\/2018\\\/10\\\/products-Pantoufles_enfant_alpaga_1-1.jpg\",\"contentUrl\":\"https:\\\/\\\/alpagasdumaquis.be\\\/wp-content\\\/uploads\\\/2018\\\/10\\\/products-Pantoufles_enfant_alpaga_1-1.jpg\",\"width\":1500,\"height\":2275,\"caption\":\"Pantoufles enfant\"},{\"@type\":\"BreadcrumbList\",\"@id\":\"https:\\\/\\\/alpagasdumaquis.be\\\/en\\\/produit\\\/pantoufles-enfant-2\\\/#breadcrumb\",\"itemListElement\":[{\"@type\":\"ListItem\",\"position\":1,\"name\":\"Accueil\",\"item\":\"https:\\\/\\\/alpagasdumaquis.be\\\/en\\\/alpagas-du-maquis-alpaca-breeding-spinning-mill-shop\\\/\"},{\"@type\":\"ListItem\",\"position\":2,\"name\":\"origin &#8211; Boutique\",\"item\":\"https:\\\/\\\/alpagasdumaquis.be\\\/boutique-origin\\\/\"},{\"@type\":\"ListItem\",\"position\":3,\"name\":\"Pantoufles enfant\"}]},{\"@type\":\"WebSite\",\"@id\":\"https:\\\/\\\/alpagasdumaquis.be\\\/#website\",\"url\":\"https:\\\/\\\/alpagasdumaquis.be\\\/\",\"name\":\"Alpagas du Maquis\",\"description\":\"Quality Alpagas &amp; Fiber Mill\",\"publisher\":{\"@id\":\"https:\\\/\\\/alpagasdumaquis.be\\\/#organization\"},\"potentialAction\":[{\"@type\":\"SearchAction\",\"target\":{\"@type\":\"EntryPoint\",\"urlTemplate\":\"https:\\\/\\\/alpagasdumaquis.be\\\/?s={search_term_string}\"},\"query-input\":{\"@type\":\"PropertyValueSpecification\",\"valueRequired\":true,\"valueName\":\"search_term_string\"}}],\"inLanguage\":\"en-US\"},{\"@type\":\"Organization\",\"@id\":\"https:\\\/\\\/alpagasdumaquis.be\\\/#organization\",\"name\":\"Alpagas du Maquis\",\"url\":\"https:\\\/\\\/alpagasdumaquis.be\\\/\",\"logo\":{\"@type\":\"ImageObject\",\"inLanguage\":\"en-US\",\"@id\":\"https:\\\/\\\/alpagasdumaquis.be\\\/#\\\/schema\\\/logo\\\/image\\\/\",\"url\":\"https:\\\/\\\/alpagasdumaquis.be\\\/wp-content\\\/uploads\\\/2023\\\/07\\\/alpagas-logo.76cc389.webp\",\"contentUrl\":\"https:\\\/\\\/alpagasdumaquis.be\\\/wp-content\\\/uploads\\\/2023\\\/07\\\/alpagas-logo.76cc389.webp\",\"width\":200,\"height\":200,\"caption\":\"Alpagas du Maquis\"},\"image\":{\"@id\":\"https:\\\/\\\/alpagasdumaquis.be\\\/#\\\/schema\\\/logo\\\/image\\\/\"}}]}<\/script>\n<!-- \/ Yoast SEO plugin. -->","yoast_head_json":{"title":"Pantoufles enfant","description":"Des pantoufles incroyablement confortables pour toute l'ann\u00e9e!\u00a0Anti-bact\u00e9rien par nature et d'une fabrication de haute qualit\u00e9, ce chausson anti-d\u00e9rapant prot\u00e8ge formidablement les petits pieds du froid. Mat\u00e9riau ext\u00e9rieur: peau de mouton\u00a0, fourrure d'alpagaMat\u00e9riau int\u00e9rieur: fourrure de moutonC'est un produit naturel, donc de l\u00e9g\u00e8res\u00a0diff\u00e9rences de couleur sont normales et\u00a0ne sont pas des d\u00e9fauts mais les signes typiques d'un produit naturel.\u00a0","robots":{"index":"index","follow":"follow","max-snippet":"max-snippet:-1","max-image-preview":"max-image-preview:large","max-video-preview":"max-video-preview:-1"},"canonical":"https:\/\/alpagasdumaquis.be\/en\/produit\/pantoufles-enfant-2\/","og_locale":"en_US","og_type":"article","og_title":"Pantoufles enfant","og_description":"Des pantoufles incroyablement confortables pour toute l'ann\u00e9e!\u00a0Anti-bact\u00e9rien par nature et d'une fabrication de haute qualit\u00e9, ce chausson anti-d\u00e9rapant prot\u00e8ge formidablement les petits pieds du froid. Mat\u00e9riau ext\u00e9rieur: peau de mouton\u00a0, fourrure d'alpagaMat\u00e9riau int\u00e9rieur: fourrure de moutonC'est un produit naturel, donc de l\u00e9g\u00e8res\u00a0diff\u00e9rences de couleur sont normales et\u00a0ne sont pas des d\u00e9fauts mais les signes typiques d'un produit naturel.\u00a0","og_url":"https:\/\/alpagasdumaquis.be\/en\/produit\/pantoufles-enfant-2\/","og_site_name":"Alpagas du Maquis","article_modified_time":"2023-08-04T19:15:04+00:00","og_image":[{"width":1500,"height":2275,"url":"https:\/\/alpagasdumaquis.be\/wp-content\/uploads\/2018\/10\/products-Pantoufles_enfant_alpaga_1-1.jpg","type":"image\/jpeg"}],"twitter_card":"summary_large_image","schema":{"@context":"https:\/\/schema.org","@graph":[{"@type":"WebPage","@id":"https:\/\/alpagasdumaquis.be\/en\/produit\/pantoufles-enfant-2\/","url":"https:\/\/alpagasdumaquis.be\/en\/produit\/pantoufles-enfant-2\/","name":"Pantoufles enfant","isPartOf":{"@id":"https:\/\/alpagasdumaquis.be\/#website"},"primaryImageOfPage":{"@id":"https:\/\/alpagasdumaquis.be\/en\/produit\/pantoufles-enfant-2\/#primaryimage"},"image":{"@id":"https:\/\/alpagasdumaquis.be\/en\/produit\/pantoufles-enfant-2\/#primaryimage"},"thumbnailUrl":"https:\/\/alpagasdumaquis.be\/wp-content\/uploads\/2018\/10\/products-Pantoufles_enfant_alpaga_1-1.jpg","datePublished":"2018-10-17T20:23:49+00:00","dateModified":"2023-08-04T19:15:04+00:00","description":"Des pantoufles incroyablement confortables pour toute l'ann\u00e9e!\u00a0Anti-bact\u00e9rien par nature et d'une fabrication de haute qualit\u00e9, ce chausson anti-d\u00e9rapant prot\u00e8ge formidablement les petits pieds du froid. Mat\u00e9riau ext\u00e9rieur: peau de mouton\u00a0, fourrure d'alpagaMat\u00e9riau int\u00e9rieur: fourrure de moutonC'est un produit naturel, donc de l\u00e9g\u00e8res\u00a0diff\u00e9rences de couleur sont normales et\u00a0ne sont pas des d\u00e9fauts mais les signes typiques d'un produit naturel.\u00a0","breadcrumb":{"@id":"https:\/\/alpagasdumaquis.be\/en\/produit\/pantoufles-enfant-2\/#breadcrumb"},"inLanguage":"en-US","potentialAction":[{"@type":"ReadAction","target":["https:\/\/alpagasdumaquis.be\/en\/produit\/pantoufles-enfant-2\/"]}]},{"@type":"ImageObject","inLanguage":"en-US","@id":"https:\/\/alpagasdumaquis.be\/en\/produit\/pantoufles-enfant-2\/#primaryimage","url":"https:\/\/alpagasdumaquis.be\/wp-content\/uploads\/2018\/10\/products-Pantoufles_enfant_alpaga_1-1.jpg","contentUrl":"https:\/\/alpagasdumaquis.be\/wp-content\/uploads\/2018\/10\/products-Pantoufles_enfant_alpaga_1-1.jpg","width":1500,"height":2275,"caption":"Pantoufles enfant"},{"@type":"BreadcrumbList","@id":"https:\/\/alpagasdumaquis.be\/en\/produit\/pantoufles-enfant-2\/#breadcrumb","itemListElement":[{"@type":"ListItem","position":1,"name":"Accueil","item":"https:\/\/alpagasdumaquis.be\/en\/alpagas-du-maquis-alpaca-breeding-spinning-mill-shop\/"},{"@type":"ListItem","position":2,"name":"origin &#8211; Boutique","item":"https:\/\/alpagasdumaquis.be\/boutique-origin\/"},{"@type":"ListItem","position":3,"name":"Pantoufles enfant"}]},{"@type":"WebSite","@id":"https:\/\/alpagasdumaquis.be\/#website","url":"https:\/\/alpagasdumaquis.be\/","name":"Alpagas du Maquis","description":"Quality Alpagas &amp; Fiber Mill","publisher":{"@id":"https:\/\/alpagasdumaquis.be\/#organization"},"potentialAction":[{"@type":"SearchAction","target":{"@type":"EntryPoint","urlTemplate":"https:\/\/alpagasdumaquis.be\/?s={search_term_string}"},"query-input":{"@type":"PropertyValueSpecification","valueRequired":true,"valueName":"search_term_string"}}],"inLanguage":"en-US"},{"@type":"Organization","@id":"https:\/\/alpagasdumaquis.be\/#organization","name":"Alpagas du Maquis","url":"https:\/\/alpagasdumaquis.be\/","logo":{"@type":"ImageObject","inLanguage":"en-US","@id":"https:\/\/alpagasdumaquis.be\/#\/schema\/logo\/image\/","url":"https:\/\/alpagasdumaquis.be\/wp-content\/uploads\/2023\/07\/alpagas-logo.76cc389.webp","contentUrl":"https:\/\/alpagasdumaquis.be\/wp-content\/uploads\/2023\/07\/alpagas-logo.76cc389.webp","width":200,"height":200,"caption":"Alpagas du Maquis"},"image":{"@id":"https:\/\/alpagasdumaquis.be\/#\/schema\/logo\/image\/"}}]}},"jetpack_sharing_enabled":true,"_links":{"self":[{"href":"https:\/\/alpagasdumaquis.be\/en\/wp-json\/wp\/v2\/product\/1861","targetHints":{"allow":["GET"]}}],"collection":[{"href":"https:\/\/alpagasdumaquis.be\/en\/wp-json\/wp\/v2\/product"}],"about":[{"href":"https:\/\/alpagasdumaquis.be\/en\/wp-json\/wp\/v2\/types\/product"}],"replies":[{"embeddable":true,"href":"https:\/\/alpagasdumaquis.be\/en\/wp-json\/wp\/v2\/comments?post=1861"}],"version-history":[{"count":0,"href":"https:\/\/alpagasdumaquis.be\/en\/wp-json\/wp\/v2\/product\/1861\/revisions"}],"wp:featuredmedia":[{"embeddable":true,"href":"https:\/\/alpagasdumaquis.be\/en\/wp-json\/wp\/v2\/media\/1867"}],"wp:attachment":[{"href":"https:\/\/alpagasdumaquis.be\/en\/wp-json\/wp\/v2\/media?parent=1861"}],"wp:term":[{"taxonomy":"product_brand","embeddable":true,"href":"https:\/\/alpagasdumaquis.be\/en\/wp-json\/wp\/v2\/product_brand?post=1861"},{"taxonomy":"product_cat","embeddable":true,"href":"https:\/\/alpagasdumaquis.be\/en\/wp-json\/wp\/v2\/product_cat?post=1861"},{"taxonomy":"product_tag","embeddable":true,"href":"https:\/\/alpagasdumaquis.be\/en\/wp-json\/wp\/v2\/product_tag?post=1861"}],"curies":[{"name":"wp","href":"https:\/\/api.w.org\/{rel}","templated":true}]}}