{"id":1896,"date":"2018-11-08T16:20:12","date_gmt":"2018-11-08T15:20:12","guid":{"rendered":"https:\/\/alpagasmaquis.be\/?post_type=product&#038;p=1896"},"modified":"2023-07-27T15:37:02","modified_gmt":"2023-07-27T15:37:02","slug":"beret-billie-noir-2","status":"publish","type":"product","link":"https:\/\/alpagasdumaquis.be\/en\/produit\/beret-billie-noir-2\/","title":{"rendered":"B\u00e9ret Billie noir"},"content":{"rendered":"<p><meta charset=\"utf-8\"><\/p>\n<p>Superbe\u00a0b\u00e9ret surdimensionn\u00e9 qui correspond parfaitement au look vintage &#8230;<br \/>Un superbe eye-catcher dans un motif \u00e9l\u00e9gant de casquette tendance\u00a0<\/p>\n<p>Mat\u00e9riau: 100% Baby Alpaca<\/p>\n","protected":false},"excerpt":{"rendered":"<p>Superbe\u00a0b\u00e9ret surdimensionn\u00e9 qui correspond parfaitement au look vintage &#8230;Un superbe eye-catcher dans un motif \u00e9l\u00e9gant de casquette tendance\u00a0 Mat\u00e9riau: 100% Baby Alpaca<\/p>\n","protected":false},"featured_media":1898,"comment_status":"open","ping_status":"closed","template":"","meta":[],"product_brand":[58],"product_cat":[49],"product_tag":[],"class_list":{"0":"post-1896","1":"product","2":"type-product","3":"status-publish","4":"has-post-thumbnail","6":"product_brand-apu-kuntur","7":"product_cat-peru-tete-cou-bien-proteges-2","8":"pa_couleur-noir-en","10":"first","11":"instock","12":"shipping-taxable","13":"purchasable","14":"product-type-variable"},"yoast_head":"<!-- This site is optimized with the Yoast SEO plugin v27.5 - https:\/\/yoast.com\/product\/yoast-seo-wordpress\/ -->\n<title>B\u00e9ret Billie noir<\/title>\n<meta name=\"description\" content=\"Superbe\u00a0b\u00e9ret surdimensionn\u00e9 qui correspond parfaitement au look vintage ...Un superbe eye-catcher dans un motif \u00e9l\u00e9gant de casquette tendance\u00a0Mat\u00e9riau: 100% Baby Alpaca\" \/>\n<meta name=\"robots\" content=\"index, follow, max-snippet:-1, max-image-preview:large, max-video-preview:-1\" \/>\n<link rel=\"canonical\" href=\"https:\/\/alpagasdumaquis.be\/produit\/beret-billie-noir\/\" \/>\n<meta property=\"og:locale\" content=\"en_US\" \/>\n<meta property=\"og:type\" content=\"article\" \/>\n<meta property=\"og:title\" content=\"B\u00e9ret Billie noir\" \/>\n<meta property=\"og:description\" content=\"Superbe\u00a0b\u00e9ret surdimensionn\u00e9 qui correspond parfaitement au look vintage ...Un superbe eye-catcher dans un motif \u00e9l\u00e9gant de casquette tendance\u00a0Mat\u00e9riau: 100% Baby Alpaca\" \/>\n<meta property=\"og:url\" content=\"https:\/\/alpagasdumaquis.be\/produit\/beret-billie-noir\/\" \/>\n<meta property=\"og:site_name\" content=\"Alpagas du Maquis\" \/>\n<meta property=\"article:modified_time\" content=\"2023-07-27T15:37:02+00:00\" \/>\n<meta property=\"og:image\" content=\"https:\/\/alpagasdumaquis.be\/wp-content\/uploads\/2022\/10\/products-3alpaka-basken-mtze-biesen-aus-100-baby-alpaka-1.jpg\" \/>\n\t<meta property=\"og:image:width\" content=\"527\" \/>\n\t<meta property=\"og:image:height\" content=\"800\" \/>\n\t<meta property=\"og:image:type\" content=\"image\/jpeg\" \/>\n<meta name=\"twitter:card\" content=\"summary_large_image\" \/>\n<script type=\"application\/ld+json\" class=\"yoast-schema-graph\">{\"@context\":\"https:\\\/\\\/schema.org\",\"@graph\":[{\"@type\":\"WebPage\",\"@id\":\"https:\\\/\\\/alpagasdumaquis.be\\\/produit\\\/beret-billie-noir\\\/\",\"url\":\"https:\\\/\\\/alpagasdumaquis.be\\\/produit\\\/beret-billie-noir\\\/\",\"name\":\"B\u00e9ret Billie noir\",\"isPartOf\":{\"@id\":\"https:\\\/\\\/alpagasdumaquis.be\\\/#website\"},\"primaryImageOfPage\":{\"@id\":\"https:\\\/\\\/alpagasdumaquis.be\\\/produit\\\/beret-billie-noir\\\/#primaryimage\"},\"image\":{\"@id\":\"https:\\\/\\\/alpagasdumaquis.be\\\/produit\\\/beret-billie-noir\\\/#primaryimage\"},\"thumbnailUrl\":\"https:\\\/\\\/alpagasdumaquis.be\\\/wp-content\\\/uploads\\\/2022\\\/10\\\/products-3alpaka-basken-mtze-biesen-aus-100-baby-alpaka-1.jpg\",\"datePublished\":\"2018-11-08T15:20:12+00:00\",\"dateModified\":\"2023-07-27T15:37:02+00:00\",\"description\":\"Superbe\u00a0b\u00e9ret surdimensionn\u00e9 qui correspond parfaitement au look vintage ...Un superbe eye-catcher dans un motif \u00e9l\u00e9gant de casquette tendance\u00a0Mat\u00e9riau: 100% Baby Alpaca\",\"breadcrumb\":{\"@id\":\"https:\\\/\\\/alpagasdumaquis.be\\\/produit\\\/beret-billie-noir\\\/#breadcrumb\"},\"inLanguage\":\"en-US\",\"potentialAction\":[{\"@type\":\"ReadAction\",\"target\":[\"https:\\\/\\\/alpagasdumaquis.be\\\/produit\\\/beret-billie-noir\\\/\"]}]},{\"@type\":\"ImageObject\",\"inLanguage\":\"en-US\",\"@id\":\"https:\\\/\\\/alpagasdumaquis.be\\\/produit\\\/beret-billie-noir\\\/#primaryimage\",\"url\":\"https:\\\/\\\/alpagasdumaquis.be\\\/wp-content\\\/uploads\\\/2022\\\/10\\\/products-3alpaka-basken-mtze-biesen-aus-100-baby-alpaka-1.jpg\",\"contentUrl\":\"https:\\\/\\\/alpagasdumaquis.be\\\/wp-content\\\/uploads\\\/2022\\\/10\\\/products-3alpaka-basken-mtze-biesen-aus-100-baby-alpaka-1.jpg\",\"width\":527,\"height\":800,\"caption\":\"B\u00e9ret Billie noir\"},{\"@type\":\"BreadcrumbList\",\"@id\":\"https:\\\/\\\/alpagasdumaquis.be\\\/produit\\\/beret-billie-noir\\\/#breadcrumb\",\"itemListElement\":[{\"@type\":\"ListItem\",\"position\":1,\"name\":\"Accueil\",\"item\":\"https:\\\/\\\/alpagasdumaquis.be\\\/en\\\/alpagas-du-maquis-alpaca-breeding-spinning-mill-shop\\\/\"},{\"@type\":\"ListItem\",\"position\":2,\"name\":\"origin &#8211; Boutique\",\"item\":\"https:\\\/\\\/alpagasdumaquis.be\\\/boutique-origin\\\/\"},{\"@type\":\"ListItem\",\"position\":3,\"name\":\"B\u00e9ret Billie noir\"}]},{\"@type\":\"WebSite\",\"@id\":\"https:\\\/\\\/alpagasdumaquis.be\\\/#website\",\"url\":\"https:\\\/\\\/alpagasdumaquis.be\\\/\",\"name\":\"Alpagas du Maquis\",\"description\":\"Quality Alpagas &amp; Fiber Mill\",\"publisher\":{\"@id\":\"https:\\\/\\\/alpagasdumaquis.be\\\/#organization\"},\"potentialAction\":[{\"@type\":\"SearchAction\",\"target\":{\"@type\":\"EntryPoint\",\"urlTemplate\":\"https:\\\/\\\/alpagasdumaquis.be\\\/?s={search_term_string}\"},\"query-input\":{\"@type\":\"PropertyValueSpecification\",\"valueRequired\":true,\"valueName\":\"search_term_string\"}}],\"inLanguage\":\"en-US\"},{\"@type\":\"Organization\",\"@id\":\"https:\\\/\\\/alpagasdumaquis.be\\\/#organization\",\"name\":\"Alpagas du Maquis\",\"url\":\"https:\\\/\\\/alpagasdumaquis.be\\\/\",\"logo\":{\"@type\":\"ImageObject\",\"inLanguage\":\"en-US\",\"@id\":\"https:\\\/\\\/alpagasdumaquis.be\\\/#\\\/schema\\\/logo\\\/image\\\/\",\"url\":\"https:\\\/\\\/alpagasdumaquis.be\\\/wp-content\\\/uploads\\\/2023\\\/07\\\/alpagas-logo.76cc389.webp\",\"contentUrl\":\"https:\\\/\\\/alpagasdumaquis.be\\\/wp-content\\\/uploads\\\/2023\\\/07\\\/alpagas-logo.76cc389.webp\",\"width\":200,\"height\":200,\"caption\":\"Alpagas du Maquis\"},\"image\":{\"@id\":\"https:\\\/\\\/alpagasdumaquis.be\\\/#\\\/schema\\\/logo\\\/image\\\/\"}}]}<\/script>\n<!-- \/ Yoast SEO plugin. -->","yoast_head_json":{"title":"B\u00e9ret Billie noir","description":"Superbe\u00a0b\u00e9ret surdimensionn\u00e9 qui correspond parfaitement au look vintage ...Un superbe eye-catcher dans un motif \u00e9l\u00e9gant de casquette tendance\u00a0Mat\u00e9riau: 100% Baby Alpaca","robots":{"index":"index","follow":"follow","max-snippet":"max-snippet:-1","max-image-preview":"max-image-preview:large","max-video-preview":"max-video-preview:-1"},"canonical":"https:\/\/alpagasdumaquis.be\/produit\/beret-billie-noir\/","og_locale":"en_US","og_type":"article","og_title":"B\u00e9ret Billie noir","og_description":"Superbe\u00a0b\u00e9ret surdimensionn\u00e9 qui correspond parfaitement au look vintage ...Un superbe eye-catcher dans un motif \u00e9l\u00e9gant de casquette tendance\u00a0Mat\u00e9riau: 100% Baby Alpaca","og_url":"https:\/\/alpagasdumaquis.be\/produit\/beret-billie-noir\/","og_site_name":"Alpagas du Maquis","article_modified_time":"2023-07-27T15:37:02+00:00","og_image":[{"width":527,"height":800,"url":"https:\/\/alpagasdumaquis.be\/wp-content\/uploads\/2022\/10\/products-3alpaka-basken-mtze-biesen-aus-100-baby-alpaka-1.jpg","type":"image\/jpeg"}],"twitter_card":"summary_large_image","schema":{"@context":"https:\/\/schema.org","@graph":[{"@type":"WebPage","@id":"https:\/\/alpagasdumaquis.be\/produit\/beret-billie-noir\/","url":"https:\/\/alpagasdumaquis.be\/produit\/beret-billie-noir\/","name":"B\u00e9ret Billie noir","isPartOf":{"@id":"https:\/\/alpagasdumaquis.be\/#website"},"primaryImageOfPage":{"@id":"https:\/\/alpagasdumaquis.be\/produit\/beret-billie-noir\/#primaryimage"},"image":{"@id":"https:\/\/alpagasdumaquis.be\/produit\/beret-billie-noir\/#primaryimage"},"thumbnailUrl":"https:\/\/alpagasdumaquis.be\/wp-content\/uploads\/2022\/10\/products-3alpaka-basken-mtze-biesen-aus-100-baby-alpaka-1.jpg","datePublished":"2018-11-08T15:20:12+00:00","dateModified":"2023-07-27T15:37:02+00:00","description":"Superbe\u00a0b\u00e9ret surdimensionn\u00e9 qui correspond parfaitement au look vintage ...Un superbe eye-catcher dans un motif \u00e9l\u00e9gant de casquette tendance\u00a0Mat\u00e9riau: 100% Baby Alpaca","breadcrumb":{"@id":"https:\/\/alpagasdumaquis.be\/produit\/beret-billie-noir\/#breadcrumb"},"inLanguage":"en-US","potentialAction":[{"@type":"ReadAction","target":["https:\/\/alpagasdumaquis.be\/produit\/beret-billie-noir\/"]}]},{"@type":"ImageObject","inLanguage":"en-US","@id":"https:\/\/alpagasdumaquis.be\/produit\/beret-billie-noir\/#primaryimage","url":"https:\/\/alpagasdumaquis.be\/wp-content\/uploads\/2022\/10\/products-3alpaka-basken-mtze-biesen-aus-100-baby-alpaka-1.jpg","contentUrl":"https:\/\/alpagasdumaquis.be\/wp-content\/uploads\/2022\/10\/products-3alpaka-basken-mtze-biesen-aus-100-baby-alpaka-1.jpg","width":527,"height":800,"caption":"B\u00e9ret Billie noir"},{"@type":"BreadcrumbList","@id":"https:\/\/alpagasdumaquis.be\/produit\/beret-billie-noir\/#breadcrumb","itemListElement":[{"@type":"ListItem","position":1,"name":"Accueil","item":"https:\/\/alpagasdumaquis.be\/en\/alpagas-du-maquis-alpaca-breeding-spinning-mill-shop\/"},{"@type":"ListItem","position":2,"name":"origin &#8211; Boutique","item":"https:\/\/alpagasdumaquis.be\/boutique-origin\/"},{"@type":"ListItem","position":3,"name":"B\u00e9ret Billie noir"}]},{"@type":"WebSite","@id":"https:\/\/alpagasdumaquis.be\/#website","url":"https:\/\/alpagasdumaquis.be\/","name":"Alpagas du Maquis","description":"Quality Alpagas &amp; Fiber Mill","publisher":{"@id":"https:\/\/alpagasdumaquis.be\/#organization"},"potentialAction":[{"@type":"SearchAction","target":{"@type":"EntryPoint","urlTemplate":"https:\/\/alpagasdumaquis.be\/?s={search_term_string}"},"query-input":{"@type":"PropertyValueSpecification","valueRequired":true,"valueName":"search_term_string"}}],"inLanguage":"en-US"},{"@type":"Organization","@id":"https:\/\/alpagasdumaquis.be\/#organization","name":"Alpagas du Maquis","url":"https:\/\/alpagasdumaquis.be\/","logo":{"@type":"ImageObject","inLanguage":"en-US","@id":"https:\/\/alpagasdumaquis.be\/#\/schema\/logo\/image\/","url":"https:\/\/alpagasdumaquis.be\/wp-content\/uploads\/2023\/07\/alpagas-logo.76cc389.webp","contentUrl":"https:\/\/alpagasdumaquis.be\/wp-content\/uploads\/2023\/07\/alpagas-logo.76cc389.webp","width":200,"height":200,"caption":"Alpagas du Maquis"},"image":{"@id":"https:\/\/alpagasdumaquis.be\/#\/schema\/logo\/image\/"}}]}},"jetpack_sharing_enabled":true,"_links":{"self":[{"href":"https:\/\/alpagasdumaquis.be\/en\/wp-json\/wp\/v2\/product\/1896","targetHints":{"allow":["GET"]}}],"collection":[{"href":"https:\/\/alpagasdumaquis.be\/en\/wp-json\/wp\/v2\/product"}],"about":[{"href":"https:\/\/alpagasdumaquis.be\/en\/wp-json\/wp\/v2\/types\/product"}],"replies":[{"embeddable":true,"href":"https:\/\/alpagasdumaquis.be\/en\/wp-json\/wp\/v2\/comments?post=1896"}],"version-history":[{"count":0,"href":"https:\/\/alpagasdumaquis.be\/en\/wp-json\/wp\/v2\/product\/1896\/revisions"}],"wp:featuredmedia":[{"embeddable":true,"href":"https:\/\/alpagasdumaquis.be\/en\/wp-json\/wp\/v2\/media\/1898"}],"wp:attachment":[{"href":"https:\/\/alpagasdumaquis.be\/en\/wp-json\/wp\/v2\/media?parent=1896"}],"wp:term":[{"taxonomy":"product_brand","embeddable":true,"href":"https:\/\/alpagasdumaquis.be\/en\/wp-json\/wp\/v2\/product_brand?post=1896"},{"taxonomy":"product_cat","embeddable":true,"href":"https:\/\/alpagasdumaquis.be\/en\/wp-json\/wp\/v2\/product_cat?post=1896"},{"taxonomy":"product_tag","embeddable":true,"href":"https:\/\/alpagasdumaquis.be\/en\/wp-json\/wp\/v2\/product_tag?post=1896"}],"curies":[{"name":"wp","href":"https:\/\/api.w.org\/{rel}","templated":true}]}}