{"id":1929,"date":"2018-11-27T22:14:38","date_gmt":"2018-11-27T21:14:38","guid":{"rendered":"https:\/\/alpagasmaquis.be\/?post_type=product&#038;p=1929"},"modified":"2025-12-18T20:33:50","modified_gmt":"2025-12-18T19:33:50","slug":"chaussettes-enfants-anti-derapantes-2","status":"publish","type":"product","link":"https:\/\/alpagasdumaquis.be\/en\/produit\/chaussettes-enfants-anti-derapantes-2\/","title":{"rendered":"Chaussettes enfants anti-d\u00e9rapantes"},"content":{"rendered":"<p><meta charset=\"utf-8\"><span>Avec ces chaussettes anti-d\u00e9rapantes en alpaga, vos enfants b\u00e9n\u00e9ficient d&#8217;un confort optimal en toute s\u00e9curit\u00e9. Elle sont une alternative id\u00e9ale aux chaussons ou pantoufles conventionnelles.\u00a0<\/span><\/p>\n<p><span>Les chaussettes en alpaga\u00a0sont douces et gardent les pieds au chaud. En m\u00eame temps, elles sont anti-transpirantes. L&#8217;alpaga est une fibre creuse qui permet une compensation rapide de la temp\u00e9rature et donc un environnement agr\u00e9able pour le pied.\u00a0<\/span><\/p>\n<p><span>La composition de ces chaussettes est bas\u00e9e sur une longue exp\u00e9rience et procure une combinaison id\u00e9ale de confort, de qualit\u00e9, de long\u00e9vit\u00e9 et sont id\u00e9ales pour un usage quotidien.\u00a0<\/span><br \/><span>Composition: 50% alpaga 25% acrylique 10% laine 10% nylon 5% \u00e9lasthane\u00a0<\/span><\/p>\n","protected":false},"excerpt":{"rendered":"<p>Avec ces chaussettes anti-d\u00e9rapantes en alpaga, vos enfants b\u00e9n\u00e9ficient d&#8217;un confort optimal en toute s\u00e9curit\u00e9. Elle sont une alternative id\u00e9ale aux chaussons ou pantoufles conventionnelles.\u00a0 Les chaussettes en alpaga\u00a0sont douces et gardent les pieds au chaud. En m\u00eame temps, elles sont anti-transpirantes. L&#8217;alpaga est une fibre creuse qui permet une compensation rapide de la temp\u00e9rature [&hellip;]<\/p>\n","protected":false},"featured_media":5548,"comment_status":"open","ping_status":"closed","template":"","meta":[],"product_brand":[58],"product_cat":[51],"product_tag":[],"class_list":{"0":"post-1929","1":"product","2":"type-product","3":"status-publish","4":"has-post-thumbnail","6":"product_brand-apu-kuntur","7":"product_cat-peru-mains-pieds-au-chaud-2","8":"pa_pointure-15-17-en","9":"pa_pointure-18-20-en","10":"pa_pointure-21-23-en","11":"pa_pointure-24-26-en","12":"pa_pointure-27-29-en","13":"pa_pointure-30-32-en","14":"pa_pointure-33-35-en","16":"first","17":"instock","18":"shipping-taxable","19":"purchasable","20":"product-type-variable"},"yoast_head":"<!-- This site is optimized with the Yoast SEO plugin v27.4 - https:\/\/yoast.com\/product\/yoast-seo-wordpress\/ -->\n<title>Chaussettes enfants anti-d\u00e9rapantes<\/title>\n<meta name=\"description\" content=\"Avec ces chaussettes anti-d\u00e9rapantes en alpaga, vos enfants b\u00e9n\u00e9ficient d&#039;un confort optimal en toute s\u00e9curit\u00e9. Elle sont une alternative id\u00e9ale aux chaussons ou pantoufles conventionnelles.\u00a0Les chaussettes en alpaga\u00a0sont douces et gardent les pieds au chaud. En m\u00eame temps, elles sont anti-transpirantes. L&#039;alpaga est une fibre creuse qui permet une compensation rapide de la temp\u00e9rature et donc un environnement agr\u00e9able pour le pied.\u00a0La composition de ces chaussettes est bas\u00e9e sur une longue exp\u00e9rience et procure une combinaison id\u00e9ale de confort, de qualit\u00e9, de long\u00e9vit\u00e9 et sont id\u00e9ales pour un usage quotidien.\u00a0Composition: 50% alpaga 25% acrylique 10% laine 10% nylon 5% \u00e9lasthane\u00a0\" \/>\n<meta name=\"robots\" content=\"index, follow, max-snippet:-1, max-image-preview:large, max-video-preview:-1\" \/>\n<link rel=\"canonical\" href=\"https:\/\/alpagasdumaquis.be\/en\/produit\/chaussettes-enfants-anti-derapantes-2\/\" \/>\n<meta property=\"og:locale\" content=\"en_US\" \/>\n<meta property=\"og:type\" content=\"article\" \/>\n<meta property=\"og:title\" content=\"Chaussettes enfants anti-d\u00e9rapantes\" \/>\n<meta property=\"og:description\" content=\"Avec ces chaussettes anti-d\u00e9rapantes en alpaga, vos enfants b\u00e9n\u00e9ficient d&#039;un confort optimal en toute s\u00e9curit\u00e9. Elle sont une alternative id\u00e9ale aux chaussons ou pantoufles conventionnelles.\u00a0Les chaussettes en alpaga\u00a0sont douces et gardent les pieds au chaud. En m\u00eame temps, elles sont anti-transpirantes. L&#039;alpaga est une fibre creuse qui permet une compensation rapide de la temp\u00e9rature et donc un environnement agr\u00e9able pour le pied.\u00a0La composition de ces chaussettes est bas\u00e9e sur une longue exp\u00e9rience et procure une combinaison id\u00e9ale de confort, de qualit\u00e9, de long\u00e9vit\u00e9 et sont id\u00e9ales pour un usage quotidien.\u00a0Composition: 50% alpaga 25% acrylique 10% laine 10% nylon 5% \u00e9lasthane\u00a0\" \/>\n<meta property=\"og:url\" content=\"https:\/\/alpagasdumaquis.be\/en\/produit\/chaussettes-enfants-anti-derapantes-2\/\" \/>\n<meta property=\"og:site_name\" content=\"Alpagas du Maquis\" \/>\n<meta property=\"article:modified_time\" content=\"2025-12-18T19:33:50+00:00\" \/>\n<meta property=\"og:image\" content=\"https:\/\/alpagasdumaquis.be\/wp-content\/uploads\/2018\/11\/alpaka-socken-kinder-abs-6er-pack-gr-30-35-aus-alpaka-wolle-mix.jpg\" \/>\n\t<meta property=\"og:image:width\" content=\"1500\" \/>\n\t<meta property=\"og:image:height\" content=\"2275\" \/>\n\t<meta property=\"og:image:type\" content=\"image\/jpeg\" \/>\n<meta name=\"twitter:card\" content=\"summary_large_image\" \/>\n<meta name=\"twitter:label1\" content=\"Est. reading time\" \/>\n\t<meta name=\"twitter:data1\" content=\"1 minute\" \/>\n<script type=\"application\/ld+json\" class=\"yoast-schema-graph\">{\"@context\":\"https:\\\/\\\/schema.org\",\"@graph\":[{\"@type\":\"WebPage\",\"@id\":\"https:\\\/\\\/alpagasdumaquis.be\\\/en\\\/produit\\\/chaussettes-enfants-anti-derapantes-2\\\/\",\"url\":\"https:\\\/\\\/alpagasdumaquis.be\\\/en\\\/produit\\\/chaussettes-enfants-anti-derapantes-2\\\/\",\"name\":\"Chaussettes enfants anti-d\u00e9rapantes\",\"isPartOf\":{\"@id\":\"https:\\\/\\\/alpagasdumaquis.be\\\/#website\"},\"primaryImageOfPage\":{\"@id\":\"https:\\\/\\\/alpagasdumaquis.be\\\/en\\\/produit\\\/chaussettes-enfants-anti-derapantes-2\\\/#primaryimage\"},\"image\":{\"@id\":\"https:\\\/\\\/alpagasdumaquis.be\\\/en\\\/produit\\\/chaussettes-enfants-anti-derapantes-2\\\/#primaryimage\"},\"thumbnailUrl\":\"https:\\\/\\\/alpagasdumaquis.be\\\/wp-content\\\/uploads\\\/2018\\\/11\\\/alpaka-socken-kinder-abs-6er-pack-gr-30-35-aus-alpaka-wolle-mix.jpg\",\"datePublished\":\"2018-11-27T21:14:38+00:00\",\"dateModified\":\"2025-12-18T19:33:50+00:00\",\"description\":\"Avec ces chaussettes anti-d\u00e9rapantes en alpaga, vos enfants b\u00e9n\u00e9ficient d'un confort optimal en toute s\u00e9curit\u00e9. Elle sont une alternative id\u00e9ale aux chaussons ou pantoufles conventionnelles.\u00a0Les chaussettes en alpaga\u00a0sont douces et gardent les pieds au chaud. En m\u00eame temps, elles sont anti-transpirantes. L'alpaga est une fibre creuse qui permet une compensation rapide de la temp\u00e9rature et donc un environnement agr\u00e9able pour le pied.\u00a0La composition de ces chaussettes est bas\u00e9e sur une longue exp\u00e9rience et procure une combinaison id\u00e9ale de confort, de qualit\u00e9, de long\u00e9vit\u00e9 et sont id\u00e9ales pour un usage quotidien.\u00a0Composition: 50% alpaga 25% acrylique 10% laine 10% nylon 5% \u00e9lasthane\u00a0\",\"breadcrumb\":{\"@id\":\"https:\\\/\\\/alpagasdumaquis.be\\\/en\\\/produit\\\/chaussettes-enfants-anti-derapantes-2\\\/#breadcrumb\"},\"inLanguage\":\"en-US\",\"potentialAction\":[{\"@type\":\"ReadAction\",\"target\":[\"https:\\\/\\\/alpagasdumaquis.be\\\/en\\\/produit\\\/chaussettes-enfants-anti-derapantes-2\\\/\"]}]},{\"@type\":\"ImageObject\",\"inLanguage\":\"en-US\",\"@id\":\"https:\\\/\\\/alpagasdumaquis.be\\\/en\\\/produit\\\/chaussettes-enfants-anti-derapantes-2\\\/#primaryimage\",\"url\":\"https:\\\/\\\/alpagasdumaquis.be\\\/wp-content\\\/uploads\\\/2018\\\/11\\\/alpaka-socken-kinder-abs-6er-pack-gr-30-35-aus-alpaka-wolle-mix.jpg\",\"contentUrl\":\"https:\\\/\\\/alpagasdumaquis.be\\\/wp-content\\\/uploads\\\/2018\\\/11\\\/alpaka-socken-kinder-abs-6er-pack-gr-30-35-aus-alpaka-wolle-mix.jpg\",\"width\":1500,\"height\":2275},{\"@type\":\"BreadcrumbList\",\"@id\":\"https:\\\/\\\/alpagasdumaquis.be\\\/en\\\/produit\\\/chaussettes-enfants-anti-derapantes-2\\\/#breadcrumb\",\"itemListElement\":[{\"@type\":\"ListItem\",\"position\":1,\"name\":\"Accueil\",\"item\":\"https:\\\/\\\/alpagasdumaquis.be\\\/en\\\/alpagas-du-maquis-alpaca-breeding-spinning-mill-shop\\\/\"},{\"@type\":\"ListItem\",\"position\":2,\"name\":\"origin &#8211; Boutique\",\"item\":\"https:\\\/\\\/alpagasdumaquis.be\\\/boutique-origin\\\/\"},{\"@type\":\"ListItem\",\"position\":3,\"name\":\"Chaussettes enfants anti-d\u00e9rapantes\"}]},{\"@type\":\"WebSite\",\"@id\":\"https:\\\/\\\/alpagasdumaquis.be\\\/#website\",\"url\":\"https:\\\/\\\/alpagasdumaquis.be\\\/\",\"name\":\"Alpagas du Maquis\",\"description\":\"Quality Alpagas &amp; Fiber Mill\",\"publisher\":{\"@id\":\"https:\\\/\\\/alpagasdumaquis.be\\\/#organization\"},\"potentialAction\":[{\"@type\":\"SearchAction\",\"target\":{\"@type\":\"EntryPoint\",\"urlTemplate\":\"https:\\\/\\\/alpagasdumaquis.be\\\/?s={search_term_string}\"},\"query-input\":{\"@type\":\"PropertyValueSpecification\",\"valueRequired\":true,\"valueName\":\"search_term_string\"}}],\"inLanguage\":\"en-US\"},{\"@type\":\"Organization\",\"@id\":\"https:\\\/\\\/alpagasdumaquis.be\\\/#organization\",\"name\":\"Alpagas du Maquis\",\"url\":\"https:\\\/\\\/alpagasdumaquis.be\\\/\",\"logo\":{\"@type\":\"ImageObject\",\"inLanguage\":\"en-US\",\"@id\":\"https:\\\/\\\/alpagasdumaquis.be\\\/#\\\/schema\\\/logo\\\/image\\\/\",\"url\":\"https:\\\/\\\/alpagasdumaquis.be\\\/wp-content\\\/uploads\\\/2023\\\/07\\\/alpagas-logo.76cc389.webp\",\"contentUrl\":\"https:\\\/\\\/alpagasdumaquis.be\\\/wp-content\\\/uploads\\\/2023\\\/07\\\/alpagas-logo.76cc389.webp\",\"width\":200,\"height\":200,\"caption\":\"Alpagas du Maquis\"},\"image\":{\"@id\":\"https:\\\/\\\/alpagasdumaquis.be\\\/#\\\/schema\\\/logo\\\/image\\\/\"}}]}<\/script>\n<!-- \/ Yoast SEO plugin. -->","yoast_head_json":{"title":"Chaussettes enfants anti-d\u00e9rapantes","description":"Avec ces chaussettes anti-d\u00e9rapantes en alpaga, vos enfants b\u00e9n\u00e9ficient d'un confort optimal en toute s\u00e9curit\u00e9. Elle sont une alternative id\u00e9ale aux chaussons ou pantoufles conventionnelles.\u00a0Les chaussettes en alpaga\u00a0sont douces et gardent les pieds au chaud. En m\u00eame temps, elles sont anti-transpirantes. L'alpaga est une fibre creuse qui permet une compensation rapide de la temp\u00e9rature et donc un environnement agr\u00e9able pour le pied.\u00a0La composition de ces chaussettes est bas\u00e9e sur une longue exp\u00e9rience et procure une combinaison id\u00e9ale de confort, de qualit\u00e9, de long\u00e9vit\u00e9 et sont id\u00e9ales pour un usage quotidien.\u00a0Composition: 50% alpaga 25% acrylique 10% laine 10% nylon 5% \u00e9lasthane\u00a0","robots":{"index":"index","follow":"follow","max-snippet":"max-snippet:-1","max-image-preview":"max-image-preview:large","max-video-preview":"max-video-preview:-1"},"canonical":"https:\/\/alpagasdumaquis.be\/en\/produit\/chaussettes-enfants-anti-derapantes-2\/","og_locale":"en_US","og_type":"article","og_title":"Chaussettes enfants anti-d\u00e9rapantes","og_description":"Avec ces chaussettes anti-d\u00e9rapantes en alpaga, vos enfants b\u00e9n\u00e9ficient d'un confort optimal en toute s\u00e9curit\u00e9. Elle sont une alternative id\u00e9ale aux chaussons ou pantoufles conventionnelles.\u00a0Les chaussettes en alpaga\u00a0sont douces et gardent les pieds au chaud. En m\u00eame temps, elles sont anti-transpirantes. L'alpaga est une fibre creuse qui permet une compensation rapide de la temp\u00e9rature et donc un environnement agr\u00e9able pour le pied.\u00a0La composition de ces chaussettes est bas\u00e9e sur une longue exp\u00e9rience et procure une combinaison id\u00e9ale de confort, de qualit\u00e9, de long\u00e9vit\u00e9 et sont id\u00e9ales pour un usage quotidien.\u00a0Composition: 50% alpaga 25% acrylique 10% laine 10% nylon 5% \u00e9lasthane\u00a0","og_url":"https:\/\/alpagasdumaquis.be\/en\/produit\/chaussettes-enfants-anti-derapantes-2\/","og_site_name":"Alpagas du Maquis","article_modified_time":"2025-12-18T19:33:50+00:00","og_image":[{"width":1500,"height":2275,"url":"https:\/\/alpagasdumaquis.be\/wp-content\/uploads\/2018\/11\/alpaka-socken-kinder-abs-6er-pack-gr-30-35-aus-alpaka-wolle-mix.jpg","type":"image\/jpeg"}],"twitter_card":"summary_large_image","twitter_misc":{"Est. reading time":"1 minute"},"schema":{"@context":"https:\/\/schema.org","@graph":[{"@type":"WebPage","@id":"https:\/\/alpagasdumaquis.be\/en\/produit\/chaussettes-enfants-anti-derapantes-2\/","url":"https:\/\/alpagasdumaquis.be\/en\/produit\/chaussettes-enfants-anti-derapantes-2\/","name":"Chaussettes enfants anti-d\u00e9rapantes","isPartOf":{"@id":"https:\/\/alpagasdumaquis.be\/#website"},"primaryImageOfPage":{"@id":"https:\/\/alpagasdumaquis.be\/en\/produit\/chaussettes-enfants-anti-derapantes-2\/#primaryimage"},"image":{"@id":"https:\/\/alpagasdumaquis.be\/en\/produit\/chaussettes-enfants-anti-derapantes-2\/#primaryimage"},"thumbnailUrl":"https:\/\/alpagasdumaquis.be\/wp-content\/uploads\/2018\/11\/alpaka-socken-kinder-abs-6er-pack-gr-30-35-aus-alpaka-wolle-mix.jpg","datePublished":"2018-11-27T21:14:38+00:00","dateModified":"2025-12-18T19:33:50+00:00","description":"Avec ces chaussettes anti-d\u00e9rapantes en alpaga, vos enfants b\u00e9n\u00e9ficient d'un confort optimal en toute s\u00e9curit\u00e9. Elle sont une alternative id\u00e9ale aux chaussons ou pantoufles conventionnelles.\u00a0Les chaussettes en alpaga\u00a0sont douces et gardent les pieds au chaud. En m\u00eame temps, elles sont anti-transpirantes. L'alpaga est une fibre creuse qui permet une compensation rapide de la temp\u00e9rature et donc un environnement agr\u00e9able pour le pied.\u00a0La composition de ces chaussettes est bas\u00e9e sur une longue exp\u00e9rience et procure une combinaison id\u00e9ale de confort, de qualit\u00e9, de long\u00e9vit\u00e9 et sont id\u00e9ales pour un usage quotidien.\u00a0Composition: 50% alpaga 25% acrylique 10% laine 10% nylon 5% \u00e9lasthane\u00a0","breadcrumb":{"@id":"https:\/\/alpagasdumaquis.be\/en\/produit\/chaussettes-enfants-anti-derapantes-2\/#breadcrumb"},"inLanguage":"en-US","potentialAction":[{"@type":"ReadAction","target":["https:\/\/alpagasdumaquis.be\/en\/produit\/chaussettes-enfants-anti-derapantes-2\/"]}]},{"@type":"ImageObject","inLanguage":"en-US","@id":"https:\/\/alpagasdumaquis.be\/en\/produit\/chaussettes-enfants-anti-derapantes-2\/#primaryimage","url":"https:\/\/alpagasdumaquis.be\/wp-content\/uploads\/2018\/11\/alpaka-socken-kinder-abs-6er-pack-gr-30-35-aus-alpaka-wolle-mix.jpg","contentUrl":"https:\/\/alpagasdumaquis.be\/wp-content\/uploads\/2018\/11\/alpaka-socken-kinder-abs-6er-pack-gr-30-35-aus-alpaka-wolle-mix.jpg","width":1500,"height":2275},{"@type":"BreadcrumbList","@id":"https:\/\/alpagasdumaquis.be\/en\/produit\/chaussettes-enfants-anti-derapantes-2\/#breadcrumb","itemListElement":[{"@type":"ListItem","position":1,"name":"Accueil","item":"https:\/\/alpagasdumaquis.be\/en\/alpagas-du-maquis-alpaca-breeding-spinning-mill-shop\/"},{"@type":"ListItem","position":2,"name":"origin &#8211; Boutique","item":"https:\/\/alpagasdumaquis.be\/boutique-origin\/"},{"@type":"ListItem","position":3,"name":"Chaussettes enfants anti-d\u00e9rapantes"}]},{"@type":"WebSite","@id":"https:\/\/alpagasdumaquis.be\/#website","url":"https:\/\/alpagasdumaquis.be\/","name":"Alpagas du Maquis","description":"Quality Alpagas &amp; Fiber Mill","publisher":{"@id":"https:\/\/alpagasdumaquis.be\/#organization"},"potentialAction":[{"@type":"SearchAction","target":{"@type":"EntryPoint","urlTemplate":"https:\/\/alpagasdumaquis.be\/?s={search_term_string}"},"query-input":{"@type":"PropertyValueSpecification","valueRequired":true,"valueName":"search_term_string"}}],"inLanguage":"en-US"},{"@type":"Organization","@id":"https:\/\/alpagasdumaquis.be\/#organization","name":"Alpagas du Maquis","url":"https:\/\/alpagasdumaquis.be\/","logo":{"@type":"ImageObject","inLanguage":"en-US","@id":"https:\/\/alpagasdumaquis.be\/#\/schema\/logo\/image\/","url":"https:\/\/alpagasdumaquis.be\/wp-content\/uploads\/2023\/07\/alpagas-logo.76cc389.webp","contentUrl":"https:\/\/alpagasdumaquis.be\/wp-content\/uploads\/2023\/07\/alpagas-logo.76cc389.webp","width":200,"height":200,"caption":"Alpagas du Maquis"},"image":{"@id":"https:\/\/alpagasdumaquis.be\/#\/schema\/logo\/image\/"}}]}},"jetpack_sharing_enabled":true,"_links":{"self":[{"href":"https:\/\/alpagasdumaquis.be\/en\/wp-json\/wp\/v2\/product\/1929","targetHints":{"allow":["GET"]}}],"collection":[{"href":"https:\/\/alpagasdumaquis.be\/en\/wp-json\/wp\/v2\/product"}],"about":[{"href":"https:\/\/alpagasdumaquis.be\/en\/wp-json\/wp\/v2\/types\/product"}],"replies":[{"embeddable":true,"href":"https:\/\/alpagasdumaquis.be\/en\/wp-json\/wp\/v2\/comments?post=1929"}],"version-history":[{"count":0,"href":"https:\/\/alpagasdumaquis.be\/en\/wp-json\/wp\/v2\/product\/1929\/revisions"}],"wp:featuredmedia":[{"embeddable":true,"href":"https:\/\/alpagasdumaquis.be\/en\/wp-json\/wp\/v2\/media\/5548"}],"wp:attachment":[{"href":"https:\/\/alpagasdumaquis.be\/en\/wp-json\/wp\/v2\/media?parent=1929"}],"wp:term":[{"taxonomy":"product_brand","embeddable":true,"href":"https:\/\/alpagasdumaquis.be\/en\/wp-json\/wp\/v2\/product_brand?post=1929"},{"taxonomy":"product_cat","embeddable":true,"href":"https:\/\/alpagasdumaquis.be\/en\/wp-json\/wp\/v2\/product_cat?post=1929"},{"taxonomy":"product_tag","embeddable":true,"href":"https:\/\/alpagasdumaquis.be\/en\/wp-json\/wp\/v2\/product_tag?post=1929"}],"curies":[{"name":"wp","href":"https:\/\/api.w.org\/{rel}","templated":true}]}}