{"id":2023,"date":"2019-04-29T15:51:52","date_gmt":"2019-04-29T15:51:52","guid":{"rendered":"https:\/\/alpagasmaquis.be\/?post_type=product&#038;p=2023"},"modified":"2022-12-29T12:45:25","modified_gmt":"2022-12-29T12:45:25","slug":"pullover-divine-pour-dame-2","status":"publish","type":"product","link":"https:\/\/alpagasdumaquis.be\/en\/produit\/pullover-divine-pour-dame-2\/","title":{"rendered":"Pullover Divine pour dame"},"content":{"rendered":"<p><meta charset=\"utf-8\"><\/p>\n<p><span>Avec ses couleurs naturelles et ses jolies bordures au style norv\u00e9gien, ce pull d&#8217;hiver cr\u00e9e son propre style. Les bords orn\u00e9s de tricot jacquard haut de gamme avec des alpagas stylis\u00e9s conf\u00e8rent de jolis accents sur une forme et une longueur flatteuse pour la silhouette.<\/span><\/p>\n<p><span>Mat\u00e9riau: 100% Baby Alpaca\u00a0<\/span><\/p>\n","protected":false},"excerpt":{"rendered":"<p>Avec ses couleurs naturelles et ses jolies bordures au style norv\u00e9gien, ce pull d&#8217;hiver cr\u00e9e son propre style. Les bords orn\u00e9s de tricot jacquard haut de gamme avec des alpagas stylis\u00e9s conf\u00e8rent de jolis accents sur une forme et une longueur flatteuse pour la silhouette. Mat\u00e9riau: 100% Baby Alpaca\u00a0<\/p>\n","protected":false},"featured_media":2029,"comment_status":"open","ping_status":"closed","template":"","meta":[],"product_brand":[58],"product_cat":[53],"product_tag":[67,183,69,70,186,187],"class_list":{"0":"post-2023","1":"product","2":"type-product","3":"status-publish","4":"has-post-thumbnail","6":"product_brand-apu-kuntur","7":"product_cat-peru-s-envelopper-cocooner-2","8":"product_tag-alpaca","9":"product_tag-alpaca-jumper","10":"product_tag-alpaga","11":"product_tag-baby-alpaca","12":"product_tag-pull","13":"product_tag-pull-alpaga","14":"pa_taille-l-en","15":"pa_taille-m-en","16":"pa_taille-s-en","17":"pa_taille-xl-en","18":"pa_taille-xxl-en","20":"first","21":"instock","22":"shipping-taxable","23":"purchasable","24":"product-type-variable"},"yoast_head":"<!-- This site is optimized with the Yoast SEO plugin v27.5 - https:\/\/yoast.com\/product\/yoast-seo-wordpress\/ -->\n<title>Pullover Divine pour dame<\/title>\n<meta name=\"description\" content=\"Avec ses couleurs naturelles et ses jolies bordures au style norv\u00e9gien, ce pull d&#039;hiver cr\u00e9e son propre style. Les bords orn\u00e9s de tricot jacquard haut de gamme avec des alpagas stylis\u00e9s conf\u00e8rent de jolis accents sur une forme et une longueur flatteuse pour la silhouette. Mat\u00e9riau: 100% Baby Alpaca\u00a0\" \/>\n<meta name=\"robots\" content=\"index, follow, max-snippet:-1, max-image-preview:large, max-video-preview:-1\" \/>\n<link rel=\"canonical\" href=\"https:\/\/alpagasdumaquis.be\/produit\/pullover-divine-pour-dame\/\" \/>\n<meta property=\"og:locale\" content=\"en_US\" \/>\n<meta property=\"og:type\" content=\"article\" \/>\n<meta property=\"og:title\" content=\"Pullover Divine pour dame\" \/>\n<meta property=\"og:description\" content=\"Avec ses couleurs naturelles et ses jolies bordures au style norv\u00e9gien, ce pull d&#039;hiver cr\u00e9e son propre style. Les bords orn\u00e9s de tricot jacquard haut de gamme avec des alpagas stylis\u00e9s conf\u00e8rent de jolis accents sur une forme et une longueur flatteuse pour la silhouette. Mat\u00e9riau: 100% Baby Alpaca\u00a0\" \/>\n<meta property=\"og:url\" content=\"https:\/\/alpagasdumaquis.be\/produit\/pullover-divine-pour-dame\/\" \/>\n<meta property=\"og:site_name\" content=\"Alpagas du Maquis\" \/>\n<meta property=\"article:modified_time\" content=\"2022-12-29T12:45:25+00:00\" \/>\n<meta property=\"og:image\" content=\"https:\/\/alpagasdumaquis.be\/wp-content\/uploads\/2019\/04\/products-01264-04_Divine-1.jpg\" \/>\n\t<meta property=\"og:image:width\" content=\"1500\" \/>\n\t<meta property=\"og:image:height\" content=\"2275\" \/>\n\t<meta property=\"og:image:type\" content=\"image\/jpeg\" \/>\n<meta name=\"twitter:card\" content=\"summary_large_image\" \/>\n<script type=\"application\/ld+json\" class=\"yoast-schema-graph\">{\"@context\":\"https:\\\/\\\/schema.org\",\"@graph\":[{\"@type\":\"WebPage\",\"@id\":\"https:\\\/\\\/alpagasdumaquis.be\\\/produit\\\/pullover-divine-pour-dame\\\/\",\"url\":\"https:\\\/\\\/alpagasdumaquis.be\\\/produit\\\/pullover-divine-pour-dame\\\/\",\"name\":\"Pullover Divine pour dame\",\"isPartOf\":{\"@id\":\"https:\\\/\\\/alpagasdumaquis.be\\\/#website\"},\"primaryImageOfPage\":{\"@id\":\"https:\\\/\\\/alpagasdumaquis.be\\\/produit\\\/pullover-divine-pour-dame\\\/#primaryimage\"},\"image\":{\"@id\":\"https:\\\/\\\/alpagasdumaquis.be\\\/produit\\\/pullover-divine-pour-dame\\\/#primaryimage\"},\"thumbnailUrl\":\"https:\\\/\\\/alpagasdumaquis.be\\\/wp-content\\\/uploads\\\/2019\\\/04\\\/products-01264-04_Divine-1.jpg\",\"datePublished\":\"2019-04-29T15:51:52+00:00\",\"dateModified\":\"2022-12-29T12:45:25+00:00\",\"description\":\"Avec ses couleurs naturelles et ses jolies bordures au style norv\u00e9gien, ce pull d'hiver cr\u00e9e son propre style. Les bords orn\u00e9s de tricot jacquard haut de gamme avec des alpagas stylis\u00e9s conf\u00e8rent de jolis accents sur une forme et une longueur flatteuse pour la silhouette. Mat\u00e9riau: 100% Baby Alpaca\u00a0\",\"breadcrumb\":{\"@id\":\"https:\\\/\\\/alpagasdumaquis.be\\\/produit\\\/pullover-divine-pour-dame\\\/#breadcrumb\"},\"inLanguage\":\"en-US\",\"potentialAction\":[{\"@type\":\"ReadAction\",\"target\":[\"https:\\\/\\\/alpagasdumaquis.be\\\/produit\\\/pullover-divine-pour-dame\\\/\"]}]},{\"@type\":\"ImageObject\",\"inLanguage\":\"en-US\",\"@id\":\"https:\\\/\\\/alpagasdumaquis.be\\\/produit\\\/pullover-divine-pour-dame\\\/#primaryimage\",\"url\":\"https:\\\/\\\/alpagasdumaquis.be\\\/wp-content\\\/uploads\\\/2019\\\/04\\\/products-01264-04_Divine-1.jpg\",\"contentUrl\":\"https:\\\/\\\/alpagasdumaquis.be\\\/wp-content\\\/uploads\\\/2019\\\/04\\\/products-01264-04_Divine-1.jpg\",\"width\":1500,\"height\":2275,\"caption\":\"Pullover Divine pour dame\"},{\"@type\":\"BreadcrumbList\",\"@id\":\"https:\\\/\\\/alpagasdumaquis.be\\\/produit\\\/pullover-divine-pour-dame\\\/#breadcrumb\",\"itemListElement\":[{\"@type\":\"ListItem\",\"position\":1,\"name\":\"Accueil\",\"item\":\"https:\\\/\\\/alpagasdumaquis.be\\\/en\\\/alpagas-du-maquis-alpaca-breeding-spinning-mill-shop\\\/\"},{\"@type\":\"ListItem\",\"position\":2,\"name\":\"origin &#8211; Boutique\",\"item\":\"https:\\\/\\\/alpagasdumaquis.be\\\/boutique-origin\\\/\"},{\"@type\":\"ListItem\",\"position\":3,\"name\":\"Pullover Divine pour dame\"}]},{\"@type\":\"WebSite\",\"@id\":\"https:\\\/\\\/alpagasdumaquis.be\\\/#website\",\"url\":\"https:\\\/\\\/alpagasdumaquis.be\\\/\",\"name\":\"Alpagas du Maquis\",\"description\":\"Quality Alpagas &amp; Fiber Mill\",\"publisher\":{\"@id\":\"https:\\\/\\\/alpagasdumaquis.be\\\/#organization\"},\"potentialAction\":[{\"@type\":\"SearchAction\",\"target\":{\"@type\":\"EntryPoint\",\"urlTemplate\":\"https:\\\/\\\/alpagasdumaquis.be\\\/?s={search_term_string}\"},\"query-input\":{\"@type\":\"PropertyValueSpecification\",\"valueRequired\":true,\"valueName\":\"search_term_string\"}}],\"inLanguage\":\"en-US\"},{\"@type\":\"Organization\",\"@id\":\"https:\\\/\\\/alpagasdumaquis.be\\\/#organization\",\"name\":\"Alpagas du Maquis\",\"url\":\"https:\\\/\\\/alpagasdumaquis.be\\\/\",\"logo\":{\"@type\":\"ImageObject\",\"inLanguage\":\"en-US\",\"@id\":\"https:\\\/\\\/alpagasdumaquis.be\\\/#\\\/schema\\\/logo\\\/image\\\/\",\"url\":\"https:\\\/\\\/alpagasdumaquis.be\\\/wp-content\\\/uploads\\\/2023\\\/07\\\/alpagas-logo.76cc389.webp\",\"contentUrl\":\"https:\\\/\\\/alpagasdumaquis.be\\\/wp-content\\\/uploads\\\/2023\\\/07\\\/alpagas-logo.76cc389.webp\",\"width\":200,\"height\":200,\"caption\":\"Alpagas du Maquis\"},\"image\":{\"@id\":\"https:\\\/\\\/alpagasdumaquis.be\\\/#\\\/schema\\\/logo\\\/image\\\/\"}}]}<\/script>\n<!-- \/ Yoast SEO plugin. -->","yoast_head_json":{"title":"Pullover Divine pour dame","description":"Avec ses couleurs naturelles et ses jolies bordures au style norv\u00e9gien, ce pull d'hiver cr\u00e9e son propre style. Les bords orn\u00e9s de tricot jacquard haut de gamme avec des alpagas stylis\u00e9s conf\u00e8rent de jolis accents sur une forme et une longueur flatteuse pour la silhouette. Mat\u00e9riau: 100% Baby Alpaca\u00a0","robots":{"index":"index","follow":"follow","max-snippet":"max-snippet:-1","max-image-preview":"max-image-preview:large","max-video-preview":"max-video-preview:-1"},"canonical":"https:\/\/alpagasdumaquis.be\/produit\/pullover-divine-pour-dame\/","og_locale":"en_US","og_type":"article","og_title":"Pullover Divine pour dame","og_description":"Avec ses couleurs naturelles et ses jolies bordures au style norv\u00e9gien, ce pull d'hiver cr\u00e9e son propre style. Les bords orn\u00e9s de tricot jacquard haut de gamme avec des alpagas stylis\u00e9s conf\u00e8rent de jolis accents sur une forme et une longueur flatteuse pour la silhouette. Mat\u00e9riau: 100% Baby Alpaca\u00a0","og_url":"https:\/\/alpagasdumaquis.be\/produit\/pullover-divine-pour-dame\/","og_site_name":"Alpagas du Maquis","article_modified_time":"2022-12-29T12:45:25+00:00","og_image":[{"width":1500,"height":2275,"url":"https:\/\/alpagasdumaquis.be\/wp-content\/uploads\/2019\/04\/products-01264-04_Divine-1.jpg","type":"image\/jpeg"}],"twitter_card":"summary_large_image","schema":{"@context":"https:\/\/schema.org","@graph":[{"@type":"WebPage","@id":"https:\/\/alpagasdumaquis.be\/produit\/pullover-divine-pour-dame\/","url":"https:\/\/alpagasdumaquis.be\/produit\/pullover-divine-pour-dame\/","name":"Pullover Divine pour dame","isPartOf":{"@id":"https:\/\/alpagasdumaquis.be\/#website"},"primaryImageOfPage":{"@id":"https:\/\/alpagasdumaquis.be\/produit\/pullover-divine-pour-dame\/#primaryimage"},"image":{"@id":"https:\/\/alpagasdumaquis.be\/produit\/pullover-divine-pour-dame\/#primaryimage"},"thumbnailUrl":"https:\/\/alpagasdumaquis.be\/wp-content\/uploads\/2019\/04\/products-01264-04_Divine-1.jpg","datePublished":"2019-04-29T15:51:52+00:00","dateModified":"2022-12-29T12:45:25+00:00","description":"Avec ses couleurs naturelles et ses jolies bordures au style norv\u00e9gien, ce pull d'hiver cr\u00e9e son propre style. Les bords orn\u00e9s de tricot jacquard haut de gamme avec des alpagas stylis\u00e9s conf\u00e8rent de jolis accents sur une forme et une longueur flatteuse pour la silhouette. Mat\u00e9riau: 100% Baby Alpaca\u00a0","breadcrumb":{"@id":"https:\/\/alpagasdumaquis.be\/produit\/pullover-divine-pour-dame\/#breadcrumb"},"inLanguage":"en-US","potentialAction":[{"@type":"ReadAction","target":["https:\/\/alpagasdumaquis.be\/produit\/pullover-divine-pour-dame\/"]}]},{"@type":"ImageObject","inLanguage":"en-US","@id":"https:\/\/alpagasdumaquis.be\/produit\/pullover-divine-pour-dame\/#primaryimage","url":"https:\/\/alpagasdumaquis.be\/wp-content\/uploads\/2019\/04\/products-01264-04_Divine-1.jpg","contentUrl":"https:\/\/alpagasdumaquis.be\/wp-content\/uploads\/2019\/04\/products-01264-04_Divine-1.jpg","width":1500,"height":2275,"caption":"Pullover Divine pour dame"},{"@type":"BreadcrumbList","@id":"https:\/\/alpagasdumaquis.be\/produit\/pullover-divine-pour-dame\/#breadcrumb","itemListElement":[{"@type":"ListItem","position":1,"name":"Accueil","item":"https:\/\/alpagasdumaquis.be\/en\/alpagas-du-maquis-alpaca-breeding-spinning-mill-shop\/"},{"@type":"ListItem","position":2,"name":"origin &#8211; Boutique","item":"https:\/\/alpagasdumaquis.be\/boutique-origin\/"},{"@type":"ListItem","position":3,"name":"Pullover Divine pour dame"}]},{"@type":"WebSite","@id":"https:\/\/alpagasdumaquis.be\/#website","url":"https:\/\/alpagasdumaquis.be\/","name":"Alpagas du Maquis","description":"Quality Alpagas &amp; Fiber Mill","publisher":{"@id":"https:\/\/alpagasdumaquis.be\/#organization"},"potentialAction":[{"@type":"SearchAction","target":{"@type":"EntryPoint","urlTemplate":"https:\/\/alpagasdumaquis.be\/?s={search_term_string}"},"query-input":{"@type":"PropertyValueSpecification","valueRequired":true,"valueName":"search_term_string"}}],"inLanguage":"en-US"},{"@type":"Organization","@id":"https:\/\/alpagasdumaquis.be\/#organization","name":"Alpagas du Maquis","url":"https:\/\/alpagasdumaquis.be\/","logo":{"@type":"ImageObject","inLanguage":"en-US","@id":"https:\/\/alpagasdumaquis.be\/#\/schema\/logo\/image\/","url":"https:\/\/alpagasdumaquis.be\/wp-content\/uploads\/2023\/07\/alpagas-logo.76cc389.webp","contentUrl":"https:\/\/alpagasdumaquis.be\/wp-content\/uploads\/2023\/07\/alpagas-logo.76cc389.webp","width":200,"height":200,"caption":"Alpagas du Maquis"},"image":{"@id":"https:\/\/alpagasdumaquis.be\/#\/schema\/logo\/image\/"}}]}},"jetpack_sharing_enabled":true,"_links":{"self":[{"href":"https:\/\/alpagasdumaquis.be\/en\/wp-json\/wp\/v2\/product\/2023","targetHints":{"allow":["GET"]}}],"collection":[{"href":"https:\/\/alpagasdumaquis.be\/en\/wp-json\/wp\/v2\/product"}],"about":[{"href":"https:\/\/alpagasdumaquis.be\/en\/wp-json\/wp\/v2\/types\/product"}],"replies":[{"embeddable":true,"href":"https:\/\/alpagasdumaquis.be\/en\/wp-json\/wp\/v2\/comments?post=2023"}],"version-history":[{"count":0,"href":"https:\/\/alpagasdumaquis.be\/en\/wp-json\/wp\/v2\/product\/2023\/revisions"}],"wp:featuredmedia":[{"embeddable":true,"href":"https:\/\/alpagasdumaquis.be\/en\/wp-json\/wp\/v2\/media\/2029"}],"wp:attachment":[{"href":"https:\/\/alpagasdumaquis.be\/en\/wp-json\/wp\/v2\/media?parent=2023"}],"wp:term":[{"taxonomy":"product_brand","embeddable":true,"href":"https:\/\/alpagasdumaquis.be\/en\/wp-json\/wp\/v2\/product_brand?post=2023"},{"taxonomy":"product_cat","embeddable":true,"href":"https:\/\/alpagasdumaquis.be\/en\/wp-json\/wp\/v2\/product_cat?post=2023"},{"taxonomy":"product_tag","embeddable":true,"href":"https:\/\/alpagasdumaquis.be\/en\/wp-json\/wp\/v2\/product_tag?post=2023"}],"curies":[{"name":"wp","href":"https:\/\/api.w.org\/{rel}","templated":true}]}}