{"id":2038,"date":"2019-04-29T21:54:11","date_gmt":"2019-04-29T21:54:11","guid":{"rendered":"https:\/\/alpagasmaquis.be\/?post_type=product&#038;p=2038"},"modified":"2022-12-28T16:00:10","modified_gmt":"2022-12-28T16:00:10","slug":"cardigan-jacquard-double-pour-dame-2","status":"publish","type":"product","link":"https:\/\/alpagasdumaquis.be\/en\/produit\/cardigan-jacquard-double-pour-dame-2\/","title":{"rendered":"Cardigan jacquard doubl\u00e9 pour dame"},"content":{"rendered":"<p><meta charset=\"utf-8\"><\/p>\n<p><span>Cette veste en tricot jacquard au style norv\u00e9gien est une pi\u00e8ce haut de gamme.\u00a0<\/span><br \/><span>Cette couleur chaude peut merveilleusement \u00eatre port\u00e9e avec vos jeans bleus ou bien avec vos pantalons noirs. Le style de tricot scandinave est tr\u00e8s raffin\u00e9, sur la piste de ski, pour votre promenade dans la neige ou simplement pour faire les boutiques en ville&#8230; Avec ce classique, vous ferez toujours bonne impression!\u00a0<\/span><br \/><span>La veste tricot\u00e9e\u00a0poss\u00e8de une fermeture \u00e0 glissi\u00e8re couverte \u00e0 l&#8217;avant. <\/span><\/p>\n<p><span>Tricot\u00e9e dans une coupe sportive et carr\u00e9e,\u00a0cette veste\u00a0est doubl\u00e9e enti\u00e8rement de coton.\u00a0<\/span><\/p>\n","protected":false},"excerpt":{"rendered":"<p>Cette veste en tricot jacquard au style norv\u00e9gien est une pi\u00e8ce haut de gamme.\u00a0Cette couleur chaude peut merveilleusement \u00eatre port\u00e9e avec vos jeans bleus ou bien avec vos pantalons noirs. Le style de tricot scandinave est tr\u00e8s raffin\u00e9, sur la piste de ski, pour votre promenade dans la neige ou simplement pour faire les boutiques [&hellip;]<\/p>\n","protected":false},"featured_media":2041,"comment_status":"open","ping_status":"closed","template":"","meta":[],"product_brand":[58],"product_cat":[53],"product_tag":[67,182,183,69,184,185,186,187],"class_list":{"0":"post-2038","1":"product","2":"type-product","3":"status-publish","4":"has-post-thumbnail","6":"product_brand-apu-kuntur","7":"product_cat-peru-s-envelopper-cocooner-2","8":"product_tag-alpaca","9":"product_tag-alpaca-cardigan","10":"product_tag-alpaca-jumper","11":"product_tag-alpaga","12":"product_tag-cardigan","13":"product_tag-gilet","14":"product_tag-pull","15":"product_tag-pull-alpaga","16":"pa_taille-l-en","17":"pa_taille-xl-en","19":"first","20":"instock","21":"shipping-taxable","22":"purchasable","23":"product-type-variable"},"yoast_head":"<!-- This site is optimized with the Yoast SEO plugin v27.5 - https:\/\/yoast.com\/product\/yoast-seo-wordpress\/ -->\n<title>Cardigan jacquard doubl\u00e9 pour dame<\/title>\n<meta name=\"description\" content=\"Cette veste en tricot jacquard au style norv\u00e9gien est une pi\u00e8ce haut de gamme.\u00a0Cette couleur chaude peut merveilleusement \u00eatre port\u00e9e avec vos jeans bleus ou bien avec vos pantalons noirs. Le style de tricot scandinave est tr\u00e8s raffin\u00e9, sur la piste de ski, pour votre promenade dans la neige ou simplement pour faire les boutiques en ville... Avec ce classique, vous ferez toujours bonne impression!\u00a0La veste tricot\u00e9e\u00a0poss\u00e8de une fermeture \u00e0 glissi\u00e8re couverte \u00e0 l&#039;avant. Tricot\u00e9e dans une coupe sportive et carr\u00e9e,\u00a0cette veste\u00a0est doubl\u00e9e enti\u00e8rement de coton.\u00a0\" \/>\n<meta name=\"robots\" content=\"index, follow, max-snippet:-1, max-image-preview:large, max-video-preview:-1\" \/>\n<link rel=\"canonical\" href=\"https:\/\/alpagasdumaquis.be\/produit\/cardigan-jacquard-double-pour-dame\/\" \/>\n<meta property=\"og:locale\" content=\"en_US\" \/>\n<meta property=\"og:type\" content=\"article\" \/>\n<meta property=\"og:title\" content=\"Cardigan jacquard doubl\u00e9 pour dame\" \/>\n<meta property=\"og:description\" content=\"Cette veste en tricot jacquard au style norv\u00e9gien est une pi\u00e8ce haut de gamme.\u00a0Cette couleur chaude peut merveilleusement \u00eatre port\u00e9e avec vos jeans bleus ou bien avec vos pantalons noirs. Le style de tricot scandinave est tr\u00e8s raffin\u00e9, sur la piste de ski, pour votre promenade dans la neige ou simplement pour faire les boutiques en ville... Avec ce classique, vous ferez toujours bonne impression!\u00a0La veste tricot\u00e9e\u00a0poss\u00e8de une fermeture \u00e0 glissi\u00e8re couverte \u00e0 l&#039;avant. Tricot\u00e9e dans une coupe sportive et carr\u00e9e,\u00a0cette veste\u00a0est doubl\u00e9e enti\u00e8rement de coton.\u00a0\" \/>\n<meta property=\"og:url\" content=\"https:\/\/alpagasdumaquis.be\/produit\/cardigan-jacquard-double-pour-dame\/\" \/>\n<meta property=\"og:site_name\" content=\"Alpagas du Maquis\" \/>\n<meta property=\"article:modified_time\" content=\"2022-12-28T16:00:10+00:00\" \/>\n<meta property=\"og:image\" content=\"https:\/\/alpagasdumaquis.be\/wp-content\/uploads\/2019\/04\/products-03306-rot-01-1.jpg\" \/>\n\t<meta property=\"og:image:width\" content=\"1500\" \/>\n\t<meta property=\"og:image:height\" content=\"2275\" \/>\n\t<meta property=\"og:image:type\" content=\"image\/jpeg\" \/>\n<meta name=\"twitter:card\" content=\"summary_large_image\" \/>\n<meta name=\"twitter:label1\" content=\"Est. reading time\" \/>\n\t<meta name=\"twitter:data1\" content=\"1 minute\" \/>\n<script type=\"application\/ld+json\" class=\"yoast-schema-graph\">{\"@context\":\"https:\\\/\\\/schema.org\",\"@graph\":[{\"@type\":\"WebPage\",\"@id\":\"https:\\\/\\\/alpagasdumaquis.be\\\/produit\\\/cardigan-jacquard-double-pour-dame\\\/\",\"url\":\"https:\\\/\\\/alpagasdumaquis.be\\\/produit\\\/cardigan-jacquard-double-pour-dame\\\/\",\"name\":\"Cardigan jacquard doubl\u00e9 pour dame\",\"isPartOf\":{\"@id\":\"https:\\\/\\\/alpagasdumaquis.be\\\/#website\"},\"primaryImageOfPage\":{\"@id\":\"https:\\\/\\\/alpagasdumaquis.be\\\/produit\\\/cardigan-jacquard-double-pour-dame\\\/#primaryimage\"},\"image\":{\"@id\":\"https:\\\/\\\/alpagasdumaquis.be\\\/produit\\\/cardigan-jacquard-double-pour-dame\\\/#primaryimage\"},\"thumbnailUrl\":\"https:\\\/\\\/alpagasdumaquis.be\\\/wp-content\\\/uploads\\\/2019\\\/04\\\/products-03306-rot-01-1.jpg\",\"datePublished\":\"2019-04-29T21:54:11+00:00\",\"dateModified\":\"2022-12-28T16:00:10+00:00\",\"description\":\"Cette veste en tricot jacquard au style norv\u00e9gien est une pi\u00e8ce haut de gamme.\u00a0Cette couleur chaude peut merveilleusement \u00eatre port\u00e9e avec vos jeans bleus ou bien avec vos pantalons noirs. Le style de tricot scandinave est tr\u00e8s raffin\u00e9, sur la piste de ski, pour votre promenade dans la neige ou simplement pour faire les boutiques en ville... Avec ce classique, vous ferez toujours bonne impression!\u00a0La veste tricot\u00e9e\u00a0poss\u00e8de une fermeture \u00e0 glissi\u00e8re couverte \u00e0 l'avant. Tricot\u00e9e dans une coupe sportive et carr\u00e9e,\u00a0cette veste\u00a0est doubl\u00e9e enti\u00e8rement de coton.\u00a0\",\"breadcrumb\":{\"@id\":\"https:\\\/\\\/alpagasdumaquis.be\\\/produit\\\/cardigan-jacquard-double-pour-dame\\\/#breadcrumb\"},\"inLanguage\":\"en-US\",\"potentialAction\":[{\"@type\":\"ReadAction\",\"target\":[\"https:\\\/\\\/alpagasdumaquis.be\\\/produit\\\/cardigan-jacquard-double-pour-dame\\\/\"]}]},{\"@type\":\"ImageObject\",\"inLanguage\":\"en-US\",\"@id\":\"https:\\\/\\\/alpagasdumaquis.be\\\/produit\\\/cardigan-jacquard-double-pour-dame\\\/#primaryimage\",\"url\":\"https:\\\/\\\/alpagasdumaquis.be\\\/wp-content\\\/uploads\\\/2019\\\/04\\\/products-03306-rot-01-1.jpg\",\"contentUrl\":\"https:\\\/\\\/alpagasdumaquis.be\\\/wp-content\\\/uploads\\\/2019\\\/04\\\/products-03306-rot-01-1.jpg\",\"width\":1500,\"height\":2275,\"caption\":\"Cardigan jacquard doubl\u00e9 pour dame\"},{\"@type\":\"BreadcrumbList\",\"@id\":\"https:\\\/\\\/alpagasdumaquis.be\\\/produit\\\/cardigan-jacquard-double-pour-dame\\\/#breadcrumb\",\"itemListElement\":[{\"@type\":\"ListItem\",\"position\":1,\"name\":\"Accueil\",\"item\":\"https:\\\/\\\/alpagasdumaquis.be\\\/en\\\/alpagas-du-maquis-alpaca-breeding-spinning-mill-shop\\\/\"},{\"@type\":\"ListItem\",\"position\":2,\"name\":\"origin &#8211; Boutique\",\"item\":\"https:\\\/\\\/alpagasdumaquis.be\\\/boutique-origin\\\/\"},{\"@type\":\"ListItem\",\"position\":3,\"name\":\"Cardigan jacquard doubl\u00e9 pour dame\"}]},{\"@type\":\"WebSite\",\"@id\":\"https:\\\/\\\/alpagasdumaquis.be\\\/#website\",\"url\":\"https:\\\/\\\/alpagasdumaquis.be\\\/\",\"name\":\"Alpagas du Maquis\",\"description\":\"Quality Alpagas &amp; Fiber Mill\",\"publisher\":{\"@id\":\"https:\\\/\\\/alpagasdumaquis.be\\\/#organization\"},\"potentialAction\":[{\"@type\":\"SearchAction\",\"target\":{\"@type\":\"EntryPoint\",\"urlTemplate\":\"https:\\\/\\\/alpagasdumaquis.be\\\/?s={search_term_string}\"},\"query-input\":{\"@type\":\"PropertyValueSpecification\",\"valueRequired\":true,\"valueName\":\"search_term_string\"}}],\"inLanguage\":\"en-US\"},{\"@type\":\"Organization\",\"@id\":\"https:\\\/\\\/alpagasdumaquis.be\\\/#organization\",\"name\":\"Alpagas du Maquis\",\"url\":\"https:\\\/\\\/alpagasdumaquis.be\\\/\",\"logo\":{\"@type\":\"ImageObject\",\"inLanguage\":\"en-US\",\"@id\":\"https:\\\/\\\/alpagasdumaquis.be\\\/#\\\/schema\\\/logo\\\/image\\\/\",\"url\":\"https:\\\/\\\/alpagasdumaquis.be\\\/wp-content\\\/uploads\\\/2023\\\/07\\\/alpagas-logo.76cc389.webp\",\"contentUrl\":\"https:\\\/\\\/alpagasdumaquis.be\\\/wp-content\\\/uploads\\\/2023\\\/07\\\/alpagas-logo.76cc389.webp\",\"width\":200,\"height\":200,\"caption\":\"Alpagas du Maquis\"},\"image\":{\"@id\":\"https:\\\/\\\/alpagasdumaquis.be\\\/#\\\/schema\\\/logo\\\/image\\\/\"}}]}<\/script>\n<!-- \/ Yoast SEO plugin. -->","yoast_head_json":{"title":"Cardigan jacquard doubl\u00e9 pour dame","description":"Cette veste en tricot jacquard au style norv\u00e9gien est une pi\u00e8ce haut de gamme.\u00a0Cette couleur chaude peut merveilleusement \u00eatre port\u00e9e avec vos jeans bleus ou bien avec vos pantalons noirs. Le style de tricot scandinave est tr\u00e8s raffin\u00e9, sur la piste de ski, pour votre promenade dans la neige ou simplement pour faire les boutiques en ville... Avec ce classique, vous ferez toujours bonne impression!\u00a0La veste tricot\u00e9e\u00a0poss\u00e8de une fermeture \u00e0 glissi\u00e8re couverte \u00e0 l'avant. Tricot\u00e9e dans une coupe sportive et carr\u00e9e,\u00a0cette veste\u00a0est doubl\u00e9e enti\u00e8rement de coton.\u00a0","robots":{"index":"index","follow":"follow","max-snippet":"max-snippet:-1","max-image-preview":"max-image-preview:large","max-video-preview":"max-video-preview:-1"},"canonical":"https:\/\/alpagasdumaquis.be\/produit\/cardigan-jacquard-double-pour-dame\/","og_locale":"en_US","og_type":"article","og_title":"Cardigan jacquard doubl\u00e9 pour dame","og_description":"Cette veste en tricot jacquard au style norv\u00e9gien est une pi\u00e8ce haut de gamme.\u00a0Cette couleur chaude peut merveilleusement \u00eatre port\u00e9e avec vos jeans bleus ou bien avec vos pantalons noirs. Le style de tricot scandinave est tr\u00e8s raffin\u00e9, sur la piste de ski, pour votre promenade dans la neige ou simplement pour faire les boutiques en ville... Avec ce classique, vous ferez toujours bonne impression!\u00a0La veste tricot\u00e9e\u00a0poss\u00e8de une fermeture \u00e0 glissi\u00e8re couverte \u00e0 l'avant. Tricot\u00e9e dans une coupe sportive et carr\u00e9e,\u00a0cette veste\u00a0est doubl\u00e9e enti\u00e8rement de coton.\u00a0","og_url":"https:\/\/alpagasdumaquis.be\/produit\/cardigan-jacquard-double-pour-dame\/","og_site_name":"Alpagas du Maquis","article_modified_time":"2022-12-28T16:00:10+00:00","og_image":[{"width":1500,"height":2275,"url":"https:\/\/alpagasdumaquis.be\/wp-content\/uploads\/2019\/04\/products-03306-rot-01-1.jpg","type":"image\/jpeg"}],"twitter_card":"summary_large_image","twitter_misc":{"Est. reading time":"1 minute"},"schema":{"@context":"https:\/\/schema.org","@graph":[{"@type":"WebPage","@id":"https:\/\/alpagasdumaquis.be\/produit\/cardigan-jacquard-double-pour-dame\/","url":"https:\/\/alpagasdumaquis.be\/produit\/cardigan-jacquard-double-pour-dame\/","name":"Cardigan jacquard doubl\u00e9 pour dame","isPartOf":{"@id":"https:\/\/alpagasdumaquis.be\/#website"},"primaryImageOfPage":{"@id":"https:\/\/alpagasdumaquis.be\/produit\/cardigan-jacquard-double-pour-dame\/#primaryimage"},"image":{"@id":"https:\/\/alpagasdumaquis.be\/produit\/cardigan-jacquard-double-pour-dame\/#primaryimage"},"thumbnailUrl":"https:\/\/alpagasdumaquis.be\/wp-content\/uploads\/2019\/04\/products-03306-rot-01-1.jpg","datePublished":"2019-04-29T21:54:11+00:00","dateModified":"2022-12-28T16:00:10+00:00","description":"Cette veste en tricot jacquard au style norv\u00e9gien est une pi\u00e8ce haut de gamme.\u00a0Cette couleur chaude peut merveilleusement \u00eatre port\u00e9e avec vos jeans bleus ou bien avec vos pantalons noirs. Le style de tricot scandinave est tr\u00e8s raffin\u00e9, sur la piste de ski, pour votre promenade dans la neige ou simplement pour faire les boutiques en ville... Avec ce classique, vous ferez toujours bonne impression!\u00a0La veste tricot\u00e9e\u00a0poss\u00e8de une fermeture \u00e0 glissi\u00e8re couverte \u00e0 l'avant. Tricot\u00e9e dans une coupe sportive et carr\u00e9e,\u00a0cette veste\u00a0est doubl\u00e9e enti\u00e8rement de coton.\u00a0","breadcrumb":{"@id":"https:\/\/alpagasdumaquis.be\/produit\/cardigan-jacquard-double-pour-dame\/#breadcrumb"},"inLanguage":"en-US","potentialAction":[{"@type":"ReadAction","target":["https:\/\/alpagasdumaquis.be\/produit\/cardigan-jacquard-double-pour-dame\/"]}]},{"@type":"ImageObject","inLanguage":"en-US","@id":"https:\/\/alpagasdumaquis.be\/produit\/cardigan-jacquard-double-pour-dame\/#primaryimage","url":"https:\/\/alpagasdumaquis.be\/wp-content\/uploads\/2019\/04\/products-03306-rot-01-1.jpg","contentUrl":"https:\/\/alpagasdumaquis.be\/wp-content\/uploads\/2019\/04\/products-03306-rot-01-1.jpg","width":1500,"height":2275,"caption":"Cardigan jacquard doubl\u00e9 pour dame"},{"@type":"BreadcrumbList","@id":"https:\/\/alpagasdumaquis.be\/produit\/cardigan-jacquard-double-pour-dame\/#breadcrumb","itemListElement":[{"@type":"ListItem","position":1,"name":"Accueil","item":"https:\/\/alpagasdumaquis.be\/en\/alpagas-du-maquis-alpaca-breeding-spinning-mill-shop\/"},{"@type":"ListItem","position":2,"name":"origin &#8211; Boutique","item":"https:\/\/alpagasdumaquis.be\/boutique-origin\/"},{"@type":"ListItem","position":3,"name":"Cardigan jacquard doubl\u00e9 pour dame"}]},{"@type":"WebSite","@id":"https:\/\/alpagasdumaquis.be\/#website","url":"https:\/\/alpagasdumaquis.be\/","name":"Alpagas du Maquis","description":"Quality Alpagas &amp; Fiber Mill","publisher":{"@id":"https:\/\/alpagasdumaquis.be\/#organization"},"potentialAction":[{"@type":"SearchAction","target":{"@type":"EntryPoint","urlTemplate":"https:\/\/alpagasdumaquis.be\/?s={search_term_string}"},"query-input":{"@type":"PropertyValueSpecification","valueRequired":true,"valueName":"search_term_string"}}],"inLanguage":"en-US"},{"@type":"Organization","@id":"https:\/\/alpagasdumaquis.be\/#organization","name":"Alpagas du Maquis","url":"https:\/\/alpagasdumaquis.be\/","logo":{"@type":"ImageObject","inLanguage":"en-US","@id":"https:\/\/alpagasdumaquis.be\/#\/schema\/logo\/image\/","url":"https:\/\/alpagasdumaquis.be\/wp-content\/uploads\/2023\/07\/alpagas-logo.76cc389.webp","contentUrl":"https:\/\/alpagasdumaquis.be\/wp-content\/uploads\/2023\/07\/alpagas-logo.76cc389.webp","width":200,"height":200,"caption":"Alpagas du Maquis"},"image":{"@id":"https:\/\/alpagasdumaquis.be\/#\/schema\/logo\/image\/"}}]}},"jetpack_sharing_enabled":true,"_links":{"self":[{"href":"https:\/\/alpagasdumaquis.be\/en\/wp-json\/wp\/v2\/product\/2038","targetHints":{"allow":["GET"]}}],"collection":[{"href":"https:\/\/alpagasdumaquis.be\/en\/wp-json\/wp\/v2\/product"}],"about":[{"href":"https:\/\/alpagasdumaquis.be\/en\/wp-json\/wp\/v2\/types\/product"}],"replies":[{"embeddable":true,"href":"https:\/\/alpagasdumaquis.be\/en\/wp-json\/wp\/v2\/comments?post=2038"}],"version-history":[{"count":0,"href":"https:\/\/alpagasdumaquis.be\/en\/wp-json\/wp\/v2\/product\/2038\/revisions"}],"wp:featuredmedia":[{"embeddable":true,"href":"https:\/\/alpagasdumaquis.be\/en\/wp-json\/wp\/v2\/media\/2041"}],"wp:attachment":[{"href":"https:\/\/alpagasdumaquis.be\/en\/wp-json\/wp\/v2\/media?parent=2038"}],"wp:term":[{"taxonomy":"product_brand","embeddable":true,"href":"https:\/\/alpagasdumaquis.be\/en\/wp-json\/wp\/v2\/product_brand?post=2038"},{"taxonomy":"product_cat","embeddable":true,"href":"https:\/\/alpagasdumaquis.be\/en\/wp-json\/wp\/v2\/product_cat?post=2038"},{"taxonomy":"product_tag","embeddable":true,"href":"https:\/\/alpagasdumaquis.be\/en\/wp-json\/wp\/v2\/product_tag?post=2038"}],"curies":[{"name":"wp","href":"https:\/\/api.w.org\/{rel}","templated":true}]}}