{"id":2103,"date":"2019-11-16T16:40:59","date_gmt":"2019-11-16T15:40:59","guid":{"rendered":"https:\/\/alpagasmaquis.be\/?post_type=product&#038;p=2103"},"modified":"2023-04-19T12:30:03","modified_gmt":"2023-04-19T12:30:03","slug":"charte-officielle-des-couleurs-2","status":"publish","type":"product","link":"https:\/\/alpagasdumaquis.be\/en\/produit\/charte-officielle-des-couleurs-2\/","title":{"rendered":"Charte officielle des couleurs"},"content":{"rendered":"<p>L&#8217;outil absolument indispensable pour tout \u00e9leveur d&#8217;alpagas!<\/p>\n<p>Vous retrouvez dans cette charte les 16 couleurs officielles de l&#8217;alpaga pour l&#8217;enregistrement de vos animaux et pour les concours.<\/p>\n<p>Cette charte peut \u00eatre utilis\u00e9e pour les huacayas ou pour les suris.<\/p>\n<p>Si la couleur de votre alpaga se situe entre deux couleurs, prenez la plus fonc\u00e9e.<\/p>\n","protected":false},"excerpt":{"rendered":"<p>L&#8217;outil absolument indispensable pour tout \u00e9leveur d&#8217;alpagas! Vous retrouvez dans cette charte les 16 couleurs officielles de l&#8217;alpaga pour l&#8217;enregistrement de vos animaux et pour les concours. Cette charte peut \u00eatre utilis\u00e9e pour les huacayas ou pour les suris. Si la couleur de votre alpaga se situe entre deux couleurs, prenez la plus fonc\u00e9e.<\/p>\n","protected":false},"featured_media":2104,"comment_status":"open","ping_status":"open","template":"","meta":[],"product_brand":[62],"product_cat":[31],"product_tag":[],"class_list":{"0":"post-2103","1":"product","2":"type-product","3":"status-publish","4":"has-post-thumbnail","6":"product_brand-aab","7":"product_cat-alpaca-health","9":"first","10":"instock","11":"shipping-taxable","12":"purchasable","13":"product-type-simple"},"yoast_head":"<!-- This site is optimized with the Yoast SEO plugin v27.5 - https:\/\/yoast.com\/product\/yoast-seo-wordpress\/ -->\n<title>Charte officielle des couleurs<\/title>\n<meta name=\"description\" content=\"L&#039;outil absolument indispensable pour tout \u00e9leveur d&#039;alpagas! Vous retrouvez dans cette charte les 16 couleurs officielles de l&#039;alpaga pour l&#039;enregistrement de vos animaux et pour les concours. Cette charte peut \u00eatre utilis\u00e9e pour les huacayas ou pour les suris. Si la couleur de votre alpaga se situe entre deux couleurs, prenez la plus fonc\u00e9e.\" \/>\n<meta name=\"robots\" content=\"index, follow, max-snippet:-1, max-image-preview:large, max-video-preview:-1\" \/>\n<link rel=\"canonical\" href=\"https:\/\/alpagasdumaquis.be\/produit\/charte-officielle-des-couleurs\/\" \/>\n<meta property=\"og:locale\" content=\"en_US\" \/>\n<meta property=\"og:type\" content=\"article\" \/>\n<meta property=\"og:title\" content=\"Charte officielle des couleurs\" \/>\n<meta property=\"og:description\" content=\"L&#039;outil absolument indispensable pour tout \u00e9leveur d&#039;alpagas! Vous retrouvez dans cette charte les 16 couleurs officielles de l&#039;alpaga pour l&#039;enregistrement de vos animaux et pour les concours. Cette charte peut \u00eatre utilis\u00e9e pour les huacayas ou pour les suris. Si la couleur de votre alpaga se situe entre deux couleurs, prenez la plus fonc\u00e9e.\" \/>\n<meta property=\"og:url\" content=\"https:\/\/alpagasdumaquis.be\/produit\/charte-officielle-des-couleurs\/\" \/>\n<meta property=\"og:site_name\" content=\"Alpagas du Maquis\" \/>\n<meta property=\"article:modified_time\" content=\"2023-04-19T12:30:03+00:00\" \/>\n<meta property=\"og:image\" content=\"https:\/\/alpagasdumaquis.be\/wp-content\/uploads\/2019\/11\/products-f_lSQA1RJi8e_4ROpozug_thumb_58d3-1.jpg\" \/>\n\t<meta property=\"og:image:width\" content=\"765\" \/>\n\t<meta property=\"og:image:height\" content=\"1028\" \/>\n\t<meta property=\"og:image:type\" content=\"image\/jpeg\" \/>\n<meta name=\"twitter:card\" content=\"summary_large_image\" \/>\n<script type=\"application\/ld+json\" class=\"yoast-schema-graph\">{\"@context\":\"https:\\\/\\\/schema.org\",\"@graph\":[{\"@type\":\"WebPage\",\"@id\":\"https:\\\/\\\/alpagasdumaquis.be\\\/produit\\\/charte-officielle-des-couleurs\\\/\",\"url\":\"https:\\\/\\\/alpagasdumaquis.be\\\/produit\\\/charte-officielle-des-couleurs\\\/\",\"name\":\"Charte officielle des couleurs\",\"isPartOf\":{\"@id\":\"https:\\\/\\\/alpagasdumaquis.be\\\/#website\"},\"primaryImageOfPage\":{\"@id\":\"https:\\\/\\\/alpagasdumaquis.be\\\/produit\\\/charte-officielle-des-couleurs\\\/#primaryimage\"},\"image\":{\"@id\":\"https:\\\/\\\/alpagasdumaquis.be\\\/produit\\\/charte-officielle-des-couleurs\\\/#primaryimage\"},\"thumbnailUrl\":\"https:\\\/\\\/alpagasdumaquis.be\\\/wp-content\\\/uploads\\\/2019\\\/11\\\/products-f_lSQA1RJi8e_4ROpozug_thumb_58d3-1.jpg\",\"datePublished\":\"2019-11-16T15:40:59+00:00\",\"dateModified\":\"2023-04-19T12:30:03+00:00\",\"description\":\"L'outil absolument indispensable pour tout \u00e9leveur d'alpagas! Vous retrouvez dans cette charte les 16 couleurs officielles de l'alpaga pour l'enregistrement de vos animaux et pour les concours. Cette charte peut \u00eatre utilis\u00e9e pour les huacayas ou pour les suris. Si la couleur de votre alpaga se situe entre deux couleurs, prenez la plus fonc\u00e9e.\",\"breadcrumb\":{\"@id\":\"https:\\\/\\\/alpagasdumaquis.be\\\/produit\\\/charte-officielle-des-couleurs\\\/#breadcrumb\"},\"inLanguage\":\"en-US\",\"potentialAction\":[{\"@type\":\"ReadAction\",\"target\":[\"https:\\\/\\\/alpagasdumaquis.be\\\/produit\\\/charte-officielle-des-couleurs\\\/\"]}]},{\"@type\":\"ImageObject\",\"inLanguage\":\"en-US\",\"@id\":\"https:\\\/\\\/alpagasdumaquis.be\\\/produit\\\/charte-officielle-des-couleurs\\\/#primaryimage\",\"url\":\"https:\\\/\\\/alpagasdumaquis.be\\\/wp-content\\\/uploads\\\/2019\\\/11\\\/products-f_lSQA1RJi8e_4ROpozug_thumb_58d3-1.jpg\",\"contentUrl\":\"https:\\\/\\\/alpagasdumaquis.be\\\/wp-content\\\/uploads\\\/2019\\\/11\\\/products-f_lSQA1RJi8e_4ROpozug_thumb_58d3-1.jpg\",\"width\":765,\"height\":1028,\"caption\":\"Charte officielle des couleurs\"},{\"@type\":\"BreadcrumbList\",\"@id\":\"https:\\\/\\\/alpagasdumaquis.be\\\/produit\\\/charte-officielle-des-couleurs\\\/#breadcrumb\",\"itemListElement\":[{\"@type\":\"ListItem\",\"position\":1,\"name\":\"Accueil\",\"item\":\"https:\\\/\\\/alpagasdumaquis.be\\\/en\\\/alpagas-du-maquis-alpaca-breeding-spinning-mill-shop\\\/\"},{\"@type\":\"ListItem\",\"position\":2,\"name\":\"origin &#8211; Boutique\",\"item\":\"https:\\\/\\\/alpagasdumaquis.be\\\/boutique-origin\\\/\"},{\"@type\":\"ListItem\",\"position\":3,\"name\":\"Charte officielle des couleurs\"}]},{\"@type\":\"WebSite\",\"@id\":\"https:\\\/\\\/alpagasdumaquis.be\\\/#website\",\"url\":\"https:\\\/\\\/alpagasdumaquis.be\\\/\",\"name\":\"Alpagas du Maquis\",\"description\":\"Quality Alpagas &amp; Fiber Mill\",\"publisher\":{\"@id\":\"https:\\\/\\\/alpagasdumaquis.be\\\/#organization\"},\"potentialAction\":[{\"@type\":\"SearchAction\",\"target\":{\"@type\":\"EntryPoint\",\"urlTemplate\":\"https:\\\/\\\/alpagasdumaquis.be\\\/?s={search_term_string}\"},\"query-input\":{\"@type\":\"PropertyValueSpecification\",\"valueRequired\":true,\"valueName\":\"search_term_string\"}}],\"inLanguage\":\"en-US\"},{\"@type\":\"Organization\",\"@id\":\"https:\\\/\\\/alpagasdumaquis.be\\\/#organization\",\"name\":\"Alpagas du Maquis\",\"url\":\"https:\\\/\\\/alpagasdumaquis.be\\\/\",\"logo\":{\"@type\":\"ImageObject\",\"inLanguage\":\"en-US\",\"@id\":\"https:\\\/\\\/alpagasdumaquis.be\\\/#\\\/schema\\\/logo\\\/image\\\/\",\"url\":\"https:\\\/\\\/alpagasdumaquis.be\\\/wp-content\\\/uploads\\\/2023\\\/07\\\/alpagas-logo.76cc389.webp\",\"contentUrl\":\"https:\\\/\\\/alpagasdumaquis.be\\\/wp-content\\\/uploads\\\/2023\\\/07\\\/alpagas-logo.76cc389.webp\",\"width\":200,\"height\":200,\"caption\":\"Alpagas du Maquis\"},\"image\":{\"@id\":\"https:\\\/\\\/alpagasdumaquis.be\\\/#\\\/schema\\\/logo\\\/image\\\/\"}}]}<\/script>\n<!-- \/ Yoast SEO plugin. -->","yoast_head_json":{"title":"Charte officielle des couleurs","description":"L'outil absolument indispensable pour tout \u00e9leveur d'alpagas! Vous retrouvez dans cette charte les 16 couleurs officielles de l'alpaga pour l'enregistrement de vos animaux et pour les concours. Cette charte peut \u00eatre utilis\u00e9e pour les huacayas ou pour les suris. Si la couleur de votre alpaga se situe entre deux couleurs, prenez la plus fonc\u00e9e.","robots":{"index":"index","follow":"follow","max-snippet":"max-snippet:-1","max-image-preview":"max-image-preview:large","max-video-preview":"max-video-preview:-1"},"canonical":"https:\/\/alpagasdumaquis.be\/produit\/charte-officielle-des-couleurs\/","og_locale":"en_US","og_type":"article","og_title":"Charte officielle des couleurs","og_description":"L'outil absolument indispensable pour tout \u00e9leveur d'alpagas! Vous retrouvez dans cette charte les 16 couleurs officielles de l'alpaga pour l'enregistrement de vos animaux et pour les concours. Cette charte peut \u00eatre utilis\u00e9e pour les huacayas ou pour les suris. Si la couleur de votre alpaga se situe entre deux couleurs, prenez la plus fonc\u00e9e.","og_url":"https:\/\/alpagasdumaquis.be\/produit\/charte-officielle-des-couleurs\/","og_site_name":"Alpagas du Maquis","article_modified_time":"2023-04-19T12:30:03+00:00","og_image":[{"width":765,"height":1028,"url":"https:\/\/alpagasdumaquis.be\/wp-content\/uploads\/2019\/11\/products-f_lSQA1RJi8e_4ROpozug_thumb_58d3-1.jpg","type":"image\/jpeg"}],"twitter_card":"summary_large_image","schema":{"@context":"https:\/\/schema.org","@graph":[{"@type":"WebPage","@id":"https:\/\/alpagasdumaquis.be\/produit\/charte-officielle-des-couleurs\/","url":"https:\/\/alpagasdumaquis.be\/produit\/charte-officielle-des-couleurs\/","name":"Charte officielle des couleurs","isPartOf":{"@id":"https:\/\/alpagasdumaquis.be\/#website"},"primaryImageOfPage":{"@id":"https:\/\/alpagasdumaquis.be\/produit\/charte-officielle-des-couleurs\/#primaryimage"},"image":{"@id":"https:\/\/alpagasdumaquis.be\/produit\/charte-officielle-des-couleurs\/#primaryimage"},"thumbnailUrl":"https:\/\/alpagasdumaquis.be\/wp-content\/uploads\/2019\/11\/products-f_lSQA1RJi8e_4ROpozug_thumb_58d3-1.jpg","datePublished":"2019-11-16T15:40:59+00:00","dateModified":"2023-04-19T12:30:03+00:00","description":"L'outil absolument indispensable pour tout \u00e9leveur d'alpagas! Vous retrouvez dans cette charte les 16 couleurs officielles de l'alpaga pour l'enregistrement de vos animaux et pour les concours. Cette charte peut \u00eatre utilis\u00e9e pour les huacayas ou pour les suris. Si la couleur de votre alpaga se situe entre deux couleurs, prenez la plus fonc\u00e9e.","breadcrumb":{"@id":"https:\/\/alpagasdumaquis.be\/produit\/charte-officielle-des-couleurs\/#breadcrumb"},"inLanguage":"en-US","potentialAction":[{"@type":"ReadAction","target":["https:\/\/alpagasdumaquis.be\/produit\/charte-officielle-des-couleurs\/"]}]},{"@type":"ImageObject","inLanguage":"en-US","@id":"https:\/\/alpagasdumaquis.be\/produit\/charte-officielle-des-couleurs\/#primaryimage","url":"https:\/\/alpagasdumaquis.be\/wp-content\/uploads\/2019\/11\/products-f_lSQA1RJi8e_4ROpozug_thumb_58d3-1.jpg","contentUrl":"https:\/\/alpagasdumaquis.be\/wp-content\/uploads\/2019\/11\/products-f_lSQA1RJi8e_4ROpozug_thumb_58d3-1.jpg","width":765,"height":1028,"caption":"Charte officielle des couleurs"},{"@type":"BreadcrumbList","@id":"https:\/\/alpagasdumaquis.be\/produit\/charte-officielle-des-couleurs\/#breadcrumb","itemListElement":[{"@type":"ListItem","position":1,"name":"Accueil","item":"https:\/\/alpagasdumaquis.be\/en\/alpagas-du-maquis-alpaca-breeding-spinning-mill-shop\/"},{"@type":"ListItem","position":2,"name":"origin &#8211; Boutique","item":"https:\/\/alpagasdumaquis.be\/boutique-origin\/"},{"@type":"ListItem","position":3,"name":"Charte officielle des couleurs"}]},{"@type":"WebSite","@id":"https:\/\/alpagasdumaquis.be\/#website","url":"https:\/\/alpagasdumaquis.be\/","name":"Alpagas du Maquis","description":"Quality Alpagas &amp; Fiber Mill","publisher":{"@id":"https:\/\/alpagasdumaquis.be\/#organization"},"potentialAction":[{"@type":"SearchAction","target":{"@type":"EntryPoint","urlTemplate":"https:\/\/alpagasdumaquis.be\/?s={search_term_string}"},"query-input":{"@type":"PropertyValueSpecification","valueRequired":true,"valueName":"search_term_string"}}],"inLanguage":"en-US"},{"@type":"Organization","@id":"https:\/\/alpagasdumaquis.be\/#organization","name":"Alpagas du Maquis","url":"https:\/\/alpagasdumaquis.be\/","logo":{"@type":"ImageObject","inLanguage":"en-US","@id":"https:\/\/alpagasdumaquis.be\/#\/schema\/logo\/image\/","url":"https:\/\/alpagasdumaquis.be\/wp-content\/uploads\/2023\/07\/alpagas-logo.76cc389.webp","contentUrl":"https:\/\/alpagasdumaquis.be\/wp-content\/uploads\/2023\/07\/alpagas-logo.76cc389.webp","width":200,"height":200,"caption":"Alpagas du Maquis"},"image":{"@id":"https:\/\/alpagasdumaquis.be\/#\/schema\/logo\/image\/"}}]}},"jetpack_sharing_enabled":true,"_links":{"self":[{"href":"https:\/\/alpagasdumaquis.be\/en\/wp-json\/wp\/v2\/product\/2103","targetHints":{"allow":["GET"]}}],"collection":[{"href":"https:\/\/alpagasdumaquis.be\/en\/wp-json\/wp\/v2\/product"}],"about":[{"href":"https:\/\/alpagasdumaquis.be\/en\/wp-json\/wp\/v2\/types\/product"}],"replies":[{"embeddable":true,"href":"https:\/\/alpagasdumaquis.be\/en\/wp-json\/wp\/v2\/comments?post=2103"}],"version-history":[{"count":0,"href":"https:\/\/alpagasdumaquis.be\/en\/wp-json\/wp\/v2\/product\/2103\/revisions"}],"wp:featuredmedia":[{"embeddable":true,"href":"https:\/\/alpagasdumaquis.be\/en\/wp-json\/wp\/v2\/media\/2104"}],"wp:attachment":[{"href":"https:\/\/alpagasdumaquis.be\/en\/wp-json\/wp\/v2\/media?parent=2103"}],"wp:term":[{"taxonomy":"product_brand","embeddable":true,"href":"https:\/\/alpagasdumaquis.be\/en\/wp-json\/wp\/v2\/product_brand?post=2103"},{"taxonomy":"product_cat","embeddable":true,"href":"https:\/\/alpagasdumaquis.be\/en\/wp-json\/wp\/v2\/product_cat?post=2103"},{"taxonomy":"product_tag","embeddable":true,"href":"https:\/\/alpagasdumaquis.be\/en\/wp-json\/wp\/v2\/product_tag?post=2103"}],"curies":[{"name":"wp","href":"https:\/\/api.w.org\/{rel}","templated":true}]}}