{"id":2138,"date":"2019-12-23T11:00:39","date_gmt":"2019-12-23T10:00:39","guid":{"rendered":"https:\/\/alpagasmaquis.be\/?post_type=product&#038;p=2138"},"modified":"2023-07-26T16:22:16","modified_gmt":"2023-07-26T16:22:16","slug":"chaussettes-premium-sneaker-gris-anthracite-2","status":"publish","type":"product","link":"https:\/\/alpagasdumaquis.be\/en\/produit\/chaussettes-premium-sneaker-gris-anthracite-2\/","title":{"rendered":"Chaussettes Premium sneaker gris \/ anthracite"},"content":{"rendered":"<p><meta charset=\"utf-8\"><\/p>\n<p><span>D\u00e9marrez la saison estivale dans des chaussettes sneaker haut de gamme 95% pure fibre naturelle!<\/span><\/p>\n<p><meta charset=\"utf-8\"><meta charset=\"utf-8\"><\/p>\n<p><span>Ces chaussettes tr\u00e8s fines sont compos\u00e9es de 70% Baby Alpaca qui apporte la respirabilit\u00e9 et la thermo-r\u00e9gulation.<\/span><\/p>\n<p>Le coton Pima renforce la chaussette et l<span>e renfor\u00e7age aux zones sensibles garantit robustesse et confort. Ces chaussettes remplissent donc les souhaits des amoureux de la mode, des mati\u00e8res naturelles et correspondent aux standards des v\u00eatements haute technologie.<\/span><\/p>\n<p><span>Une chouette chaussette en particulier pour la saison chaude!<\/span><\/p>\n<p><meta charset=\"utf-8\"><\/p>\n<h1 class=\"h1\" itemprop=\"name\"><\/h1>\n","protected":false},"excerpt":{"rendered":"<p>D\u00e9marrez la saison estivale dans des chaussettes sneaker haut de gamme 95% pure fibre naturelle! Ces chaussettes tr\u00e8s fines sont compos\u00e9es de 70% Baby Alpaca qui apporte la respirabilit\u00e9 et la thermo-r\u00e9gulation. Le coton Pima renforce la chaussette et le renfor\u00e7age aux zones sensibles garantit robustesse et confort. Ces chaussettes remplissent donc les souhaits des [&hellip;]<\/p>\n","protected":false},"featured_media":2149,"comment_status":"open","ping_status":"closed","template":"","meta":[],"product_brand":[58],"product_cat":[51],"product_tag":[],"class_list":{"0":"post-2138","1":"product","2":"type-product","3":"status-publish","4":"has-post-thumbnail","6":"product_brand-apu-kuntur","7":"product_cat-peru-mains-pieds-au-chaud-2","8":"pa_couleur-anthracite-en","9":"pa_couleur-gris-en","10":"pa_size-36-38-en","11":"pa_size-39-41-en","12":"pa_size-42-44-en","13":"pa_size-45-48-en","15":"first","16":"instock","17":"shipping-taxable","18":"purchasable","19":"product-type-variable"},"yoast_head":"<!-- This site is optimized with the Yoast SEO plugin v27.4 - https:\/\/yoast.com\/product\/yoast-seo-wordpress\/ -->\n<title>Chaussettes Premium sneaker gris \/ anthracite<\/title>\n<meta name=\"description\" content=\"D\u00e9marrez la saison estivale dans des chaussettes sneaker haut de gamme 95% pure fibre naturelle! Ces chaussettes tr\u00e8s fines sont compos\u00e9es de 70% Baby Alpaca qui apporte la respirabilit\u00e9 et la thermo-r\u00e9gulation. Le coton Pima renforce la chaussette et le renfor\u00e7age aux zones sensibles garantit robustesse et confort. Ces chaussettes remplissent donc les souhaits des amoureux de la mode, des mati\u00e8res naturelles et correspondent aux standards des v\u00eatements haute technologie. Une chouette chaussette en particulier pour la saison chaude!\" \/>\n<meta name=\"robots\" content=\"index, follow, max-snippet:-1, max-image-preview:large, max-video-preview:-1\" \/>\n<link rel=\"canonical\" href=\"https:\/\/alpagasdumaquis.be\/produit\/chaussettes-premium-sneaker-gris-anthracite\/\" \/>\n<meta property=\"og:locale\" content=\"en_US\" \/>\n<meta property=\"og:type\" content=\"article\" \/>\n<meta property=\"og:title\" content=\"Chaussettes Premium sneaker gris \/ anthracite\" \/>\n<meta property=\"og:description\" content=\"D\u00e9marrez la saison estivale dans des chaussettes sneaker haut de gamme 95% pure fibre naturelle! Ces chaussettes tr\u00e8s fines sont compos\u00e9es de 70% Baby Alpaca qui apporte la respirabilit\u00e9 et la thermo-r\u00e9gulation. Le coton Pima renforce la chaussette et le renfor\u00e7age aux zones sensibles garantit robustesse et confort. Ces chaussettes remplissent donc les souhaits des amoureux de la mode, des mati\u00e8res naturelles et correspondent aux standards des v\u00eatements haute technologie. Une chouette chaussette en particulier pour la saison chaude!\" \/>\n<meta property=\"og:url\" content=\"https:\/\/alpagasdumaquis.be\/produit\/chaussettes-premium-sneaker-gris-anthracite\/\" \/>\n<meta property=\"og:site_name\" content=\"Alpagas du Maquis\" \/>\n<meta property=\"article:modified_time\" content=\"2023-07-26T16:22:16+00:00\" \/>\n<meta property=\"og:image\" content=\"https:\/\/alpagasdumaquis.be\/wp-content\/uploads\/2020\/09\/products-6er-pack-sneaker-socke-premium-naturfaser-qualitt-alpaka-pima-baumwolle-damen-herren_2-1.jpg\" \/>\n\t<meta property=\"og:image:width\" content=\"527\" \/>\n\t<meta property=\"og:image:height\" content=\"800\" \/>\n\t<meta property=\"og:image:type\" content=\"image\/jpeg\" \/>\n<meta name=\"twitter:card\" content=\"summary_large_image\" \/>\n<script type=\"application\/ld+json\" class=\"yoast-schema-graph\">{\"@context\":\"https:\\\/\\\/schema.org\",\"@graph\":[{\"@type\":\"WebPage\",\"@id\":\"https:\\\/\\\/alpagasdumaquis.be\\\/produit\\\/chaussettes-premium-sneaker-gris-anthracite\\\/\",\"url\":\"https:\\\/\\\/alpagasdumaquis.be\\\/produit\\\/chaussettes-premium-sneaker-gris-anthracite\\\/\",\"name\":\"Chaussettes Premium sneaker gris \\\/ anthracite\",\"isPartOf\":{\"@id\":\"https:\\\/\\\/alpagasdumaquis.be\\\/#website\"},\"primaryImageOfPage\":{\"@id\":\"https:\\\/\\\/alpagasdumaquis.be\\\/produit\\\/chaussettes-premium-sneaker-gris-anthracite\\\/#primaryimage\"},\"image\":{\"@id\":\"https:\\\/\\\/alpagasdumaquis.be\\\/produit\\\/chaussettes-premium-sneaker-gris-anthracite\\\/#primaryimage\"},\"thumbnailUrl\":\"https:\\\/\\\/alpagasdumaquis.be\\\/wp-content\\\/uploads\\\/2020\\\/09\\\/products-6er-pack-sneaker-socke-premium-naturfaser-qualitt-alpaka-pima-baumwolle-damen-herren_2-1.jpg\",\"datePublished\":\"2019-12-23T10:00:39+00:00\",\"dateModified\":\"2023-07-26T16:22:16+00:00\",\"description\":\"D\u00e9marrez la saison estivale dans des chaussettes sneaker haut de gamme 95% pure fibre naturelle! Ces chaussettes tr\u00e8s fines sont compos\u00e9es de 70% Baby Alpaca qui apporte la respirabilit\u00e9 et la thermo-r\u00e9gulation. Le coton Pima renforce la chaussette et le renfor\u00e7age aux zones sensibles garantit robustesse et confort. Ces chaussettes remplissent donc les souhaits des amoureux de la mode, des mati\u00e8res naturelles et correspondent aux standards des v\u00eatements haute technologie. Une chouette chaussette en particulier pour la saison chaude!\",\"breadcrumb\":{\"@id\":\"https:\\\/\\\/alpagasdumaquis.be\\\/produit\\\/chaussettes-premium-sneaker-gris-anthracite\\\/#breadcrumb\"},\"inLanguage\":\"en-US\",\"potentialAction\":[{\"@type\":\"ReadAction\",\"target\":[\"https:\\\/\\\/alpagasdumaquis.be\\\/produit\\\/chaussettes-premium-sneaker-gris-anthracite\\\/\"]}]},{\"@type\":\"ImageObject\",\"inLanguage\":\"en-US\",\"@id\":\"https:\\\/\\\/alpagasdumaquis.be\\\/produit\\\/chaussettes-premium-sneaker-gris-anthracite\\\/#primaryimage\",\"url\":\"https:\\\/\\\/alpagasdumaquis.be\\\/wp-content\\\/uploads\\\/2020\\\/09\\\/products-6er-pack-sneaker-socke-premium-naturfaser-qualitt-alpaka-pima-baumwolle-damen-herren_2-1.jpg\",\"contentUrl\":\"https:\\\/\\\/alpagasdumaquis.be\\\/wp-content\\\/uploads\\\/2020\\\/09\\\/products-6er-pack-sneaker-socke-premium-naturfaser-qualitt-alpaka-pima-baumwolle-damen-herren_2-1.jpg\",\"width\":527,\"height\":800,\"caption\":\"Chaussettes Premium sneaker gris \\\/ anthracite\"},{\"@type\":\"BreadcrumbList\",\"@id\":\"https:\\\/\\\/alpagasdumaquis.be\\\/produit\\\/chaussettes-premium-sneaker-gris-anthracite\\\/#breadcrumb\",\"itemListElement\":[{\"@type\":\"ListItem\",\"position\":1,\"name\":\"Accueil\",\"item\":\"https:\\\/\\\/alpagasdumaquis.be\\\/en\\\/alpagas-du-maquis-alpaca-breeding-spinning-mill-shop\\\/\"},{\"@type\":\"ListItem\",\"position\":2,\"name\":\"origin &#8211; Boutique\",\"item\":\"https:\\\/\\\/alpagasdumaquis.be\\\/boutique-origin\\\/\"},{\"@type\":\"ListItem\",\"position\":3,\"name\":\"Chaussettes Premium sneaker gris \\\/ anthracite\"}]},{\"@type\":\"WebSite\",\"@id\":\"https:\\\/\\\/alpagasdumaquis.be\\\/#website\",\"url\":\"https:\\\/\\\/alpagasdumaquis.be\\\/\",\"name\":\"Alpagas du Maquis\",\"description\":\"Quality Alpagas &amp; Fiber Mill\",\"publisher\":{\"@id\":\"https:\\\/\\\/alpagasdumaquis.be\\\/#organization\"},\"potentialAction\":[{\"@type\":\"SearchAction\",\"target\":{\"@type\":\"EntryPoint\",\"urlTemplate\":\"https:\\\/\\\/alpagasdumaquis.be\\\/?s={search_term_string}\"},\"query-input\":{\"@type\":\"PropertyValueSpecification\",\"valueRequired\":true,\"valueName\":\"search_term_string\"}}],\"inLanguage\":\"en-US\"},{\"@type\":\"Organization\",\"@id\":\"https:\\\/\\\/alpagasdumaquis.be\\\/#organization\",\"name\":\"Alpagas du Maquis\",\"url\":\"https:\\\/\\\/alpagasdumaquis.be\\\/\",\"logo\":{\"@type\":\"ImageObject\",\"inLanguage\":\"en-US\",\"@id\":\"https:\\\/\\\/alpagasdumaquis.be\\\/#\\\/schema\\\/logo\\\/image\\\/\",\"url\":\"https:\\\/\\\/alpagasdumaquis.be\\\/wp-content\\\/uploads\\\/2023\\\/07\\\/alpagas-logo.76cc389.webp\",\"contentUrl\":\"https:\\\/\\\/alpagasdumaquis.be\\\/wp-content\\\/uploads\\\/2023\\\/07\\\/alpagas-logo.76cc389.webp\",\"width\":200,\"height\":200,\"caption\":\"Alpagas du Maquis\"},\"image\":{\"@id\":\"https:\\\/\\\/alpagasdumaquis.be\\\/#\\\/schema\\\/logo\\\/image\\\/\"}}]}<\/script>\n<!-- \/ Yoast SEO plugin. -->","yoast_head_json":{"title":"Chaussettes Premium sneaker gris \/ anthracite","description":"D\u00e9marrez la saison estivale dans des chaussettes sneaker haut de gamme 95% pure fibre naturelle! Ces chaussettes tr\u00e8s fines sont compos\u00e9es de 70% Baby Alpaca qui apporte la respirabilit\u00e9 et la thermo-r\u00e9gulation. Le coton Pima renforce la chaussette et le renfor\u00e7age aux zones sensibles garantit robustesse et confort. Ces chaussettes remplissent donc les souhaits des amoureux de la mode, des mati\u00e8res naturelles et correspondent aux standards des v\u00eatements haute technologie. Une chouette chaussette en particulier pour la saison chaude!","robots":{"index":"index","follow":"follow","max-snippet":"max-snippet:-1","max-image-preview":"max-image-preview:large","max-video-preview":"max-video-preview:-1"},"canonical":"https:\/\/alpagasdumaquis.be\/produit\/chaussettes-premium-sneaker-gris-anthracite\/","og_locale":"en_US","og_type":"article","og_title":"Chaussettes Premium sneaker gris \/ anthracite","og_description":"D\u00e9marrez la saison estivale dans des chaussettes sneaker haut de gamme 95% pure fibre naturelle! Ces chaussettes tr\u00e8s fines sont compos\u00e9es de 70% Baby Alpaca qui apporte la respirabilit\u00e9 et la thermo-r\u00e9gulation. Le coton Pima renforce la chaussette et le renfor\u00e7age aux zones sensibles garantit robustesse et confort. Ces chaussettes remplissent donc les souhaits des amoureux de la mode, des mati\u00e8res naturelles et correspondent aux standards des v\u00eatements haute technologie. Une chouette chaussette en particulier pour la saison chaude!","og_url":"https:\/\/alpagasdumaquis.be\/produit\/chaussettes-premium-sneaker-gris-anthracite\/","og_site_name":"Alpagas du Maquis","article_modified_time":"2023-07-26T16:22:16+00:00","og_image":[{"width":527,"height":800,"url":"https:\/\/alpagasdumaquis.be\/wp-content\/uploads\/2020\/09\/products-6er-pack-sneaker-socke-premium-naturfaser-qualitt-alpaka-pima-baumwolle-damen-herren_2-1.jpg","type":"image\/jpeg"}],"twitter_card":"summary_large_image","schema":{"@context":"https:\/\/schema.org","@graph":[{"@type":"WebPage","@id":"https:\/\/alpagasdumaquis.be\/produit\/chaussettes-premium-sneaker-gris-anthracite\/","url":"https:\/\/alpagasdumaquis.be\/produit\/chaussettes-premium-sneaker-gris-anthracite\/","name":"Chaussettes Premium sneaker gris \/ anthracite","isPartOf":{"@id":"https:\/\/alpagasdumaquis.be\/#website"},"primaryImageOfPage":{"@id":"https:\/\/alpagasdumaquis.be\/produit\/chaussettes-premium-sneaker-gris-anthracite\/#primaryimage"},"image":{"@id":"https:\/\/alpagasdumaquis.be\/produit\/chaussettes-premium-sneaker-gris-anthracite\/#primaryimage"},"thumbnailUrl":"https:\/\/alpagasdumaquis.be\/wp-content\/uploads\/2020\/09\/products-6er-pack-sneaker-socke-premium-naturfaser-qualitt-alpaka-pima-baumwolle-damen-herren_2-1.jpg","datePublished":"2019-12-23T10:00:39+00:00","dateModified":"2023-07-26T16:22:16+00:00","description":"D\u00e9marrez la saison estivale dans des chaussettes sneaker haut de gamme 95% pure fibre naturelle! Ces chaussettes tr\u00e8s fines sont compos\u00e9es de 70% Baby Alpaca qui apporte la respirabilit\u00e9 et la thermo-r\u00e9gulation. Le coton Pima renforce la chaussette et le renfor\u00e7age aux zones sensibles garantit robustesse et confort. Ces chaussettes remplissent donc les souhaits des amoureux de la mode, des mati\u00e8res naturelles et correspondent aux standards des v\u00eatements haute technologie. Une chouette chaussette en particulier pour la saison chaude!","breadcrumb":{"@id":"https:\/\/alpagasdumaquis.be\/produit\/chaussettes-premium-sneaker-gris-anthracite\/#breadcrumb"},"inLanguage":"en-US","potentialAction":[{"@type":"ReadAction","target":["https:\/\/alpagasdumaquis.be\/produit\/chaussettes-premium-sneaker-gris-anthracite\/"]}]},{"@type":"ImageObject","inLanguage":"en-US","@id":"https:\/\/alpagasdumaquis.be\/produit\/chaussettes-premium-sneaker-gris-anthracite\/#primaryimage","url":"https:\/\/alpagasdumaquis.be\/wp-content\/uploads\/2020\/09\/products-6er-pack-sneaker-socke-premium-naturfaser-qualitt-alpaka-pima-baumwolle-damen-herren_2-1.jpg","contentUrl":"https:\/\/alpagasdumaquis.be\/wp-content\/uploads\/2020\/09\/products-6er-pack-sneaker-socke-premium-naturfaser-qualitt-alpaka-pima-baumwolle-damen-herren_2-1.jpg","width":527,"height":800,"caption":"Chaussettes Premium sneaker gris \/ anthracite"},{"@type":"BreadcrumbList","@id":"https:\/\/alpagasdumaquis.be\/produit\/chaussettes-premium-sneaker-gris-anthracite\/#breadcrumb","itemListElement":[{"@type":"ListItem","position":1,"name":"Accueil","item":"https:\/\/alpagasdumaquis.be\/en\/alpagas-du-maquis-alpaca-breeding-spinning-mill-shop\/"},{"@type":"ListItem","position":2,"name":"origin &#8211; Boutique","item":"https:\/\/alpagasdumaquis.be\/boutique-origin\/"},{"@type":"ListItem","position":3,"name":"Chaussettes Premium sneaker gris \/ anthracite"}]},{"@type":"WebSite","@id":"https:\/\/alpagasdumaquis.be\/#website","url":"https:\/\/alpagasdumaquis.be\/","name":"Alpagas du Maquis","description":"Quality Alpagas &amp; Fiber Mill","publisher":{"@id":"https:\/\/alpagasdumaquis.be\/#organization"},"potentialAction":[{"@type":"SearchAction","target":{"@type":"EntryPoint","urlTemplate":"https:\/\/alpagasdumaquis.be\/?s={search_term_string}"},"query-input":{"@type":"PropertyValueSpecification","valueRequired":true,"valueName":"search_term_string"}}],"inLanguage":"en-US"},{"@type":"Organization","@id":"https:\/\/alpagasdumaquis.be\/#organization","name":"Alpagas du Maquis","url":"https:\/\/alpagasdumaquis.be\/","logo":{"@type":"ImageObject","inLanguage":"en-US","@id":"https:\/\/alpagasdumaquis.be\/#\/schema\/logo\/image\/","url":"https:\/\/alpagasdumaquis.be\/wp-content\/uploads\/2023\/07\/alpagas-logo.76cc389.webp","contentUrl":"https:\/\/alpagasdumaquis.be\/wp-content\/uploads\/2023\/07\/alpagas-logo.76cc389.webp","width":200,"height":200,"caption":"Alpagas du Maquis"},"image":{"@id":"https:\/\/alpagasdumaquis.be\/#\/schema\/logo\/image\/"}}]}},"jetpack_sharing_enabled":true,"_links":{"self":[{"href":"https:\/\/alpagasdumaquis.be\/en\/wp-json\/wp\/v2\/product\/2138","targetHints":{"allow":["GET"]}}],"collection":[{"href":"https:\/\/alpagasdumaquis.be\/en\/wp-json\/wp\/v2\/product"}],"about":[{"href":"https:\/\/alpagasdumaquis.be\/en\/wp-json\/wp\/v2\/types\/product"}],"replies":[{"embeddable":true,"href":"https:\/\/alpagasdumaquis.be\/en\/wp-json\/wp\/v2\/comments?post=2138"}],"version-history":[{"count":0,"href":"https:\/\/alpagasdumaquis.be\/en\/wp-json\/wp\/v2\/product\/2138\/revisions"}],"wp:featuredmedia":[{"embeddable":true,"href":"https:\/\/alpagasdumaquis.be\/en\/wp-json\/wp\/v2\/media\/2149"}],"wp:attachment":[{"href":"https:\/\/alpagasdumaquis.be\/en\/wp-json\/wp\/v2\/media?parent=2138"}],"wp:term":[{"taxonomy":"product_brand","embeddable":true,"href":"https:\/\/alpagasdumaquis.be\/en\/wp-json\/wp\/v2\/product_brand?post=2138"},{"taxonomy":"product_cat","embeddable":true,"href":"https:\/\/alpagasdumaquis.be\/en\/wp-json\/wp\/v2\/product_cat?post=2138"},{"taxonomy":"product_tag","embeddable":true,"href":"https:\/\/alpagasdumaquis.be\/en\/wp-json\/wp\/v2\/product_tag?post=2138"}],"curies":[{"name":"wp","href":"https:\/\/api.w.org\/{rel}","templated":true}]}}