{"id":2170,"date":"2020-03-28T13:58:50","date_gmt":"2020-03-28T12:58:50","guid":{"rendered":"https:\/\/alpagasmaquis.be\/?post_type=product&#038;p=2170"},"modified":"2023-01-31T16:20:23","modified_gmt":"2023-01-31T16:20:23","slug":"idee-cadeau-voucher-experience-soigneur-d-un-jour-2","status":"publish","type":"product","link":"https:\/\/alpagasdumaquis.be\/en\/produit\/idee-cadeau-voucher-experience-soigneur-d-un-jour-2\/","title":{"rendered":"***Id\u00e9e Cadeau*** Voucher Exp\u00e9rience &#8220;Soigneur d&#8217;un jour&#8221;"},"content":{"rendered":"<p>Vous \u00eates \u00e0 la recherche d&#8217;un cadeau parfait pour une personne ch\u00e8re mais vous ne savez pas quoi lui acheter?<\/p>\n<p>Offrez-lui le cadeau\u00a0id\u00e9al avec une carte-cadeau Alpagas du Maquis pour une exp\u00e9rience &#8220;Soigneur d&#8217;un Jour&#8221;, une inoubliable matin\u00e9e d&#8217;immersion au sein de notre ferme d&#8217;alpagas au coeur de l&#8217;Ardenne Belge.<\/p>\n<p>Retrouvez tous les d\u00e9tails et modalit\u00e9s sur <a href=\"https:\/\/www.alpagasdumaquis.be\/content\/soin\" target=\"_blank\" title=\"Soigneur d'un jour\" rel=\"noopener noreferrer\">notre page consacr\u00e9e \u00e0 cette exp\u00e9rience.<\/a><\/p>\n<p>Les cartes-cadeaux sont d\u00e9livr\u00e9es soit \u00e0 la boutique sur rendez-vous, soit par courrier d\u00e8s le lendemain de votre commande. Dans ce cas, merci de nous communiquer l&#8217;adresse d&#8217;envoi souhait\u00e9e ainsi que le nom \u00e0 mentionner dans la case &#8220;de la part de&#8221;.<\/p>\n","protected":false},"excerpt":{"rendered":"<p>Vous \u00eates \u00e0 la recherche d&#8217;un cadeau parfait pour une personne ch\u00e8re mais vous ne savez pas quoi lui acheter? Offrez-lui le cadeau\u00a0id\u00e9al avec une carte-cadeau Alpagas du Maquis pour une exp\u00e9rience &#8220;Soigneur d&#8217;un Jour&#8221;, une inoubliable matin\u00e9e d&#8217;immersion au sein de notre ferme d&#8217;alpagas au coeur de l&#8217;Ardenne Belge. Retrouvez tous les d\u00e9tails et [&hellip;]<\/p>\n","protected":false},"featured_media":2171,"comment_status":"open","ping_status":"closed","template":"","meta":[],"product_brand":[54],"product_cat":[31],"product_tag":[],"class_list":{"0":"post-2170","1":"product","2":"type-product","3":"status-publish","4":"has-post-thumbnail","6":"product_brand-alpagas-du-maquis","7":"product_cat-alpaca-health","9":"first","10":"instock","11":"shipping-taxable","12":"purchasable","13":"product-type-simple"},"yoast_head":"<!-- This site is optimized with the Yoast SEO plugin v27.5 - https:\/\/yoast.com\/product\/yoast-seo-wordpress\/ -->\n<title>***Id\u00e9e Cadeau*** Voucher Exp\u00e9rience &quot;Soigneur d&#039;un jour&quot;<\/title>\n<meta name=\"description\" content=\"Vous \u00eates \u00e0 la recherche d&#039;un cadeau parfait pour une personne ch\u00e8re mais vous ne savez pas quoi lui acheter? Offrez-lui le cadeau\u00a0id\u00e9al avec une carte-cadeau Alpagas du Maquis pour une exp\u00e9rience &quot;Soigneur d&#039;un Jour&quot;, une inoubliable matin\u00e9e d&#039;immersion au sein de notre ferme d&#039;alpagas au coeur de l&#039;Ardenne Belge. Retrouvez tous les d\u00e9tails et modalit\u00e9s sur notre page consacr\u00e9e \u00e0 cette exp\u00e9rience.Les cartes-cadeaux sont d\u00e9livr\u00e9es soit \u00e0 la boutique sur rendez-vous, soit par courrier d\u00e8s le lendemain de votre commande. Dans ce cas, merci de nous communiquer l&#039;adresse d&#039;envoi souhait\u00e9e ainsi que le nom \u00e0 mentionner dans la case &quot;de la part de&quot;.\" \/>\n<meta name=\"robots\" content=\"index, follow, max-snippet:-1, max-image-preview:large, max-video-preview:-1\" \/>\n<link rel=\"canonical\" href=\"https:\/\/alpagasdumaquis.be\/produit\/idee-cadeau-voucher-experience-soigneur-d-un-jour\/\" \/>\n<meta property=\"og:locale\" content=\"en_US\" \/>\n<meta property=\"og:type\" content=\"article\" \/>\n<meta property=\"og:title\" content=\"***Id\u00e9e Cadeau*** Voucher Exp\u00e9rience &quot;Soigneur d&#039;un jour&quot;\" \/>\n<meta property=\"og:description\" content=\"Vous \u00eates \u00e0 la recherche d&#039;un cadeau parfait pour une personne ch\u00e8re mais vous ne savez pas quoi lui acheter? Offrez-lui le cadeau\u00a0id\u00e9al avec une carte-cadeau Alpagas du Maquis pour une exp\u00e9rience &quot;Soigneur d&#039;un Jour&quot;, une inoubliable matin\u00e9e d&#039;immersion au sein de notre ferme d&#039;alpagas au coeur de l&#039;Ardenne Belge. Retrouvez tous les d\u00e9tails et modalit\u00e9s sur notre page consacr\u00e9e \u00e0 cette exp\u00e9rience.Les cartes-cadeaux sont d\u00e9livr\u00e9es soit \u00e0 la boutique sur rendez-vous, soit par courrier d\u00e8s le lendemain de votre commande. Dans ce cas, merci de nous communiquer l&#039;adresse d&#039;envoi souhait\u00e9e ainsi que le nom \u00e0 mentionner dans la case &quot;de la part de&quot;.\" \/>\n<meta property=\"og:url\" content=\"https:\/\/alpagasdumaquis.be\/produit\/idee-cadeau-voucher-experience-soigneur-d-un-jour\/\" \/>\n<meta property=\"og:site_name\" content=\"Alpagas du Maquis\" \/>\n<meta property=\"article:modified_time\" content=\"2023-01-31T16:20:23+00:00\" \/>\n<meta property=\"og:image\" content=\"https:\/\/alpagasdumaquis.be\/wp-content\/uploads\/2023\/01\/products-VoucherSoigneurcarre-1.jpg\" \/>\n\t<meta property=\"og:image:width\" content=\"4000\" \/>\n\t<meta property=\"og:image:height\" content=\"4000\" \/>\n\t<meta property=\"og:image:type\" content=\"image\/jpeg\" \/>\n<meta name=\"twitter:card\" content=\"summary_large_image\" \/>\n<meta name=\"twitter:label1\" content=\"Est. reading time\" \/>\n\t<meta name=\"twitter:data1\" content=\"1 minute\" \/>\n<script type=\"application\/ld+json\" class=\"yoast-schema-graph\">{\"@context\":\"https:\\\/\\\/schema.org\",\"@graph\":[{\"@type\":\"WebPage\",\"@id\":\"https:\\\/\\\/alpagasdumaquis.be\\\/produit\\\/idee-cadeau-voucher-experience-soigneur-d-un-jour\\\/\",\"url\":\"https:\\\/\\\/alpagasdumaquis.be\\\/produit\\\/idee-cadeau-voucher-experience-soigneur-d-un-jour\\\/\",\"name\":\"***Id\u00e9e Cadeau*** Voucher Exp\u00e9rience \\\"Soigneur d'un jour\\\"\",\"isPartOf\":{\"@id\":\"https:\\\/\\\/alpagasdumaquis.be\\\/#website\"},\"primaryImageOfPage\":{\"@id\":\"https:\\\/\\\/alpagasdumaquis.be\\\/produit\\\/idee-cadeau-voucher-experience-soigneur-d-un-jour\\\/#primaryimage\"},\"image\":{\"@id\":\"https:\\\/\\\/alpagasdumaquis.be\\\/produit\\\/idee-cadeau-voucher-experience-soigneur-d-un-jour\\\/#primaryimage\"},\"thumbnailUrl\":\"https:\\\/\\\/alpagasdumaquis.be\\\/wp-content\\\/uploads\\\/2023\\\/01\\\/products-VoucherSoigneurcarre-1-scaled.jpg\",\"datePublished\":\"2020-03-28T12:58:50+00:00\",\"dateModified\":\"2023-01-31T16:20:23+00:00\",\"description\":\"Vous \u00eates \u00e0 la recherche d'un cadeau parfait pour une personne ch\u00e8re mais vous ne savez pas quoi lui acheter? Offrez-lui le cadeau\u00a0id\u00e9al avec une carte-cadeau Alpagas du Maquis pour une exp\u00e9rience \\\"Soigneur d'un Jour\\\", une inoubliable matin\u00e9e d'immersion au sein de notre ferme d'alpagas au coeur de l'Ardenne Belge. Retrouvez tous les d\u00e9tails et modalit\u00e9s sur notre page consacr\u00e9e \u00e0 cette exp\u00e9rience.Les cartes-cadeaux sont d\u00e9livr\u00e9es soit \u00e0 la boutique sur rendez-vous, soit par courrier d\u00e8s le lendemain de votre commande. Dans ce cas, merci de nous communiquer l'adresse d'envoi souhait\u00e9e ainsi que le nom \u00e0 mentionner dans la case \\\"de la part de\\\".\",\"breadcrumb\":{\"@id\":\"https:\\\/\\\/alpagasdumaquis.be\\\/produit\\\/idee-cadeau-voucher-experience-soigneur-d-un-jour\\\/#breadcrumb\"},\"inLanguage\":\"en-US\",\"potentialAction\":[{\"@type\":\"ReadAction\",\"target\":[\"https:\\\/\\\/alpagasdumaquis.be\\\/produit\\\/idee-cadeau-voucher-experience-soigneur-d-un-jour\\\/\"]}]},{\"@type\":\"ImageObject\",\"inLanguage\":\"en-US\",\"@id\":\"https:\\\/\\\/alpagasdumaquis.be\\\/produit\\\/idee-cadeau-voucher-experience-soigneur-d-un-jour\\\/#primaryimage\",\"url\":\"https:\\\/\\\/alpagasdumaquis.be\\\/wp-content\\\/uploads\\\/2023\\\/01\\\/products-VoucherSoigneurcarre-1-scaled.jpg\",\"contentUrl\":\"https:\\\/\\\/alpagasdumaquis.be\\\/wp-content\\\/uploads\\\/2023\\\/01\\\/products-VoucherSoigneurcarre-1-scaled.jpg\",\"width\":2560,\"height\":2560,\"caption\":\"***Id\u00e9e Cadeau*** Voucher Exp\u00e9rience \\\"Soigneur d'un jour\\\"\"},{\"@type\":\"BreadcrumbList\",\"@id\":\"https:\\\/\\\/alpagasdumaquis.be\\\/produit\\\/idee-cadeau-voucher-experience-soigneur-d-un-jour\\\/#breadcrumb\",\"itemListElement\":[{\"@type\":\"ListItem\",\"position\":1,\"name\":\"Accueil\",\"item\":\"https:\\\/\\\/alpagasdumaquis.be\\\/en\\\/alpagas-du-maquis-alpaca-breeding-spinning-mill-shop\\\/\"},{\"@type\":\"ListItem\",\"position\":2,\"name\":\"origin &#8211; Boutique\",\"item\":\"https:\\\/\\\/alpagasdumaquis.be\\\/boutique-origin\\\/\"},{\"@type\":\"ListItem\",\"position\":3,\"name\":\"***Id\u00e9e Cadeau*** Voucher Exp\u00e9rience &#8220;Soigneur d&#8217;un jour&#8221;\"}]},{\"@type\":\"WebSite\",\"@id\":\"https:\\\/\\\/alpagasdumaquis.be\\\/#website\",\"url\":\"https:\\\/\\\/alpagasdumaquis.be\\\/\",\"name\":\"Alpagas du Maquis\",\"description\":\"Quality Alpagas &amp; Fiber Mill\",\"publisher\":{\"@id\":\"https:\\\/\\\/alpagasdumaquis.be\\\/#organization\"},\"potentialAction\":[{\"@type\":\"SearchAction\",\"target\":{\"@type\":\"EntryPoint\",\"urlTemplate\":\"https:\\\/\\\/alpagasdumaquis.be\\\/?s={search_term_string}\"},\"query-input\":{\"@type\":\"PropertyValueSpecification\",\"valueRequired\":true,\"valueName\":\"search_term_string\"}}],\"inLanguage\":\"en-US\"},{\"@type\":\"Organization\",\"@id\":\"https:\\\/\\\/alpagasdumaquis.be\\\/#organization\",\"name\":\"Alpagas du Maquis\",\"url\":\"https:\\\/\\\/alpagasdumaquis.be\\\/\",\"logo\":{\"@type\":\"ImageObject\",\"inLanguage\":\"en-US\",\"@id\":\"https:\\\/\\\/alpagasdumaquis.be\\\/#\\\/schema\\\/logo\\\/image\\\/\",\"url\":\"https:\\\/\\\/alpagasdumaquis.be\\\/wp-content\\\/uploads\\\/2023\\\/07\\\/alpagas-logo.76cc389.webp\",\"contentUrl\":\"https:\\\/\\\/alpagasdumaquis.be\\\/wp-content\\\/uploads\\\/2023\\\/07\\\/alpagas-logo.76cc389.webp\",\"width\":200,\"height\":200,\"caption\":\"Alpagas du Maquis\"},\"image\":{\"@id\":\"https:\\\/\\\/alpagasdumaquis.be\\\/#\\\/schema\\\/logo\\\/image\\\/\"}}]}<\/script>\n<!-- \/ Yoast SEO plugin. -->","yoast_head_json":{"title":"***Id\u00e9e Cadeau*** Voucher Exp\u00e9rience \"Soigneur d'un jour\"","description":"Vous \u00eates \u00e0 la recherche d'un cadeau parfait pour une personne ch\u00e8re mais vous ne savez pas quoi lui acheter? Offrez-lui le cadeau\u00a0id\u00e9al avec une carte-cadeau Alpagas du Maquis pour une exp\u00e9rience \"Soigneur d'un Jour\", une inoubliable matin\u00e9e d'immersion au sein de notre ferme d'alpagas au coeur de l'Ardenne Belge. Retrouvez tous les d\u00e9tails et modalit\u00e9s sur notre page consacr\u00e9e \u00e0 cette exp\u00e9rience.Les cartes-cadeaux sont d\u00e9livr\u00e9es soit \u00e0 la boutique sur rendez-vous, soit par courrier d\u00e8s le lendemain de votre commande. Dans ce cas, merci de nous communiquer l'adresse d'envoi souhait\u00e9e ainsi que le nom \u00e0 mentionner dans la case \"de la part de\".","robots":{"index":"index","follow":"follow","max-snippet":"max-snippet:-1","max-image-preview":"max-image-preview:large","max-video-preview":"max-video-preview:-1"},"canonical":"https:\/\/alpagasdumaquis.be\/produit\/idee-cadeau-voucher-experience-soigneur-d-un-jour\/","og_locale":"en_US","og_type":"article","og_title":"***Id\u00e9e Cadeau*** Voucher Exp\u00e9rience \"Soigneur d'un jour\"","og_description":"Vous \u00eates \u00e0 la recherche d'un cadeau parfait pour une personne ch\u00e8re mais vous ne savez pas quoi lui acheter? Offrez-lui le cadeau\u00a0id\u00e9al avec une carte-cadeau Alpagas du Maquis pour une exp\u00e9rience \"Soigneur d'un Jour\", une inoubliable matin\u00e9e d'immersion au sein de notre ferme d'alpagas au coeur de l'Ardenne Belge. Retrouvez tous les d\u00e9tails et modalit\u00e9s sur notre page consacr\u00e9e \u00e0 cette exp\u00e9rience.Les cartes-cadeaux sont d\u00e9livr\u00e9es soit \u00e0 la boutique sur rendez-vous, soit par courrier d\u00e8s le lendemain de votre commande. Dans ce cas, merci de nous communiquer l'adresse d'envoi souhait\u00e9e ainsi que le nom \u00e0 mentionner dans la case \"de la part de\".","og_url":"https:\/\/alpagasdumaquis.be\/produit\/idee-cadeau-voucher-experience-soigneur-d-un-jour\/","og_site_name":"Alpagas du Maquis","article_modified_time":"2023-01-31T16:20:23+00:00","og_image":[{"width":4000,"height":4000,"url":"https:\/\/alpagasdumaquis.be\/wp-content\/uploads\/2023\/01\/products-VoucherSoigneurcarre-1.jpg","type":"image\/jpeg"}],"twitter_card":"summary_large_image","twitter_misc":{"Est. reading time":"1 minute"},"schema":{"@context":"https:\/\/schema.org","@graph":[{"@type":"WebPage","@id":"https:\/\/alpagasdumaquis.be\/produit\/idee-cadeau-voucher-experience-soigneur-d-un-jour\/","url":"https:\/\/alpagasdumaquis.be\/produit\/idee-cadeau-voucher-experience-soigneur-d-un-jour\/","name":"***Id\u00e9e Cadeau*** Voucher Exp\u00e9rience \"Soigneur d'un jour\"","isPartOf":{"@id":"https:\/\/alpagasdumaquis.be\/#website"},"primaryImageOfPage":{"@id":"https:\/\/alpagasdumaquis.be\/produit\/idee-cadeau-voucher-experience-soigneur-d-un-jour\/#primaryimage"},"image":{"@id":"https:\/\/alpagasdumaquis.be\/produit\/idee-cadeau-voucher-experience-soigneur-d-un-jour\/#primaryimage"},"thumbnailUrl":"https:\/\/alpagasdumaquis.be\/wp-content\/uploads\/2023\/01\/products-VoucherSoigneurcarre-1-scaled.jpg","datePublished":"2020-03-28T12:58:50+00:00","dateModified":"2023-01-31T16:20:23+00:00","description":"Vous \u00eates \u00e0 la recherche d'un cadeau parfait pour une personne ch\u00e8re mais vous ne savez pas quoi lui acheter? Offrez-lui le cadeau\u00a0id\u00e9al avec une carte-cadeau Alpagas du Maquis pour une exp\u00e9rience \"Soigneur d'un Jour\", une inoubliable matin\u00e9e d'immersion au sein de notre ferme d'alpagas au coeur de l'Ardenne Belge. Retrouvez tous les d\u00e9tails et modalit\u00e9s sur notre page consacr\u00e9e \u00e0 cette exp\u00e9rience.Les cartes-cadeaux sont d\u00e9livr\u00e9es soit \u00e0 la boutique sur rendez-vous, soit par courrier d\u00e8s le lendemain de votre commande. Dans ce cas, merci de nous communiquer l'adresse d'envoi souhait\u00e9e ainsi que le nom \u00e0 mentionner dans la case \"de la part de\".","breadcrumb":{"@id":"https:\/\/alpagasdumaquis.be\/produit\/idee-cadeau-voucher-experience-soigneur-d-un-jour\/#breadcrumb"},"inLanguage":"en-US","potentialAction":[{"@type":"ReadAction","target":["https:\/\/alpagasdumaquis.be\/produit\/idee-cadeau-voucher-experience-soigneur-d-un-jour\/"]}]},{"@type":"ImageObject","inLanguage":"en-US","@id":"https:\/\/alpagasdumaquis.be\/produit\/idee-cadeau-voucher-experience-soigneur-d-un-jour\/#primaryimage","url":"https:\/\/alpagasdumaquis.be\/wp-content\/uploads\/2023\/01\/products-VoucherSoigneurcarre-1-scaled.jpg","contentUrl":"https:\/\/alpagasdumaquis.be\/wp-content\/uploads\/2023\/01\/products-VoucherSoigneurcarre-1-scaled.jpg","width":2560,"height":2560,"caption":"***Id\u00e9e Cadeau*** Voucher Exp\u00e9rience \"Soigneur d'un jour\""},{"@type":"BreadcrumbList","@id":"https:\/\/alpagasdumaquis.be\/produit\/idee-cadeau-voucher-experience-soigneur-d-un-jour\/#breadcrumb","itemListElement":[{"@type":"ListItem","position":1,"name":"Accueil","item":"https:\/\/alpagasdumaquis.be\/en\/alpagas-du-maquis-alpaca-breeding-spinning-mill-shop\/"},{"@type":"ListItem","position":2,"name":"origin &#8211; Boutique","item":"https:\/\/alpagasdumaquis.be\/boutique-origin\/"},{"@type":"ListItem","position":3,"name":"***Id\u00e9e Cadeau*** Voucher Exp\u00e9rience &#8220;Soigneur d&#8217;un jour&#8221;"}]},{"@type":"WebSite","@id":"https:\/\/alpagasdumaquis.be\/#website","url":"https:\/\/alpagasdumaquis.be\/","name":"Alpagas du Maquis","description":"Quality Alpagas &amp; Fiber Mill","publisher":{"@id":"https:\/\/alpagasdumaquis.be\/#organization"},"potentialAction":[{"@type":"SearchAction","target":{"@type":"EntryPoint","urlTemplate":"https:\/\/alpagasdumaquis.be\/?s={search_term_string}"},"query-input":{"@type":"PropertyValueSpecification","valueRequired":true,"valueName":"search_term_string"}}],"inLanguage":"en-US"},{"@type":"Organization","@id":"https:\/\/alpagasdumaquis.be\/#organization","name":"Alpagas du Maquis","url":"https:\/\/alpagasdumaquis.be\/","logo":{"@type":"ImageObject","inLanguage":"en-US","@id":"https:\/\/alpagasdumaquis.be\/#\/schema\/logo\/image\/","url":"https:\/\/alpagasdumaquis.be\/wp-content\/uploads\/2023\/07\/alpagas-logo.76cc389.webp","contentUrl":"https:\/\/alpagasdumaquis.be\/wp-content\/uploads\/2023\/07\/alpagas-logo.76cc389.webp","width":200,"height":200,"caption":"Alpagas du Maquis"},"image":{"@id":"https:\/\/alpagasdumaquis.be\/#\/schema\/logo\/image\/"}}]}},"jetpack_sharing_enabled":true,"_links":{"self":[{"href":"https:\/\/alpagasdumaquis.be\/en\/wp-json\/wp\/v2\/product\/2170","targetHints":{"allow":["GET"]}}],"collection":[{"href":"https:\/\/alpagasdumaquis.be\/en\/wp-json\/wp\/v2\/product"}],"about":[{"href":"https:\/\/alpagasdumaquis.be\/en\/wp-json\/wp\/v2\/types\/product"}],"replies":[{"embeddable":true,"href":"https:\/\/alpagasdumaquis.be\/en\/wp-json\/wp\/v2\/comments?post=2170"}],"version-history":[{"count":0,"href":"https:\/\/alpagasdumaquis.be\/en\/wp-json\/wp\/v2\/product\/2170\/revisions"}],"wp:featuredmedia":[{"embeddable":true,"href":"https:\/\/alpagasdumaquis.be\/en\/wp-json\/wp\/v2\/media\/2171"}],"wp:attachment":[{"href":"https:\/\/alpagasdumaquis.be\/en\/wp-json\/wp\/v2\/media?parent=2170"}],"wp:term":[{"taxonomy":"product_brand","embeddable":true,"href":"https:\/\/alpagasdumaquis.be\/en\/wp-json\/wp\/v2\/product_brand?post=2170"},{"taxonomy":"product_cat","embeddable":true,"href":"https:\/\/alpagasdumaquis.be\/en\/wp-json\/wp\/v2\/product_cat?post=2170"},{"taxonomy":"product_tag","embeddable":true,"href":"https:\/\/alpagasdumaquis.be\/en\/wp-json\/wp\/v2\/product_tag?post=2170"}],"curies":[{"name":"wp","href":"https:\/\/api.w.org\/{rel}","templated":true}]}}