{"id":2200,"date":"2020-06-20T20:17:41","date_gmt":"2020-06-20T20:17:41","guid":{"rendered":"https:\/\/alpagasmaquis.be\/?post_type=product&#038;p=2200"},"modified":"2025-12-18T20:33:50","modified_gmt":"2025-12-18T19:33:50","slug":"chaussettes-trekking-2","status":"publish","type":"product","link":"https:\/\/alpagasdumaquis.be\/en\/produit\/chaussettes-trekking-2\/","title":{"rendered":"Chaussettes Trekking"},"content":{"rendered":"<p><meta charset=\"utf-8\"><meta charset=\"utf-8\"><\/p>\n<p><span>La plus polyvalente de toutes nos chaussettes.\u00a0Douce, chaude et respirante, id\u00e9ale pour toutes les activit\u00e9s de loisirs, de sport et de plein air.<\/span><\/p>\n<p><span>Ici, les propri\u00e9t\u00e9s ing\u00e9nieuses de l&#8217;alpaga prennent tout leur sens.\u00a0Gr\u00e2ce aux cavit\u00e9s microscopiques, la fibre d&#8217;alpaga a un effet compensateur de temp\u00e9rature.\u00a0Cela garantit une r\u00e9gulation climatique id\u00e9ale.\u00a0Cela garde vos pieds au sec et au chaud tout en \u00e9vitant la transpiration et les odeurs.\u00a0En raison de la faible proportion de lanoline (suint), cette chaussette est \u00e9galement id\u00e9ale pour les personnes allergiques et les personnes atteintes de neurodermatite.\u00a0<\/span><\/p>\n<p><span>Profitez de la sensation incroyablement douce de ces chaussettes.<\/span><\/p>\n<p><span>&#8211; Mati\u00e8re: 52% alpaga 18% laine 17% nylon 11% acrylique 2%\u00a0<\/span>\u00e9lasthane<br \/><span>&#8211; Respirant et r\u00e9gulant le climat: l&#8217;alpaga emp\u00eache les odeurs<\/span><br \/><span>&#8211; tenue parfaite gr\u00e2ce aux bords\u00a0en tricot c\u00f4tel\u00e9 fin, hauteur de la tige: 18 cm<\/span><br \/><span>&#8211; zone renforc\u00e9e du talon et des orteils<\/span><br \/><span>&#8211; coutures remaill\u00e9es<\/span><\/p>\n<p>\u00a0<\/p>\n","protected":false},"excerpt":{"rendered":"<p>La plus polyvalente de toutes nos chaussettes.\u00a0Douce, chaude et respirante, id\u00e9ale pour toutes les activit\u00e9s de loisirs, de sport et de plein air. Ici, les propri\u00e9t\u00e9s ing\u00e9nieuses de l&#8217;alpaga prennent tout leur sens.\u00a0Gr\u00e2ce aux cavit\u00e9s microscopiques, la fibre d&#8217;alpaga a un effet compensateur de temp\u00e9rature.\u00a0Cela garantit une r\u00e9gulation climatique id\u00e9ale.\u00a0Cela garde vos pieds au sec [&hellip;]<\/p>\n","protected":false},"featured_media":2205,"comment_status":"open","ping_status":"closed","template":"","meta":[],"product_brand":[58],"product_cat":[51],"product_tag":[],"class_list":{"0":"post-2200","1":"product","2":"type-product","3":"status-publish","4":"has-post-thumbnail","6":"product_brand-apu-kuntur","7":"product_cat-peru-mains-pieds-au-chaud-2","8":"pa_size-36-38-en","9":"pa_size-39-41-en","10":"pa_size-42-44-en","11":"pa_size-45-48-en","13":"first","14":"instock","15":"shipping-taxable","16":"purchasable","17":"product-type-variable"},"yoast_head":"<!-- This site is optimized with the Yoast SEO plugin v27.5 - https:\/\/yoast.com\/product\/yoast-seo-wordpress\/ -->\n<title>Chaussettes Trekking<\/title>\n<meta name=\"description\" content=\"La plus polyvalente de toutes nos chaussettes.\u00a0Douce, chaude et respirante, id\u00e9ale pour toutes les activit\u00e9s de loisirs, de sport et de plein air.Ici, les propri\u00e9t\u00e9s ing\u00e9nieuses de l&#039;alpaga prennent tout leur sens.\u00a0Gr\u00e2ce aux cavit\u00e9s microscopiques, la fibre d&#039;alpaga a un effet compensateur de temp\u00e9rature.\u00a0Cela garantit une r\u00e9gulation climatique id\u00e9ale.\u00a0Cela garde vos pieds au sec et au chaud tout en \u00e9vitant la transpiration et les odeurs.\u00a0En raison de la faible proportion de lanoline (suint), cette chaussette est \u00e9galement id\u00e9ale pour les personnes allergiques et les personnes atteintes de neurodermatite.\u00a0 Profitez de la sensation incroyablement douce de ces chaussettes.- Mati\u00e8re: 52% alpaga 18% laine 17% nylon 11% acrylique 2%\u00a0\u00e9lasthane- Respirant et r\u00e9gulant le climat: l&#039;alpaga emp\u00eache les odeurs- tenue parfaite gr\u00e2ce aux bords\u00a0en tricot c\u00f4tel\u00e9 fin, hauteur de la tige: 18 cm- zone renforc\u00e9e du talon et des orteils- coutures remaill\u00e9es \u00a0\" \/>\n<meta name=\"robots\" content=\"index, follow, max-snippet:-1, max-image-preview:large, max-video-preview:-1\" \/>\n<link rel=\"canonical\" href=\"https:\/\/alpagasdumaquis.be\/en\/produit\/chaussettes-trekking-2\/\" \/>\n<meta property=\"og:locale\" content=\"en_US\" \/>\n<meta property=\"og:type\" content=\"article\" \/>\n<meta property=\"og:title\" content=\"Chaussettes Trekking\" \/>\n<meta property=\"og:description\" content=\"La plus polyvalente de toutes nos chaussettes.\u00a0Douce, chaude et respirante, id\u00e9ale pour toutes les activit\u00e9s de loisirs, de sport et de plein air.Ici, les propri\u00e9t\u00e9s ing\u00e9nieuses de l&#039;alpaga prennent tout leur sens.\u00a0Gr\u00e2ce aux cavit\u00e9s microscopiques, la fibre d&#039;alpaga a un effet compensateur de temp\u00e9rature.\u00a0Cela garantit une r\u00e9gulation climatique id\u00e9ale.\u00a0Cela garde vos pieds au sec et au chaud tout en \u00e9vitant la transpiration et les odeurs.\u00a0En raison de la faible proportion de lanoline (suint), cette chaussette est \u00e9galement id\u00e9ale pour les personnes allergiques et les personnes atteintes de neurodermatite.\u00a0 Profitez de la sensation incroyablement douce de ces chaussettes.- Mati\u00e8re: 52% alpaga 18% laine 17% nylon 11% acrylique 2%\u00a0\u00e9lasthane- Respirant et r\u00e9gulant le climat: l&#039;alpaga emp\u00eache les odeurs- tenue parfaite gr\u00e2ce aux bords\u00a0en tricot c\u00f4tel\u00e9 fin, hauteur de la tige: 18 cm- zone renforc\u00e9e du talon et des orteils- coutures remaill\u00e9es \u00a0\" \/>\n<meta property=\"og:url\" content=\"https:\/\/alpagasdumaquis.be\/en\/produit\/chaussettes-trekking-2\/\" \/>\n<meta property=\"og:site_name\" content=\"Alpagas du Maquis\" \/>\n<meta property=\"article:modified_time\" content=\"2025-12-18T19:33:50+00:00\" \/>\n<meta property=\"og:image\" content=\"https:\/\/alpagasdumaquis.be\/wp-content\/uploads\/2020\/06\/products-6er-pack-alpaka-trekking-socken-outdoor-woll-strmpfe-wander-stutzen-von-apu-kuntur-fr-damen-und-herren-1.jpg\" \/>\n\t<meta property=\"og:image:width\" content=\"527\" \/>\n\t<meta property=\"og:image:height\" content=\"800\" \/>\n\t<meta property=\"og:image:type\" content=\"image\/jpeg\" \/>\n<meta name=\"twitter:card\" content=\"summary_large_image\" \/>\n<meta name=\"twitter:label1\" content=\"Est. reading time\" \/>\n\t<meta name=\"twitter:data1\" content=\"1 minute\" \/>\n<script type=\"application\/ld+json\" class=\"yoast-schema-graph\">{\"@context\":\"https:\\\/\\\/schema.org\",\"@graph\":[{\"@type\":\"WebPage\",\"@id\":\"https:\\\/\\\/alpagasdumaquis.be\\\/en\\\/produit\\\/chaussettes-trekking-2\\\/\",\"url\":\"https:\\\/\\\/alpagasdumaquis.be\\\/en\\\/produit\\\/chaussettes-trekking-2\\\/\",\"name\":\"Chaussettes Trekking\",\"isPartOf\":{\"@id\":\"https:\\\/\\\/alpagasdumaquis.be\\\/#website\"},\"primaryImageOfPage\":{\"@id\":\"https:\\\/\\\/alpagasdumaquis.be\\\/en\\\/produit\\\/chaussettes-trekking-2\\\/#primaryimage\"},\"image\":{\"@id\":\"https:\\\/\\\/alpagasdumaquis.be\\\/en\\\/produit\\\/chaussettes-trekking-2\\\/#primaryimage\"},\"thumbnailUrl\":\"https:\\\/\\\/alpagasdumaquis.be\\\/wp-content\\\/uploads\\\/2020\\\/06\\\/products-6er-pack-alpaka-trekking-socken-outdoor-woll-strmpfe-wander-stutzen-von-apu-kuntur-fr-damen-und-herren-1.jpg\",\"datePublished\":\"2020-06-20T20:17:41+00:00\",\"dateModified\":\"2025-12-18T19:33:50+00:00\",\"description\":\"La plus polyvalente de toutes nos chaussettes.\u00a0Douce, chaude et respirante, id\u00e9ale pour toutes les activit\u00e9s de loisirs, de sport et de plein air.Ici, les propri\u00e9t\u00e9s ing\u00e9nieuses de l'alpaga prennent tout leur sens.\u00a0Gr\u00e2ce aux cavit\u00e9s microscopiques, la fibre d'alpaga a un effet compensateur de temp\u00e9rature.\u00a0Cela garantit une r\u00e9gulation climatique id\u00e9ale.\u00a0Cela garde vos pieds au sec et au chaud tout en \u00e9vitant la transpiration et les odeurs.\u00a0En raison de la faible proportion de lanoline (suint), cette chaussette est \u00e9galement id\u00e9ale pour les personnes allergiques et les personnes atteintes de neurodermatite.\u00a0 Profitez de la sensation incroyablement douce de ces chaussettes.- Mati\u00e8re: 52% alpaga 18% laine 17% nylon 11% acrylique 2%\u00a0\u00e9lasthane- Respirant et r\u00e9gulant le climat: l'alpaga emp\u00eache les odeurs- tenue parfaite gr\u00e2ce aux bords\u00a0en tricot c\u00f4tel\u00e9 fin, hauteur de la tige: 18 cm- zone renforc\u00e9e du talon et des orteils- coutures remaill\u00e9es \u00a0\",\"breadcrumb\":{\"@id\":\"https:\\\/\\\/alpagasdumaquis.be\\\/en\\\/produit\\\/chaussettes-trekking-2\\\/#breadcrumb\"},\"inLanguage\":\"en-US\",\"potentialAction\":[{\"@type\":\"ReadAction\",\"target\":[\"https:\\\/\\\/alpagasdumaquis.be\\\/en\\\/produit\\\/chaussettes-trekking-2\\\/\"]}]},{\"@type\":\"ImageObject\",\"inLanguage\":\"en-US\",\"@id\":\"https:\\\/\\\/alpagasdumaquis.be\\\/en\\\/produit\\\/chaussettes-trekking-2\\\/#primaryimage\",\"url\":\"https:\\\/\\\/alpagasdumaquis.be\\\/wp-content\\\/uploads\\\/2020\\\/06\\\/products-6er-pack-alpaka-trekking-socken-outdoor-woll-strmpfe-wander-stutzen-von-apu-kuntur-fr-damen-und-herren-1.jpg\",\"contentUrl\":\"https:\\\/\\\/alpagasdumaquis.be\\\/wp-content\\\/uploads\\\/2020\\\/06\\\/products-6er-pack-alpaka-trekking-socken-outdoor-woll-strmpfe-wander-stutzen-von-apu-kuntur-fr-damen-und-herren-1.jpg\",\"width\":527,\"height\":800,\"caption\":\"Chaussettes Trekking\"},{\"@type\":\"BreadcrumbList\",\"@id\":\"https:\\\/\\\/alpagasdumaquis.be\\\/en\\\/produit\\\/chaussettes-trekking-2\\\/#breadcrumb\",\"itemListElement\":[{\"@type\":\"ListItem\",\"position\":1,\"name\":\"Accueil\",\"item\":\"https:\\\/\\\/alpagasdumaquis.be\\\/en\\\/alpagas-du-maquis-alpaca-breeding-spinning-mill-shop\\\/\"},{\"@type\":\"ListItem\",\"position\":2,\"name\":\"origin &#8211; Boutique\",\"item\":\"https:\\\/\\\/alpagasdumaquis.be\\\/boutique-origin\\\/\"},{\"@type\":\"ListItem\",\"position\":3,\"name\":\"Chaussettes Trekking\"}]},{\"@type\":\"WebSite\",\"@id\":\"https:\\\/\\\/alpagasdumaquis.be\\\/#website\",\"url\":\"https:\\\/\\\/alpagasdumaquis.be\\\/\",\"name\":\"Alpagas du Maquis\",\"description\":\"Quality Alpagas &amp; Fiber Mill\",\"publisher\":{\"@id\":\"https:\\\/\\\/alpagasdumaquis.be\\\/#organization\"},\"potentialAction\":[{\"@type\":\"SearchAction\",\"target\":{\"@type\":\"EntryPoint\",\"urlTemplate\":\"https:\\\/\\\/alpagasdumaquis.be\\\/?s={search_term_string}\"},\"query-input\":{\"@type\":\"PropertyValueSpecification\",\"valueRequired\":true,\"valueName\":\"search_term_string\"}}],\"inLanguage\":\"en-US\"},{\"@type\":\"Organization\",\"@id\":\"https:\\\/\\\/alpagasdumaquis.be\\\/#organization\",\"name\":\"Alpagas du Maquis\",\"url\":\"https:\\\/\\\/alpagasdumaquis.be\\\/\",\"logo\":{\"@type\":\"ImageObject\",\"inLanguage\":\"en-US\",\"@id\":\"https:\\\/\\\/alpagasdumaquis.be\\\/#\\\/schema\\\/logo\\\/image\\\/\",\"url\":\"https:\\\/\\\/alpagasdumaquis.be\\\/wp-content\\\/uploads\\\/2023\\\/07\\\/alpagas-logo.76cc389.webp\",\"contentUrl\":\"https:\\\/\\\/alpagasdumaquis.be\\\/wp-content\\\/uploads\\\/2023\\\/07\\\/alpagas-logo.76cc389.webp\",\"width\":200,\"height\":200,\"caption\":\"Alpagas du Maquis\"},\"image\":{\"@id\":\"https:\\\/\\\/alpagasdumaquis.be\\\/#\\\/schema\\\/logo\\\/image\\\/\"}}]}<\/script>\n<!-- \/ Yoast SEO plugin. -->","yoast_head_json":{"title":"Chaussettes Trekking","description":"La plus polyvalente de toutes nos chaussettes.\u00a0Douce, chaude et respirante, id\u00e9ale pour toutes les activit\u00e9s de loisirs, de sport et de plein air.Ici, les propri\u00e9t\u00e9s ing\u00e9nieuses de l'alpaga prennent tout leur sens.\u00a0Gr\u00e2ce aux cavit\u00e9s microscopiques, la fibre d'alpaga a un effet compensateur de temp\u00e9rature.\u00a0Cela garantit une r\u00e9gulation climatique id\u00e9ale.\u00a0Cela garde vos pieds au sec et au chaud tout en \u00e9vitant la transpiration et les odeurs.\u00a0En raison de la faible proportion de lanoline (suint), cette chaussette est \u00e9galement id\u00e9ale pour les personnes allergiques et les personnes atteintes de neurodermatite.\u00a0 Profitez de la sensation incroyablement douce de ces chaussettes.- Mati\u00e8re: 52% alpaga 18% laine 17% nylon 11% acrylique 2%\u00a0\u00e9lasthane- Respirant et r\u00e9gulant le climat: l'alpaga emp\u00eache les odeurs- tenue parfaite gr\u00e2ce aux bords\u00a0en tricot c\u00f4tel\u00e9 fin, hauteur de la tige: 18 cm- zone renforc\u00e9e du talon et des orteils- coutures remaill\u00e9es \u00a0","robots":{"index":"index","follow":"follow","max-snippet":"max-snippet:-1","max-image-preview":"max-image-preview:large","max-video-preview":"max-video-preview:-1"},"canonical":"https:\/\/alpagasdumaquis.be\/en\/produit\/chaussettes-trekking-2\/","og_locale":"en_US","og_type":"article","og_title":"Chaussettes Trekking","og_description":"La plus polyvalente de toutes nos chaussettes.\u00a0Douce, chaude et respirante, id\u00e9ale pour toutes les activit\u00e9s de loisirs, de sport et de plein air.Ici, les propri\u00e9t\u00e9s ing\u00e9nieuses de l'alpaga prennent tout leur sens.\u00a0Gr\u00e2ce aux cavit\u00e9s microscopiques, la fibre d'alpaga a un effet compensateur de temp\u00e9rature.\u00a0Cela garantit une r\u00e9gulation climatique id\u00e9ale.\u00a0Cela garde vos pieds au sec et au chaud tout en \u00e9vitant la transpiration et les odeurs.\u00a0En raison de la faible proportion de lanoline (suint), cette chaussette est \u00e9galement id\u00e9ale pour les personnes allergiques et les personnes atteintes de neurodermatite.\u00a0 Profitez de la sensation incroyablement douce de ces chaussettes.- Mati\u00e8re: 52% alpaga 18% laine 17% nylon 11% acrylique 2%\u00a0\u00e9lasthane- Respirant et r\u00e9gulant le climat: l'alpaga emp\u00eache les odeurs- tenue parfaite gr\u00e2ce aux bords\u00a0en tricot c\u00f4tel\u00e9 fin, hauteur de la tige: 18 cm- zone renforc\u00e9e du talon et des orteils- coutures remaill\u00e9es \u00a0","og_url":"https:\/\/alpagasdumaquis.be\/en\/produit\/chaussettes-trekking-2\/","og_site_name":"Alpagas du Maquis","article_modified_time":"2025-12-18T19:33:50+00:00","og_image":[{"width":527,"height":800,"url":"https:\/\/alpagasdumaquis.be\/wp-content\/uploads\/2020\/06\/products-6er-pack-alpaka-trekking-socken-outdoor-woll-strmpfe-wander-stutzen-von-apu-kuntur-fr-damen-und-herren-1.jpg","type":"image\/jpeg"}],"twitter_card":"summary_large_image","twitter_misc":{"Est. reading time":"1 minute"},"schema":{"@context":"https:\/\/schema.org","@graph":[{"@type":"WebPage","@id":"https:\/\/alpagasdumaquis.be\/en\/produit\/chaussettes-trekking-2\/","url":"https:\/\/alpagasdumaquis.be\/en\/produit\/chaussettes-trekking-2\/","name":"Chaussettes Trekking","isPartOf":{"@id":"https:\/\/alpagasdumaquis.be\/#website"},"primaryImageOfPage":{"@id":"https:\/\/alpagasdumaquis.be\/en\/produit\/chaussettes-trekking-2\/#primaryimage"},"image":{"@id":"https:\/\/alpagasdumaquis.be\/en\/produit\/chaussettes-trekking-2\/#primaryimage"},"thumbnailUrl":"https:\/\/alpagasdumaquis.be\/wp-content\/uploads\/2020\/06\/products-6er-pack-alpaka-trekking-socken-outdoor-woll-strmpfe-wander-stutzen-von-apu-kuntur-fr-damen-und-herren-1.jpg","datePublished":"2020-06-20T20:17:41+00:00","dateModified":"2025-12-18T19:33:50+00:00","description":"La plus polyvalente de toutes nos chaussettes.\u00a0Douce, chaude et respirante, id\u00e9ale pour toutes les activit\u00e9s de loisirs, de sport et de plein air.Ici, les propri\u00e9t\u00e9s ing\u00e9nieuses de l'alpaga prennent tout leur sens.\u00a0Gr\u00e2ce aux cavit\u00e9s microscopiques, la fibre d'alpaga a un effet compensateur de temp\u00e9rature.\u00a0Cela garantit une r\u00e9gulation climatique id\u00e9ale.\u00a0Cela garde vos pieds au sec et au chaud tout en \u00e9vitant la transpiration et les odeurs.\u00a0En raison de la faible proportion de lanoline (suint), cette chaussette est \u00e9galement id\u00e9ale pour les personnes allergiques et les personnes atteintes de neurodermatite.\u00a0 Profitez de la sensation incroyablement douce de ces chaussettes.- Mati\u00e8re: 52% alpaga 18% laine 17% nylon 11% acrylique 2%\u00a0\u00e9lasthane- Respirant et r\u00e9gulant le climat: l'alpaga emp\u00eache les odeurs- tenue parfaite gr\u00e2ce aux bords\u00a0en tricot c\u00f4tel\u00e9 fin, hauteur de la tige: 18 cm- zone renforc\u00e9e du talon et des orteils- coutures remaill\u00e9es \u00a0","breadcrumb":{"@id":"https:\/\/alpagasdumaquis.be\/en\/produit\/chaussettes-trekking-2\/#breadcrumb"},"inLanguage":"en-US","potentialAction":[{"@type":"ReadAction","target":["https:\/\/alpagasdumaquis.be\/en\/produit\/chaussettes-trekking-2\/"]}]},{"@type":"ImageObject","inLanguage":"en-US","@id":"https:\/\/alpagasdumaquis.be\/en\/produit\/chaussettes-trekking-2\/#primaryimage","url":"https:\/\/alpagasdumaquis.be\/wp-content\/uploads\/2020\/06\/products-6er-pack-alpaka-trekking-socken-outdoor-woll-strmpfe-wander-stutzen-von-apu-kuntur-fr-damen-und-herren-1.jpg","contentUrl":"https:\/\/alpagasdumaquis.be\/wp-content\/uploads\/2020\/06\/products-6er-pack-alpaka-trekking-socken-outdoor-woll-strmpfe-wander-stutzen-von-apu-kuntur-fr-damen-und-herren-1.jpg","width":527,"height":800,"caption":"Chaussettes Trekking"},{"@type":"BreadcrumbList","@id":"https:\/\/alpagasdumaquis.be\/en\/produit\/chaussettes-trekking-2\/#breadcrumb","itemListElement":[{"@type":"ListItem","position":1,"name":"Accueil","item":"https:\/\/alpagasdumaquis.be\/en\/alpagas-du-maquis-alpaca-breeding-spinning-mill-shop\/"},{"@type":"ListItem","position":2,"name":"origin &#8211; Boutique","item":"https:\/\/alpagasdumaquis.be\/boutique-origin\/"},{"@type":"ListItem","position":3,"name":"Chaussettes Trekking"}]},{"@type":"WebSite","@id":"https:\/\/alpagasdumaquis.be\/#website","url":"https:\/\/alpagasdumaquis.be\/","name":"Alpagas du Maquis","description":"Quality Alpagas &amp; Fiber Mill","publisher":{"@id":"https:\/\/alpagasdumaquis.be\/#organization"},"potentialAction":[{"@type":"SearchAction","target":{"@type":"EntryPoint","urlTemplate":"https:\/\/alpagasdumaquis.be\/?s={search_term_string}"},"query-input":{"@type":"PropertyValueSpecification","valueRequired":true,"valueName":"search_term_string"}}],"inLanguage":"en-US"},{"@type":"Organization","@id":"https:\/\/alpagasdumaquis.be\/#organization","name":"Alpagas du Maquis","url":"https:\/\/alpagasdumaquis.be\/","logo":{"@type":"ImageObject","inLanguage":"en-US","@id":"https:\/\/alpagasdumaquis.be\/#\/schema\/logo\/image\/","url":"https:\/\/alpagasdumaquis.be\/wp-content\/uploads\/2023\/07\/alpagas-logo.76cc389.webp","contentUrl":"https:\/\/alpagasdumaquis.be\/wp-content\/uploads\/2023\/07\/alpagas-logo.76cc389.webp","width":200,"height":200,"caption":"Alpagas du Maquis"},"image":{"@id":"https:\/\/alpagasdumaquis.be\/#\/schema\/logo\/image\/"}}]}},"jetpack_sharing_enabled":true,"_links":{"self":[{"href":"https:\/\/alpagasdumaquis.be\/en\/wp-json\/wp\/v2\/product\/2200","targetHints":{"allow":["GET"]}}],"collection":[{"href":"https:\/\/alpagasdumaquis.be\/en\/wp-json\/wp\/v2\/product"}],"about":[{"href":"https:\/\/alpagasdumaquis.be\/en\/wp-json\/wp\/v2\/types\/product"}],"replies":[{"embeddable":true,"href":"https:\/\/alpagasdumaquis.be\/en\/wp-json\/wp\/v2\/comments?post=2200"}],"version-history":[{"count":0,"href":"https:\/\/alpagasdumaquis.be\/en\/wp-json\/wp\/v2\/product\/2200\/revisions"}],"wp:featuredmedia":[{"embeddable":true,"href":"https:\/\/alpagasdumaquis.be\/en\/wp-json\/wp\/v2\/media\/2205"}],"wp:attachment":[{"href":"https:\/\/alpagasdumaquis.be\/en\/wp-json\/wp\/v2\/media?parent=2200"}],"wp:term":[{"taxonomy":"product_brand","embeddable":true,"href":"https:\/\/alpagasdumaquis.be\/en\/wp-json\/wp\/v2\/product_brand?post=2200"},{"taxonomy":"product_cat","embeddable":true,"href":"https:\/\/alpagasdumaquis.be\/en\/wp-json\/wp\/v2\/product_cat?post=2200"},{"taxonomy":"product_tag","embeddable":true,"href":"https:\/\/alpagasdumaquis.be\/en\/wp-json\/wp\/v2\/product_tag?post=2200"}],"curies":[{"name":"wp","href":"https:\/\/api.w.org\/{rel}","templated":true}]}}