{"id":2219,"date":"2020-06-20T20:26:59","date_gmt":"2020-06-20T20:26:59","guid":{"rendered":"https:\/\/alpagasmaquis.be\/?post_type=product&#038;p=2219"},"modified":"2025-12-18T20:33:50","modified_gmt":"2025-12-18T19:33:50","slug":"chaussettes-inca-2-coloris-2","status":"publish","type":"product","link":"https:\/\/alpagasdumaquis.be\/en\/produit\/chaussettes-inca-2-coloris-2\/","title":{"rendered":"Chaussettes Inca \/ 2 coloris"},"content":{"rendered":"<p><meta charset=\"utf-8\"><meta charset=\"utf-8\"><\/p>\n<p><span>Des couleurs magnifiquement coordonn\u00e9es dans un motif en tricot jacquard \u00e9labor\u00e9.<span>\u00a0<\/span>Ces bas de belle qualit\u00e9 viennent d&#8217;un m\u00e9lange de 95% de fibres naturelles!<span>\u00a0<\/span>Le pr\u00e9cieux alpaga est soutenu par du coton Pima pour plus de durabilit\u00e9 et de fermet\u00e9.<\/span><\/p>\n<p><span>Mati\u00e8re: 70% alpaga (baby alpaga) 25% coton pima 4% nylon 1% \u00e9lasthane<\/span><br \/><span>\u00e9troitement torsad\u00e9 pour une grande<span>\u00a0<\/span>durabilit\u00e9<\/span><\/p>\n<p><span>La mode naturelle\u00a0est si belle!<span>\u00a0<\/span>A donner, \u00e0 porter pour sortir, au bureau, pour No\u00ebl, pour un anniversaire, comme un petit cadeau &#8230;<\/span><\/p>\n","protected":false},"excerpt":{"rendered":"<p>Des couleurs magnifiquement coordonn\u00e9es dans un motif en tricot jacquard \u00e9labor\u00e9.\u00a0Ces bas de belle qualit\u00e9 viennent d&#8217;un m\u00e9lange de 95% de fibres naturelles!\u00a0Le pr\u00e9cieux alpaga est soutenu par du coton Pima pour plus de durabilit\u00e9 et de fermet\u00e9. Mati\u00e8re: 70% alpaga (baby alpaga) 25% coton pima 4% nylon 1% \u00e9lasthane\u00e9troitement torsad\u00e9 pour une grande\u00a0durabilit\u00e9 La [&hellip;]<\/p>\n","protected":false},"featured_media":5481,"comment_status":"open","ping_status":"closed","template":"","meta":[],"product_brand":[58],"product_cat":[51],"product_tag":[],"class_list":{"0":"post-2219","1":"product","2":"type-product","3":"status-publish","4":"has-post-thumbnail","6":"product_brand-apu-kuntur","7":"product_cat-peru-mains-pieds-au-chaud-2","8":"pa_couleur-bleu-abricot-en","9":"pa_couleur-sable-bleu-en","10":"pa_size-36-38-en","11":"pa_size-39-41-en","12":"pa_size-42-44-en","13":"pa_size-45-48-en","15":"first","16":"instock","17":"shipping-taxable","18":"purchasable","19":"product-type-variable"},"yoast_head":"<!-- This site is optimized with the Yoast SEO plugin v27.5 - https:\/\/yoast.com\/product\/yoast-seo-wordpress\/ -->\n<title>Chaussettes Inca \/ 2 coloris<\/title>\n<meta name=\"description\" content=\"Des couleurs magnifiquement coordonn\u00e9es dans un motif en tricot jacquard \u00e9labor\u00e9.\u00a0Ces bas de belle qualit\u00e9 viennent d&#039;un m\u00e9lange de 95% de fibres naturelles!\u00a0Le pr\u00e9cieux alpaga est soutenu par du coton Pima pour plus de durabilit\u00e9 et de fermet\u00e9.Mati\u00e8re: 70% alpaga (baby alpaga) 25% coton pima 4% nylon 1% \u00e9lasthane\u00e9troitement torsad\u00e9 pour une grande\u00a0durabilit\u00e9La mode naturelle\u00a0est si belle!\u00a0A donner, \u00e0 porter pour sortir, au bureau, pour No\u00ebl, pour un anniversaire, comme un petit cadeau ...\" \/>\n<meta name=\"robots\" content=\"index, follow, max-snippet:-1, max-image-preview:large, max-video-preview:-1\" \/>\n<link rel=\"canonical\" href=\"https:\/\/alpagasdumaquis.be\/en\/produit\/chaussettes-inca-2-coloris-2\/\" \/>\n<meta property=\"og:locale\" content=\"en_US\" \/>\n<meta property=\"og:type\" content=\"article\" \/>\n<meta property=\"og:title\" content=\"Chaussettes Inca \/ 2 coloris\" \/>\n<meta property=\"og:description\" content=\"Des couleurs magnifiquement coordonn\u00e9es dans un motif en tricot jacquard \u00e9labor\u00e9.\u00a0Ces bas de belle qualit\u00e9 viennent d&#039;un m\u00e9lange de 95% de fibres naturelles!\u00a0Le pr\u00e9cieux alpaga est soutenu par du coton Pima pour plus de durabilit\u00e9 et de fermet\u00e9.Mati\u00e8re: 70% alpaga (baby alpaga) 25% coton pima 4% nylon 1% \u00e9lasthane\u00e9troitement torsad\u00e9 pour une grande\u00a0durabilit\u00e9La mode naturelle\u00a0est si belle!\u00a0A donner, \u00e0 porter pour sortir, au bureau, pour No\u00ebl, pour un anniversaire, comme un petit cadeau ...\" \/>\n<meta property=\"og:url\" content=\"https:\/\/alpagasdumaquis.be\/en\/produit\/chaussettes-inca-2-coloris-2\/\" \/>\n<meta property=\"og:site_name\" content=\"Alpagas du Maquis\" \/>\n<meta property=\"article:modified_time\" content=\"2025-12-18T19:33:50+00:00\" \/>\n<meta property=\"og:image\" content=\"https:\/\/alpagasdumaquis.be\/wp-content\/uploads\/2020\/06\/alpaka-socken-inka-6er-pack-aus-70-baby-alpaka-25-pima-baumwolle.jpg\" \/>\n\t<meta property=\"og:image:width\" content=\"1500\" \/>\n\t<meta property=\"og:image:height\" content=\"2275\" \/>\n\t<meta property=\"og:image:type\" content=\"image\/jpeg\" \/>\n<meta name=\"twitter:card\" content=\"summary_large_image\" \/>\n<script type=\"application\/ld+json\" class=\"yoast-schema-graph\">{\"@context\":\"https:\\\/\\\/schema.org\",\"@graph\":[{\"@type\":\"WebPage\",\"@id\":\"https:\\\/\\\/alpagasdumaquis.be\\\/en\\\/produit\\\/chaussettes-inca-2-coloris-2\\\/\",\"url\":\"https:\\\/\\\/alpagasdumaquis.be\\\/en\\\/produit\\\/chaussettes-inca-2-coloris-2\\\/\",\"name\":\"Chaussettes Inca \\\/ 2 coloris\",\"isPartOf\":{\"@id\":\"https:\\\/\\\/alpagasdumaquis.be\\\/#website\"},\"primaryImageOfPage\":{\"@id\":\"https:\\\/\\\/alpagasdumaquis.be\\\/en\\\/produit\\\/chaussettes-inca-2-coloris-2\\\/#primaryimage\"},\"image\":{\"@id\":\"https:\\\/\\\/alpagasdumaquis.be\\\/en\\\/produit\\\/chaussettes-inca-2-coloris-2\\\/#primaryimage\"},\"thumbnailUrl\":\"https:\\\/\\\/alpagasdumaquis.be\\\/wp-content\\\/uploads\\\/2020\\\/06\\\/alpaka-socken-inka-6er-pack-aus-70-baby-alpaka-25-pima-baumwolle.jpg\",\"datePublished\":\"2020-06-20T20:26:59+00:00\",\"dateModified\":\"2025-12-18T19:33:50+00:00\",\"description\":\"Des couleurs magnifiquement coordonn\u00e9es dans un motif en tricot jacquard \u00e9labor\u00e9.\u00a0Ces bas de belle qualit\u00e9 viennent d'un m\u00e9lange de 95% de fibres naturelles!\u00a0Le pr\u00e9cieux alpaga est soutenu par du coton Pima pour plus de durabilit\u00e9 et de fermet\u00e9.Mati\u00e8re: 70% alpaga (baby alpaga) 25% coton pima 4% nylon 1% \u00e9lasthane\u00e9troitement torsad\u00e9 pour une grande\u00a0durabilit\u00e9La mode naturelle\u00a0est si belle!\u00a0A donner, \u00e0 porter pour sortir, au bureau, pour No\u00ebl, pour un anniversaire, comme un petit cadeau ...\",\"breadcrumb\":{\"@id\":\"https:\\\/\\\/alpagasdumaquis.be\\\/en\\\/produit\\\/chaussettes-inca-2-coloris-2\\\/#breadcrumb\"},\"inLanguage\":\"en-US\",\"potentialAction\":[{\"@type\":\"ReadAction\",\"target\":[\"https:\\\/\\\/alpagasdumaquis.be\\\/en\\\/produit\\\/chaussettes-inca-2-coloris-2\\\/\"]}]},{\"@type\":\"ImageObject\",\"inLanguage\":\"en-US\",\"@id\":\"https:\\\/\\\/alpagasdumaquis.be\\\/en\\\/produit\\\/chaussettes-inca-2-coloris-2\\\/#primaryimage\",\"url\":\"https:\\\/\\\/alpagasdumaquis.be\\\/wp-content\\\/uploads\\\/2020\\\/06\\\/alpaka-socken-inka-6er-pack-aus-70-baby-alpaka-25-pima-baumwolle.jpg\",\"contentUrl\":\"https:\\\/\\\/alpagasdumaquis.be\\\/wp-content\\\/uploads\\\/2020\\\/06\\\/alpaka-socken-inka-6er-pack-aus-70-baby-alpaka-25-pima-baumwolle.jpg\",\"width\":1500,\"height\":2275},{\"@type\":\"BreadcrumbList\",\"@id\":\"https:\\\/\\\/alpagasdumaquis.be\\\/en\\\/produit\\\/chaussettes-inca-2-coloris-2\\\/#breadcrumb\",\"itemListElement\":[{\"@type\":\"ListItem\",\"position\":1,\"name\":\"Accueil\",\"item\":\"https:\\\/\\\/alpagasdumaquis.be\\\/en\\\/alpagas-du-maquis-alpaca-breeding-spinning-mill-shop\\\/\"},{\"@type\":\"ListItem\",\"position\":2,\"name\":\"origin &#8211; Boutique\",\"item\":\"https:\\\/\\\/alpagasdumaquis.be\\\/boutique-origin\\\/\"},{\"@type\":\"ListItem\",\"position\":3,\"name\":\"Chaussettes Inca \\\/ 2 coloris\"}]},{\"@type\":\"WebSite\",\"@id\":\"https:\\\/\\\/alpagasdumaquis.be\\\/#website\",\"url\":\"https:\\\/\\\/alpagasdumaquis.be\\\/\",\"name\":\"Alpagas du Maquis\",\"description\":\"Quality Alpagas &amp; Fiber Mill\",\"publisher\":{\"@id\":\"https:\\\/\\\/alpagasdumaquis.be\\\/#organization\"},\"potentialAction\":[{\"@type\":\"SearchAction\",\"target\":{\"@type\":\"EntryPoint\",\"urlTemplate\":\"https:\\\/\\\/alpagasdumaquis.be\\\/?s={search_term_string}\"},\"query-input\":{\"@type\":\"PropertyValueSpecification\",\"valueRequired\":true,\"valueName\":\"search_term_string\"}}],\"inLanguage\":\"en-US\"},{\"@type\":\"Organization\",\"@id\":\"https:\\\/\\\/alpagasdumaquis.be\\\/#organization\",\"name\":\"Alpagas du Maquis\",\"url\":\"https:\\\/\\\/alpagasdumaquis.be\\\/\",\"logo\":{\"@type\":\"ImageObject\",\"inLanguage\":\"en-US\",\"@id\":\"https:\\\/\\\/alpagasdumaquis.be\\\/#\\\/schema\\\/logo\\\/image\\\/\",\"url\":\"https:\\\/\\\/alpagasdumaquis.be\\\/wp-content\\\/uploads\\\/2023\\\/07\\\/alpagas-logo.76cc389.webp\",\"contentUrl\":\"https:\\\/\\\/alpagasdumaquis.be\\\/wp-content\\\/uploads\\\/2023\\\/07\\\/alpagas-logo.76cc389.webp\",\"width\":200,\"height\":200,\"caption\":\"Alpagas du Maquis\"},\"image\":{\"@id\":\"https:\\\/\\\/alpagasdumaquis.be\\\/#\\\/schema\\\/logo\\\/image\\\/\"}}]}<\/script>\n<!-- \/ Yoast SEO plugin. -->","yoast_head_json":{"title":"Chaussettes Inca \/ 2 coloris","description":"Des couleurs magnifiquement coordonn\u00e9es dans un motif en tricot jacquard \u00e9labor\u00e9.\u00a0Ces bas de belle qualit\u00e9 viennent d'un m\u00e9lange de 95% de fibres naturelles!\u00a0Le pr\u00e9cieux alpaga est soutenu par du coton Pima pour plus de durabilit\u00e9 et de fermet\u00e9.Mati\u00e8re: 70% alpaga (baby alpaga) 25% coton pima 4% nylon 1% \u00e9lasthane\u00e9troitement torsad\u00e9 pour une grande\u00a0durabilit\u00e9La mode naturelle\u00a0est si belle!\u00a0A donner, \u00e0 porter pour sortir, au bureau, pour No\u00ebl, pour un anniversaire, comme un petit cadeau ...","robots":{"index":"index","follow":"follow","max-snippet":"max-snippet:-1","max-image-preview":"max-image-preview:large","max-video-preview":"max-video-preview:-1"},"canonical":"https:\/\/alpagasdumaquis.be\/en\/produit\/chaussettes-inca-2-coloris-2\/","og_locale":"en_US","og_type":"article","og_title":"Chaussettes Inca \/ 2 coloris","og_description":"Des couleurs magnifiquement coordonn\u00e9es dans un motif en tricot jacquard \u00e9labor\u00e9.\u00a0Ces bas de belle qualit\u00e9 viennent d'un m\u00e9lange de 95% de fibres naturelles!\u00a0Le pr\u00e9cieux alpaga est soutenu par du coton Pima pour plus de durabilit\u00e9 et de fermet\u00e9.Mati\u00e8re: 70% alpaga (baby alpaga) 25% coton pima 4% nylon 1% \u00e9lasthane\u00e9troitement torsad\u00e9 pour une grande\u00a0durabilit\u00e9La mode naturelle\u00a0est si belle!\u00a0A donner, \u00e0 porter pour sortir, au bureau, pour No\u00ebl, pour un anniversaire, comme un petit cadeau ...","og_url":"https:\/\/alpagasdumaquis.be\/en\/produit\/chaussettes-inca-2-coloris-2\/","og_site_name":"Alpagas du Maquis","article_modified_time":"2025-12-18T19:33:50+00:00","og_image":[{"width":1500,"height":2275,"url":"https:\/\/alpagasdumaquis.be\/wp-content\/uploads\/2020\/06\/alpaka-socken-inka-6er-pack-aus-70-baby-alpaka-25-pima-baumwolle.jpg","type":"image\/jpeg"}],"twitter_card":"summary_large_image","schema":{"@context":"https:\/\/schema.org","@graph":[{"@type":"WebPage","@id":"https:\/\/alpagasdumaquis.be\/en\/produit\/chaussettes-inca-2-coloris-2\/","url":"https:\/\/alpagasdumaquis.be\/en\/produit\/chaussettes-inca-2-coloris-2\/","name":"Chaussettes Inca \/ 2 coloris","isPartOf":{"@id":"https:\/\/alpagasdumaquis.be\/#website"},"primaryImageOfPage":{"@id":"https:\/\/alpagasdumaquis.be\/en\/produit\/chaussettes-inca-2-coloris-2\/#primaryimage"},"image":{"@id":"https:\/\/alpagasdumaquis.be\/en\/produit\/chaussettes-inca-2-coloris-2\/#primaryimage"},"thumbnailUrl":"https:\/\/alpagasdumaquis.be\/wp-content\/uploads\/2020\/06\/alpaka-socken-inka-6er-pack-aus-70-baby-alpaka-25-pima-baumwolle.jpg","datePublished":"2020-06-20T20:26:59+00:00","dateModified":"2025-12-18T19:33:50+00:00","description":"Des couleurs magnifiquement coordonn\u00e9es dans un motif en tricot jacquard \u00e9labor\u00e9.\u00a0Ces bas de belle qualit\u00e9 viennent d'un m\u00e9lange de 95% de fibres naturelles!\u00a0Le pr\u00e9cieux alpaga est soutenu par du coton Pima pour plus de durabilit\u00e9 et de fermet\u00e9.Mati\u00e8re: 70% alpaga (baby alpaga) 25% coton pima 4% nylon 1% \u00e9lasthane\u00e9troitement torsad\u00e9 pour une grande\u00a0durabilit\u00e9La mode naturelle\u00a0est si belle!\u00a0A donner, \u00e0 porter pour sortir, au bureau, pour No\u00ebl, pour un anniversaire, comme un petit cadeau ...","breadcrumb":{"@id":"https:\/\/alpagasdumaquis.be\/en\/produit\/chaussettes-inca-2-coloris-2\/#breadcrumb"},"inLanguage":"en-US","potentialAction":[{"@type":"ReadAction","target":["https:\/\/alpagasdumaquis.be\/en\/produit\/chaussettes-inca-2-coloris-2\/"]}]},{"@type":"ImageObject","inLanguage":"en-US","@id":"https:\/\/alpagasdumaquis.be\/en\/produit\/chaussettes-inca-2-coloris-2\/#primaryimage","url":"https:\/\/alpagasdumaquis.be\/wp-content\/uploads\/2020\/06\/alpaka-socken-inka-6er-pack-aus-70-baby-alpaka-25-pima-baumwolle.jpg","contentUrl":"https:\/\/alpagasdumaquis.be\/wp-content\/uploads\/2020\/06\/alpaka-socken-inka-6er-pack-aus-70-baby-alpaka-25-pima-baumwolle.jpg","width":1500,"height":2275},{"@type":"BreadcrumbList","@id":"https:\/\/alpagasdumaquis.be\/en\/produit\/chaussettes-inca-2-coloris-2\/#breadcrumb","itemListElement":[{"@type":"ListItem","position":1,"name":"Accueil","item":"https:\/\/alpagasdumaquis.be\/en\/alpagas-du-maquis-alpaca-breeding-spinning-mill-shop\/"},{"@type":"ListItem","position":2,"name":"origin &#8211; Boutique","item":"https:\/\/alpagasdumaquis.be\/boutique-origin\/"},{"@type":"ListItem","position":3,"name":"Chaussettes Inca \/ 2 coloris"}]},{"@type":"WebSite","@id":"https:\/\/alpagasdumaquis.be\/#website","url":"https:\/\/alpagasdumaquis.be\/","name":"Alpagas du Maquis","description":"Quality Alpagas &amp; Fiber Mill","publisher":{"@id":"https:\/\/alpagasdumaquis.be\/#organization"},"potentialAction":[{"@type":"SearchAction","target":{"@type":"EntryPoint","urlTemplate":"https:\/\/alpagasdumaquis.be\/?s={search_term_string}"},"query-input":{"@type":"PropertyValueSpecification","valueRequired":true,"valueName":"search_term_string"}}],"inLanguage":"en-US"},{"@type":"Organization","@id":"https:\/\/alpagasdumaquis.be\/#organization","name":"Alpagas du Maquis","url":"https:\/\/alpagasdumaquis.be\/","logo":{"@type":"ImageObject","inLanguage":"en-US","@id":"https:\/\/alpagasdumaquis.be\/#\/schema\/logo\/image\/","url":"https:\/\/alpagasdumaquis.be\/wp-content\/uploads\/2023\/07\/alpagas-logo.76cc389.webp","contentUrl":"https:\/\/alpagasdumaquis.be\/wp-content\/uploads\/2023\/07\/alpagas-logo.76cc389.webp","width":200,"height":200,"caption":"Alpagas du Maquis"},"image":{"@id":"https:\/\/alpagasdumaquis.be\/#\/schema\/logo\/image\/"}}]}},"jetpack_sharing_enabled":true,"_links":{"self":[{"href":"https:\/\/alpagasdumaquis.be\/en\/wp-json\/wp\/v2\/product\/2219","targetHints":{"allow":["GET"]}}],"collection":[{"href":"https:\/\/alpagasdumaquis.be\/en\/wp-json\/wp\/v2\/product"}],"about":[{"href":"https:\/\/alpagasdumaquis.be\/en\/wp-json\/wp\/v2\/types\/product"}],"replies":[{"embeddable":true,"href":"https:\/\/alpagasdumaquis.be\/en\/wp-json\/wp\/v2\/comments?post=2219"}],"version-history":[{"count":0,"href":"https:\/\/alpagasdumaquis.be\/en\/wp-json\/wp\/v2\/product\/2219\/revisions"}],"wp:featuredmedia":[{"embeddable":true,"href":"https:\/\/alpagasdumaquis.be\/en\/wp-json\/wp\/v2\/media\/5481"}],"wp:attachment":[{"href":"https:\/\/alpagasdumaquis.be\/en\/wp-json\/wp\/v2\/media?parent=2219"}],"wp:term":[{"taxonomy":"product_brand","embeddable":true,"href":"https:\/\/alpagasdumaquis.be\/en\/wp-json\/wp\/v2\/product_brand?post=2219"},{"taxonomy":"product_cat","embeddable":true,"href":"https:\/\/alpagasdumaquis.be\/en\/wp-json\/wp\/v2\/product_cat?post=2219"},{"taxonomy":"product_tag","embeddable":true,"href":"https:\/\/alpagasdumaquis.be\/en\/wp-json\/wp\/v2\/product_tag?post=2219"}],"curies":[{"name":"wp","href":"https:\/\/api.w.org\/{rel}","templated":true}]}}