{"id":2297,"date":"2020-11-22T16:43:54","date_gmt":"2020-11-22T15:43:54","guid":{"rendered":"https:\/\/alpagasmaquis.be\/?post_type=product&#038;p=2297"},"modified":"2023-07-27T16:58:22","modified_gmt":"2023-07-27T16:58:22","slug":"bandeau-essentiel-couvre-oreilles-mixte-3-coloris-2","status":"publish","type":"product","link":"https:\/\/alpagasdumaquis.be\/en\/produit\/bandeau-essentiel-couvre-oreilles-mixte-3-coloris-2\/","title":{"rendered":"Bandeau essentiel couvre oreilles mixte \/ 3 coloris"},"content":{"rendered":"<p>Le bandeau parfait qui couvre les oreilles enti\u00e8rement, un essentiel de l&#8217;\u00e9quipement d&#8217;hiver.<\/p>\n<p>Simplicit\u00e9 et \u00e9l\u00e9gance, tout en douceur&#8230;<\/p>\n<p>100% Baby Alpaca &#8211; Largeur environ 10cm<\/p>\n<p>\u00a0<\/p>\n","protected":false},"excerpt":{"rendered":"<p>Le bandeau parfait qui couvre les oreilles enti\u00e8rement, un essentiel de l&#8217;\u00e9quipement d&#8217;hiver. Simplicit\u00e9 et \u00e9l\u00e9gance, tout en douceur&#8230; 100% Baby Alpaca &#8211; Largeur environ 10cm \u00a0<\/p>\n","protected":false},"featured_media":2301,"comment_status":"open","ping_status":"open","template":"","meta":[],"product_brand":[58],"product_cat":[49],"product_tag":[],"class_list":{"0":"post-2297","1":"product","2":"type-product","3":"status-publish","4":"has-post-thumbnail","6":"product_brand-apu-kuntur","7":"product_cat-peru-tete-cou-bien-proteges-2","8":"pa_couleur-gris-en","9":"pa_couleur-noir-en","11":"first","12":"instock","13":"shipping-taxable","14":"purchasable","15":"product-type-variable"},"yoast_head":"<!-- This site is optimized with the Yoast SEO plugin v27.5 - https:\/\/yoast.com\/product\/yoast-seo-wordpress\/ -->\n<title>Bandeau essentiel couvre oreilles mixte \/ 3 coloris<\/title>\n<meta name=\"description\" content=\"Le bandeau parfait qui couvre les oreilles enti\u00e8rement, un essentiel de l&#039;\u00e9quipement d&#039;hiver. Simplicit\u00e9 et \u00e9l\u00e9gance, tout en douceur... 100% Baby Alpaca - Largeur environ 10cm \u00a0\" \/>\n<meta name=\"robots\" content=\"index, follow, max-snippet:-1, max-image-preview:large, max-video-preview:-1\" \/>\n<link rel=\"canonical\" href=\"https:\/\/alpagasdumaquis.be\/produit\/bandeau-essentiel-couvre-oreilles-mixte-3-coloris\/\" \/>\n<meta property=\"og:locale\" content=\"en_US\" \/>\n<meta property=\"og:type\" content=\"article\" \/>\n<meta property=\"og:title\" content=\"Bandeau essentiel couvre oreilles mixte \/ 3 coloris\" \/>\n<meta property=\"og:description\" content=\"Le bandeau parfait qui couvre les oreilles enti\u00e8rement, un essentiel de l&#039;\u00e9quipement d&#039;hiver. Simplicit\u00e9 et \u00e9l\u00e9gance, tout en douceur... 100% Baby Alpaca - Largeur environ 10cm \u00a0\" \/>\n<meta property=\"og:url\" content=\"https:\/\/alpagasdumaquis.be\/produit\/bandeau-essentiel-couvre-oreilles-mixte-3-coloris\/\" \/>\n<meta property=\"og:site_name\" content=\"Alpagas du Maquis\" \/>\n<meta property=\"article:modified_time\" content=\"2023-07-27T16:58:22+00:00\" \/>\n<meta property=\"og:image\" content=\"https:\/\/alpagasdumaquis.be\/wp-content\/uploads\/2023\/07\/products-1alpaka-stirnband-uni-aus-100-baby-alpaka-1.jpg\" \/>\n\t<meta property=\"og:image:width\" content=\"527\" \/>\n\t<meta property=\"og:image:height\" content=\"800\" \/>\n\t<meta property=\"og:image:type\" content=\"image\/jpeg\" \/>\n<meta name=\"twitter:card\" content=\"summary_large_image\" \/>\n<script type=\"application\/ld+json\" class=\"yoast-schema-graph\">{\"@context\":\"https:\\\/\\\/schema.org\",\"@graph\":[{\"@type\":\"WebPage\",\"@id\":\"https:\\\/\\\/alpagasdumaquis.be\\\/produit\\\/bandeau-essentiel-couvre-oreilles-mixte-3-coloris\\\/\",\"url\":\"https:\\\/\\\/alpagasdumaquis.be\\\/produit\\\/bandeau-essentiel-couvre-oreilles-mixte-3-coloris\\\/\",\"name\":\"Bandeau essentiel couvre oreilles mixte \\\/ 3 coloris\",\"isPartOf\":{\"@id\":\"https:\\\/\\\/alpagasdumaquis.be\\\/#website\"},\"primaryImageOfPage\":{\"@id\":\"https:\\\/\\\/alpagasdumaquis.be\\\/produit\\\/bandeau-essentiel-couvre-oreilles-mixte-3-coloris\\\/#primaryimage\"},\"image\":{\"@id\":\"https:\\\/\\\/alpagasdumaquis.be\\\/produit\\\/bandeau-essentiel-couvre-oreilles-mixte-3-coloris\\\/#primaryimage\"},\"thumbnailUrl\":\"https:\\\/\\\/alpagasdumaquis.be\\\/wp-content\\\/uploads\\\/2023\\\/07\\\/products-1alpaka-stirnband-uni-aus-100-baby-alpaka-1.jpg\",\"datePublished\":\"2020-11-22T15:43:54+00:00\",\"dateModified\":\"2023-07-27T16:58:22+00:00\",\"description\":\"Le bandeau parfait qui couvre les oreilles enti\u00e8rement, un essentiel de l'\u00e9quipement d'hiver. Simplicit\u00e9 et \u00e9l\u00e9gance, tout en douceur... 100% Baby Alpaca - Largeur environ 10cm \u00a0\",\"breadcrumb\":{\"@id\":\"https:\\\/\\\/alpagasdumaquis.be\\\/produit\\\/bandeau-essentiel-couvre-oreilles-mixte-3-coloris\\\/#breadcrumb\"},\"inLanguage\":\"en-US\",\"potentialAction\":[{\"@type\":\"ReadAction\",\"target\":[\"https:\\\/\\\/alpagasdumaquis.be\\\/produit\\\/bandeau-essentiel-couvre-oreilles-mixte-3-coloris\\\/\"]}]},{\"@type\":\"ImageObject\",\"inLanguage\":\"en-US\",\"@id\":\"https:\\\/\\\/alpagasdumaquis.be\\\/produit\\\/bandeau-essentiel-couvre-oreilles-mixte-3-coloris\\\/#primaryimage\",\"url\":\"https:\\\/\\\/alpagasdumaquis.be\\\/wp-content\\\/uploads\\\/2023\\\/07\\\/products-1alpaka-stirnband-uni-aus-100-baby-alpaka-1.jpg\",\"contentUrl\":\"https:\\\/\\\/alpagasdumaquis.be\\\/wp-content\\\/uploads\\\/2023\\\/07\\\/products-1alpaka-stirnband-uni-aus-100-baby-alpaka-1.jpg\",\"width\":527,\"height\":800,\"caption\":\"Bandeau essentiel couvre oreilles mixte \\\/ 3 coloris\"},{\"@type\":\"BreadcrumbList\",\"@id\":\"https:\\\/\\\/alpagasdumaquis.be\\\/produit\\\/bandeau-essentiel-couvre-oreilles-mixte-3-coloris\\\/#breadcrumb\",\"itemListElement\":[{\"@type\":\"ListItem\",\"position\":1,\"name\":\"Accueil\",\"item\":\"https:\\\/\\\/alpagasdumaquis.be\\\/en\\\/alpagas-du-maquis-alpaca-breeding-spinning-mill-shop\\\/\"},{\"@type\":\"ListItem\",\"position\":2,\"name\":\"origin &#8211; Boutique\",\"item\":\"https:\\\/\\\/alpagasdumaquis.be\\\/boutique-origin\\\/\"},{\"@type\":\"ListItem\",\"position\":3,\"name\":\"Bandeau essentiel couvre oreilles mixte \\\/ 3 coloris\"}]},{\"@type\":\"WebSite\",\"@id\":\"https:\\\/\\\/alpagasdumaquis.be\\\/#website\",\"url\":\"https:\\\/\\\/alpagasdumaquis.be\\\/\",\"name\":\"Alpagas du Maquis\",\"description\":\"Quality Alpagas &amp; Fiber Mill\",\"publisher\":{\"@id\":\"https:\\\/\\\/alpagasdumaquis.be\\\/#organization\"},\"potentialAction\":[{\"@type\":\"SearchAction\",\"target\":{\"@type\":\"EntryPoint\",\"urlTemplate\":\"https:\\\/\\\/alpagasdumaquis.be\\\/?s={search_term_string}\"},\"query-input\":{\"@type\":\"PropertyValueSpecification\",\"valueRequired\":true,\"valueName\":\"search_term_string\"}}],\"inLanguage\":\"en-US\"},{\"@type\":\"Organization\",\"@id\":\"https:\\\/\\\/alpagasdumaquis.be\\\/#organization\",\"name\":\"Alpagas du Maquis\",\"url\":\"https:\\\/\\\/alpagasdumaquis.be\\\/\",\"logo\":{\"@type\":\"ImageObject\",\"inLanguage\":\"en-US\",\"@id\":\"https:\\\/\\\/alpagasdumaquis.be\\\/#\\\/schema\\\/logo\\\/image\\\/\",\"url\":\"https:\\\/\\\/alpagasdumaquis.be\\\/wp-content\\\/uploads\\\/2023\\\/07\\\/alpagas-logo.76cc389.webp\",\"contentUrl\":\"https:\\\/\\\/alpagasdumaquis.be\\\/wp-content\\\/uploads\\\/2023\\\/07\\\/alpagas-logo.76cc389.webp\",\"width\":200,\"height\":200,\"caption\":\"Alpagas du Maquis\"},\"image\":{\"@id\":\"https:\\\/\\\/alpagasdumaquis.be\\\/#\\\/schema\\\/logo\\\/image\\\/\"}}]}<\/script>\n<!-- \/ Yoast SEO plugin. -->","yoast_head_json":{"title":"Bandeau essentiel couvre oreilles mixte \/ 3 coloris","description":"Le bandeau parfait qui couvre les oreilles enti\u00e8rement, un essentiel de l'\u00e9quipement d'hiver. Simplicit\u00e9 et \u00e9l\u00e9gance, tout en douceur... 100% Baby Alpaca - Largeur environ 10cm \u00a0","robots":{"index":"index","follow":"follow","max-snippet":"max-snippet:-1","max-image-preview":"max-image-preview:large","max-video-preview":"max-video-preview:-1"},"canonical":"https:\/\/alpagasdumaquis.be\/produit\/bandeau-essentiel-couvre-oreilles-mixte-3-coloris\/","og_locale":"en_US","og_type":"article","og_title":"Bandeau essentiel couvre oreilles mixte \/ 3 coloris","og_description":"Le bandeau parfait qui couvre les oreilles enti\u00e8rement, un essentiel de l'\u00e9quipement d'hiver. Simplicit\u00e9 et \u00e9l\u00e9gance, tout en douceur... 100% Baby Alpaca - Largeur environ 10cm \u00a0","og_url":"https:\/\/alpagasdumaquis.be\/produit\/bandeau-essentiel-couvre-oreilles-mixte-3-coloris\/","og_site_name":"Alpagas du Maquis","article_modified_time":"2023-07-27T16:58:22+00:00","og_image":[{"width":527,"height":800,"url":"https:\/\/alpagasdumaquis.be\/wp-content\/uploads\/2023\/07\/products-1alpaka-stirnband-uni-aus-100-baby-alpaka-1.jpg","type":"image\/jpeg"}],"twitter_card":"summary_large_image","schema":{"@context":"https:\/\/schema.org","@graph":[{"@type":"WebPage","@id":"https:\/\/alpagasdumaquis.be\/produit\/bandeau-essentiel-couvre-oreilles-mixte-3-coloris\/","url":"https:\/\/alpagasdumaquis.be\/produit\/bandeau-essentiel-couvre-oreilles-mixte-3-coloris\/","name":"Bandeau essentiel couvre oreilles mixte \/ 3 coloris","isPartOf":{"@id":"https:\/\/alpagasdumaquis.be\/#website"},"primaryImageOfPage":{"@id":"https:\/\/alpagasdumaquis.be\/produit\/bandeau-essentiel-couvre-oreilles-mixte-3-coloris\/#primaryimage"},"image":{"@id":"https:\/\/alpagasdumaquis.be\/produit\/bandeau-essentiel-couvre-oreilles-mixte-3-coloris\/#primaryimage"},"thumbnailUrl":"https:\/\/alpagasdumaquis.be\/wp-content\/uploads\/2023\/07\/products-1alpaka-stirnband-uni-aus-100-baby-alpaka-1.jpg","datePublished":"2020-11-22T15:43:54+00:00","dateModified":"2023-07-27T16:58:22+00:00","description":"Le bandeau parfait qui couvre les oreilles enti\u00e8rement, un essentiel de l'\u00e9quipement d'hiver. Simplicit\u00e9 et \u00e9l\u00e9gance, tout en douceur... 100% Baby Alpaca - Largeur environ 10cm \u00a0","breadcrumb":{"@id":"https:\/\/alpagasdumaquis.be\/produit\/bandeau-essentiel-couvre-oreilles-mixte-3-coloris\/#breadcrumb"},"inLanguage":"en-US","potentialAction":[{"@type":"ReadAction","target":["https:\/\/alpagasdumaquis.be\/produit\/bandeau-essentiel-couvre-oreilles-mixte-3-coloris\/"]}]},{"@type":"ImageObject","inLanguage":"en-US","@id":"https:\/\/alpagasdumaquis.be\/produit\/bandeau-essentiel-couvre-oreilles-mixte-3-coloris\/#primaryimage","url":"https:\/\/alpagasdumaquis.be\/wp-content\/uploads\/2023\/07\/products-1alpaka-stirnband-uni-aus-100-baby-alpaka-1.jpg","contentUrl":"https:\/\/alpagasdumaquis.be\/wp-content\/uploads\/2023\/07\/products-1alpaka-stirnband-uni-aus-100-baby-alpaka-1.jpg","width":527,"height":800,"caption":"Bandeau essentiel couvre oreilles mixte \/ 3 coloris"},{"@type":"BreadcrumbList","@id":"https:\/\/alpagasdumaquis.be\/produit\/bandeau-essentiel-couvre-oreilles-mixte-3-coloris\/#breadcrumb","itemListElement":[{"@type":"ListItem","position":1,"name":"Accueil","item":"https:\/\/alpagasdumaquis.be\/en\/alpagas-du-maquis-alpaca-breeding-spinning-mill-shop\/"},{"@type":"ListItem","position":2,"name":"origin &#8211; Boutique","item":"https:\/\/alpagasdumaquis.be\/boutique-origin\/"},{"@type":"ListItem","position":3,"name":"Bandeau essentiel couvre oreilles mixte \/ 3 coloris"}]},{"@type":"WebSite","@id":"https:\/\/alpagasdumaquis.be\/#website","url":"https:\/\/alpagasdumaquis.be\/","name":"Alpagas du Maquis","description":"Quality Alpagas &amp; Fiber Mill","publisher":{"@id":"https:\/\/alpagasdumaquis.be\/#organization"},"potentialAction":[{"@type":"SearchAction","target":{"@type":"EntryPoint","urlTemplate":"https:\/\/alpagasdumaquis.be\/?s={search_term_string}"},"query-input":{"@type":"PropertyValueSpecification","valueRequired":true,"valueName":"search_term_string"}}],"inLanguage":"en-US"},{"@type":"Organization","@id":"https:\/\/alpagasdumaquis.be\/#organization","name":"Alpagas du Maquis","url":"https:\/\/alpagasdumaquis.be\/","logo":{"@type":"ImageObject","inLanguage":"en-US","@id":"https:\/\/alpagasdumaquis.be\/#\/schema\/logo\/image\/","url":"https:\/\/alpagasdumaquis.be\/wp-content\/uploads\/2023\/07\/alpagas-logo.76cc389.webp","contentUrl":"https:\/\/alpagasdumaquis.be\/wp-content\/uploads\/2023\/07\/alpagas-logo.76cc389.webp","width":200,"height":200,"caption":"Alpagas du Maquis"},"image":{"@id":"https:\/\/alpagasdumaquis.be\/#\/schema\/logo\/image\/"}}]}},"jetpack_sharing_enabled":true,"_links":{"self":[{"href":"https:\/\/alpagasdumaquis.be\/en\/wp-json\/wp\/v2\/product\/2297","targetHints":{"allow":["GET"]}}],"collection":[{"href":"https:\/\/alpagasdumaquis.be\/en\/wp-json\/wp\/v2\/product"}],"about":[{"href":"https:\/\/alpagasdumaquis.be\/en\/wp-json\/wp\/v2\/types\/product"}],"replies":[{"embeddable":true,"href":"https:\/\/alpagasdumaquis.be\/en\/wp-json\/wp\/v2\/comments?post=2297"}],"version-history":[{"count":0,"href":"https:\/\/alpagasdumaquis.be\/en\/wp-json\/wp\/v2\/product\/2297\/revisions"}],"wp:featuredmedia":[{"embeddable":true,"href":"https:\/\/alpagasdumaquis.be\/en\/wp-json\/wp\/v2\/media\/2301"}],"wp:attachment":[{"href":"https:\/\/alpagasdumaquis.be\/en\/wp-json\/wp\/v2\/media?parent=2297"}],"wp:term":[{"taxonomy":"product_brand","embeddable":true,"href":"https:\/\/alpagasdumaquis.be\/en\/wp-json\/wp\/v2\/product_brand?post=2297"},{"taxonomy":"product_cat","embeddable":true,"href":"https:\/\/alpagasdumaquis.be\/en\/wp-json\/wp\/v2\/product_cat?post=2297"},{"taxonomy":"product_tag","embeddable":true,"href":"https:\/\/alpagasdumaquis.be\/en\/wp-json\/wp\/v2\/product_tag?post=2297"}],"curies":[{"name":"wp","href":"https:\/\/api.w.org\/{rel}","templated":true}]}}