{"id":2804,"date":"2021-10-21T15:25:43","date_gmt":"2021-10-21T15:25:43","guid":{"rendered":"https:\/\/alpagasmaquis.be\/?post_type=product&#038;p=2804"},"modified":"2023-07-05T12:25:50","modified_gmt":"2023-07-05T12:25:50","slug":"echarpe-tripoli-sepia-gris-argent-2","status":"publish","type":"product","link":"https:\/\/alpagasdumaquis.be\/en\/produit\/echarpe-tripoli-sepia-gris-argent-2\/","title":{"rendered":"Echarpe Tripoli Sepia &#038; Gris argent"},"content":{"rendered":"<p><meta charset=\"utf-8\"><\/p>\n<p><span mce-data-marked=\"1\">Un monde de douceur pour cette \u00e9charpe 100% Baby Alpaca et 100% Made In Belgium.\u00a0<\/span><\/p>\n<p>Tout est r\u00e9alis\u00e9 avec soin par l&#8217;\u00e9quipe Alpagas du Maquis, de la tonte jusqu&#8217;au produit fini, durable et compl\u00e8tement naturel.<\/p>\n<p>Il n&#8217;y a pas plus Fair-Trade et Eco-responsable et de plus, vous faites preuve de soutien envers l&#8217;artisanat et l&#8217;entrepreneuriat\u00a0belge et wallon.<\/p>\n<p>Wallorisons nos savoir-faire!\u00a0<\/p>\n<p><meta charset=\"utf-8\"><\/p>\n","protected":false},"excerpt":{"rendered":"<p>Un monde de douceur pour cette \u00e9charpe 100% Baby Alpaca et 100% Made In Belgium.\u00a0 Tout est r\u00e9alis\u00e9 avec soin par l&#8217;\u00e9quipe Alpagas du Maquis, de la tonte jusqu&#8217;au produit fini, durable et compl\u00e8tement naturel. Il n&#8217;y a pas plus Fair-Trade et Eco-responsable et de plus, vous faites preuve de soutien envers l&#8217;artisanat et l&#8217;entrepreneuriat\u00a0belge [&hellip;]<\/p>\n","protected":false},"featured_media":2805,"comment_status":"open","ping_status":"open","template":"","meta":[],"product_brand":[54],"product_cat":[43],"product_tag":[67,123,124,69,70,105,127,75,76,125],"class_list":{"0":"post-2804","1":"product","2":"type-product","3":"status-publish","4":"has-post-thumbnail","6":"product_brand-alpagas-du-maquis","7":"product_cat-homemade-don-t-miss-out","8":"product_tag-alpaca","9":"product_tag-alpaca-scarf","10":"product_tag-alpaca-stole","11":"product_tag-alpaga","12":"product_tag-baby-alpaca","13":"product_tag-echarpe","14":"product_tag-echarpe-alpaga","15":"product_tag-fait-maison","16":"product_tag-handmade","17":"product_tag-scarf","18":"pa_alpaga1-hyppolite-fauve-12-4-issu-d-une-lignee-de-champion-cet-alpaga-a-remporte-plusieurs-prix-dans-les-concours-internationaux-sa-fibre-est-d-une-qualite-rare-en","19":"pa_alpaga2-hey-jude-gris-14-4-un-superbe-alpaga-a-la-toison-grise-multi-champion-dans-de-nombreux-concours-en","20":"pa_alpaga3-hyppolite-fauve-12-4-issu-d-une-lignee-de-champion-cet-alpaga-a-remporte-plusieurs-prix-dans-les-concours-internationaux-sa-fibre-est-d-une-qualite-rare-4","21":"pa_alpaga4-hyppolite-fauve-12-4-issu-d-une-lignee-de-champion-cet-alpaga-a-remporte-plusieurs-prix-dans-les-concours-internationaux-sa-fibre-est-d-une-qualite-rare-5","22":"pa_alpaga5-hey-jude-gris-14-4-un-superbe-alpaga-a-la-toison-grise-multi-champion-dans-de-nombreux-concours-3","24":"first","25":"instock","26":"shipping-taxable","27":"purchasable","28":"product-type-simple"},"yoast_head":"<!-- This site is optimized with the Yoast SEO plugin v27.3 - https:\/\/yoast.com\/product\/yoast-seo-wordpress\/ -->\n<title>Echarpe Tripoli Sepia &amp; Gris argent<\/title>\n<meta name=\"description\" content=\"Un monde de douceur pour cette \u00e9charpe 100% Baby Alpaca et 100% Made In Belgium.\u00a0 Tout est r\u00e9alis\u00e9 avec soin par l&#039;\u00e9quipe Alpagas du Maquis, de la tonte jusqu&#039;au produit fini, durable et compl\u00e8tement naturel. Il n&#039;y a pas plus Fair-Trade et Eco-responsable et de plus, vous faites preuve de soutien envers l&#039;artisanat et l&#039;entrepreneuriat\u00a0belge et wallon. Wallorisons nos savoir-faire!\u00a0\" \/>\n<meta name=\"robots\" content=\"index, follow, max-snippet:-1, max-image-preview:large, max-video-preview:-1\" \/>\n<link rel=\"canonical\" href=\"https:\/\/alpagasdumaquis.be\/produit\/echarpe-tripoli-sepia-gris-argent\/\" \/>\n<meta property=\"og:locale\" content=\"en_US\" \/>\n<meta property=\"og:type\" content=\"article\" \/>\n<meta property=\"og:title\" content=\"Echarpe Tripoli Sepia &amp; Gris argent\" \/>\n<meta property=\"og:description\" content=\"Un monde de douceur pour cette \u00e9charpe 100% Baby Alpaca et 100% Made In Belgium.\u00a0 Tout est r\u00e9alis\u00e9 avec soin par l&#039;\u00e9quipe Alpagas du Maquis, de la tonte jusqu&#039;au produit fini, durable et compl\u00e8tement naturel. Il n&#039;y a pas plus Fair-Trade et Eco-responsable et de plus, vous faites preuve de soutien envers l&#039;artisanat et l&#039;entrepreneuriat\u00a0belge et wallon. Wallorisons nos savoir-faire!\u00a0\" \/>\n<meta property=\"og:url\" content=\"https:\/\/alpagasdumaquis.be\/produit\/echarpe-tripoli-sepia-gris-argent\/\" \/>\n<meta property=\"og:site_name\" content=\"Alpagas du Maquis\" \/>\n<meta property=\"article:modified_time\" content=\"2023-07-05T12:25:50+00:00\" \/>\n<meta property=\"og:image\" content=\"https:\/\/alpagasdumaquis.be\/wp-content\/uploads\/2023\/07\/products-Tripoli._1_844f6fe1-2150-48fb-bb6f-5e5e8ef44daa-1.jpg\" \/>\n\t<meta property=\"og:image:width\" content=\"674\" \/>\n\t<meta property=\"og:image:height\" content=\"901\" \/>\n\t<meta property=\"og:image:type\" content=\"image\/jpeg\" \/>\n<meta name=\"twitter:card\" content=\"summary_large_image\" \/>\n<script type=\"application\/ld+json\" class=\"yoast-schema-graph\">{\"@context\":\"https:\\\/\\\/schema.org\",\"@graph\":[{\"@type\":\"WebPage\",\"@id\":\"https:\\\/\\\/alpagasdumaquis.be\\\/produit\\\/echarpe-tripoli-sepia-gris-argent\\\/\",\"url\":\"https:\\\/\\\/alpagasdumaquis.be\\\/produit\\\/echarpe-tripoli-sepia-gris-argent\\\/\",\"name\":\"Echarpe Tripoli Sepia & Gris argent\",\"isPartOf\":{\"@id\":\"https:\\\/\\\/alpagasdumaquis.be\\\/#website\"},\"primaryImageOfPage\":{\"@id\":\"https:\\\/\\\/alpagasdumaquis.be\\\/produit\\\/echarpe-tripoli-sepia-gris-argent\\\/#primaryimage\"},\"image\":{\"@id\":\"https:\\\/\\\/alpagasdumaquis.be\\\/produit\\\/echarpe-tripoli-sepia-gris-argent\\\/#primaryimage\"},\"thumbnailUrl\":\"https:\\\/\\\/alpagasdumaquis.be\\\/wp-content\\\/uploads\\\/2023\\\/07\\\/products-Tripoli._1_844f6fe1-2150-48fb-bb6f-5e5e8ef44daa-1.jpg\",\"datePublished\":\"2021-10-21T15:25:43+00:00\",\"dateModified\":\"2023-07-05T12:25:50+00:00\",\"description\":\"Un monde de douceur pour cette \u00e9charpe 100% Baby Alpaca et 100% Made In Belgium.\u00a0 Tout est r\u00e9alis\u00e9 avec soin par l'\u00e9quipe Alpagas du Maquis, de la tonte jusqu'au produit fini, durable et compl\u00e8tement naturel. Il n'y a pas plus Fair-Trade et Eco-responsable et de plus, vous faites preuve de soutien envers l'artisanat et l'entrepreneuriat\u00a0belge et wallon. Wallorisons nos savoir-faire!\u00a0\",\"breadcrumb\":{\"@id\":\"https:\\\/\\\/alpagasdumaquis.be\\\/produit\\\/echarpe-tripoli-sepia-gris-argent\\\/#breadcrumb\"},\"inLanguage\":\"en-US\",\"potentialAction\":[{\"@type\":\"ReadAction\",\"target\":[\"https:\\\/\\\/alpagasdumaquis.be\\\/produit\\\/echarpe-tripoli-sepia-gris-argent\\\/\"]}]},{\"@type\":\"ImageObject\",\"inLanguage\":\"en-US\",\"@id\":\"https:\\\/\\\/alpagasdumaquis.be\\\/produit\\\/echarpe-tripoli-sepia-gris-argent\\\/#primaryimage\",\"url\":\"https:\\\/\\\/alpagasdumaquis.be\\\/wp-content\\\/uploads\\\/2023\\\/07\\\/products-Tripoli._1_844f6fe1-2150-48fb-bb6f-5e5e8ef44daa-1.jpg\",\"contentUrl\":\"https:\\\/\\\/alpagasdumaquis.be\\\/wp-content\\\/uploads\\\/2023\\\/07\\\/products-Tripoli._1_844f6fe1-2150-48fb-bb6f-5e5e8ef44daa-1.jpg\",\"width\":674,\"height\":901,\"caption\":\"Echarpe Tripoli Sepia & Gris argent\"},{\"@type\":\"BreadcrumbList\",\"@id\":\"https:\\\/\\\/alpagasdumaquis.be\\\/produit\\\/echarpe-tripoli-sepia-gris-argent\\\/#breadcrumb\",\"itemListElement\":[{\"@type\":\"ListItem\",\"position\":1,\"name\":\"Accueil\",\"item\":\"https:\\\/\\\/alpagasdumaquis.be\\\/en\\\/alpagas-du-maquis-alpaca-breeding-spinning-mill-shop\\\/\"},{\"@type\":\"ListItem\",\"position\":2,\"name\":\"origin &#8211; Boutique\",\"item\":\"https:\\\/\\\/alpagasdumaquis.be\\\/boutique-origin\\\/\"},{\"@type\":\"ListItem\",\"position\":3,\"name\":\"Echarpe Tripoli Sepia &#038; Gris argent\"}]},{\"@type\":\"WebSite\",\"@id\":\"https:\\\/\\\/alpagasdumaquis.be\\\/#website\",\"url\":\"https:\\\/\\\/alpagasdumaquis.be\\\/\",\"name\":\"Alpagas du Maquis\",\"description\":\"Quality Alpagas &amp; Fiber Mill\",\"publisher\":{\"@id\":\"https:\\\/\\\/alpagasdumaquis.be\\\/#organization\"},\"potentialAction\":[{\"@type\":\"SearchAction\",\"target\":{\"@type\":\"EntryPoint\",\"urlTemplate\":\"https:\\\/\\\/alpagasdumaquis.be\\\/?s={search_term_string}\"},\"query-input\":{\"@type\":\"PropertyValueSpecification\",\"valueRequired\":true,\"valueName\":\"search_term_string\"}}],\"inLanguage\":\"en-US\"},{\"@type\":\"Organization\",\"@id\":\"https:\\\/\\\/alpagasdumaquis.be\\\/#organization\",\"name\":\"Alpagas du Maquis\",\"url\":\"https:\\\/\\\/alpagasdumaquis.be\\\/\",\"logo\":{\"@type\":\"ImageObject\",\"inLanguage\":\"en-US\",\"@id\":\"https:\\\/\\\/alpagasdumaquis.be\\\/#\\\/schema\\\/logo\\\/image\\\/\",\"url\":\"https:\\\/\\\/alpagasdumaquis.be\\\/wp-content\\\/uploads\\\/2023\\\/07\\\/alpagas-logo.76cc389.webp\",\"contentUrl\":\"https:\\\/\\\/alpagasdumaquis.be\\\/wp-content\\\/uploads\\\/2023\\\/07\\\/alpagas-logo.76cc389.webp\",\"width\":200,\"height\":200,\"caption\":\"Alpagas du Maquis\"},\"image\":{\"@id\":\"https:\\\/\\\/alpagasdumaquis.be\\\/#\\\/schema\\\/logo\\\/image\\\/\"}}]}<\/script>\n<!-- \/ Yoast SEO plugin. -->","yoast_head_json":{"title":"Echarpe Tripoli Sepia & Gris argent","description":"Un monde de douceur pour cette \u00e9charpe 100% Baby Alpaca et 100% Made In Belgium.\u00a0 Tout est r\u00e9alis\u00e9 avec soin par l'\u00e9quipe Alpagas du Maquis, de la tonte jusqu'au produit fini, durable et compl\u00e8tement naturel. Il n'y a pas plus Fair-Trade et Eco-responsable et de plus, vous faites preuve de soutien envers l'artisanat et l'entrepreneuriat\u00a0belge et wallon. Wallorisons nos savoir-faire!\u00a0","robots":{"index":"index","follow":"follow","max-snippet":"max-snippet:-1","max-image-preview":"max-image-preview:large","max-video-preview":"max-video-preview:-1"},"canonical":"https:\/\/alpagasdumaquis.be\/produit\/echarpe-tripoli-sepia-gris-argent\/","og_locale":"en_US","og_type":"article","og_title":"Echarpe Tripoli Sepia & Gris argent","og_description":"Un monde de douceur pour cette \u00e9charpe 100% Baby Alpaca et 100% Made In Belgium.\u00a0 Tout est r\u00e9alis\u00e9 avec soin par l'\u00e9quipe Alpagas du Maquis, de la tonte jusqu'au produit fini, durable et compl\u00e8tement naturel. Il n'y a pas plus Fair-Trade et Eco-responsable et de plus, vous faites preuve de soutien envers l'artisanat et l'entrepreneuriat\u00a0belge et wallon. Wallorisons nos savoir-faire!\u00a0","og_url":"https:\/\/alpagasdumaquis.be\/produit\/echarpe-tripoli-sepia-gris-argent\/","og_site_name":"Alpagas du Maquis","article_modified_time":"2023-07-05T12:25:50+00:00","og_image":[{"width":674,"height":901,"url":"https:\/\/alpagasdumaquis.be\/wp-content\/uploads\/2023\/07\/products-Tripoli._1_844f6fe1-2150-48fb-bb6f-5e5e8ef44daa-1.jpg","type":"image\/jpeg"}],"twitter_card":"summary_large_image","schema":{"@context":"https:\/\/schema.org","@graph":[{"@type":"WebPage","@id":"https:\/\/alpagasdumaquis.be\/produit\/echarpe-tripoli-sepia-gris-argent\/","url":"https:\/\/alpagasdumaquis.be\/produit\/echarpe-tripoli-sepia-gris-argent\/","name":"Echarpe Tripoli Sepia & Gris argent","isPartOf":{"@id":"https:\/\/alpagasdumaquis.be\/#website"},"primaryImageOfPage":{"@id":"https:\/\/alpagasdumaquis.be\/produit\/echarpe-tripoli-sepia-gris-argent\/#primaryimage"},"image":{"@id":"https:\/\/alpagasdumaquis.be\/produit\/echarpe-tripoli-sepia-gris-argent\/#primaryimage"},"thumbnailUrl":"https:\/\/alpagasdumaquis.be\/wp-content\/uploads\/2023\/07\/products-Tripoli._1_844f6fe1-2150-48fb-bb6f-5e5e8ef44daa-1.jpg","datePublished":"2021-10-21T15:25:43+00:00","dateModified":"2023-07-05T12:25:50+00:00","description":"Un monde de douceur pour cette \u00e9charpe 100% Baby Alpaca et 100% Made In Belgium.\u00a0 Tout est r\u00e9alis\u00e9 avec soin par l'\u00e9quipe Alpagas du Maquis, de la tonte jusqu'au produit fini, durable et compl\u00e8tement naturel. Il n'y a pas plus Fair-Trade et Eco-responsable et de plus, vous faites preuve de soutien envers l'artisanat et l'entrepreneuriat\u00a0belge et wallon. Wallorisons nos savoir-faire!\u00a0","breadcrumb":{"@id":"https:\/\/alpagasdumaquis.be\/produit\/echarpe-tripoli-sepia-gris-argent\/#breadcrumb"},"inLanguage":"en-US","potentialAction":[{"@type":"ReadAction","target":["https:\/\/alpagasdumaquis.be\/produit\/echarpe-tripoli-sepia-gris-argent\/"]}]},{"@type":"ImageObject","inLanguage":"en-US","@id":"https:\/\/alpagasdumaquis.be\/produit\/echarpe-tripoli-sepia-gris-argent\/#primaryimage","url":"https:\/\/alpagasdumaquis.be\/wp-content\/uploads\/2023\/07\/products-Tripoli._1_844f6fe1-2150-48fb-bb6f-5e5e8ef44daa-1.jpg","contentUrl":"https:\/\/alpagasdumaquis.be\/wp-content\/uploads\/2023\/07\/products-Tripoli._1_844f6fe1-2150-48fb-bb6f-5e5e8ef44daa-1.jpg","width":674,"height":901,"caption":"Echarpe Tripoli Sepia & Gris argent"},{"@type":"BreadcrumbList","@id":"https:\/\/alpagasdumaquis.be\/produit\/echarpe-tripoli-sepia-gris-argent\/#breadcrumb","itemListElement":[{"@type":"ListItem","position":1,"name":"Accueil","item":"https:\/\/alpagasdumaquis.be\/en\/alpagas-du-maquis-alpaca-breeding-spinning-mill-shop\/"},{"@type":"ListItem","position":2,"name":"origin &#8211; Boutique","item":"https:\/\/alpagasdumaquis.be\/boutique-origin\/"},{"@type":"ListItem","position":3,"name":"Echarpe Tripoli Sepia &#038; Gris argent"}]},{"@type":"WebSite","@id":"https:\/\/alpagasdumaquis.be\/#website","url":"https:\/\/alpagasdumaquis.be\/","name":"Alpagas du Maquis","description":"Quality Alpagas &amp; Fiber Mill","publisher":{"@id":"https:\/\/alpagasdumaquis.be\/#organization"},"potentialAction":[{"@type":"SearchAction","target":{"@type":"EntryPoint","urlTemplate":"https:\/\/alpagasdumaquis.be\/?s={search_term_string}"},"query-input":{"@type":"PropertyValueSpecification","valueRequired":true,"valueName":"search_term_string"}}],"inLanguage":"en-US"},{"@type":"Organization","@id":"https:\/\/alpagasdumaquis.be\/#organization","name":"Alpagas du Maquis","url":"https:\/\/alpagasdumaquis.be\/","logo":{"@type":"ImageObject","inLanguage":"en-US","@id":"https:\/\/alpagasdumaquis.be\/#\/schema\/logo\/image\/","url":"https:\/\/alpagasdumaquis.be\/wp-content\/uploads\/2023\/07\/alpagas-logo.76cc389.webp","contentUrl":"https:\/\/alpagasdumaquis.be\/wp-content\/uploads\/2023\/07\/alpagas-logo.76cc389.webp","width":200,"height":200,"caption":"Alpagas du Maquis"},"image":{"@id":"https:\/\/alpagasdumaquis.be\/#\/schema\/logo\/image\/"}}]}},"jetpack_sharing_enabled":true,"_links":{"self":[{"href":"https:\/\/alpagasdumaquis.be\/en\/wp-json\/wp\/v2\/product\/2804","targetHints":{"allow":["GET"]}}],"collection":[{"href":"https:\/\/alpagasdumaquis.be\/en\/wp-json\/wp\/v2\/product"}],"about":[{"href":"https:\/\/alpagasdumaquis.be\/en\/wp-json\/wp\/v2\/types\/product"}],"replies":[{"embeddable":true,"href":"https:\/\/alpagasdumaquis.be\/en\/wp-json\/wp\/v2\/comments?post=2804"}],"version-history":[{"count":0,"href":"https:\/\/alpagasdumaquis.be\/en\/wp-json\/wp\/v2\/product\/2804\/revisions"}],"wp:featuredmedia":[{"embeddable":true,"href":"https:\/\/alpagasdumaquis.be\/en\/wp-json\/wp\/v2\/media\/2805"}],"wp:attachment":[{"href":"https:\/\/alpagasdumaquis.be\/en\/wp-json\/wp\/v2\/media?parent=2804"}],"wp:term":[{"taxonomy":"product_brand","embeddable":true,"href":"https:\/\/alpagasdumaquis.be\/en\/wp-json\/wp\/v2\/product_brand?post=2804"},{"taxonomy":"product_cat","embeddable":true,"href":"https:\/\/alpagasdumaquis.be\/en\/wp-json\/wp\/v2\/product_cat?post=2804"},{"taxonomy":"product_tag","embeddable":true,"href":"https:\/\/alpagasdumaquis.be\/en\/wp-json\/wp\/v2\/product_tag?post=2804"}],"curies":[{"name":"wp","href":"https:\/\/api.w.org\/{rel}","templated":true}]}}