{"id":2834,"date":"2021-11-26T15:21:59","date_gmt":"2021-11-26T14:21:59","guid":{"rendered":"https:\/\/alpagasmaquis.be\/?post_type=product&#038;p=2834"},"modified":"2026-02-21T13:36:46","modified_gmt":"2026-02-21T12:36:46","slug":"bonnet-toronto-avec-pompon-coloris-au-choix-2","status":"publish","type":"product","link":"https:\/\/alpagasdumaquis.be\/en\/produit\/bonnet-toronto-avec-pompon-coloris-au-choix-2\/","title":{"rendered":"Bonnet Toronto avec pompon &#8211; coloris au choix"},"content":{"rendered":"<p><meta charset=\"utf-8\"><\/p>\n<p><span mce-data-marked=\"1\">Un monde de douceur pour ce\u00a0bonnet 100% Baby Alpaca et 100% Made In Belgium.\u00a0<\/span><\/p>\n<p><meta charset=\"utf-8\"><span>Le fil est fabriqu\u00e9 par Alpagas du Maquis et la pi\u00e8ce est\u00a0tricot\u00e9e artisanalement sur le site de l&#8217;\u00e9levage par l&#8217;\u00e9quipe du Maquis!\u00a0\u00a0<\/span><\/p>\n<p><span><meta charset=\"utf-8\">Autre coloris sur demande&#8230; contactez-nous!\u00a0<\/span><\/p>\n<p>Il n&#8217;y a pas plus Fair-Trade et Eco-responsable et de plus, vous faites preuve de soutien envers l&#8217;artisanat et l&#8217;entrepreneuriat\u00a0belge et wallon. Wallorisons nos savoir-faire!\u00a0<\/p>\n<p><meta charset=\"utf-8\"><\/p>\n","protected":false},"excerpt":{"rendered":"<p>Un monde de douceur pour ce\u00a0bonnet 100% Baby Alpaca et 100% Made In Belgium.\u00a0 Le fil est fabriqu\u00e9 par Alpagas du Maquis et la pi\u00e8ce est\u00a0tricot\u00e9e artisanalement sur le site de l&#8217;\u00e9levage par l&#8217;\u00e9quipe du Maquis!\u00a0\u00a0 Autre coloris sur demande&#8230; contactez-nous!\u00a0 Il n&#8217;y a pas plus Fair-Trade et Eco-responsable et de plus, vous faites preuve [&hellip;]<\/p>\n","protected":false},"featured_media":7091,"comment_status":"open","ping_status":"closed","template":"","meta":[],"product_brand":[54],"product_cat":[37,43],"product_tag":[],"class_list":{"0":"post-2834","1":"product","2":"type-product","3":"status-publish","4":"has-post-thumbnail","6":"product_brand-alpagas-du-maquis","7":"product_cat-coups-de-coeur-2","8":"product_cat-homemade-don-t-miss-out","9":"pa_couleur-beige-en","10":"pa_couleur-blanc-en","11":"pa_couleur-camel-en","12":"pa_couleur-gris-clair-en","13":"pa_couleur-sable-en","15":"first","16":"instock","17":"shipping-taxable","18":"purchasable","19":"product-type-variable"},"yoast_head":"<!-- This site is optimized with the Yoast SEO plugin v27.4 - https:\/\/yoast.com\/product\/yoast-seo-wordpress\/ -->\n<title>Bonnet Toronto avec pompon - coloris au choix<\/title>\n<meta name=\"description\" content=\"Un monde de douceur pour ce\u00a0bonnet 100% Baby Alpaca et 100% Made In Belgium.\u00a0 Le fil est fabriqu\u00e9 par Alpagas du Maquis et la pi\u00e8ce est\u00a0tricot\u00e9e artisanalement sur le site de l&#039;\u00e9levage par l&#039;\u00e9quipe du Maquis!\u00a0\u00a0 Autre coloris sur demande... contactez-nous!\u00a0 Il n&#039;y a pas plus Fair-Trade et Eco-responsable et de plus, vous faites preuve de soutien envers l&#039;artisanat et l&#039;entrepreneuriat\u00a0belge et wallon. Wallorisons nos savoir-faire!\u00a0\" \/>\n<meta name=\"robots\" content=\"index, follow, max-snippet:-1, max-image-preview:large, max-video-preview:-1\" \/>\n<link rel=\"canonical\" href=\"https:\/\/alpagasdumaquis.be\/produit\/bonnet-toronto-avec-pompon-coloris-au-choix\/\" \/>\n<meta property=\"og:locale\" content=\"en_US\" \/>\n<meta property=\"og:type\" content=\"article\" \/>\n<meta property=\"og:title\" content=\"Bonnet Toronto avec pompon - coloris au choix\" \/>\n<meta property=\"og:description\" content=\"Un monde de douceur pour ce\u00a0bonnet 100% Baby Alpaca et 100% Made In Belgium.\u00a0 Le fil est fabriqu\u00e9 par Alpagas du Maquis et la pi\u00e8ce est\u00a0tricot\u00e9e artisanalement sur le site de l&#039;\u00e9levage par l&#039;\u00e9quipe du Maquis!\u00a0\u00a0 Autre coloris sur demande... contactez-nous!\u00a0 Il n&#039;y a pas plus Fair-Trade et Eco-responsable et de plus, vous faites preuve de soutien envers l&#039;artisanat et l&#039;entrepreneuriat\u00a0belge et wallon. Wallorisons nos savoir-faire!\u00a0\" \/>\n<meta property=\"og:url\" content=\"https:\/\/alpagasdumaquis.be\/produit\/bonnet-toronto-avec-pompon-coloris-au-choix\/\" \/>\n<meta property=\"og:site_name\" content=\"Alpagas du Maquis\" \/>\n<meta property=\"article:modified_time\" content=\"2026-02-21T12:36:46+00:00\" \/>\n<meta property=\"og:image\" content=\"https:\/\/alpagasdumaquis.be\/wp-content\/uploads\/2022\/12\/products-Torontopomponsable-1.jpg\" \/>\n\t<meta property=\"og:image:width\" content=\"1872\" \/>\n\t<meta property=\"og:image:height\" content=\"2505\" \/>\n\t<meta property=\"og:image:type\" content=\"image\/jpeg\" \/>\n<meta name=\"twitter:card\" content=\"summary_large_image\" \/>\n<script type=\"application\/ld+json\" class=\"yoast-schema-graph\">{\"@context\":\"https:\\\/\\\/schema.org\",\"@graph\":[{\"@type\":\"WebPage\",\"@id\":\"https:\\\/\\\/alpagasdumaquis.be\\\/produit\\\/bonnet-toronto-avec-pompon-coloris-au-choix\\\/\",\"url\":\"https:\\\/\\\/alpagasdumaquis.be\\\/produit\\\/bonnet-toronto-avec-pompon-coloris-au-choix\\\/\",\"name\":\"Bonnet Toronto avec pompon - coloris au choix\",\"isPartOf\":{\"@id\":\"https:\\\/\\\/alpagasdumaquis.be\\\/#website\"},\"primaryImageOfPage\":{\"@id\":\"https:\\\/\\\/alpagasdumaquis.be\\\/produit\\\/bonnet-toronto-avec-pompon-coloris-au-choix\\\/#primaryimage\"},\"image\":{\"@id\":\"https:\\\/\\\/alpagasdumaquis.be\\\/produit\\\/bonnet-toronto-avec-pompon-coloris-au-choix\\\/#primaryimage\"},\"thumbnailUrl\":\"https:\\\/\\\/alpagasdumaquis.be\\\/wp-content\\\/uploads\\\/2021\\\/11\\\/\u200eBonnet-Toronto-pompon-12.\u200e1.jpeg\",\"datePublished\":\"2021-11-26T14:21:59+00:00\",\"dateModified\":\"2026-02-21T12:36:46+00:00\",\"description\":\"Un monde de douceur pour ce\u00a0bonnet 100% Baby Alpaca et 100% Made In Belgium.\u00a0 Le fil est fabriqu\u00e9 par Alpagas du Maquis et la pi\u00e8ce est\u00a0tricot\u00e9e artisanalement sur le site de l'\u00e9levage par l'\u00e9quipe du Maquis!\u00a0\u00a0 Autre coloris sur demande... contactez-nous!\u00a0 Il n'y a pas plus Fair-Trade et Eco-responsable et de plus, vous faites preuve de soutien envers l'artisanat et l'entrepreneuriat\u00a0belge et wallon. Wallorisons nos savoir-faire!\u00a0\",\"breadcrumb\":{\"@id\":\"https:\\\/\\\/alpagasdumaquis.be\\\/produit\\\/bonnet-toronto-avec-pompon-coloris-au-choix\\\/#breadcrumb\"},\"inLanguage\":\"en-US\",\"potentialAction\":[{\"@type\":\"ReadAction\",\"target\":[\"https:\\\/\\\/alpagasdumaquis.be\\\/produit\\\/bonnet-toronto-avec-pompon-coloris-au-choix\\\/\"]}]},{\"@type\":\"ImageObject\",\"inLanguage\":\"en-US\",\"@id\":\"https:\\\/\\\/alpagasdumaquis.be\\\/produit\\\/bonnet-toronto-avec-pompon-coloris-au-choix\\\/#primaryimage\",\"url\":\"https:\\\/\\\/alpagasdumaquis.be\\\/wp-content\\\/uploads\\\/2021\\\/11\\\/\u200eBonnet-Toronto-pompon-12.\u200e1.jpeg\",\"contentUrl\":\"https:\\\/\\\/alpagasdumaquis.be\\\/wp-content\\\/uploads\\\/2021\\\/11\\\/\u200eBonnet-Toronto-pompon-12.\u200e1.jpeg\",\"width\":674,\"height\":901,\"caption\":\"Bonnet Toronto pompon\"},{\"@type\":\"BreadcrumbList\",\"@id\":\"https:\\\/\\\/alpagasdumaquis.be\\\/produit\\\/bonnet-toronto-avec-pompon-coloris-au-choix\\\/#breadcrumb\",\"itemListElement\":[{\"@type\":\"ListItem\",\"position\":1,\"name\":\"Accueil\",\"item\":\"https:\\\/\\\/alpagasdumaquis.be\\\/en\\\/alpagas-du-maquis-alpaca-breeding-spinning-mill-shop\\\/\"},{\"@type\":\"ListItem\",\"position\":2,\"name\":\"origin &#8211; Boutique\",\"item\":\"https:\\\/\\\/alpagasdumaquis.be\\\/boutique-origin\\\/\"},{\"@type\":\"ListItem\",\"position\":3,\"name\":\"Bonnet Toronto avec pompon &#8211; coloris au choix\"}]},{\"@type\":\"WebSite\",\"@id\":\"https:\\\/\\\/alpagasdumaquis.be\\\/#website\",\"url\":\"https:\\\/\\\/alpagasdumaquis.be\\\/\",\"name\":\"Alpagas du Maquis\",\"description\":\"Quality Alpagas &amp; Fiber Mill\",\"publisher\":{\"@id\":\"https:\\\/\\\/alpagasdumaquis.be\\\/#organization\"},\"potentialAction\":[{\"@type\":\"SearchAction\",\"target\":{\"@type\":\"EntryPoint\",\"urlTemplate\":\"https:\\\/\\\/alpagasdumaquis.be\\\/?s={search_term_string}\"},\"query-input\":{\"@type\":\"PropertyValueSpecification\",\"valueRequired\":true,\"valueName\":\"search_term_string\"}}],\"inLanguage\":\"en-US\"},{\"@type\":\"Organization\",\"@id\":\"https:\\\/\\\/alpagasdumaquis.be\\\/#organization\",\"name\":\"Alpagas du Maquis\",\"url\":\"https:\\\/\\\/alpagasdumaquis.be\\\/\",\"logo\":{\"@type\":\"ImageObject\",\"inLanguage\":\"en-US\",\"@id\":\"https:\\\/\\\/alpagasdumaquis.be\\\/#\\\/schema\\\/logo\\\/image\\\/\",\"url\":\"https:\\\/\\\/alpagasdumaquis.be\\\/wp-content\\\/uploads\\\/2023\\\/07\\\/alpagas-logo.76cc389.webp\",\"contentUrl\":\"https:\\\/\\\/alpagasdumaquis.be\\\/wp-content\\\/uploads\\\/2023\\\/07\\\/alpagas-logo.76cc389.webp\",\"width\":200,\"height\":200,\"caption\":\"Alpagas du Maquis\"},\"image\":{\"@id\":\"https:\\\/\\\/alpagasdumaquis.be\\\/#\\\/schema\\\/logo\\\/image\\\/\"}}]}<\/script>\n<!-- \/ Yoast SEO plugin. -->","yoast_head_json":{"title":"Bonnet Toronto avec pompon - coloris au choix","description":"Un monde de douceur pour ce\u00a0bonnet 100% Baby Alpaca et 100% Made In Belgium.\u00a0 Le fil est fabriqu\u00e9 par Alpagas du Maquis et la pi\u00e8ce est\u00a0tricot\u00e9e artisanalement sur le site de l'\u00e9levage par l'\u00e9quipe du Maquis!\u00a0\u00a0 Autre coloris sur demande... contactez-nous!\u00a0 Il n'y a pas plus Fair-Trade et Eco-responsable et de plus, vous faites preuve de soutien envers l'artisanat et l'entrepreneuriat\u00a0belge et wallon. Wallorisons nos savoir-faire!\u00a0","robots":{"index":"index","follow":"follow","max-snippet":"max-snippet:-1","max-image-preview":"max-image-preview:large","max-video-preview":"max-video-preview:-1"},"canonical":"https:\/\/alpagasdumaquis.be\/produit\/bonnet-toronto-avec-pompon-coloris-au-choix\/","og_locale":"en_US","og_type":"article","og_title":"Bonnet Toronto avec pompon - coloris au choix","og_description":"Un monde de douceur pour ce\u00a0bonnet 100% Baby Alpaca et 100% Made In Belgium.\u00a0 Le fil est fabriqu\u00e9 par Alpagas du Maquis et la pi\u00e8ce est\u00a0tricot\u00e9e artisanalement sur le site de l'\u00e9levage par l'\u00e9quipe du Maquis!\u00a0\u00a0 Autre coloris sur demande... contactez-nous!\u00a0 Il n'y a pas plus Fair-Trade et Eco-responsable et de plus, vous faites preuve de soutien envers l'artisanat et l'entrepreneuriat\u00a0belge et wallon. Wallorisons nos savoir-faire!\u00a0","og_url":"https:\/\/alpagasdumaquis.be\/produit\/bonnet-toronto-avec-pompon-coloris-au-choix\/","og_site_name":"Alpagas du Maquis","article_modified_time":"2026-02-21T12:36:46+00:00","og_image":[{"width":1872,"height":2505,"url":"https:\/\/alpagasdumaquis.be\/wp-content\/uploads\/2022\/12\/products-Torontopomponsable-1.jpg","type":"image\/jpeg"}],"twitter_card":"summary_large_image","schema":{"@context":"https:\/\/schema.org","@graph":[{"@type":"WebPage","@id":"https:\/\/alpagasdumaquis.be\/produit\/bonnet-toronto-avec-pompon-coloris-au-choix\/","url":"https:\/\/alpagasdumaquis.be\/produit\/bonnet-toronto-avec-pompon-coloris-au-choix\/","name":"Bonnet Toronto avec pompon - coloris au choix","isPartOf":{"@id":"https:\/\/alpagasdumaquis.be\/#website"},"primaryImageOfPage":{"@id":"https:\/\/alpagasdumaquis.be\/produit\/bonnet-toronto-avec-pompon-coloris-au-choix\/#primaryimage"},"image":{"@id":"https:\/\/alpagasdumaquis.be\/produit\/bonnet-toronto-avec-pompon-coloris-au-choix\/#primaryimage"},"thumbnailUrl":"https:\/\/alpagasdumaquis.be\/wp-content\/uploads\/2021\/11\/\u200eBonnet-Toronto-pompon-12.\u200e1.jpeg","datePublished":"2021-11-26T14:21:59+00:00","dateModified":"2026-02-21T12:36:46+00:00","description":"Un monde de douceur pour ce\u00a0bonnet 100% Baby Alpaca et 100% Made In Belgium.\u00a0 Le fil est fabriqu\u00e9 par Alpagas du Maquis et la pi\u00e8ce est\u00a0tricot\u00e9e artisanalement sur le site de l'\u00e9levage par l'\u00e9quipe du Maquis!\u00a0\u00a0 Autre coloris sur demande... contactez-nous!\u00a0 Il n'y a pas plus Fair-Trade et Eco-responsable et de plus, vous faites preuve de soutien envers l'artisanat et l'entrepreneuriat\u00a0belge et wallon. Wallorisons nos savoir-faire!\u00a0","breadcrumb":{"@id":"https:\/\/alpagasdumaquis.be\/produit\/bonnet-toronto-avec-pompon-coloris-au-choix\/#breadcrumb"},"inLanguage":"en-US","potentialAction":[{"@type":"ReadAction","target":["https:\/\/alpagasdumaquis.be\/produit\/bonnet-toronto-avec-pompon-coloris-au-choix\/"]}]},{"@type":"ImageObject","inLanguage":"en-US","@id":"https:\/\/alpagasdumaquis.be\/produit\/bonnet-toronto-avec-pompon-coloris-au-choix\/#primaryimage","url":"https:\/\/alpagasdumaquis.be\/wp-content\/uploads\/2021\/11\/\u200eBonnet-Toronto-pompon-12.\u200e1.jpeg","contentUrl":"https:\/\/alpagasdumaquis.be\/wp-content\/uploads\/2021\/11\/\u200eBonnet-Toronto-pompon-12.\u200e1.jpeg","width":674,"height":901,"caption":"Bonnet Toronto pompon"},{"@type":"BreadcrumbList","@id":"https:\/\/alpagasdumaquis.be\/produit\/bonnet-toronto-avec-pompon-coloris-au-choix\/#breadcrumb","itemListElement":[{"@type":"ListItem","position":1,"name":"Accueil","item":"https:\/\/alpagasdumaquis.be\/en\/alpagas-du-maquis-alpaca-breeding-spinning-mill-shop\/"},{"@type":"ListItem","position":2,"name":"origin &#8211; Boutique","item":"https:\/\/alpagasdumaquis.be\/boutique-origin\/"},{"@type":"ListItem","position":3,"name":"Bonnet Toronto avec pompon &#8211; coloris au choix"}]},{"@type":"WebSite","@id":"https:\/\/alpagasdumaquis.be\/#website","url":"https:\/\/alpagasdumaquis.be\/","name":"Alpagas du Maquis","description":"Quality Alpagas &amp; Fiber Mill","publisher":{"@id":"https:\/\/alpagasdumaquis.be\/#organization"},"potentialAction":[{"@type":"SearchAction","target":{"@type":"EntryPoint","urlTemplate":"https:\/\/alpagasdumaquis.be\/?s={search_term_string}"},"query-input":{"@type":"PropertyValueSpecification","valueRequired":true,"valueName":"search_term_string"}}],"inLanguage":"en-US"},{"@type":"Organization","@id":"https:\/\/alpagasdumaquis.be\/#organization","name":"Alpagas du Maquis","url":"https:\/\/alpagasdumaquis.be\/","logo":{"@type":"ImageObject","inLanguage":"en-US","@id":"https:\/\/alpagasdumaquis.be\/#\/schema\/logo\/image\/","url":"https:\/\/alpagasdumaquis.be\/wp-content\/uploads\/2023\/07\/alpagas-logo.76cc389.webp","contentUrl":"https:\/\/alpagasdumaquis.be\/wp-content\/uploads\/2023\/07\/alpagas-logo.76cc389.webp","width":200,"height":200,"caption":"Alpagas du Maquis"},"image":{"@id":"https:\/\/alpagasdumaquis.be\/#\/schema\/logo\/image\/"}}]}},"jetpack_sharing_enabled":true,"_links":{"self":[{"href":"https:\/\/alpagasdumaquis.be\/en\/wp-json\/wp\/v2\/product\/2834","targetHints":{"allow":["GET"]}}],"collection":[{"href":"https:\/\/alpagasdumaquis.be\/en\/wp-json\/wp\/v2\/product"}],"about":[{"href":"https:\/\/alpagasdumaquis.be\/en\/wp-json\/wp\/v2\/types\/product"}],"replies":[{"embeddable":true,"href":"https:\/\/alpagasdumaquis.be\/en\/wp-json\/wp\/v2\/comments?post=2834"}],"version-history":[{"count":0,"href":"https:\/\/alpagasdumaquis.be\/en\/wp-json\/wp\/v2\/product\/2834\/revisions"}],"wp:featuredmedia":[{"embeddable":true,"href":"https:\/\/alpagasdumaquis.be\/en\/wp-json\/wp\/v2\/media\/7091"}],"wp:attachment":[{"href":"https:\/\/alpagasdumaquis.be\/en\/wp-json\/wp\/v2\/media?parent=2834"}],"wp:term":[{"taxonomy":"product_brand","embeddable":true,"href":"https:\/\/alpagasdumaquis.be\/en\/wp-json\/wp\/v2\/product_brand?post=2834"},{"taxonomy":"product_cat","embeddable":true,"href":"https:\/\/alpagasdumaquis.be\/en\/wp-json\/wp\/v2\/product_cat?post=2834"},{"taxonomy":"product_tag","embeddable":true,"href":"https:\/\/alpagasdumaquis.be\/en\/wp-json\/wp\/v2\/product_tag?post=2834"}],"curies":[{"name":"wp","href":"https:\/\/api.w.org\/{rel}","templated":true}]}}