{"id":2989,"date":"2021-12-03T11:27:09","date_gmt":"2021-12-03T11:27:09","guid":{"rendered":"https:\/\/alpagasmaquis.be\/?post_type=product&#038;p=2989"},"modified":"2023-02-17T13:57:08","modified_gmt":"2023-02-17T13:57:08","slug":"mitaines-toronto-2","status":"publish","type":"product","link":"https:\/\/alpagasdumaquis.be\/en\/produit\/mitaines-toronto-2\/","title":{"rendered":"Mitaines Toronto"},"content":{"rendered":"<p><meta charset=\"utf-8\"><\/p>\n<p><span mce-data-marked=\"1\">Un monde de douceur pour ces mitaines 100% Baby Alpaca et 100% Made In Belgium.\u00a0<\/span><\/p>\n<p>Le fil est fabriqu\u00e9 par Alpagas du Maquis et la pi\u00e8ce est\u00a0tricot\u00e9e artisanalement sur le site de l&#8217;\u00e9levage par l&#8217;\u00e9quipe du Maquis!\u00a0\u00a0<\/p>\n<p>Il n&#8217;y a pas plus Fair-Trade et Eco-responsable et de plus, vous faites preuve de soutien envers l&#8217;artisanat et l&#8217;entrepreneuriat\u00a0belge et wallon. Wallorisons nos savoir-faire!\u00a0<\/p>\n<p>Autre coloris sur demande&#8230; contactez-nous!\u00a0<\/p>\n","protected":false},"excerpt":{"rendered":"<p>Un monde de douceur pour ces mitaines 100% Baby Alpaca et 100% Made In Belgium.\u00a0 Le fil est fabriqu\u00e9 par Alpagas du Maquis et la pi\u00e8ce est\u00a0tricot\u00e9e artisanalement sur le site de l&#8217;\u00e9levage par l&#8217;\u00e9quipe du Maquis!\u00a0\u00a0 Il n&#8217;y a pas plus Fair-Trade et Eco-responsable et de plus, vous faites preuve de soutien envers l&#8217;artisanat [&hellip;]<\/p>\n","protected":false},"featured_media":6831,"comment_status":"open","ping_status":"closed","template":"","meta":[],"product_brand":[54],"product_cat":[37,43],"product_tag":[],"class_list":{"0":"post-2989","1":"product","2":"type-product","3":"status-publish","4":"has-post-thumbnail","6":"product_brand-alpagas-du-maquis","7":"product_cat-coups-de-coeur-2","8":"product_cat-homemade-don-t-miss-out","9":"pa_couleur-anthracite-en","10":"pa_couleur-cafe-brule-en","11":"pa_couleur-chocolat-en","12":"pa_couleur-gris-argent-en","13":"pa_couleur-noir-en","14":"pa_couleur-taupe-en","16":"first","17":"onbackorder","18":"shipping-taxable","19":"product-type-variable"},"yoast_head":"<!-- This site is optimized with the Yoast SEO plugin v27.4 - https:\/\/yoast.com\/product\/yoast-seo-wordpress\/ -->\n<title>Mitaines Toronto<\/title>\n<meta name=\"description\" content=\"Un monde de douceur pour ces mitaines 100% Baby Alpaca et 100% Made In Belgium.\u00a0 Le fil est fabriqu\u00e9 par Alpagas du Maquis et la pi\u00e8ce est\u00a0tricot\u00e9e artisanalement sur le site de l&#039;\u00e9levage par l&#039;\u00e9quipe du Maquis!\u00a0\u00a0 Il n&#039;y a pas plus Fair-Trade et Eco-responsable et de plus, vous faites preuve de soutien envers l&#039;artisanat et l&#039;entrepreneuriat\u00a0belge et wallon. Wallorisons nos savoir-faire!\u00a0 Autre coloris sur demande... contactez-nous!\u00a0\" \/>\n<meta name=\"robots\" content=\"index, follow, max-snippet:-1, max-image-preview:large, max-video-preview:-1\" \/>\n<link rel=\"canonical\" href=\"https:\/\/alpagasdumaquis.be\/en\/produit\/mitaines-toronto-2\/\" \/>\n<meta property=\"og:locale\" content=\"en_US\" \/>\n<meta property=\"og:type\" content=\"article\" \/>\n<meta property=\"og:title\" content=\"Mitaines Toronto\" \/>\n<meta property=\"og:description\" content=\"Un monde de douceur pour ces mitaines 100% Baby Alpaca et 100% Made In Belgium.\u00a0 Le fil est fabriqu\u00e9 par Alpagas du Maquis et la pi\u00e8ce est\u00a0tricot\u00e9e artisanalement sur le site de l&#039;\u00e9levage par l&#039;\u00e9quipe du Maquis!\u00a0\u00a0 Il n&#039;y a pas plus Fair-Trade et Eco-responsable et de plus, vous faites preuve de soutien envers l&#039;artisanat et l&#039;entrepreneuriat\u00a0belge et wallon. Wallorisons nos savoir-faire!\u00a0 Autre coloris sur demande... contactez-nous!\u00a0\" \/>\n<meta property=\"og:url\" content=\"https:\/\/alpagasdumaquis.be\/en\/produit\/mitaines-toronto-2\/\" \/>\n<meta property=\"og:site_name\" content=\"Alpagas du Maquis\" \/>\n<meta property=\"article:modified_time\" content=\"2023-02-17T13:57:08+00:00\" \/>\n<meta property=\"og:image\" content=\"https:\/\/alpagasdumaquis.be\/wp-content\/uploads\/2021\/12\/\u200eMitaines-Toronto-3.\u200e1.jpeg\" \/>\n\t<meta property=\"og:image:width\" content=\"674\" \/>\n\t<meta property=\"og:image:height\" content=\"901\" \/>\n\t<meta property=\"og:image:type\" content=\"image\/jpeg\" \/>\n<meta name=\"twitter:card\" content=\"summary_large_image\" \/>\n<script type=\"application\/ld+json\" class=\"yoast-schema-graph\">{\"@context\":\"https:\\\/\\\/schema.org\",\"@graph\":[{\"@type\":\"WebPage\",\"@id\":\"https:\\\/\\\/alpagasdumaquis.be\\\/en\\\/produit\\\/mitaines-toronto-2\\\/\",\"url\":\"https:\\\/\\\/alpagasdumaquis.be\\\/en\\\/produit\\\/mitaines-toronto-2\\\/\",\"name\":\"Mitaines Toronto\",\"isPartOf\":{\"@id\":\"https:\\\/\\\/alpagasdumaquis.be\\\/#website\"},\"primaryImageOfPage\":{\"@id\":\"https:\\\/\\\/alpagasdumaquis.be\\\/en\\\/produit\\\/mitaines-toronto-2\\\/#primaryimage\"},\"image\":{\"@id\":\"https:\\\/\\\/alpagasdumaquis.be\\\/en\\\/produit\\\/mitaines-toronto-2\\\/#primaryimage\"},\"thumbnailUrl\":\"https:\\\/\\\/alpagasdumaquis.be\\\/wp-content\\\/uploads\\\/2021\\\/12\\\/\u200eMitaines-Toronto-3.\u200e1.jpeg\",\"datePublished\":\"2021-12-03T11:27:09+00:00\",\"dateModified\":\"2023-02-17T13:57:08+00:00\",\"description\":\"Un monde de douceur pour ces mitaines 100% Baby Alpaca et 100% Made In Belgium.\u00a0 Le fil est fabriqu\u00e9 par Alpagas du Maquis et la pi\u00e8ce est\u00a0tricot\u00e9e artisanalement sur le site de l'\u00e9levage par l'\u00e9quipe du Maquis!\u00a0\u00a0 Il n'y a pas plus Fair-Trade et Eco-responsable et de plus, vous faites preuve de soutien envers l'artisanat et l'entrepreneuriat\u00a0belge et wallon. Wallorisons nos savoir-faire!\u00a0 Autre coloris sur demande... contactez-nous!\u00a0\",\"breadcrumb\":{\"@id\":\"https:\\\/\\\/alpagasdumaquis.be\\\/en\\\/produit\\\/mitaines-toronto-2\\\/#breadcrumb\"},\"inLanguage\":\"en-US\",\"potentialAction\":[{\"@type\":\"ReadAction\",\"target\":[\"https:\\\/\\\/alpagasdumaquis.be\\\/en\\\/produit\\\/mitaines-toronto-2\\\/\"]}]},{\"@type\":\"ImageObject\",\"inLanguage\":\"en-US\",\"@id\":\"https:\\\/\\\/alpagasdumaquis.be\\\/en\\\/produit\\\/mitaines-toronto-2\\\/#primaryimage\",\"url\":\"https:\\\/\\\/alpagasdumaquis.be\\\/wp-content\\\/uploads\\\/2021\\\/12\\\/\u200eMitaines-Toronto-3.\u200e1.jpeg\",\"contentUrl\":\"https:\\\/\\\/alpagasdumaquis.be\\\/wp-content\\\/uploads\\\/2021\\\/12\\\/\u200eMitaines-Toronto-3.\u200e1.jpeg\",\"width\":674,\"height\":901,\"caption\":\"Mitaines Toronto\"},{\"@type\":\"BreadcrumbList\",\"@id\":\"https:\\\/\\\/alpagasdumaquis.be\\\/en\\\/produit\\\/mitaines-toronto-2\\\/#breadcrumb\",\"itemListElement\":[{\"@type\":\"ListItem\",\"position\":1,\"name\":\"Accueil\",\"item\":\"https:\\\/\\\/alpagasdumaquis.be\\\/en\\\/alpagas-du-maquis-alpaca-breeding-spinning-mill-shop\\\/\"},{\"@type\":\"ListItem\",\"position\":2,\"name\":\"origin &#8211; Boutique\",\"item\":\"https:\\\/\\\/alpagasdumaquis.be\\\/boutique-origin\\\/\"},{\"@type\":\"ListItem\",\"position\":3,\"name\":\"Mitaines Toronto\"}]},{\"@type\":\"WebSite\",\"@id\":\"https:\\\/\\\/alpagasdumaquis.be\\\/#website\",\"url\":\"https:\\\/\\\/alpagasdumaquis.be\\\/\",\"name\":\"Alpagas du Maquis\",\"description\":\"Quality Alpagas &amp; Fiber Mill\",\"publisher\":{\"@id\":\"https:\\\/\\\/alpagasdumaquis.be\\\/#organization\"},\"potentialAction\":[{\"@type\":\"SearchAction\",\"target\":{\"@type\":\"EntryPoint\",\"urlTemplate\":\"https:\\\/\\\/alpagasdumaquis.be\\\/?s={search_term_string}\"},\"query-input\":{\"@type\":\"PropertyValueSpecification\",\"valueRequired\":true,\"valueName\":\"search_term_string\"}}],\"inLanguage\":\"en-US\"},{\"@type\":\"Organization\",\"@id\":\"https:\\\/\\\/alpagasdumaquis.be\\\/#organization\",\"name\":\"Alpagas du Maquis\",\"url\":\"https:\\\/\\\/alpagasdumaquis.be\\\/\",\"logo\":{\"@type\":\"ImageObject\",\"inLanguage\":\"en-US\",\"@id\":\"https:\\\/\\\/alpagasdumaquis.be\\\/#\\\/schema\\\/logo\\\/image\\\/\",\"url\":\"https:\\\/\\\/alpagasdumaquis.be\\\/wp-content\\\/uploads\\\/2023\\\/07\\\/alpagas-logo.76cc389.webp\",\"contentUrl\":\"https:\\\/\\\/alpagasdumaquis.be\\\/wp-content\\\/uploads\\\/2023\\\/07\\\/alpagas-logo.76cc389.webp\",\"width\":200,\"height\":200,\"caption\":\"Alpagas du Maquis\"},\"image\":{\"@id\":\"https:\\\/\\\/alpagasdumaquis.be\\\/#\\\/schema\\\/logo\\\/image\\\/\"}}]}<\/script>\n<!-- \/ Yoast SEO plugin. -->","yoast_head_json":{"title":"Mitaines Toronto","description":"Un monde de douceur pour ces mitaines 100% Baby Alpaca et 100% Made In Belgium.\u00a0 Le fil est fabriqu\u00e9 par Alpagas du Maquis et la pi\u00e8ce est\u00a0tricot\u00e9e artisanalement sur le site de l'\u00e9levage par l'\u00e9quipe du Maquis!\u00a0\u00a0 Il n'y a pas plus Fair-Trade et Eco-responsable et de plus, vous faites preuve de soutien envers l'artisanat et l'entrepreneuriat\u00a0belge et wallon. Wallorisons nos savoir-faire!\u00a0 Autre coloris sur demande... contactez-nous!\u00a0","robots":{"index":"index","follow":"follow","max-snippet":"max-snippet:-1","max-image-preview":"max-image-preview:large","max-video-preview":"max-video-preview:-1"},"canonical":"https:\/\/alpagasdumaquis.be\/en\/produit\/mitaines-toronto-2\/","og_locale":"en_US","og_type":"article","og_title":"Mitaines Toronto","og_description":"Un monde de douceur pour ces mitaines 100% Baby Alpaca et 100% Made In Belgium.\u00a0 Le fil est fabriqu\u00e9 par Alpagas du Maquis et la pi\u00e8ce est\u00a0tricot\u00e9e artisanalement sur le site de l'\u00e9levage par l'\u00e9quipe du Maquis!\u00a0\u00a0 Il n'y a pas plus Fair-Trade et Eco-responsable et de plus, vous faites preuve de soutien envers l'artisanat et l'entrepreneuriat\u00a0belge et wallon. Wallorisons nos savoir-faire!\u00a0 Autre coloris sur demande... contactez-nous!\u00a0","og_url":"https:\/\/alpagasdumaquis.be\/en\/produit\/mitaines-toronto-2\/","og_site_name":"Alpagas du Maquis","article_modified_time":"2023-02-17T13:57:08+00:00","og_image":[{"width":674,"height":901,"url":"https:\/\/alpagasdumaquis.be\/wp-content\/uploads\/2021\/12\/\u200eMitaines-Toronto-3.\u200e1.jpeg","type":"image\/jpeg"}],"twitter_card":"summary_large_image","schema":{"@context":"https:\/\/schema.org","@graph":[{"@type":"WebPage","@id":"https:\/\/alpagasdumaquis.be\/en\/produit\/mitaines-toronto-2\/","url":"https:\/\/alpagasdumaquis.be\/en\/produit\/mitaines-toronto-2\/","name":"Mitaines Toronto","isPartOf":{"@id":"https:\/\/alpagasdumaquis.be\/#website"},"primaryImageOfPage":{"@id":"https:\/\/alpagasdumaquis.be\/en\/produit\/mitaines-toronto-2\/#primaryimage"},"image":{"@id":"https:\/\/alpagasdumaquis.be\/en\/produit\/mitaines-toronto-2\/#primaryimage"},"thumbnailUrl":"https:\/\/alpagasdumaquis.be\/wp-content\/uploads\/2021\/12\/\u200eMitaines-Toronto-3.\u200e1.jpeg","datePublished":"2021-12-03T11:27:09+00:00","dateModified":"2023-02-17T13:57:08+00:00","description":"Un monde de douceur pour ces mitaines 100% Baby Alpaca et 100% Made In Belgium.\u00a0 Le fil est fabriqu\u00e9 par Alpagas du Maquis et la pi\u00e8ce est\u00a0tricot\u00e9e artisanalement sur le site de l'\u00e9levage par l'\u00e9quipe du Maquis!\u00a0\u00a0 Il n'y a pas plus Fair-Trade et Eco-responsable et de plus, vous faites preuve de soutien envers l'artisanat et l'entrepreneuriat\u00a0belge et wallon. Wallorisons nos savoir-faire!\u00a0 Autre coloris sur demande... contactez-nous!\u00a0","breadcrumb":{"@id":"https:\/\/alpagasdumaquis.be\/en\/produit\/mitaines-toronto-2\/#breadcrumb"},"inLanguage":"en-US","potentialAction":[{"@type":"ReadAction","target":["https:\/\/alpagasdumaquis.be\/en\/produit\/mitaines-toronto-2\/"]}]},{"@type":"ImageObject","inLanguage":"en-US","@id":"https:\/\/alpagasdumaquis.be\/en\/produit\/mitaines-toronto-2\/#primaryimage","url":"https:\/\/alpagasdumaquis.be\/wp-content\/uploads\/2021\/12\/\u200eMitaines-Toronto-3.\u200e1.jpeg","contentUrl":"https:\/\/alpagasdumaquis.be\/wp-content\/uploads\/2021\/12\/\u200eMitaines-Toronto-3.\u200e1.jpeg","width":674,"height":901,"caption":"Mitaines Toronto"},{"@type":"BreadcrumbList","@id":"https:\/\/alpagasdumaquis.be\/en\/produit\/mitaines-toronto-2\/#breadcrumb","itemListElement":[{"@type":"ListItem","position":1,"name":"Accueil","item":"https:\/\/alpagasdumaquis.be\/en\/alpagas-du-maquis-alpaca-breeding-spinning-mill-shop\/"},{"@type":"ListItem","position":2,"name":"origin &#8211; Boutique","item":"https:\/\/alpagasdumaquis.be\/boutique-origin\/"},{"@type":"ListItem","position":3,"name":"Mitaines Toronto"}]},{"@type":"WebSite","@id":"https:\/\/alpagasdumaquis.be\/#website","url":"https:\/\/alpagasdumaquis.be\/","name":"Alpagas du Maquis","description":"Quality Alpagas &amp; Fiber Mill","publisher":{"@id":"https:\/\/alpagasdumaquis.be\/#organization"},"potentialAction":[{"@type":"SearchAction","target":{"@type":"EntryPoint","urlTemplate":"https:\/\/alpagasdumaquis.be\/?s={search_term_string}"},"query-input":{"@type":"PropertyValueSpecification","valueRequired":true,"valueName":"search_term_string"}}],"inLanguage":"en-US"},{"@type":"Organization","@id":"https:\/\/alpagasdumaquis.be\/#organization","name":"Alpagas du Maquis","url":"https:\/\/alpagasdumaquis.be\/","logo":{"@type":"ImageObject","inLanguage":"en-US","@id":"https:\/\/alpagasdumaquis.be\/#\/schema\/logo\/image\/","url":"https:\/\/alpagasdumaquis.be\/wp-content\/uploads\/2023\/07\/alpagas-logo.76cc389.webp","contentUrl":"https:\/\/alpagasdumaquis.be\/wp-content\/uploads\/2023\/07\/alpagas-logo.76cc389.webp","width":200,"height":200,"caption":"Alpagas du Maquis"},"image":{"@id":"https:\/\/alpagasdumaquis.be\/#\/schema\/logo\/image\/"}}]}},"jetpack_sharing_enabled":true,"_links":{"self":[{"href":"https:\/\/alpagasdumaquis.be\/en\/wp-json\/wp\/v2\/product\/2989","targetHints":{"allow":["GET"]}}],"collection":[{"href":"https:\/\/alpagasdumaquis.be\/en\/wp-json\/wp\/v2\/product"}],"about":[{"href":"https:\/\/alpagasdumaquis.be\/en\/wp-json\/wp\/v2\/types\/product"}],"replies":[{"embeddable":true,"href":"https:\/\/alpagasdumaquis.be\/en\/wp-json\/wp\/v2\/comments?post=2989"}],"version-history":[{"count":0,"href":"https:\/\/alpagasdumaquis.be\/en\/wp-json\/wp\/v2\/product\/2989\/revisions"}],"wp:featuredmedia":[{"embeddable":true,"href":"https:\/\/alpagasdumaquis.be\/en\/wp-json\/wp\/v2\/media\/6831"}],"wp:attachment":[{"href":"https:\/\/alpagasdumaquis.be\/en\/wp-json\/wp\/v2\/media?parent=2989"}],"wp:term":[{"taxonomy":"product_brand","embeddable":true,"href":"https:\/\/alpagasdumaquis.be\/en\/wp-json\/wp\/v2\/product_brand?post=2989"},{"taxonomy":"product_cat","embeddable":true,"href":"https:\/\/alpagasdumaquis.be\/en\/wp-json\/wp\/v2\/product_cat?post=2989"},{"taxonomy":"product_tag","embeddable":true,"href":"https:\/\/alpagasdumaquis.be\/en\/wp-json\/wp\/v2\/product_tag?post=2989"}],"curies":[{"name":"wp","href":"https:\/\/api.w.org\/{rel}","templated":true}]}}