{"id":3158,"date":"2022-05-10T13:50:03","date_gmt":"2022-05-10T13:50:03","guid":{"rendered":"https:\/\/alpagasmaquis.be\/?post_type=product&#038;p=3158"},"modified":"2024-11-28T15:43:32","modified_gmt":"2024-11-28T14:43:32","slug":"peluche-doudou-pour-enfant-alpaga-beige-15cm-2","status":"publish","type":"product","link":"https:\/\/alpagasdumaquis.be\/en\/produit\/peluche-doudou-pour-enfant-alpaga-beige-15cm-2\/","title":{"rendered":"Peluche doudou pour enfant alpaga beige 15cm"},"content":{"rendered":"<p><meta charset=\"utf-8\"><\/p>\n<p data-mce-fragment=\"1\"><span data-mce-fragment=\"1\">Petite peluche de 15cm tr\u00e8s douce, \u00e0 caresser sans mod\u00e9ration!<\/span><\/p>\n<p data-mce-fragment=\"1\"><span data-mce-fragment=\"1\">Ce produit r\u00e9pond \u00e0 toutes les normes europ\u00e9ennes concernant la s\u00e9curit\u00e9 des jouets.\u00a0Il porte le marquage de la CE de conformit\u00e9 europ\u00e9enne.<\/span><\/p>\n","protected":false},"excerpt":{"rendered":"<p>Petite peluche de 15cm tr\u00e8s douce, \u00e0 caresser sans mod\u00e9ration! Ce produit r\u00e9pond \u00e0 toutes les normes europ\u00e9ennes concernant la s\u00e9curit\u00e9 des jouets.\u00a0Il porte le marquage de la CE de conformit\u00e9 europ\u00e9enne.<\/p>\n","protected":false},"featured_media":3159,"comment_status":"open","ping_status":"closed","template":"","meta":[],"product_brand":[],"product_cat":[53],"product_tag":[],"class_list":{"0":"post-3158","1":"product","2":"type-product","3":"status-publish","4":"has-post-thumbnail","6":"product_cat-peru-s-envelopper-cocooner-2","8":"first","9":"instock","10":"shipping-taxable","11":"purchasable","12":"product-type-simple"},"yoast_head":"<!-- This site is optimized with the Yoast SEO plugin v27.5 - https:\/\/yoast.com\/product\/yoast-seo-wordpress\/ -->\n<title>Peluche doudou pour enfant alpaga beige 15cm<\/title>\n<meta name=\"description\" content=\"Petite peluche de 15cm tr\u00e8s douce, \u00e0 caresser sans mod\u00e9ration! Ce produit r\u00e9pond \u00e0 toutes les normes europ\u00e9ennes concernant la s\u00e9curit\u00e9 des jouets.\u00a0Il porte le marquage de la CE de conformit\u00e9 europ\u00e9enne.\" \/>\n<meta name=\"robots\" content=\"index, follow, max-snippet:-1, max-image-preview:large, max-video-preview:-1\" \/>\n<link rel=\"canonical\" href=\"https:\/\/alpagasdumaquis.be\/en\/produit\/peluche-doudou-pour-enfant-alpaga-beige-15cm-2\/\" \/>\n<meta property=\"og:locale\" content=\"en_US\" \/>\n<meta property=\"og:type\" content=\"article\" \/>\n<meta property=\"og:title\" content=\"Peluche doudou pour enfant alpaga beige 15cm\" \/>\n<meta property=\"og:description\" content=\"Petite peluche de 15cm tr\u00e8s douce, \u00e0 caresser sans mod\u00e9ration! Ce produit r\u00e9pond \u00e0 toutes les normes europ\u00e9ennes concernant la s\u00e9curit\u00e9 des jouets.\u00a0Il porte le marquage de la CE de conformit\u00e9 europ\u00e9enne.\" \/>\n<meta property=\"og:url\" content=\"https:\/\/alpagasdumaquis.be\/en\/produit\/peluche-doudou-pour-enfant-alpaga-beige-15cm-2\/\" \/>\n<meta property=\"og:site_name\" content=\"Alpagas du Maquis\" \/>\n<meta property=\"article:modified_time\" content=\"2024-11-28T14:43:32+00:00\" \/>\n<meta property=\"og:image\" content=\"https:\/\/alpagasdumaquis.be\/wp-content\/uploads\/2022\/05\/products-1050339W-1.jpg\" \/>\n\t<meta property=\"og:image:width\" content=\"1024\" \/>\n\t<meta property=\"og:image:height\" content=\"1023\" \/>\n\t<meta property=\"og:image:type\" content=\"image\/jpeg\" \/>\n<meta name=\"twitter:card\" content=\"summary_large_image\" \/>\n<script type=\"application\/ld+json\" class=\"yoast-schema-graph\">{\"@context\":\"https:\\\/\\\/schema.org\",\"@graph\":[{\"@type\":\"WebPage\",\"@id\":\"https:\\\/\\\/alpagasdumaquis.be\\\/en\\\/produit\\\/peluche-doudou-pour-enfant-alpaga-beige-15cm-2\\\/\",\"url\":\"https:\\\/\\\/alpagasdumaquis.be\\\/en\\\/produit\\\/peluche-doudou-pour-enfant-alpaga-beige-15cm-2\\\/\",\"name\":\"Peluche doudou pour enfant alpaga beige 15cm\",\"isPartOf\":{\"@id\":\"https:\\\/\\\/alpagasdumaquis.be\\\/#website\"},\"primaryImageOfPage\":{\"@id\":\"https:\\\/\\\/alpagasdumaquis.be\\\/en\\\/produit\\\/peluche-doudou-pour-enfant-alpaga-beige-15cm-2\\\/#primaryimage\"},\"image\":{\"@id\":\"https:\\\/\\\/alpagasdumaquis.be\\\/en\\\/produit\\\/peluche-doudou-pour-enfant-alpaga-beige-15cm-2\\\/#primaryimage\"},\"thumbnailUrl\":\"https:\\\/\\\/alpagasdumaquis.be\\\/wp-content\\\/uploads\\\/2022\\\/05\\\/products-1050339W-1.jpg\",\"datePublished\":\"2022-05-10T13:50:03+00:00\",\"dateModified\":\"2024-11-28T14:43:32+00:00\",\"description\":\"Petite peluche de 15cm tr\u00e8s douce, \u00e0 caresser sans mod\u00e9ration! Ce produit r\u00e9pond \u00e0 toutes les normes europ\u00e9ennes concernant la s\u00e9curit\u00e9 des jouets.\u00a0Il porte le marquage de la CE de conformit\u00e9 europ\u00e9enne.\",\"breadcrumb\":{\"@id\":\"https:\\\/\\\/alpagasdumaquis.be\\\/en\\\/produit\\\/peluche-doudou-pour-enfant-alpaga-beige-15cm-2\\\/#breadcrumb\"},\"inLanguage\":\"en-US\",\"potentialAction\":[{\"@type\":\"ReadAction\",\"target\":[\"https:\\\/\\\/alpagasdumaquis.be\\\/en\\\/produit\\\/peluche-doudou-pour-enfant-alpaga-beige-15cm-2\\\/\"]}]},{\"@type\":\"ImageObject\",\"inLanguage\":\"en-US\",\"@id\":\"https:\\\/\\\/alpagasdumaquis.be\\\/en\\\/produit\\\/peluche-doudou-pour-enfant-alpaga-beige-15cm-2\\\/#primaryimage\",\"url\":\"https:\\\/\\\/alpagasdumaquis.be\\\/wp-content\\\/uploads\\\/2022\\\/05\\\/products-1050339W-1.jpg\",\"contentUrl\":\"https:\\\/\\\/alpagasdumaquis.be\\\/wp-content\\\/uploads\\\/2022\\\/05\\\/products-1050339W-1.jpg\",\"width\":1024,\"height\":1023,\"caption\":\"Peluche doudou pour enfant alpaga beige 15cm\"},{\"@type\":\"BreadcrumbList\",\"@id\":\"https:\\\/\\\/alpagasdumaquis.be\\\/en\\\/produit\\\/peluche-doudou-pour-enfant-alpaga-beige-15cm-2\\\/#breadcrumb\",\"itemListElement\":[{\"@type\":\"ListItem\",\"position\":1,\"name\":\"Accueil\",\"item\":\"https:\\\/\\\/alpagasdumaquis.be\\\/en\\\/alpagas-du-maquis-alpaca-breeding-spinning-mill-shop\\\/\"},{\"@type\":\"ListItem\",\"position\":2,\"name\":\"origin &#8211; Boutique\",\"item\":\"https:\\\/\\\/alpagasdumaquis.be\\\/boutique-origin\\\/\"},{\"@type\":\"ListItem\",\"position\":3,\"name\":\"Peluche doudou pour enfant alpaga beige 15cm\"}]},{\"@type\":\"WebSite\",\"@id\":\"https:\\\/\\\/alpagasdumaquis.be\\\/#website\",\"url\":\"https:\\\/\\\/alpagasdumaquis.be\\\/\",\"name\":\"Alpagas du Maquis\",\"description\":\"Quality Alpagas &amp; Fiber Mill\",\"publisher\":{\"@id\":\"https:\\\/\\\/alpagasdumaquis.be\\\/#organization\"},\"potentialAction\":[{\"@type\":\"SearchAction\",\"target\":{\"@type\":\"EntryPoint\",\"urlTemplate\":\"https:\\\/\\\/alpagasdumaquis.be\\\/?s={search_term_string}\"},\"query-input\":{\"@type\":\"PropertyValueSpecification\",\"valueRequired\":true,\"valueName\":\"search_term_string\"}}],\"inLanguage\":\"en-US\"},{\"@type\":\"Organization\",\"@id\":\"https:\\\/\\\/alpagasdumaquis.be\\\/#organization\",\"name\":\"Alpagas du Maquis\",\"url\":\"https:\\\/\\\/alpagasdumaquis.be\\\/\",\"logo\":{\"@type\":\"ImageObject\",\"inLanguage\":\"en-US\",\"@id\":\"https:\\\/\\\/alpagasdumaquis.be\\\/#\\\/schema\\\/logo\\\/image\\\/\",\"url\":\"https:\\\/\\\/alpagasdumaquis.be\\\/wp-content\\\/uploads\\\/2023\\\/07\\\/alpagas-logo.76cc389.webp\",\"contentUrl\":\"https:\\\/\\\/alpagasdumaquis.be\\\/wp-content\\\/uploads\\\/2023\\\/07\\\/alpagas-logo.76cc389.webp\",\"width\":200,\"height\":200,\"caption\":\"Alpagas du Maquis\"},\"image\":{\"@id\":\"https:\\\/\\\/alpagasdumaquis.be\\\/#\\\/schema\\\/logo\\\/image\\\/\"}}]}<\/script>\n<!-- \/ Yoast SEO plugin. -->","yoast_head_json":{"title":"Peluche doudou pour enfant alpaga beige 15cm","description":"Petite peluche de 15cm tr\u00e8s douce, \u00e0 caresser sans mod\u00e9ration! Ce produit r\u00e9pond \u00e0 toutes les normes europ\u00e9ennes concernant la s\u00e9curit\u00e9 des jouets.\u00a0Il porte le marquage de la CE de conformit\u00e9 europ\u00e9enne.","robots":{"index":"index","follow":"follow","max-snippet":"max-snippet:-1","max-image-preview":"max-image-preview:large","max-video-preview":"max-video-preview:-1"},"canonical":"https:\/\/alpagasdumaquis.be\/en\/produit\/peluche-doudou-pour-enfant-alpaga-beige-15cm-2\/","og_locale":"en_US","og_type":"article","og_title":"Peluche doudou pour enfant alpaga beige 15cm","og_description":"Petite peluche de 15cm tr\u00e8s douce, \u00e0 caresser sans mod\u00e9ration! Ce produit r\u00e9pond \u00e0 toutes les normes europ\u00e9ennes concernant la s\u00e9curit\u00e9 des jouets.\u00a0Il porte le marquage de la CE de conformit\u00e9 europ\u00e9enne.","og_url":"https:\/\/alpagasdumaquis.be\/en\/produit\/peluche-doudou-pour-enfant-alpaga-beige-15cm-2\/","og_site_name":"Alpagas du Maquis","article_modified_time":"2024-11-28T14:43:32+00:00","og_image":[{"width":1024,"height":1023,"url":"https:\/\/alpagasdumaquis.be\/wp-content\/uploads\/2022\/05\/products-1050339W-1.jpg","type":"image\/jpeg"}],"twitter_card":"summary_large_image","schema":{"@context":"https:\/\/schema.org","@graph":[{"@type":"WebPage","@id":"https:\/\/alpagasdumaquis.be\/en\/produit\/peluche-doudou-pour-enfant-alpaga-beige-15cm-2\/","url":"https:\/\/alpagasdumaquis.be\/en\/produit\/peluche-doudou-pour-enfant-alpaga-beige-15cm-2\/","name":"Peluche doudou pour enfant alpaga beige 15cm","isPartOf":{"@id":"https:\/\/alpagasdumaquis.be\/#website"},"primaryImageOfPage":{"@id":"https:\/\/alpagasdumaquis.be\/en\/produit\/peluche-doudou-pour-enfant-alpaga-beige-15cm-2\/#primaryimage"},"image":{"@id":"https:\/\/alpagasdumaquis.be\/en\/produit\/peluche-doudou-pour-enfant-alpaga-beige-15cm-2\/#primaryimage"},"thumbnailUrl":"https:\/\/alpagasdumaquis.be\/wp-content\/uploads\/2022\/05\/products-1050339W-1.jpg","datePublished":"2022-05-10T13:50:03+00:00","dateModified":"2024-11-28T14:43:32+00:00","description":"Petite peluche de 15cm tr\u00e8s douce, \u00e0 caresser sans mod\u00e9ration! Ce produit r\u00e9pond \u00e0 toutes les normes europ\u00e9ennes concernant la s\u00e9curit\u00e9 des jouets.\u00a0Il porte le marquage de la CE de conformit\u00e9 europ\u00e9enne.","breadcrumb":{"@id":"https:\/\/alpagasdumaquis.be\/en\/produit\/peluche-doudou-pour-enfant-alpaga-beige-15cm-2\/#breadcrumb"},"inLanguage":"en-US","potentialAction":[{"@type":"ReadAction","target":["https:\/\/alpagasdumaquis.be\/en\/produit\/peluche-doudou-pour-enfant-alpaga-beige-15cm-2\/"]}]},{"@type":"ImageObject","inLanguage":"en-US","@id":"https:\/\/alpagasdumaquis.be\/en\/produit\/peluche-doudou-pour-enfant-alpaga-beige-15cm-2\/#primaryimage","url":"https:\/\/alpagasdumaquis.be\/wp-content\/uploads\/2022\/05\/products-1050339W-1.jpg","contentUrl":"https:\/\/alpagasdumaquis.be\/wp-content\/uploads\/2022\/05\/products-1050339W-1.jpg","width":1024,"height":1023,"caption":"Peluche doudou pour enfant alpaga beige 15cm"},{"@type":"BreadcrumbList","@id":"https:\/\/alpagasdumaquis.be\/en\/produit\/peluche-doudou-pour-enfant-alpaga-beige-15cm-2\/#breadcrumb","itemListElement":[{"@type":"ListItem","position":1,"name":"Accueil","item":"https:\/\/alpagasdumaquis.be\/en\/alpagas-du-maquis-alpaca-breeding-spinning-mill-shop\/"},{"@type":"ListItem","position":2,"name":"origin &#8211; Boutique","item":"https:\/\/alpagasdumaquis.be\/boutique-origin\/"},{"@type":"ListItem","position":3,"name":"Peluche doudou pour enfant alpaga beige 15cm"}]},{"@type":"WebSite","@id":"https:\/\/alpagasdumaquis.be\/#website","url":"https:\/\/alpagasdumaquis.be\/","name":"Alpagas du Maquis","description":"Quality Alpagas &amp; Fiber Mill","publisher":{"@id":"https:\/\/alpagasdumaquis.be\/#organization"},"potentialAction":[{"@type":"SearchAction","target":{"@type":"EntryPoint","urlTemplate":"https:\/\/alpagasdumaquis.be\/?s={search_term_string}"},"query-input":{"@type":"PropertyValueSpecification","valueRequired":true,"valueName":"search_term_string"}}],"inLanguage":"en-US"},{"@type":"Organization","@id":"https:\/\/alpagasdumaquis.be\/#organization","name":"Alpagas du Maquis","url":"https:\/\/alpagasdumaquis.be\/","logo":{"@type":"ImageObject","inLanguage":"en-US","@id":"https:\/\/alpagasdumaquis.be\/#\/schema\/logo\/image\/","url":"https:\/\/alpagasdumaquis.be\/wp-content\/uploads\/2023\/07\/alpagas-logo.76cc389.webp","contentUrl":"https:\/\/alpagasdumaquis.be\/wp-content\/uploads\/2023\/07\/alpagas-logo.76cc389.webp","width":200,"height":200,"caption":"Alpagas du Maquis"},"image":{"@id":"https:\/\/alpagasdumaquis.be\/#\/schema\/logo\/image\/"}}]}},"jetpack_sharing_enabled":true,"_links":{"self":[{"href":"https:\/\/alpagasdumaquis.be\/en\/wp-json\/wp\/v2\/product\/3158","targetHints":{"allow":["GET"]}}],"collection":[{"href":"https:\/\/alpagasdumaquis.be\/en\/wp-json\/wp\/v2\/product"}],"about":[{"href":"https:\/\/alpagasdumaquis.be\/en\/wp-json\/wp\/v2\/types\/product"}],"replies":[{"embeddable":true,"href":"https:\/\/alpagasdumaquis.be\/en\/wp-json\/wp\/v2\/comments?post=3158"}],"version-history":[{"count":1,"href":"https:\/\/alpagasdumaquis.be\/en\/wp-json\/wp\/v2\/product\/3158\/revisions"}],"predecessor-version":[{"id":7953,"href":"https:\/\/alpagasdumaquis.be\/en\/wp-json\/wp\/v2\/product\/3158\/revisions\/7953"}],"wp:featuredmedia":[{"embeddable":true,"href":"https:\/\/alpagasdumaquis.be\/en\/wp-json\/wp\/v2\/media\/3159"}],"wp:attachment":[{"href":"https:\/\/alpagasdumaquis.be\/en\/wp-json\/wp\/v2\/media?parent=3158"}],"wp:term":[{"taxonomy":"product_brand","embeddable":true,"href":"https:\/\/alpagasdumaquis.be\/en\/wp-json\/wp\/v2\/product_brand?post=3158"},{"taxonomy":"product_cat","embeddable":true,"href":"https:\/\/alpagasdumaquis.be\/en\/wp-json\/wp\/v2\/product_cat?post=3158"},{"taxonomy":"product_tag","embeddable":true,"href":"https:\/\/alpagasdumaquis.be\/en\/wp-json\/wp\/v2\/product_tag?post=3158"}],"curies":[{"name":"wp","href":"https:\/\/api.w.org\/{rel}","templated":true}]}}