{"id":3472,"date":"2022-11-04T13:16:15","date_gmt":"2022-11-04T12:16:15","guid":{"rendered":"https:\/\/alpagasmaquis.be\/?post_type=product&#038;p=3472"},"modified":"2022-11-05T16:24:26","modified_gmt":"2022-11-05T16:24:26","slug":"veste-blazer-felix-2-couleurs-2","status":"publish","type":"product","link":"https:\/\/alpagasdumaquis.be\/en\/produit\/veste-blazer-felix-2-couleurs-2\/","title":{"rendered":"Veste blazer Felix \/ 2 couleurs"},"content":{"rendered":"<p>Superbe\u00a0blazer pour homme fabriqu\u00e9 \u00e0 partir d&#8217;un m\u00e9lange de laine et d&#8217;alpaga l\u00e9g\u00e8rement foul\u00e9e. Elle\u00a0est particuli\u00e8rement confortable \u00e0 porter,\u00a0s&#8217;adapte \u00e0 chaque mouvement et offre ainsi un confort maximal.<br data-mce-fragment=\"1\">Les coutures passepoil\u00e9es de couleur contrastante sont particuli\u00e8rement attrayantes. Elle est ferm\u00e9e par 5 \u00e9l\u00e9gants boutons en corne \u00e0 l&#8217;avant et les coudes sont renforc\u00e9s avec du vrai cuir de ch\u00e8vre. Deux poches pour les mains et une poche poitrine offrent un espace de rangement pour les objets utiles lors de vos d\u00e9placements. Cette veste a une longueur optimale jusqu&#8217;aux hanches et vous garde bien au chaud.<br data-mce-fragment=\"1\"><br data-mce-fragment=\"1\">Les gilets sont des compagnons indispensables pour toutes les saisons. Ils peuvent \u00eatre port\u00e9s en toute occasion et vous donnent toujours l&#8217;air bien habill\u00e9. Le design simple dans un style traditionnel s&#8217;adapte facilement \u00e0 n&#8217;importe quel style vestimentaire. Des atouts multiples pour les hommes actifs qui appr\u00e9cient la qualit\u00e9 et la chaleur naturelle.<\/p>\n<p><meta charset=\"utf-8\">Mati\u00e8re : 60% Alpaga 40% Laine<br data-mce-fragment=\"1\"><\/p>\n","protected":false},"excerpt":{"rendered":"<p>Superbe\u00a0blazer pour homme fabriqu\u00e9 \u00e0 partir d&#8217;un m\u00e9lange de laine et d&#8217;alpaga l\u00e9g\u00e8rement foul\u00e9e. Elle\u00a0est particuli\u00e8rement confortable \u00e0 porter,\u00a0s&#8217;adapte \u00e0 chaque mouvement et offre ainsi un confort maximal.Les coutures passepoil\u00e9es de couleur contrastante sont particuli\u00e8rement attrayantes. Elle est ferm\u00e9e par 5 \u00e9l\u00e9gants boutons en corne \u00e0 l&#8217;avant et les coudes sont renforc\u00e9s avec du vrai [&hellip;]<\/p>\n","protected":false},"featured_media":3476,"comment_status":"open","ping_status":"closed","template":"","meta":[],"product_brand":[58],"product_cat":[37,53],"product_tag":[],"class_list":{"0":"post-3472","1":"product","2":"type-product","3":"status-publish","4":"has-post-thumbnail","6":"product_brand-apu-kuntur","7":"product_cat-coups-de-coeur-2","8":"product_cat-peru-s-envelopper-cocooner-2","9":"pa_couleur-gris-en","10":"pa_couleur-navy-en","11":"pa_taille-m-en","12":"pa_taille-s-en","13":"pa_taille-xl-en","15":"first","16":"instock","17":"sale","18":"shipping-taxable","19":"purchasable","20":"product-type-variable"},"yoast_head":"<!-- This site is optimized with the Yoast SEO plugin v27.4 - https:\/\/yoast.com\/product\/yoast-seo-wordpress\/ -->\n<title>Veste blazer Felix \/ 2 couleurs<\/title>\n<meta name=\"description\" content=\"Superbe\u00a0blazer pour homme fabriqu\u00e9 \u00e0 partir d&#039;un m\u00e9lange de laine et d&#039;alpaga l\u00e9g\u00e8rement foul\u00e9e. Elle\u00a0est particuli\u00e8rement confortable \u00e0 porter,\u00a0s&#039;adapte \u00e0 chaque mouvement et offre ainsi un confort maximal.Les coutures passepoil\u00e9es de couleur contrastante sont particuli\u00e8rement attrayantes. Elle est ferm\u00e9e par 5 \u00e9l\u00e9gants boutons en corne \u00e0 l&#039;avant et les coudes sont renforc\u00e9s avec du vrai cuir de ch\u00e8vre. Deux poches pour les mains et une poche poitrine offrent un espace de rangement pour les objets utiles lors de vos d\u00e9placements. Cette veste a une longueur optimale jusqu&#039;aux hanches et vous garde bien au chaud.Les gilets sont des compagnons indispensables pour toutes les saisons. Ils peuvent \u00eatre port\u00e9s en toute occasion et vous donnent toujours l&#039;air bien habill\u00e9. Le design simple dans un style traditionnel s&#039;adapte facilement \u00e0 n&#039;importe quel style vestimentaire. Des atouts multiples pour les hommes actifs qui appr\u00e9cient la qualit\u00e9 et la chaleur naturelle. Mati\u00e8re : 60% Alpaga 40% Laine\" \/>\n<meta name=\"robots\" content=\"index, follow, max-snippet:-1, max-image-preview:large, max-video-preview:-1\" \/>\n<link rel=\"canonical\" href=\"https:\/\/alpagasdumaquis.be\/en\/produit\/veste-blazer-felix-2-couleurs-2\/\" \/>\n<meta property=\"og:locale\" content=\"en_US\" \/>\n<meta property=\"og:type\" content=\"article\" \/>\n<meta property=\"og:title\" content=\"Veste blazer Felix \/ 2 couleurs\" \/>\n<meta property=\"og:description\" content=\"Superbe\u00a0blazer pour homme fabriqu\u00e9 \u00e0 partir d&#039;un m\u00e9lange de laine et d&#039;alpaga l\u00e9g\u00e8rement foul\u00e9e. Elle\u00a0est particuli\u00e8rement confortable \u00e0 porter,\u00a0s&#039;adapte \u00e0 chaque mouvement et offre ainsi un confort maximal.Les coutures passepoil\u00e9es de couleur contrastante sont particuli\u00e8rement attrayantes. Elle est ferm\u00e9e par 5 \u00e9l\u00e9gants boutons en corne \u00e0 l&#039;avant et les coudes sont renforc\u00e9s avec du vrai cuir de ch\u00e8vre. Deux poches pour les mains et une poche poitrine offrent un espace de rangement pour les objets utiles lors de vos d\u00e9placements. Cette veste a une longueur optimale jusqu&#039;aux hanches et vous garde bien au chaud.Les gilets sont des compagnons indispensables pour toutes les saisons. Ils peuvent \u00eatre port\u00e9s en toute occasion et vous donnent toujours l&#039;air bien habill\u00e9. Le design simple dans un style traditionnel s&#039;adapte facilement \u00e0 n&#039;importe quel style vestimentaire. Des atouts multiples pour les hommes actifs qui appr\u00e9cient la qualit\u00e9 et la chaleur naturelle. Mati\u00e8re : 60% Alpaga 40% Laine\" \/>\n<meta property=\"og:url\" content=\"https:\/\/alpagasdumaquis.be\/en\/produit\/veste-blazer-felix-2-couleurs-2\/\" \/>\n<meta property=\"og:site_name\" content=\"Alpagas du Maquis\" \/>\n<meta property=\"article:modified_time\" content=\"2022-11-05T16:24:26+00:00\" \/>\n<meta property=\"og:image\" content=\"https:\/\/alpagasdumaquis.be\/wp-content\/uploads\/2022\/11\/products-6alpaka-trachtenjacke-felix-aus-alpaka-und-wolle-1.jpg\" \/>\n\t<meta property=\"og:image:width\" content=\"1500\" \/>\n\t<meta property=\"og:image:height\" content=\"2275\" \/>\n\t<meta property=\"og:image:type\" content=\"image\/jpeg\" \/>\n<meta name=\"twitter:card\" content=\"summary_large_image\" \/>\n<meta name=\"twitter:label1\" content=\"Est. reading time\" \/>\n\t<meta name=\"twitter:data1\" content=\"1 minute\" \/>\n<script type=\"application\/ld+json\" class=\"yoast-schema-graph\">{\"@context\":\"https:\\\/\\\/schema.org\",\"@graph\":[{\"@type\":\"WebPage\",\"@id\":\"https:\\\/\\\/alpagasdumaquis.be\\\/en\\\/produit\\\/veste-blazer-felix-2-couleurs-2\\\/\",\"url\":\"https:\\\/\\\/alpagasdumaquis.be\\\/en\\\/produit\\\/veste-blazer-felix-2-couleurs-2\\\/\",\"name\":\"Veste blazer Felix \\\/ 2 couleurs\",\"isPartOf\":{\"@id\":\"https:\\\/\\\/alpagasdumaquis.be\\\/#website\"},\"primaryImageOfPage\":{\"@id\":\"https:\\\/\\\/alpagasdumaquis.be\\\/en\\\/produit\\\/veste-blazer-felix-2-couleurs-2\\\/#primaryimage\"},\"image\":{\"@id\":\"https:\\\/\\\/alpagasdumaquis.be\\\/en\\\/produit\\\/veste-blazer-felix-2-couleurs-2\\\/#primaryimage\"},\"thumbnailUrl\":\"https:\\\/\\\/alpagasdumaquis.be\\\/wp-content\\\/uploads\\\/2022\\\/11\\\/products-6alpaka-trachtenjacke-felix-aus-alpaka-und-wolle-1.jpg\",\"datePublished\":\"2022-11-04T12:16:15+00:00\",\"dateModified\":\"2022-11-05T16:24:26+00:00\",\"description\":\"Superbe\u00a0blazer pour homme fabriqu\u00e9 \u00e0 partir d'un m\u00e9lange de laine et d'alpaga l\u00e9g\u00e8rement foul\u00e9e. Elle\u00a0est particuli\u00e8rement confortable \u00e0 porter,\u00a0s'adapte \u00e0 chaque mouvement et offre ainsi un confort maximal.Les coutures passepoil\u00e9es de couleur contrastante sont particuli\u00e8rement attrayantes. Elle est ferm\u00e9e par 5 \u00e9l\u00e9gants boutons en corne \u00e0 l'avant et les coudes sont renforc\u00e9s avec du vrai cuir de ch\u00e8vre. Deux poches pour les mains et une poche poitrine offrent un espace de rangement pour les objets utiles lors de vos d\u00e9placements. Cette veste a une longueur optimale jusqu'aux hanches et vous garde bien au chaud.Les gilets sont des compagnons indispensables pour toutes les saisons. Ils peuvent \u00eatre port\u00e9s en toute occasion et vous donnent toujours l'air bien habill\u00e9. Le design simple dans un style traditionnel s'adapte facilement \u00e0 n'importe quel style vestimentaire. Des atouts multiples pour les hommes actifs qui appr\u00e9cient la qualit\u00e9 et la chaleur naturelle. Mati\u00e8re : 60% Alpaga 40% Laine\",\"breadcrumb\":{\"@id\":\"https:\\\/\\\/alpagasdumaquis.be\\\/en\\\/produit\\\/veste-blazer-felix-2-couleurs-2\\\/#breadcrumb\"},\"inLanguage\":\"en-US\",\"potentialAction\":[{\"@type\":\"ReadAction\",\"target\":[\"https:\\\/\\\/alpagasdumaquis.be\\\/en\\\/produit\\\/veste-blazer-felix-2-couleurs-2\\\/\"]}]},{\"@type\":\"ImageObject\",\"inLanguage\":\"en-US\",\"@id\":\"https:\\\/\\\/alpagasdumaquis.be\\\/en\\\/produit\\\/veste-blazer-felix-2-couleurs-2\\\/#primaryimage\",\"url\":\"https:\\\/\\\/alpagasdumaquis.be\\\/wp-content\\\/uploads\\\/2022\\\/11\\\/products-6alpaka-trachtenjacke-felix-aus-alpaka-und-wolle-1.jpg\",\"contentUrl\":\"https:\\\/\\\/alpagasdumaquis.be\\\/wp-content\\\/uploads\\\/2022\\\/11\\\/products-6alpaka-trachtenjacke-felix-aus-alpaka-und-wolle-1.jpg\",\"width\":1500,\"height\":2275,\"caption\":\"Veste blazer Felix \\\/ 2 couleurs\"},{\"@type\":\"BreadcrumbList\",\"@id\":\"https:\\\/\\\/alpagasdumaquis.be\\\/en\\\/produit\\\/veste-blazer-felix-2-couleurs-2\\\/#breadcrumb\",\"itemListElement\":[{\"@type\":\"ListItem\",\"position\":1,\"name\":\"Accueil\",\"item\":\"https:\\\/\\\/alpagasdumaquis.be\\\/en\\\/alpagas-du-maquis-alpaca-breeding-spinning-mill-shop\\\/\"},{\"@type\":\"ListItem\",\"position\":2,\"name\":\"origin &#8211; Boutique\",\"item\":\"https:\\\/\\\/alpagasdumaquis.be\\\/boutique-origin\\\/\"},{\"@type\":\"ListItem\",\"position\":3,\"name\":\"Veste blazer Felix \\\/ 2 couleurs\"}]},{\"@type\":\"WebSite\",\"@id\":\"https:\\\/\\\/alpagasdumaquis.be\\\/#website\",\"url\":\"https:\\\/\\\/alpagasdumaquis.be\\\/\",\"name\":\"Alpagas du Maquis\",\"description\":\"Quality Alpagas &amp; Fiber Mill\",\"publisher\":{\"@id\":\"https:\\\/\\\/alpagasdumaquis.be\\\/#organization\"},\"potentialAction\":[{\"@type\":\"SearchAction\",\"target\":{\"@type\":\"EntryPoint\",\"urlTemplate\":\"https:\\\/\\\/alpagasdumaquis.be\\\/?s={search_term_string}\"},\"query-input\":{\"@type\":\"PropertyValueSpecification\",\"valueRequired\":true,\"valueName\":\"search_term_string\"}}],\"inLanguage\":\"en-US\"},{\"@type\":\"Organization\",\"@id\":\"https:\\\/\\\/alpagasdumaquis.be\\\/#organization\",\"name\":\"Alpagas du Maquis\",\"url\":\"https:\\\/\\\/alpagasdumaquis.be\\\/\",\"logo\":{\"@type\":\"ImageObject\",\"inLanguage\":\"en-US\",\"@id\":\"https:\\\/\\\/alpagasdumaquis.be\\\/#\\\/schema\\\/logo\\\/image\\\/\",\"url\":\"https:\\\/\\\/alpagasdumaquis.be\\\/wp-content\\\/uploads\\\/2023\\\/07\\\/alpagas-logo.76cc389.webp\",\"contentUrl\":\"https:\\\/\\\/alpagasdumaquis.be\\\/wp-content\\\/uploads\\\/2023\\\/07\\\/alpagas-logo.76cc389.webp\",\"width\":200,\"height\":200,\"caption\":\"Alpagas du Maquis\"},\"image\":{\"@id\":\"https:\\\/\\\/alpagasdumaquis.be\\\/#\\\/schema\\\/logo\\\/image\\\/\"}}]}<\/script>\n<!-- \/ Yoast SEO plugin. -->","yoast_head_json":{"title":"Veste blazer Felix \/ 2 couleurs","description":"Superbe\u00a0blazer pour homme fabriqu\u00e9 \u00e0 partir d'un m\u00e9lange de laine et d'alpaga l\u00e9g\u00e8rement foul\u00e9e. Elle\u00a0est particuli\u00e8rement confortable \u00e0 porter,\u00a0s'adapte \u00e0 chaque mouvement et offre ainsi un confort maximal.Les coutures passepoil\u00e9es de couleur contrastante sont particuli\u00e8rement attrayantes. Elle est ferm\u00e9e par 5 \u00e9l\u00e9gants boutons en corne \u00e0 l'avant et les coudes sont renforc\u00e9s avec du vrai cuir de ch\u00e8vre. Deux poches pour les mains et une poche poitrine offrent un espace de rangement pour les objets utiles lors de vos d\u00e9placements. Cette veste a une longueur optimale jusqu'aux hanches et vous garde bien au chaud.Les gilets sont des compagnons indispensables pour toutes les saisons. Ils peuvent \u00eatre port\u00e9s en toute occasion et vous donnent toujours l'air bien habill\u00e9. Le design simple dans un style traditionnel s'adapte facilement \u00e0 n'importe quel style vestimentaire. Des atouts multiples pour les hommes actifs qui appr\u00e9cient la qualit\u00e9 et la chaleur naturelle. Mati\u00e8re : 60% Alpaga 40% Laine","robots":{"index":"index","follow":"follow","max-snippet":"max-snippet:-1","max-image-preview":"max-image-preview:large","max-video-preview":"max-video-preview:-1"},"canonical":"https:\/\/alpagasdumaquis.be\/en\/produit\/veste-blazer-felix-2-couleurs-2\/","og_locale":"en_US","og_type":"article","og_title":"Veste blazer Felix \/ 2 couleurs","og_description":"Superbe\u00a0blazer pour homme fabriqu\u00e9 \u00e0 partir d'un m\u00e9lange de laine et d'alpaga l\u00e9g\u00e8rement foul\u00e9e. Elle\u00a0est particuli\u00e8rement confortable \u00e0 porter,\u00a0s'adapte \u00e0 chaque mouvement et offre ainsi un confort maximal.Les coutures passepoil\u00e9es de couleur contrastante sont particuli\u00e8rement attrayantes. Elle est ferm\u00e9e par 5 \u00e9l\u00e9gants boutons en corne \u00e0 l'avant et les coudes sont renforc\u00e9s avec du vrai cuir de ch\u00e8vre. Deux poches pour les mains et une poche poitrine offrent un espace de rangement pour les objets utiles lors de vos d\u00e9placements. Cette veste a une longueur optimale jusqu'aux hanches et vous garde bien au chaud.Les gilets sont des compagnons indispensables pour toutes les saisons. Ils peuvent \u00eatre port\u00e9s en toute occasion et vous donnent toujours l'air bien habill\u00e9. Le design simple dans un style traditionnel s'adapte facilement \u00e0 n'importe quel style vestimentaire. Des atouts multiples pour les hommes actifs qui appr\u00e9cient la qualit\u00e9 et la chaleur naturelle. Mati\u00e8re : 60% Alpaga 40% Laine","og_url":"https:\/\/alpagasdumaquis.be\/en\/produit\/veste-blazer-felix-2-couleurs-2\/","og_site_name":"Alpagas du Maquis","article_modified_time":"2022-11-05T16:24:26+00:00","og_image":[{"width":1500,"height":2275,"url":"https:\/\/alpagasdumaquis.be\/wp-content\/uploads\/2022\/11\/products-6alpaka-trachtenjacke-felix-aus-alpaka-und-wolle-1.jpg","type":"image\/jpeg"}],"twitter_card":"summary_large_image","twitter_misc":{"Est. reading time":"1 minute"},"schema":{"@context":"https:\/\/schema.org","@graph":[{"@type":"WebPage","@id":"https:\/\/alpagasdumaquis.be\/en\/produit\/veste-blazer-felix-2-couleurs-2\/","url":"https:\/\/alpagasdumaquis.be\/en\/produit\/veste-blazer-felix-2-couleurs-2\/","name":"Veste blazer Felix \/ 2 couleurs","isPartOf":{"@id":"https:\/\/alpagasdumaquis.be\/#website"},"primaryImageOfPage":{"@id":"https:\/\/alpagasdumaquis.be\/en\/produit\/veste-blazer-felix-2-couleurs-2\/#primaryimage"},"image":{"@id":"https:\/\/alpagasdumaquis.be\/en\/produit\/veste-blazer-felix-2-couleurs-2\/#primaryimage"},"thumbnailUrl":"https:\/\/alpagasdumaquis.be\/wp-content\/uploads\/2022\/11\/products-6alpaka-trachtenjacke-felix-aus-alpaka-und-wolle-1.jpg","datePublished":"2022-11-04T12:16:15+00:00","dateModified":"2022-11-05T16:24:26+00:00","description":"Superbe\u00a0blazer pour homme fabriqu\u00e9 \u00e0 partir d'un m\u00e9lange de laine et d'alpaga l\u00e9g\u00e8rement foul\u00e9e. Elle\u00a0est particuli\u00e8rement confortable \u00e0 porter,\u00a0s'adapte \u00e0 chaque mouvement et offre ainsi un confort maximal.Les coutures passepoil\u00e9es de couleur contrastante sont particuli\u00e8rement attrayantes. Elle est ferm\u00e9e par 5 \u00e9l\u00e9gants boutons en corne \u00e0 l'avant et les coudes sont renforc\u00e9s avec du vrai cuir de ch\u00e8vre. Deux poches pour les mains et une poche poitrine offrent un espace de rangement pour les objets utiles lors de vos d\u00e9placements. Cette veste a une longueur optimale jusqu'aux hanches et vous garde bien au chaud.Les gilets sont des compagnons indispensables pour toutes les saisons. Ils peuvent \u00eatre port\u00e9s en toute occasion et vous donnent toujours l'air bien habill\u00e9. Le design simple dans un style traditionnel s'adapte facilement \u00e0 n'importe quel style vestimentaire. Des atouts multiples pour les hommes actifs qui appr\u00e9cient la qualit\u00e9 et la chaleur naturelle. Mati\u00e8re : 60% Alpaga 40% Laine","breadcrumb":{"@id":"https:\/\/alpagasdumaquis.be\/en\/produit\/veste-blazer-felix-2-couleurs-2\/#breadcrumb"},"inLanguage":"en-US","potentialAction":[{"@type":"ReadAction","target":["https:\/\/alpagasdumaquis.be\/en\/produit\/veste-blazer-felix-2-couleurs-2\/"]}]},{"@type":"ImageObject","inLanguage":"en-US","@id":"https:\/\/alpagasdumaquis.be\/en\/produit\/veste-blazer-felix-2-couleurs-2\/#primaryimage","url":"https:\/\/alpagasdumaquis.be\/wp-content\/uploads\/2022\/11\/products-6alpaka-trachtenjacke-felix-aus-alpaka-und-wolle-1.jpg","contentUrl":"https:\/\/alpagasdumaquis.be\/wp-content\/uploads\/2022\/11\/products-6alpaka-trachtenjacke-felix-aus-alpaka-und-wolle-1.jpg","width":1500,"height":2275,"caption":"Veste blazer Felix \/ 2 couleurs"},{"@type":"BreadcrumbList","@id":"https:\/\/alpagasdumaquis.be\/en\/produit\/veste-blazer-felix-2-couleurs-2\/#breadcrumb","itemListElement":[{"@type":"ListItem","position":1,"name":"Accueil","item":"https:\/\/alpagasdumaquis.be\/en\/alpagas-du-maquis-alpaca-breeding-spinning-mill-shop\/"},{"@type":"ListItem","position":2,"name":"origin &#8211; Boutique","item":"https:\/\/alpagasdumaquis.be\/boutique-origin\/"},{"@type":"ListItem","position":3,"name":"Veste blazer Felix \/ 2 couleurs"}]},{"@type":"WebSite","@id":"https:\/\/alpagasdumaquis.be\/#website","url":"https:\/\/alpagasdumaquis.be\/","name":"Alpagas du Maquis","description":"Quality Alpagas &amp; Fiber Mill","publisher":{"@id":"https:\/\/alpagasdumaquis.be\/#organization"},"potentialAction":[{"@type":"SearchAction","target":{"@type":"EntryPoint","urlTemplate":"https:\/\/alpagasdumaquis.be\/?s={search_term_string}"},"query-input":{"@type":"PropertyValueSpecification","valueRequired":true,"valueName":"search_term_string"}}],"inLanguage":"en-US"},{"@type":"Organization","@id":"https:\/\/alpagasdumaquis.be\/#organization","name":"Alpagas du Maquis","url":"https:\/\/alpagasdumaquis.be\/","logo":{"@type":"ImageObject","inLanguage":"en-US","@id":"https:\/\/alpagasdumaquis.be\/#\/schema\/logo\/image\/","url":"https:\/\/alpagasdumaquis.be\/wp-content\/uploads\/2023\/07\/alpagas-logo.76cc389.webp","contentUrl":"https:\/\/alpagasdumaquis.be\/wp-content\/uploads\/2023\/07\/alpagas-logo.76cc389.webp","width":200,"height":200,"caption":"Alpagas du Maquis"},"image":{"@id":"https:\/\/alpagasdumaquis.be\/#\/schema\/logo\/image\/"}}]}},"jetpack_sharing_enabled":true,"_links":{"self":[{"href":"https:\/\/alpagasdumaquis.be\/en\/wp-json\/wp\/v2\/product\/3472","targetHints":{"allow":["GET"]}}],"collection":[{"href":"https:\/\/alpagasdumaquis.be\/en\/wp-json\/wp\/v2\/product"}],"about":[{"href":"https:\/\/alpagasdumaquis.be\/en\/wp-json\/wp\/v2\/types\/product"}],"replies":[{"embeddable":true,"href":"https:\/\/alpagasdumaquis.be\/en\/wp-json\/wp\/v2\/comments?post=3472"}],"version-history":[{"count":0,"href":"https:\/\/alpagasdumaquis.be\/en\/wp-json\/wp\/v2\/product\/3472\/revisions"}],"wp:featuredmedia":[{"embeddable":true,"href":"https:\/\/alpagasdumaquis.be\/en\/wp-json\/wp\/v2\/media\/3476"}],"wp:attachment":[{"href":"https:\/\/alpagasdumaquis.be\/en\/wp-json\/wp\/v2\/media?parent=3472"}],"wp:term":[{"taxonomy":"product_brand","embeddable":true,"href":"https:\/\/alpagasdumaquis.be\/en\/wp-json\/wp\/v2\/product_brand?post=3472"},{"taxonomy":"product_cat","embeddable":true,"href":"https:\/\/alpagasdumaquis.be\/en\/wp-json\/wp\/v2\/product_cat?post=3472"},{"taxonomy":"product_tag","embeddable":true,"href":"https:\/\/alpagasdumaquis.be\/en\/wp-json\/wp\/v2\/product_tag?post=3472"}],"curies":[{"name":"wp","href":"https:\/\/api.w.org\/{rel}","templated":true}]}}