{"id":3548,"date":"2022-12-29T11:29:44","date_gmt":"2022-12-29T10:29:44","guid":{"rendered":"https:\/\/alpagasmaquis.be\/?post_type=product&#038;p=3548"},"modified":"2023-07-26T16:38:54","modified_gmt":"2023-07-26T16:38:54","slug":"bandeau-fibre-d-alpaga-2","status":"publish","type":"product","link":"https:\/\/alpagasdumaquis.be\/en\/produit\/bandeau-fibre-d-alpaga-2\/","title":{"rendered":"Bandeau Fibre d&#8217;alpaga"},"content":{"rendered":"<p data-mce-fragment=\"1\">Ce bandeau en fibre d&#8217;alpaga est \u00e9l\u00e9gant et offre une texture douce et luxueuse. Parfait pour un look raffin\u00e9, ce bandeau est doux au toucher et bien chaud par temps froid.<\/p>\n<p data-mce-fragment=\"1\">Fabriqu\u00e9 \u00e0 partir d&#8217;une fibre d&#8217;alpaga naturelle, il est une alternative \u00e9l\u00e9gante et durable aux produits ordinaires.<\/p>\n","protected":false},"excerpt":{"rendered":"<p>Ce bandeau en fibre d&#8217;alpaga est \u00e9l\u00e9gant et offre une texture douce et luxueuse. Parfait pour un look raffin\u00e9, ce bandeau est doux au toucher et bien chaud par temps froid. Fabriqu\u00e9 \u00e0 partir d&#8217;une fibre d&#8217;alpaga naturelle, il est une alternative \u00e9l\u00e9gante et durable aux produits ordinaires.<\/p>\n","protected":false},"featured_media":3550,"comment_status":"open","ping_status":"closed","template":"","meta":[],"product_brand":[58],"product_cat":[49],"product_tag":[],"class_list":{"0":"post-3548","1":"product","2":"type-product","3":"status-publish","4":"has-post-thumbnail","6":"product_brand-apu-kuntur","7":"product_cat-peru-tete-cou-bien-proteges-2","8":"pa_couleur-noir-en","10":"first","11":"instock","12":"shipping-taxable","13":"product-type-variable"},"yoast_head":"<!-- This site is optimized with the Yoast SEO plugin v27.5 - https:\/\/yoast.com\/product\/yoast-seo-wordpress\/ -->\n<title>Bandeau Fibre d&#039;alpaga<\/title>\n<meta name=\"description\" content=\"Ce bandeau en fibre d&#039;alpaga est \u00e9l\u00e9gant et offre une texture douce et luxueuse. Parfait pour un look raffin\u00e9, ce bandeau est doux au toucher et bien chaud par temps froid. Fabriqu\u00e9 \u00e0 partir d&#039;une fibre d&#039;alpaga naturelle, il est une alternative \u00e9l\u00e9gante et durable aux produits ordinaires.\" \/>\n<meta name=\"robots\" content=\"index, follow, max-snippet:-1, max-image-preview:large, max-video-preview:-1\" \/>\n<link rel=\"canonical\" href=\"https:\/\/alpagasdumaquis.be\/produit\/bandeau-fibre-d-alpaga\/\" \/>\n<meta property=\"og:locale\" content=\"en_US\" \/>\n<meta property=\"og:type\" content=\"article\" \/>\n<meta property=\"og:title\" content=\"Bandeau Fibre d&#039;alpaga\" \/>\n<meta property=\"og:description\" content=\"Ce bandeau en fibre d&#039;alpaga est \u00e9l\u00e9gant et offre une texture douce et luxueuse. Parfait pour un look raffin\u00e9, ce bandeau est doux au toucher et bien chaud par temps froid. Fabriqu\u00e9 \u00e0 partir d&#039;une fibre d&#039;alpaga naturelle, il est une alternative \u00e9l\u00e9gante et durable aux produits ordinaires.\" \/>\n<meta property=\"og:url\" content=\"https:\/\/alpagasdumaquis.be\/produit\/bandeau-fibre-d-alpaga\/\" \/>\n<meta property=\"og:site_name\" content=\"Alpagas du Maquis\" \/>\n<meta property=\"article:modified_time\" content=\"2023-07-26T16:38:54+00:00\" \/>\n<meta property=\"og:image\" content=\"https:\/\/alpagasdumaquis.be\/wp-content\/uploads\/2023\/07\/products-20230726163758-1.png\" \/>\n\t<meta property=\"og:image:width\" content=\"642\" \/>\n\t<meta property=\"og:image:height\" content=\"585\" \/>\n\t<meta property=\"og:image:type\" content=\"image\/jpeg\" \/>\n<meta name=\"twitter:card\" content=\"summary_large_image\" \/>\n<script type=\"application\/ld+json\" class=\"yoast-schema-graph\">{\"@context\":\"https:\\\/\\\/schema.org\",\"@graph\":[{\"@type\":\"WebPage\",\"@id\":\"https:\\\/\\\/alpagasdumaquis.be\\\/produit\\\/bandeau-fibre-d-alpaga\\\/\",\"url\":\"https:\\\/\\\/alpagasdumaquis.be\\\/produit\\\/bandeau-fibre-d-alpaga\\\/\",\"name\":\"Bandeau Fibre d'alpaga\",\"isPartOf\":{\"@id\":\"https:\\\/\\\/alpagasdumaquis.be\\\/#website\"},\"primaryImageOfPage\":{\"@id\":\"https:\\\/\\\/alpagasdumaquis.be\\\/produit\\\/bandeau-fibre-d-alpaga\\\/#primaryimage\"},\"image\":{\"@id\":\"https:\\\/\\\/alpagasdumaquis.be\\\/produit\\\/bandeau-fibre-d-alpaga\\\/#primaryimage\"},\"thumbnailUrl\":\"https:\\\/\\\/alpagasdumaquis.be\\\/wp-content\\\/uploads\\\/2023\\\/07\\\/products-20230726163758-1.png\",\"datePublished\":\"2022-12-29T10:29:44+00:00\",\"dateModified\":\"2023-07-26T16:38:54+00:00\",\"description\":\"Ce bandeau en fibre d'alpaga est \u00e9l\u00e9gant et offre une texture douce et luxueuse. Parfait pour un look raffin\u00e9, ce bandeau est doux au toucher et bien chaud par temps froid. Fabriqu\u00e9 \u00e0 partir d'une fibre d'alpaga naturelle, il est une alternative \u00e9l\u00e9gante et durable aux produits ordinaires.\",\"breadcrumb\":{\"@id\":\"https:\\\/\\\/alpagasdumaquis.be\\\/produit\\\/bandeau-fibre-d-alpaga\\\/#breadcrumb\"},\"inLanguage\":\"en-US\",\"potentialAction\":[{\"@type\":\"ReadAction\",\"target\":[\"https:\\\/\\\/alpagasdumaquis.be\\\/produit\\\/bandeau-fibre-d-alpaga\\\/\"]}]},{\"@type\":\"ImageObject\",\"inLanguage\":\"en-US\",\"@id\":\"https:\\\/\\\/alpagasdumaquis.be\\\/produit\\\/bandeau-fibre-d-alpaga\\\/#primaryimage\",\"url\":\"https:\\\/\\\/alpagasdumaquis.be\\\/wp-content\\\/uploads\\\/2023\\\/07\\\/products-20230726163758-1.png\",\"contentUrl\":\"https:\\\/\\\/alpagasdumaquis.be\\\/wp-content\\\/uploads\\\/2023\\\/07\\\/products-20230726163758-1.png\",\"width\":642,\"height\":585,\"caption\":\"Bandeau Fibre d'alpaga\"},{\"@type\":\"BreadcrumbList\",\"@id\":\"https:\\\/\\\/alpagasdumaquis.be\\\/produit\\\/bandeau-fibre-d-alpaga\\\/#breadcrumb\",\"itemListElement\":[{\"@type\":\"ListItem\",\"position\":1,\"name\":\"Accueil\",\"item\":\"https:\\\/\\\/alpagasdumaquis.be\\\/en\\\/alpagas-du-maquis-alpaca-breeding-spinning-mill-shop\\\/\"},{\"@type\":\"ListItem\",\"position\":2,\"name\":\"origin &#8211; Boutique\",\"item\":\"https:\\\/\\\/alpagasdumaquis.be\\\/boutique-origin\\\/\"},{\"@type\":\"ListItem\",\"position\":3,\"name\":\"Bandeau Fibre d&#8217;alpaga\"}]},{\"@type\":\"WebSite\",\"@id\":\"https:\\\/\\\/alpagasdumaquis.be\\\/#website\",\"url\":\"https:\\\/\\\/alpagasdumaquis.be\\\/\",\"name\":\"Alpagas du Maquis\",\"description\":\"Quality Alpagas &amp; Fiber Mill\",\"publisher\":{\"@id\":\"https:\\\/\\\/alpagasdumaquis.be\\\/#organization\"},\"potentialAction\":[{\"@type\":\"SearchAction\",\"target\":{\"@type\":\"EntryPoint\",\"urlTemplate\":\"https:\\\/\\\/alpagasdumaquis.be\\\/?s={search_term_string}\"},\"query-input\":{\"@type\":\"PropertyValueSpecification\",\"valueRequired\":true,\"valueName\":\"search_term_string\"}}],\"inLanguage\":\"en-US\"},{\"@type\":\"Organization\",\"@id\":\"https:\\\/\\\/alpagasdumaquis.be\\\/#organization\",\"name\":\"Alpagas du Maquis\",\"url\":\"https:\\\/\\\/alpagasdumaquis.be\\\/\",\"logo\":{\"@type\":\"ImageObject\",\"inLanguage\":\"en-US\",\"@id\":\"https:\\\/\\\/alpagasdumaquis.be\\\/#\\\/schema\\\/logo\\\/image\\\/\",\"url\":\"https:\\\/\\\/alpagasdumaquis.be\\\/wp-content\\\/uploads\\\/2023\\\/07\\\/alpagas-logo.76cc389.webp\",\"contentUrl\":\"https:\\\/\\\/alpagasdumaquis.be\\\/wp-content\\\/uploads\\\/2023\\\/07\\\/alpagas-logo.76cc389.webp\",\"width\":200,\"height\":200,\"caption\":\"Alpagas du Maquis\"},\"image\":{\"@id\":\"https:\\\/\\\/alpagasdumaquis.be\\\/#\\\/schema\\\/logo\\\/image\\\/\"}}]}<\/script>\n<!-- \/ Yoast SEO plugin. -->","yoast_head_json":{"title":"Bandeau Fibre d'alpaga","description":"Ce bandeau en fibre d'alpaga est \u00e9l\u00e9gant et offre une texture douce et luxueuse. Parfait pour un look raffin\u00e9, ce bandeau est doux au toucher et bien chaud par temps froid. Fabriqu\u00e9 \u00e0 partir d'une fibre d'alpaga naturelle, il est une alternative \u00e9l\u00e9gante et durable aux produits ordinaires.","robots":{"index":"index","follow":"follow","max-snippet":"max-snippet:-1","max-image-preview":"max-image-preview:large","max-video-preview":"max-video-preview:-1"},"canonical":"https:\/\/alpagasdumaquis.be\/produit\/bandeau-fibre-d-alpaga\/","og_locale":"en_US","og_type":"article","og_title":"Bandeau Fibre d'alpaga","og_description":"Ce bandeau en fibre d'alpaga est \u00e9l\u00e9gant et offre une texture douce et luxueuse. Parfait pour un look raffin\u00e9, ce bandeau est doux au toucher et bien chaud par temps froid. Fabriqu\u00e9 \u00e0 partir d'une fibre d'alpaga naturelle, il est une alternative \u00e9l\u00e9gante et durable aux produits ordinaires.","og_url":"https:\/\/alpagasdumaquis.be\/produit\/bandeau-fibre-d-alpaga\/","og_site_name":"Alpagas du Maquis","article_modified_time":"2023-07-26T16:38:54+00:00","og_image":[{"width":642,"height":585,"url":"https:\/\/alpagasdumaquis.be\/wp-content\/uploads\/2023\/07\/products-20230726163758-1.png","type":"image\/jpeg"}],"twitter_card":"summary_large_image","schema":{"@context":"https:\/\/schema.org","@graph":[{"@type":"WebPage","@id":"https:\/\/alpagasdumaquis.be\/produit\/bandeau-fibre-d-alpaga\/","url":"https:\/\/alpagasdumaquis.be\/produit\/bandeau-fibre-d-alpaga\/","name":"Bandeau Fibre d'alpaga","isPartOf":{"@id":"https:\/\/alpagasdumaquis.be\/#website"},"primaryImageOfPage":{"@id":"https:\/\/alpagasdumaquis.be\/produit\/bandeau-fibre-d-alpaga\/#primaryimage"},"image":{"@id":"https:\/\/alpagasdumaquis.be\/produit\/bandeau-fibre-d-alpaga\/#primaryimage"},"thumbnailUrl":"https:\/\/alpagasdumaquis.be\/wp-content\/uploads\/2023\/07\/products-20230726163758-1.png","datePublished":"2022-12-29T10:29:44+00:00","dateModified":"2023-07-26T16:38:54+00:00","description":"Ce bandeau en fibre d'alpaga est \u00e9l\u00e9gant et offre une texture douce et luxueuse. Parfait pour un look raffin\u00e9, ce bandeau est doux au toucher et bien chaud par temps froid. Fabriqu\u00e9 \u00e0 partir d'une fibre d'alpaga naturelle, il est une alternative \u00e9l\u00e9gante et durable aux produits ordinaires.","breadcrumb":{"@id":"https:\/\/alpagasdumaquis.be\/produit\/bandeau-fibre-d-alpaga\/#breadcrumb"},"inLanguage":"en-US","potentialAction":[{"@type":"ReadAction","target":["https:\/\/alpagasdumaquis.be\/produit\/bandeau-fibre-d-alpaga\/"]}]},{"@type":"ImageObject","inLanguage":"en-US","@id":"https:\/\/alpagasdumaquis.be\/produit\/bandeau-fibre-d-alpaga\/#primaryimage","url":"https:\/\/alpagasdumaquis.be\/wp-content\/uploads\/2023\/07\/products-20230726163758-1.png","contentUrl":"https:\/\/alpagasdumaquis.be\/wp-content\/uploads\/2023\/07\/products-20230726163758-1.png","width":642,"height":585,"caption":"Bandeau Fibre d'alpaga"},{"@type":"BreadcrumbList","@id":"https:\/\/alpagasdumaquis.be\/produit\/bandeau-fibre-d-alpaga\/#breadcrumb","itemListElement":[{"@type":"ListItem","position":1,"name":"Accueil","item":"https:\/\/alpagasdumaquis.be\/en\/alpagas-du-maquis-alpaca-breeding-spinning-mill-shop\/"},{"@type":"ListItem","position":2,"name":"origin &#8211; Boutique","item":"https:\/\/alpagasdumaquis.be\/boutique-origin\/"},{"@type":"ListItem","position":3,"name":"Bandeau Fibre d&#8217;alpaga"}]},{"@type":"WebSite","@id":"https:\/\/alpagasdumaquis.be\/#website","url":"https:\/\/alpagasdumaquis.be\/","name":"Alpagas du Maquis","description":"Quality Alpagas &amp; Fiber Mill","publisher":{"@id":"https:\/\/alpagasdumaquis.be\/#organization"},"potentialAction":[{"@type":"SearchAction","target":{"@type":"EntryPoint","urlTemplate":"https:\/\/alpagasdumaquis.be\/?s={search_term_string}"},"query-input":{"@type":"PropertyValueSpecification","valueRequired":true,"valueName":"search_term_string"}}],"inLanguage":"en-US"},{"@type":"Organization","@id":"https:\/\/alpagasdumaquis.be\/#organization","name":"Alpagas du Maquis","url":"https:\/\/alpagasdumaquis.be\/","logo":{"@type":"ImageObject","inLanguage":"en-US","@id":"https:\/\/alpagasdumaquis.be\/#\/schema\/logo\/image\/","url":"https:\/\/alpagasdumaquis.be\/wp-content\/uploads\/2023\/07\/alpagas-logo.76cc389.webp","contentUrl":"https:\/\/alpagasdumaquis.be\/wp-content\/uploads\/2023\/07\/alpagas-logo.76cc389.webp","width":200,"height":200,"caption":"Alpagas du Maquis"},"image":{"@id":"https:\/\/alpagasdumaquis.be\/#\/schema\/logo\/image\/"}}]}},"jetpack_sharing_enabled":true,"_links":{"self":[{"href":"https:\/\/alpagasdumaquis.be\/en\/wp-json\/wp\/v2\/product\/3548","targetHints":{"allow":["GET"]}}],"collection":[{"href":"https:\/\/alpagasdumaquis.be\/en\/wp-json\/wp\/v2\/product"}],"about":[{"href":"https:\/\/alpagasdumaquis.be\/en\/wp-json\/wp\/v2\/types\/product"}],"replies":[{"embeddable":true,"href":"https:\/\/alpagasdumaquis.be\/en\/wp-json\/wp\/v2\/comments?post=3548"}],"version-history":[{"count":0,"href":"https:\/\/alpagasdumaquis.be\/en\/wp-json\/wp\/v2\/product\/3548\/revisions"}],"wp:featuredmedia":[{"embeddable":true,"href":"https:\/\/alpagasdumaquis.be\/en\/wp-json\/wp\/v2\/media\/3550"}],"wp:attachment":[{"href":"https:\/\/alpagasdumaquis.be\/en\/wp-json\/wp\/v2\/media?parent=3548"}],"wp:term":[{"taxonomy":"product_brand","embeddable":true,"href":"https:\/\/alpagasdumaquis.be\/en\/wp-json\/wp\/v2\/product_brand?post=3548"},{"taxonomy":"product_cat","embeddable":true,"href":"https:\/\/alpagasdumaquis.be\/en\/wp-json\/wp\/v2\/product_cat?post=3548"},{"taxonomy":"product_tag","embeddable":true,"href":"https:\/\/alpagasdumaquis.be\/en\/wp-json\/wp\/v2\/product_tag?post=3548"}],"curies":[{"name":"wp","href":"https:\/\/api.w.org\/{rel}","templated":true}]}}