{"id":3572,"date":"2022-12-29T15:03:15","date_gmt":"2022-12-29T15:03:15","guid":{"rendered":"https:\/\/alpagasmaquis.be\/?post_type=product&#038;p=3572"},"modified":"2023-07-05T10:20:00","modified_gmt":"2023-07-05T10:20:00","slug":"alpaca-opoly-2","status":"publish","type":"product","link":"https:\/\/alpagasdumaquis.be\/en\/produit\/alpaca-opoly-2\/","title":{"rendered":"Alpaca-Opoly"},"content":{"rendered":"<p>Alpaca-opoly est un jeu sur mesure qui permet aux joueurs de s&#8217;immerger dans le monde merveilleux des alpagas. Au fur et \u00e0 mesure que les joueurs voyagent sur le plateau de jeu, ils auront la possibilit\u00e9 d&#8217;acheter des alpagas, des terres, du mat\u00e9riel agricole et d&#8217;autres n\u00e9cessit\u00e9s dont ils pourraient avoir besoin pour d\u00e9marrer leur propre exploitation d&#8217;alpagas r\u00e9ussie.<br data-mce-fragment=\"1\"><br data-mce-fragment=\"1\">En plus d&#8217;\u00eatre amusant \u00e0 jouer, Alpaca-opoly comprend \u00e9galement des informations \u00e9ducatives sur le mode de vie de l&#8217;alpaga. Chaque certificat de propri\u00e9t\u00e9 pr\u00e9sente des informations int\u00e9ressantes, notamment des informations sur les besoins et les soins de base de l&#8217;alpaga, les diff\u00e9rents types de spectacles d&#8217;alpaga et leur toison.<\/p>\n<p>Attention, en anglais uniquement! Un bon moyen d&#8217;apprendre la langue en s&#8217;amusant \ud83d\ude09<\/p>\n","protected":false},"excerpt":{"rendered":"<p>Alpaca-opoly est un jeu sur mesure qui permet aux joueurs de s&#8217;immerger dans le monde merveilleux des alpagas. Au fur et \u00e0 mesure que les joueurs voyagent sur le plateau de jeu, ils auront la possibilit\u00e9 d&#8217;acheter des alpagas, des terres, du mat\u00e9riel agricole et d&#8217;autres n\u00e9cessit\u00e9s dont ils pourraient avoir besoin pour d\u00e9marrer leur [&hellip;]<\/p>\n","protected":false},"featured_media":3573,"comment_status":"open","ping_status":"open","template":"","meta":[],"product_brand":[58],"product_cat":[31,53],"product_tag":[],"class_list":{"0":"post-3572","1":"product","2":"type-product","3":"status-publish","4":"has-post-thumbnail","6":"product_brand-apu-kuntur","7":"product_cat-alpaca-health","8":"product_cat-peru-s-envelopper-cocooner-2","10":"first","11":"instock","12":"shipping-taxable","13":"purchasable","14":"product-type-simple"},"yoast_head":"<!-- This site is optimized with the Yoast SEO plugin v27.5 - https:\/\/yoast.com\/product\/yoast-seo-wordpress\/ -->\n<title>Alpaca-Opoly<\/title>\n<meta name=\"description\" content=\"Alpaca-opoly est un jeu sur mesure qui permet aux joueurs de s&#039;immerger dans le monde merveilleux des alpagas. Au fur et \u00e0 mesure que les joueurs voyagent sur le plateau de jeu, ils auront la possibilit\u00e9 d&#039;acheter des alpagas, des terres, du mat\u00e9riel agricole et d&#039;autres n\u00e9cessit\u00e9s dont ils pourraient avoir besoin pour d\u00e9marrer leur propre exploitation d&#039;alpagas r\u00e9ussie.En plus d&#039;\u00eatre amusant \u00e0 jouer, Alpaca-opoly comprend \u00e9galement des informations \u00e9ducatives sur le mode de vie de l&#039;alpaga. Chaque certificat de propri\u00e9t\u00e9 pr\u00e9sente des informations int\u00e9ressantes, notamment des informations sur les besoins et les soins de base de l&#039;alpaga, les diff\u00e9rents types de spectacles d&#039;alpaga et leur toison. Attention, en anglais uniquement! Un bon moyen d&#039;apprendre la langue en s&#039;amusant ;-)\" \/>\n<meta name=\"robots\" content=\"index, follow, max-snippet:-1, max-image-preview:large, max-video-preview:-1\" \/>\n<link rel=\"canonical\" href=\"https:\/\/alpagasdumaquis.be\/produit\/alpaca-opoly\/\" \/>\n<meta property=\"og:locale\" content=\"en_US\" \/>\n<meta property=\"og:type\" content=\"article\" \/>\n<meta property=\"og:title\" content=\"Alpaca-Opoly\" \/>\n<meta property=\"og:description\" content=\"Alpaca-opoly est un jeu sur mesure qui permet aux joueurs de s&#039;immerger dans le monde merveilleux des alpagas. Au fur et \u00e0 mesure que les joueurs voyagent sur le plateau de jeu, ils auront la possibilit\u00e9 d&#039;acheter des alpagas, des terres, du mat\u00e9riel agricole et d&#039;autres n\u00e9cessit\u00e9s dont ils pourraient avoir besoin pour d\u00e9marrer leur propre exploitation d&#039;alpagas r\u00e9ussie.En plus d&#039;\u00eatre amusant \u00e0 jouer, Alpaca-opoly comprend \u00e9galement des informations \u00e9ducatives sur le mode de vie de l&#039;alpaga. Chaque certificat de propri\u00e9t\u00e9 pr\u00e9sente des informations int\u00e9ressantes, notamment des informations sur les besoins et les soins de base de l&#039;alpaga, les diff\u00e9rents types de spectacles d&#039;alpaga et leur toison. Attention, en anglais uniquement! Un bon moyen d&#039;apprendre la langue en s&#039;amusant ;-)\" \/>\n<meta property=\"og:url\" content=\"https:\/\/alpagasdumaquis.be\/produit\/alpaca-opoly\/\" \/>\n<meta property=\"og:site_name\" content=\"Alpagas du Maquis\" \/>\n<meta property=\"article:modified_time\" content=\"2023-07-05T10:20:00+00:00\" \/>\n<meta property=\"og:image\" content=\"https:\/\/alpagasdumaquis.be\/wp-content\/uploads\/2022\/12\/products-AlpacaOpoly-1.webp\" \/>\n\t<meta property=\"og:image:width\" content=\"832\" \/>\n\t<meta property=\"og:image:height\" content=\"630\" \/>\n\t<meta property=\"og:image:type\" content=\"image\/jpeg\" \/>\n<meta name=\"twitter:card\" content=\"summary_large_image\" \/>\n<meta name=\"twitter:label1\" content=\"Est. reading time\" \/>\n\t<meta name=\"twitter:data1\" content=\"1 minute\" \/>\n<script type=\"application\/ld+json\" class=\"yoast-schema-graph\">{\"@context\":\"https:\\\/\\\/schema.org\",\"@graph\":[{\"@type\":\"WebPage\",\"@id\":\"https:\\\/\\\/alpagasdumaquis.be\\\/produit\\\/alpaca-opoly\\\/\",\"url\":\"https:\\\/\\\/alpagasdumaquis.be\\\/produit\\\/alpaca-opoly\\\/\",\"name\":\"Alpaca-Opoly\",\"isPartOf\":{\"@id\":\"https:\\\/\\\/alpagasdumaquis.be\\\/#website\"},\"primaryImageOfPage\":{\"@id\":\"https:\\\/\\\/alpagasdumaquis.be\\\/produit\\\/alpaca-opoly\\\/#primaryimage\"},\"image\":{\"@id\":\"https:\\\/\\\/alpagasdumaquis.be\\\/produit\\\/alpaca-opoly\\\/#primaryimage\"},\"thumbnailUrl\":\"https:\\\/\\\/alpagasdumaquis.be\\\/wp-content\\\/uploads\\\/2022\\\/12\\\/products-AlpacaOpoly-1.webp\",\"datePublished\":\"2022-12-29T15:03:15+00:00\",\"dateModified\":\"2023-07-05T10:20:00+00:00\",\"description\":\"Alpaca-opoly est un jeu sur mesure qui permet aux joueurs de s'immerger dans le monde merveilleux des alpagas. Au fur et \u00e0 mesure que les joueurs voyagent sur le plateau de jeu, ils auront la possibilit\u00e9 d'acheter des alpagas, des terres, du mat\u00e9riel agricole et d'autres n\u00e9cessit\u00e9s dont ils pourraient avoir besoin pour d\u00e9marrer leur propre exploitation d'alpagas r\u00e9ussie.En plus d'\u00eatre amusant \u00e0 jouer, Alpaca-opoly comprend \u00e9galement des informations \u00e9ducatives sur le mode de vie de l'alpaga. Chaque certificat de propri\u00e9t\u00e9 pr\u00e9sente des informations int\u00e9ressantes, notamment des informations sur les besoins et les soins de base de l'alpaga, les diff\u00e9rents types de spectacles d'alpaga et leur toison. Attention, en anglais uniquement! Un bon moyen d'apprendre la langue en s'amusant ;-)\",\"breadcrumb\":{\"@id\":\"https:\\\/\\\/alpagasdumaquis.be\\\/produit\\\/alpaca-opoly\\\/#breadcrumb\"},\"inLanguage\":\"en-US\",\"potentialAction\":[{\"@type\":\"ReadAction\",\"target\":[\"https:\\\/\\\/alpagasdumaquis.be\\\/produit\\\/alpaca-opoly\\\/\"]}]},{\"@type\":\"ImageObject\",\"inLanguage\":\"en-US\",\"@id\":\"https:\\\/\\\/alpagasdumaquis.be\\\/produit\\\/alpaca-opoly\\\/#primaryimage\",\"url\":\"https:\\\/\\\/alpagasdumaquis.be\\\/wp-content\\\/uploads\\\/2022\\\/12\\\/products-AlpacaOpoly-1.webp\",\"contentUrl\":\"https:\\\/\\\/alpagasdumaquis.be\\\/wp-content\\\/uploads\\\/2022\\\/12\\\/products-AlpacaOpoly-1.webp\",\"width\":832,\"height\":630,\"caption\":\"Alpaca-Opoly\"},{\"@type\":\"BreadcrumbList\",\"@id\":\"https:\\\/\\\/alpagasdumaquis.be\\\/produit\\\/alpaca-opoly\\\/#breadcrumb\",\"itemListElement\":[{\"@type\":\"ListItem\",\"position\":1,\"name\":\"Accueil\",\"item\":\"https:\\\/\\\/alpagasdumaquis.be\\\/en\\\/alpagas-du-maquis-alpaca-breeding-spinning-mill-shop\\\/\"},{\"@type\":\"ListItem\",\"position\":2,\"name\":\"origin &#8211; Boutique\",\"item\":\"https:\\\/\\\/alpagasdumaquis.be\\\/boutique-origin\\\/\"},{\"@type\":\"ListItem\",\"position\":3,\"name\":\"Alpaca-Opoly\"}]},{\"@type\":\"WebSite\",\"@id\":\"https:\\\/\\\/alpagasdumaquis.be\\\/#website\",\"url\":\"https:\\\/\\\/alpagasdumaquis.be\\\/\",\"name\":\"Alpagas du Maquis\",\"description\":\"Quality Alpagas &amp; Fiber Mill\",\"publisher\":{\"@id\":\"https:\\\/\\\/alpagasdumaquis.be\\\/#organization\"},\"potentialAction\":[{\"@type\":\"SearchAction\",\"target\":{\"@type\":\"EntryPoint\",\"urlTemplate\":\"https:\\\/\\\/alpagasdumaquis.be\\\/?s={search_term_string}\"},\"query-input\":{\"@type\":\"PropertyValueSpecification\",\"valueRequired\":true,\"valueName\":\"search_term_string\"}}],\"inLanguage\":\"en-US\"},{\"@type\":\"Organization\",\"@id\":\"https:\\\/\\\/alpagasdumaquis.be\\\/#organization\",\"name\":\"Alpagas du Maquis\",\"url\":\"https:\\\/\\\/alpagasdumaquis.be\\\/\",\"logo\":{\"@type\":\"ImageObject\",\"inLanguage\":\"en-US\",\"@id\":\"https:\\\/\\\/alpagasdumaquis.be\\\/#\\\/schema\\\/logo\\\/image\\\/\",\"url\":\"https:\\\/\\\/alpagasdumaquis.be\\\/wp-content\\\/uploads\\\/2023\\\/07\\\/alpagas-logo.76cc389.webp\",\"contentUrl\":\"https:\\\/\\\/alpagasdumaquis.be\\\/wp-content\\\/uploads\\\/2023\\\/07\\\/alpagas-logo.76cc389.webp\",\"width\":200,\"height\":200,\"caption\":\"Alpagas du Maquis\"},\"image\":{\"@id\":\"https:\\\/\\\/alpagasdumaquis.be\\\/#\\\/schema\\\/logo\\\/image\\\/\"}}]}<\/script>\n<!-- \/ Yoast SEO plugin. -->","yoast_head_json":{"title":"Alpaca-Opoly","description":"Alpaca-opoly est un jeu sur mesure qui permet aux joueurs de s'immerger dans le monde merveilleux des alpagas. Au fur et \u00e0 mesure que les joueurs voyagent sur le plateau de jeu, ils auront la possibilit\u00e9 d'acheter des alpagas, des terres, du mat\u00e9riel agricole et d'autres n\u00e9cessit\u00e9s dont ils pourraient avoir besoin pour d\u00e9marrer leur propre exploitation d'alpagas r\u00e9ussie.En plus d'\u00eatre amusant \u00e0 jouer, Alpaca-opoly comprend \u00e9galement des informations \u00e9ducatives sur le mode de vie de l'alpaga. Chaque certificat de propri\u00e9t\u00e9 pr\u00e9sente des informations int\u00e9ressantes, notamment des informations sur les besoins et les soins de base de l'alpaga, les diff\u00e9rents types de spectacles d'alpaga et leur toison. Attention, en anglais uniquement! Un bon moyen d'apprendre la langue en s'amusant ;-)","robots":{"index":"index","follow":"follow","max-snippet":"max-snippet:-1","max-image-preview":"max-image-preview:large","max-video-preview":"max-video-preview:-1"},"canonical":"https:\/\/alpagasdumaquis.be\/produit\/alpaca-opoly\/","og_locale":"en_US","og_type":"article","og_title":"Alpaca-Opoly","og_description":"Alpaca-opoly est un jeu sur mesure qui permet aux joueurs de s'immerger dans le monde merveilleux des alpagas. Au fur et \u00e0 mesure que les joueurs voyagent sur le plateau de jeu, ils auront la possibilit\u00e9 d'acheter des alpagas, des terres, du mat\u00e9riel agricole et d'autres n\u00e9cessit\u00e9s dont ils pourraient avoir besoin pour d\u00e9marrer leur propre exploitation d'alpagas r\u00e9ussie.En plus d'\u00eatre amusant \u00e0 jouer, Alpaca-opoly comprend \u00e9galement des informations \u00e9ducatives sur le mode de vie de l'alpaga. Chaque certificat de propri\u00e9t\u00e9 pr\u00e9sente des informations int\u00e9ressantes, notamment des informations sur les besoins et les soins de base de l'alpaga, les diff\u00e9rents types de spectacles d'alpaga et leur toison. Attention, en anglais uniquement! Un bon moyen d'apprendre la langue en s'amusant ;-)","og_url":"https:\/\/alpagasdumaquis.be\/produit\/alpaca-opoly\/","og_site_name":"Alpagas du Maquis","article_modified_time":"2023-07-05T10:20:00+00:00","og_image":[{"width":832,"height":630,"url":"https:\/\/alpagasdumaquis.be\/wp-content\/uploads\/2022\/12\/products-AlpacaOpoly-1.webp","type":"image\/jpeg"}],"twitter_card":"summary_large_image","twitter_misc":{"Est. reading time":"1 minute"},"schema":{"@context":"https:\/\/schema.org","@graph":[{"@type":"WebPage","@id":"https:\/\/alpagasdumaquis.be\/produit\/alpaca-opoly\/","url":"https:\/\/alpagasdumaquis.be\/produit\/alpaca-opoly\/","name":"Alpaca-Opoly","isPartOf":{"@id":"https:\/\/alpagasdumaquis.be\/#website"},"primaryImageOfPage":{"@id":"https:\/\/alpagasdumaquis.be\/produit\/alpaca-opoly\/#primaryimage"},"image":{"@id":"https:\/\/alpagasdumaquis.be\/produit\/alpaca-opoly\/#primaryimage"},"thumbnailUrl":"https:\/\/alpagasdumaquis.be\/wp-content\/uploads\/2022\/12\/products-AlpacaOpoly-1.webp","datePublished":"2022-12-29T15:03:15+00:00","dateModified":"2023-07-05T10:20:00+00:00","description":"Alpaca-opoly est un jeu sur mesure qui permet aux joueurs de s'immerger dans le monde merveilleux des alpagas. Au fur et \u00e0 mesure que les joueurs voyagent sur le plateau de jeu, ils auront la possibilit\u00e9 d'acheter des alpagas, des terres, du mat\u00e9riel agricole et d'autres n\u00e9cessit\u00e9s dont ils pourraient avoir besoin pour d\u00e9marrer leur propre exploitation d'alpagas r\u00e9ussie.En plus d'\u00eatre amusant \u00e0 jouer, Alpaca-opoly comprend \u00e9galement des informations \u00e9ducatives sur le mode de vie de l'alpaga. Chaque certificat de propri\u00e9t\u00e9 pr\u00e9sente des informations int\u00e9ressantes, notamment des informations sur les besoins et les soins de base de l'alpaga, les diff\u00e9rents types de spectacles d'alpaga et leur toison. Attention, en anglais uniquement! Un bon moyen d'apprendre la langue en s'amusant ;-)","breadcrumb":{"@id":"https:\/\/alpagasdumaquis.be\/produit\/alpaca-opoly\/#breadcrumb"},"inLanguage":"en-US","potentialAction":[{"@type":"ReadAction","target":["https:\/\/alpagasdumaquis.be\/produit\/alpaca-opoly\/"]}]},{"@type":"ImageObject","inLanguage":"en-US","@id":"https:\/\/alpagasdumaquis.be\/produit\/alpaca-opoly\/#primaryimage","url":"https:\/\/alpagasdumaquis.be\/wp-content\/uploads\/2022\/12\/products-AlpacaOpoly-1.webp","contentUrl":"https:\/\/alpagasdumaquis.be\/wp-content\/uploads\/2022\/12\/products-AlpacaOpoly-1.webp","width":832,"height":630,"caption":"Alpaca-Opoly"},{"@type":"BreadcrumbList","@id":"https:\/\/alpagasdumaquis.be\/produit\/alpaca-opoly\/#breadcrumb","itemListElement":[{"@type":"ListItem","position":1,"name":"Accueil","item":"https:\/\/alpagasdumaquis.be\/en\/alpagas-du-maquis-alpaca-breeding-spinning-mill-shop\/"},{"@type":"ListItem","position":2,"name":"origin &#8211; Boutique","item":"https:\/\/alpagasdumaquis.be\/boutique-origin\/"},{"@type":"ListItem","position":3,"name":"Alpaca-Opoly"}]},{"@type":"WebSite","@id":"https:\/\/alpagasdumaquis.be\/#website","url":"https:\/\/alpagasdumaquis.be\/","name":"Alpagas du Maquis","description":"Quality Alpagas &amp; Fiber Mill","publisher":{"@id":"https:\/\/alpagasdumaquis.be\/#organization"},"potentialAction":[{"@type":"SearchAction","target":{"@type":"EntryPoint","urlTemplate":"https:\/\/alpagasdumaquis.be\/?s={search_term_string}"},"query-input":{"@type":"PropertyValueSpecification","valueRequired":true,"valueName":"search_term_string"}}],"inLanguage":"en-US"},{"@type":"Organization","@id":"https:\/\/alpagasdumaquis.be\/#organization","name":"Alpagas du Maquis","url":"https:\/\/alpagasdumaquis.be\/","logo":{"@type":"ImageObject","inLanguage":"en-US","@id":"https:\/\/alpagasdumaquis.be\/#\/schema\/logo\/image\/","url":"https:\/\/alpagasdumaquis.be\/wp-content\/uploads\/2023\/07\/alpagas-logo.76cc389.webp","contentUrl":"https:\/\/alpagasdumaquis.be\/wp-content\/uploads\/2023\/07\/alpagas-logo.76cc389.webp","width":200,"height":200,"caption":"Alpagas du Maquis"},"image":{"@id":"https:\/\/alpagasdumaquis.be\/#\/schema\/logo\/image\/"}}]}},"jetpack_sharing_enabled":true,"_links":{"self":[{"href":"https:\/\/alpagasdumaquis.be\/en\/wp-json\/wp\/v2\/product\/3572","targetHints":{"allow":["GET"]}}],"collection":[{"href":"https:\/\/alpagasdumaquis.be\/en\/wp-json\/wp\/v2\/product"}],"about":[{"href":"https:\/\/alpagasdumaquis.be\/en\/wp-json\/wp\/v2\/types\/product"}],"replies":[{"embeddable":true,"href":"https:\/\/alpagasdumaquis.be\/en\/wp-json\/wp\/v2\/comments?post=3572"}],"version-history":[{"count":0,"href":"https:\/\/alpagasdumaquis.be\/en\/wp-json\/wp\/v2\/product\/3572\/revisions"}],"wp:featuredmedia":[{"embeddable":true,"href":"https:\/\/alpagasdumaquis.be\/en\/wp-json\/wp\/v2\/media\/3573"}],"wp:attachment":[{"href":"https:\/\/alpagasdumaquis.be\/en\/wp-json\/wp\/v2\/media?parent=3572"}],"wp:term":[{"taxonomy":"product_brand","embeddable":true,"href":"https:\/\/alpagasdumaquis.be\/en\/wp-json\/wp\/v2\/product_brand?post=3572"},{"taxonomy":"product_cat","embeddable":true,"href":"https:\/\/alpagasdumaquis.be\/en\/wp-json\/wp\/v2\/product_cat?post=3572"},{"taxonomy":"product_tag","embeddable":true,"href":"https:\/\/alpagasdumaquis.be\/en\/wp-json\/wp\/v2\/product_tag?post=3572"}],"curies":[{"name":"wp","href":"https:\/\/api.w.org\/{rel}","templated":true}]}}