{"id":3600,"date":"2023-03-03T10:45:07","date_gmt":"2023-03-03T09:45:07","guid":{"rendered":"https:\/\/alpagasmaquis.be\/?post_type=product&#038;p=3600"},"modified":"2023-03-03T10:50:47","modified_gmt":"2023-03-03T10:50:47","slug":"pince-ombilicale-pour-cria-2","status":"publish","type":"product","link":"https:\/\/alpagasdumaquis.be\/en\/produit\/pince-ombilicale-pour-cria-2\/","title":{"rendered":"Pince ombilicale pour cria"},"content":{"rendered":"<p><meta charset=\"utf-8\">Dispositif st\u00e9rile et jetable, emball\u00e9 individuellement.<\/p>\n<p><meta charset=\"utf-8\"><span>De<\/span><span>vraient \u00eatre disponibles dans toutes les pharmacies d&#8217;\u00e9curie pour les nouveau-n\u00e9s, Chez certains crias, une perte de sang par le cordon ombilical peut se produire.<\/span><\/p>\n<p><span>Evitez cette perte de sang en serrant le cordon ombilical avec cette pince,\u00a0elle tombera d&#8217;elle-m\u00eame apr\u00e8s environ une semaine.<\/span>\u00a0<\/p>\n","protected":false},"excerpt":{"rendered":"<p>Dispositif st\u00e9rile et jetable, emball\u00e9 individuellement. Devraient \u00eatre disponibles dans toutes les pharmacies d&#8217;\u00e9curie pour les nouveau-n\u00e9s, Chez certains crias, une perte de sang par le cordon ombilical peut se produire. Evitez cette perte de sang en serrant le cordon ombilical avec cette pince,\u00a0elle tombera d&#8217;elle-m\u00eame apr\u00e8s environ une semaine.\u00a0<\/p>\n","protected":false},"featured_media":3601,"comment_status":"open","ping_status":"open","template":"","meta":[],"product_brand":[65],"product_cat":[31],"product_tag":[],"class_list":{"0":"post-3600","1":"product","2":"type-product","3":"status-publish","4":"has-post-thumbnail","6":"product_brand-alpaka-oase","7":"product_cat-alpaca-health","9":"first","10":"instock","11":"shipping-taxable","12":"purchasable","13":"product-type-simple"},"yoast_head":"<!-- This site is optimized with the Yoast SEO plugin v27.5 - https:\/\/yoast.com\/product\/yoast-seo-wordpress\/ -->\n<title>Pince ombilicale pour cria<\/title>\n<meta name=\"description\" content=\"Dispositif st\u00e9rile et jetable, emball\u00e9 individuellement. Devraient \u00eatre disponibles dans toutes les pharmacies d&#039;\u00e9curie pour les nouveau-n\u00e9s, Chez certains crias, une perte de sang par le cordon ombilical peut se produire. Evitez cette perte de sang en serrant le cordon ombilical avec cette pince,\u00a0elle tombera d&#039;elle-m\u00eame apr\u00e8s environ une semaine.\u00a0\" \/>\n<meta name=\"robots\" content=\"index, follow, max-snippet:-1, max-image-preview:large, max-video-preview:-1\" \/>\n<link rel=\"canonical\" href=\"https:\/\/alpagasdumaquis.be\/produit\/pince-ombilicale-pour-cria\/\" \/>\n<meta property=\"og:locale\" content=\"en_US\" \/>\n<meta property=\"og:type\" content=\"article\" \/>\n<meta property=\"og:title\" content=\"Pince ombilicale pour cria\" \/>\n<meta property=\"og:description\" content=\"Dispositif st\u00e9rile et jetable, emball\u00e9 individuellement. Devraient \u00eatre disponibles dans toutes les pharmacies d&#039;\u00e9curie pour les nouveau-n\u00e9s, Chez certains crias, une perte de sang par le cordon ombilical peut se produire. Evitez cette perte de sang en serrant le cordon ombilical avec cette pince,\u00a0elle tombera d&#039;elle-m\u00eame apr\u00e8s environ une semaine.\u00a0\" \/>\n<meta property=\"og:url\" content=\"https:\/\/alpagasdumaquis.be\/produit\/pince-ombilicale-pour-cria\/\" \/>\n<meta property=\"og:site_name\" content=\"Alpagas du Maquis\" \/>\n<meta property=\"article:modified_time\" content=\"2023-03-03T10:50:47+00:00\" \/>\n<meta property=\"og:image\" content=\"https:\/\/alpagasdumaquis.be\/wp-content\/uploads\/2023\/03\/products-20230303104414-1.png\" \/>\n\t<meta property=\"og:image:width\" content=\"741\" \/>\n\t<meta property=\"og:image:height\" content=\"807\" \/>\n\t<meta property=\"og:image:type\" content=\"image\/jpeg\" \/>\n<meta name=\"twitter:card\" content=\"summary_large_image\" \/>\n<script type=\"application\/ld+json\" class=\"yoast-schema-graph\">{\"@context\":\"https:\\\/\\\/schema.org\",\"@graph\":[{\"@type\":\"WebPage\",\"@id\":\"https:\\\/\\\/alpagasdumaquis.be\\\/produit\\\/pince-ombilicale-pour-cria\\\/\",\"url\":\"https:\\\/\\\/alpagasdumaquis.be\\\/produit\\\/pince-ombilicale-pour-cria\\\/\",\"name\":\"Pince ombilicale pour cria\",\"isPartOf\":{\"@id\":\"https:\\\/\\\/alpagasdumaquis.be\\\/#website\"},\"primaryImageOfPage\":{\"@id\":\"https:\\\/\\\/alpagasdumaquis.be\\\/produit\\\/pince-ombilicale-pour-cria\\\/#primaryimage\"},\"image\":{\"@id\":\"https:\\\/\\\/alpagasdumaquis.be\\\/produit\\\/pince-ombilicale-pour-cria\\\/#primaryimage\"},\"thumbnailUrl\":\"https:\\\/\\\/alpagasdumaquis.be\\\/wp-content\\\/uploads\\\/2023\\\/03\\\/products-20230303104414-1.png\",\"datePublished\":\"2023-03-03T09:45:07+00:00\",\"dateModified\":\"2023-03-03T10:50:47+00:00\",\"description\":\"Dispositif st\u00e9rile et jetable, emball\u00e9 individuellement. Devraient \u00eatre disponibles dans toutes les pharmacies d'\u00e9curie pour les nouveau-n\u00e9s, Chez certains crias, une perte de sang par le cordon ombilical peut se produire. Evitez cette perte de sang en serrant le cordon ombilical avec cette pince,\u00a0elle tombera d'elle-m\u00eame apr\u00e8s environ une semaine.\u00a0\",\"breadcrumb\":{\"@id\":\"https:\\\/\\\/alpagasdumaquis.be\\\/produit\\\/pince-ombilicale-pour-cria\\\/#breadcrumb\"},\"inLanguage\":\"en-US\",\"potentialAction\":[{\"@type\":\"ReadAction\",\"target\":[\"https:\\\/\\\/alpagasdumaquis.be\\\/produit\\\/pince-ombilicale-pour-cria\\\/\"]}]},{\"@type\":\"ImageObject\",\"inLanguage\":\"en-US\",\"@id\":\"https:\\\/\\\/alpagasdumaquis.be\\\/produit\\\/pince-ombilicale-pour-cria\\\/#primaryimage\",\"url\":\"https:\\\/\\\/alpagasdumaquis.be\\\/wp-content\\\/uploads\\\/2023\\\/03\\\/products-20230303104414-1.png\",\"contentUrl\":\"https:\\\/\\\/alpagasdumaquis.be\\\/wp-content\\\/uploads\\\/2023\\\/03\\\/products-20230303104414-1.png\",\"width\":741,\"height\":807,\"caption\":\"Pince ombilicale pour cria\"},{\"@type\":\"BreadcrumbList\",\"@id\":\"https:\\\/\\\/alpagasdumaquis.be\\\/produit\\\/pince-ombilicale-pour-cria\\\/#breadcrumb\",\"itemListElement\":[{\"@type\":\"ListItem\",\"position\":1,\"name\":\"Accueil\",\"item\":\"https:\\\/\\\/alpagasdumaquis.be\\\/en\\\/alpagas-du-maquis-alpaca-breeding-spinning-mill-shop\\\/\"},{\"@type\":\"ListItem\",\"position\":2,\"name\":\"origin &#8211; Boutique\",\"item\":\"https:\\\/\\\/alpagasdumaquis.be\\\/boutique-origin\\\/\"},{\"@type\":\"ListItem\",\"position\":3,\"name\":\"Pince ombilicale pour cria\"}]},{\"@type\":\"WebSite\",\"@id\":\"https:\\\/\\\/alpagasdumaquis.be\\\/#website\",\"url\":\"https:\\\/\\\/alpagasdumaquis.be\\\/\",\"name\":\"Alpagas du Maquis\",\"description\":\"Quality Alpagas &amp; Fiber Mill\",\"publisher\":{\"@id\":\"https:\\\/\\\/alpagasdumaquis.be\\\/#organization\"},\"potentialAction\":[{\"@type\":\"SearchAction\",\"target\":{\"@type\":\"EntryPoint\",\"urlTemplate\":\"https:\\\/\\\/alpagasdumaquis.be\\\/?s={search_term_string}\"},\"query-input\":{\"@type\":\"PropertyValueSpecification\",\"valueRequired\":true,\"valueName\":\"search_term_string\"}}],\"inLanguage\":\"en-US\"},{\"@type\":\"Organization\",\"@id\":\"https:\\\/\\\/alpagasdumaquis.be\\\/#organization\",\"name\":\"Alpagas du Maquis\",\"url\":\"https:\\\/\\\/alpagasdumaquis.be\\\/\",\"logo\":{\"@type\":\"ImageObject\",\"inLanguage\":\"en-US\",\"@id\":\"https:\\\/\\\/alpagasdumaquis.be\\\/#\\\/schema\\\/logo\\\/image\\\/\",\"url\":\"https:\\\/\\\/alpagasdumaquis.be\\\/wp-content\\\/uploads\\\/2023\\\/07\\\/alpagas-logo.76cc389.webp\",\"contentUrl\":\"https:\\\/\\\/alpagasdumaquis.be\\\/wp-content\\\/uploads\\\/2023\\\/07\\\/alpagas-logo.76cc389.webp\",\"width\":200,\"height\":200,\"caption\":\"Alpagas du Maquis\"},\"image\":{\"@id\":\"https:\\\/\\\/alpagasdumaquis.be\\\/#\\\/schema\\\/logo\\\/image\\\/\"}}]}<\/script>\n<!-- \/ Yoast SEO plugin. -->","yoast_head_json":{"title":"Pince ombilicale pour cria","description":"Dispositif st\u00e9rile et jetable, emball\u00e9 individuellement. Devraient \u00eatre disponibles dans toutes les pharmacies d'\u00e9curie pour les nouveau-n\u00e9s, Chez certains crias, une perte de sang par le cordon ombilical peut se produire. Evitez cette perte de sang en serrant le cordon ombilical avec cette pince,\u00a0elle tombera d'elle-m\u00eame apr\u00e8s environ une semaine.\u00a0","robots":{"index":"index","follow":"follow","max-snippet":"max-snippet:-1","max-image-preview":"max-image-preview:large","max-video-preview":"max-video-preview:-1"},"canonical":"https:\/\/alpagasdumaquis.be\/produit\/pince-ombilicale-pour-cria\/","og_locale":"en_US","og_type":"article","og_title":"Pince ombilicale pour cria","og_description":"Dispositif st\u00e9rile et jetable, emball\u00e9 individuellement. Devraient \u00eatre disponibles dans toutes les pharmacies d'\u00e9curie pour les nouveau-n\u00e9s, Chez certains crias, une perte de sang par le cordon ombilical peut se produire. Evitez cette perte de sang en serrant le cordon ombilical avec cette pince,\u00a0elle tombera d'elle-m\u00eame apr\u00e8s environ une semaine.\u00a0","og_url":"https:\/\/alpagasdumaquis.be\/produit\/pince-ombilicale-pour-cria\/","og_site_name":"Alpagas du Maquis","article_modified_time":"2023-03-03T10:50:47+00:00","og_image":[{"width":741,"height":807,"url":"https:\/\/alpagasdumaquis.be\/wp-content\/uploads\/2023\/03\/products-20230303104414-1.png","type":"image\/jpeg"}],"twitter_card":"summary_large_image","schema":{"@context":"https:\/\/schema.org","@graph":[{"@type":"WebPage","@id":"https:\/\/alpagasdumaquis.be\/produit\/pince-ombilicale-pour-cria\/","url":"https:\/\/alpagasdumaquis.be\/produit\/pince-ombilicale-pour-cria\/","name":"Pince ombilicale pour cria","isPartOf":{"@id":"https:\/\/alpagasdumaquis.be\/#website"},"primaryImageOfPage":{"@id":"https:\/\/alpagasdumaquis.be\/produit\/pince-ombilicale-pour-cria\/#primaryimage"},"image":{"@id":"https:\/\/alpagasdumaquis.be\/produit\/pince-ombilicale-pour-cria\/#primaryimage"},"thumbnailUrl":"https:\/\/alpagasdumaquis.be\/wp-content\/uploads\/2023\/03\/products-20230303104414-1.png","datePublished":"2023-03-03T09:45:07+00:00","dateModified":"2023-03-03T10:50:47+00:00","description":"Dispositif st\u00e9rile et jetable, emball\u00e9 individuellement. Devraient \u00eatre disponibles dans toutes les pharmacies d'\u00e9curie pour les nouveau-n\u00e9s, Chez certains crias, une perte de sang par le cordon ombilical peut se produire. Evitez cette perte de sang en serrant le cordon ombilical avec cette pince,\u00a0elle tombera d'elle-m\u00eame apr\u00e8s environ une semaine.\u00a0","breadcrumb":{"@id":"https:\/\/alpagasdumaquis.be\/produit\/pince-ombilicale-pour-cria\/#breadcrumb"},"inLanguage":"en-US","potentialAction":[{"@type":"ReadAction","target":["https:\/\/alpagasdumaquis.be\/produit\/pince-ombilicale-pour-cria\/"]}]},{"@type":"ImageObject","inLanguage":"en-US","@id":"https:\/\/alpagasdumaquis.be\/produit\/pince-ombilicale-pour-cria\/#primaryimage","url":"https:\/\/alpagasdumaquis.be\/wp-content\/uploads\/2023\/03\/products-20230303104414-1.png","contentUrl":"https:\/\/alpagasdumaquis.be\/wp-content\/uploads\/2023\/03\/products-20230303104414-1.png","width":741,"height":807,"caption":"Pince ombilicale pour cria"},{"@type":"BreadcrumbList","@id":"https:\/\/alpagasdumaquis.be\/produit\/pince-ombilicale-pour-cria\/#breadcrumb","itemListElement":[{"@type":"ListItem","position":1,"name":"Accueil","item":"https:\/\/alpagasdumaquis.be\/en\/alpagas-du-maquis-alpaca-breeding-spinning-mill-shop\/"},{"@type":"ListItem","position":2,"name":"origin &#8211; Boutique","item":"https:\/\/alpagasdumaquis.be\/boutique-origin\/"},{"@type":"ListItem","position":3,"name":"Pince ombilicale pour cria"}]},{"@type":"WebSite","@id":"https:\/\/alpagasdumaquis.be\/#website","url":"https:\/\/alpagasdumaquis.be\/","name":"Alpagas du Maquis","description":"Quality Alpagas &amp; Fiber Mill","publisher":{"@id":"https:\/\/alpagasdumaquis.be\/#organization"},"potentialAction":[{"@type":"SearchAction","target":{"@type":"EntryPoint","urlTemplate":"https:\/\/alpagasdumaquis.be\/?s={search_term_string}"},"query-input":{"@type":"PropertyValueSpecification","valueRequired":true,"valueName":"search_term_string"}}],"inLanguage":"en-US"},{"@type":"Organization","@id":"https:\/\/alpagasdumaquis.be\/#organization","name":"Alpagas du Maquis","url":"https:\/\/alpagasdumaquis.be\/","logo":{"@type":"ImageObject","inLanguage":"en-US","@id":"https:\/\/alpagasdumaquis.be\/#\/schema\/logo\/image\/","url":"https:\/\/alpagasdumaquis.be\/wp-content\/uploads\/2023\/07\/alpagas-logo.76cc389.webp","contentUrl":"https:\/\/alpagasdumaquis.be\/wp-content\/uploads\/2023\/07\/alpagas-logo.76cc389.webp","width":200,"height":200,"caption":"Alpagas du Maquis"},"image":{"@id":"https:\/\/alpagasdumaquis.be\/#\/schema\/logo\/image\/"}}]}},"jetpack_sharing_enabled":true,"_links":{"self":[{"href":"https:\/\/alpagasdumaquis.be\/en\/wp-json\/wp\/v2\/product\/3600","targetHints":{"allow":["GET"]}}],"collection":[{"href":"https:\/\/alpagasdumaquis.be\/en\/wp-json\/wp\/v2\/product"}],"about":[{"href":"https:\/\/alpagasdumaquis.be\/en\/wp-json\/wp\/v2\/types\/product"}],"replies":[{"embeddable":true,"href":"https:\/\/alpagasdumaquis.be\/en\/wp-json\/wp\/v2\/comments?post=3600"}],"version-history":[{"count":0,"href":"https:\/\/alpagasdumaquis.be\/en\/wp-json\/wp\/v2\/product\/3600\/revisions"}],"wp:featuredmedia":[{"embeddable":true,"href":"https:\/\/alpagasdumaquis.be\/en\/wp-json\/wp\/v2\/media\/3601"}],"wp:attachment":[{"href":"https:\/\/alpagasdumaquis.be\/en\/wp-json\/wp\/v2\/media?parent=3600"}],"wp:term":[{"taxonomy":"product_brand","embeddable":true,"href":"https:\/\/alpagasdumaquis.be\/en\/wp-json\/wp\/v2\/product_brand?post=3600"},{"taxonomy":"product_cat","embeddable":true,"href":"https:\/\/alpagasdumaquis.be\/en\/wp-json\/wp\/v2\/product_cat?post=3600"},{"taxonomy":"product_tag","embeddable":true,"href":"https:\/\/alpagasdumaquis.be\/en\/wp-json\/wp\/v2\/product_tag?post=3600"}],"curies":[{"name":"wp","href":"https:\/\/api.w.org\/{rel}","templated":true}]}}