{"id":3825,"date":"2023-06-20T15:23:19","date_gmt":"2023-06-20T15:23:19","guid":{"rendered":"https:\/\/alpagasmaquis.be\/?post_type=product&#038;p=3825"},"modified":"2023-07-27T15:10:08","modified_gmt":"2023-07-27T15:10:08","slug":"echarpe-tissee-taikan-2","status":"publish","type":"product","link":"https:\/\/alpagasdumaquis.be\/en\/produit\/echarpe-tissee-taikan-2\/","title":{"rendered":"Echarpe tiss\u00e9e Taikan"},"content":{"rendered":"<p><meta charset=\"utf-8\"><meta charset=\"utf-8\"><\/p>\n<p>Belle \u00e9charpe tiss\u00e9e\u00a0originale en Baby Alpaca pour homme et femme.<\/p>\n<p>Sa bordure fantaisie ne passera pas inaper\u00e7ue!<\/p>\n<p>A porter en \u00e9tole ou en \u00e9charpe.<\/p>\n<p><meta charset=\"utf-8\"><span>Mati\u00e8re : 70% Baby Alpaca &#8211; 30% Laine<\/span><\/p>\n","protected":false},"excerpt":{"rendered":"<p>Belle \u00e9charpe tiss\u00e9e\u00a0originale en Baby Alpaca pour homme et femme. Sa bordure fantaisie ne passera pas inaper\u00e7ue! A porter en \u00e9tole ou en \u00e9charpe. Mati\u00e8re : 70% Baby Alpaca &#8211; 30% Laine<\/p>\n","protected":false},"featured_media":3828,"comment_status":"open","ping_status":"closed","template":"","meta":[],"product_brand":[58],"product_cat":[49],"product_tag":[],"class_list":{"0":"post-3825","1":"product","2":"type-product","3":"status-publish","4":"has-post-thumbnail","6":"product_brand-apu-kuntur","7":"product_cat-peru-tete-cou-bien-proteges-2","8":"pa_couleur-gris-ecru-en","10":"first","11":"instock","12":"shipping-taxable","13":"purchasable","14":"product-type-variable"},"yoast_head":"<!-- This site is optimized with the Yoast SEO plugin v27.5 - https:\/\/yoast.com\/product\/yoast-seo-wordpress\/ -->\n<title>Echarpe tiss\u00e9e Taikan<\/title>\n<meta name=\"description\" content=\"Belle \u00e9charpe tiss\u00e9e\u00a0originale en Baby Alpaca pour homme et femme. Sa bordure fantaisie ne passera pas inaper\u00e7ue! A porter en \u00e9tole ou en \u00e9charpe. Mati\u00e8re : 70% Baby Alpaca - 30% Laine\" \/>\n<meta name=\"robots\" content=\"index, follow, max-snippet:-1, max-image-preview:large, max-video-preview:-1\" \/>\n<link rel=\"canonical\" href=\"https:\/\/alpagasdumaquis.be\/en\/produit\/echarpe-tissee-taikan-2\/\" \/>\n<meta property=\"og:locale\" content=\"en_US\" \/>\n<meta property=\"og:type\" content=\"article\" \/>\n<meta property=\"og:title\" content=\"Echarpe tiss\u00e9e Taikan\" \/>\n<meta property=\"og:description\" content=\"Belle \u00e9charpe tiss\u00e9e\u00a0originale en Baby Alpaca pour homme et femme. Sa bordure fantaisie ne passera pas inaper\u00e7ue! A porter en \u00e9tole ou en \u00e9charpe. Mati\u00e8re : 70% Baby Alpaca - 30% Laine\" \/>\n<meta property=\"og:url\" content=\"https:\/\/alpagasdumaquis.be\/en\/produit\/echarpe-tissee-taikan-2\/\" \/>\n<meta property=\"og:site_name\" content=\"Alpagas du Maquis\" \/>\n<meta property=\"article:modified_time\" content=\"2023-07-27T15:10:08+00:00\" \/>\n<meta property=\"og:image\" content=\"https:\/\/alpagasdumaquis.be\/wp-content\/uploads\/2023\/06\/products-2webschal-taika-b-1.jpg\" \/>\n\t<meta property=\"og:image:width\" content=\"527\" \/>\n\t<meta property=\"og:image:height\" content=\"800\" \/>\n\t<meta property=\"og:image:type\" content=\"image\/jpeg\" \/>\n<meta name=\"twitter:card\" content=\"summary_large_image\" \/>\n<script type=\"application\/ld+json\" class=\"yoast-schema-graph\">{\"@context\":\"https:\\\/\\\/schema.org\",\"@graph\":[{\"@type\":\"WebPage\",\"@id\":\"https:\\\/\\\/alpagasdumaquis.be\\\/en\\\/produit\\\/echarpe-tissee-taikan-2\\\/\",\"url\":\"https:\\\/\\\/alpagasdumaquis.be\\\/en\\\/produit\\\/echarpe-tissee-taikan-2\\\/\",\"name\":\"Echarpe tiss\u00e9e Taikan\",\"isPartOf\":{\"@id\":\"https:\\\/\\\/alpagasdumaquis.be\\\/#website\"},\"primaryImageOfPage\":{\"@id\":\"https:\\\/\\\/alpagasdumaquis.be\\\/en\\\/produit\\\/echarpe-tissee-taikan-2\\\/#primaryimage\"},\"image\":{\"@id\":\"https:\\\/\\\/alpagasdumaquis.be\\\/en\\\/produit\\\/echarpe-tissee-taikan-2\\\/#primaryimage\"},\"thumbnailUrl\":\"https:\\\/\\\/alpagasdumaquis.be\\\/wp-content\\\/uploads\\\/2023\\\/06\\\/products-2webschal-taika-b-1.jpg\",\"datePublished\":\"2023-06-20T15:23:19+00:00\",\"dateModified\":\"2023-07-27T15:10:08+00:00\",\"description\":\"Belle \u00e9charpe tiss\u00e9e\u00a0originale en Baby Alpaca pour homme et femme. Sa bordure fantaisie ne passera pas inaper\u00e7ue! A porter en \u00e9tole ou en \u00e9charpe. Mati\u00e8re : 70% Baby Alpaca - 30% Laine\",\"breadcrumb\":{\"@id\":\"https:\\\/\\\/alpagasdumaquis.be\\\/en\\\/produit\\\/echarpe-tissee-taikan-2\\\/#breadcrumb\"},\"inLanguage\":\"en-US\",\"potentialAction\":[{\"@type\":\"ReadAction\",\"target\":[\"https:\\\/\\\/alpagasdumaquis.be\\\/en\\\/produit\\\/echarpe-tissee-taikan-2\\\/\"]}]},{\"@type\":\"ImageObject\",\"inLanguage\":\"en-US\",\"@id\":\"https:\\\/\\\/alpagasdumaquis.be\\\/en\\\/produit\\\/echarpe-tissee-taikan-2\\\/#primaryimage\",\"url\":\"https:\\\/\\\/alpagasdumaquis.be\\\/wp-content\\\/uploads\\\/2023\\\/06\\\/products-2webschal-taika-b-1.jpg\",\"contentUrl\":\"https:\\\/\\\/alpagasdumaquis.be\\\/wp-content\\\/uploads\\\/2023\\\/06\\\/products-2webschal-taika-b-1.jpg\",\"width\":527,\"height\":800,\"caption\":\"Echarpe tiss\u00e9e Taikan\"},{\"@type\":\"BreadcrumbList\",\"@id\":\"https:\\\/\\\/alpagasdumaquis.be\\\/en\\\/produit\\\/echarpe-tissee-taikan-2\\\/#breadcrumb\",\"itemListElement\":[{\"@type\":\"ListItem\",\"position\":1,\"name\":\"Accueil\",\"item\":\"https:\\\/\\\/alpagasdumaquis.be\\\/en\\\/alpagas-du-maquis-alpaca-breeding-spinning-mill-shop\\\/\"},{\"@type\":\"ListItem\",\"position\":2,\"name\":\"origin &#8211; Boutique\",\"item\":\"https:\\\/\\\/alpagasdumaquis.be\\\/boutique-origin\\\/\"},{\"@type\":\"ListItem\",\"position\":3,\"name\":\"Echarpe tiss\u00e9e Taikan\"}]},{\"@type\":\"WebSite\",\"@id\":\"https:\\\/\\\/alpagasdumaquis.be\\\/#website\",\"url\":\"https:\\\/\\\/alpagasdumaquis.be\\\/\",\"name\":\"Alpagas du Maquis\",\"description\":\"Quality Alpagas &amp; Fiber Mill\",\"publisher\":{\"@id\":\"https:\\\/\\\/alpagasdumaquis.be\\\/#organization\"},\"potentialAction\":[{\"@type\":\"SearchAction\",\"target\":{\"@type\":\"EntryPoint\",\"urlTemplate\":\"https:\\\/\\\/alpagasdumaquis.be\\\/?s={search_term_string}\"},\"query-input\":{\"@type\":\"PropertyValueSpecification\",\"valueRequired\":true,\"valueName\":\"search_term_string\"}}],\"inLanguage\":\"en-US\"},{\"@type\":\"Organization\",\"@id\":\"https:\\\/\\\/alpagasdumaquis.be\\\/#organization\",\"name\":\"Alpagas du Maquis\",\"url\":\"https:\\\/\\\/alpagasdumaquis.be\\\/\",\"logo\":{\"@type\":\"ImageObject\",\"inLanguage\":\"en-US\",\"@id\":\"https:\\\/\\\/alpagasdumaquis.be\\\/#\\\/schema\\\/logo\\\/image\\\/\",\"url\":\"https:\\\/\\\/alpagasdumaquis.be\\\/wp-content\\\/uploads\\\/2023\\\/07\\\/alpagas-logo.76cc389.webp\",\"contentUrl\":\"https:\\\/\\\/alpagasdumaquis.be\\\/wp-content\\\/uploads\\\/2023\\\/07\\\/alpagas-logo.76cc389.webp\",\"width\":200,\"height\":200,\"caption\":\"Alpagas du Maquis\"},\"image\":{\"@id\":\"https:\\\/\\\/alpagasdumaquis.be\\\/#\\\/schema\\\/logo\\\/image\\\/\"}}]}<\/script>\n<!-- \/ Yoast SEO plugin. -->","yoast_head_json":{"title":"Echarpe tiss\u00e9e Taikan","description":"Belle \u00e9charpe tiss\u00e9e\u00a0originale en Baby Alpaca pour homme et femme. Sa bordure fantaisie ne passera pas inaper\u00e7ue! A porter en \u00e9tole ou en \u00e9charpe. Mati\u00e8re : 70% Baby Alpaca - 30% Laine","robots":{"index":"index","follow":"follow","max-snippet":"max-snippet:-1","max-image-preview":"max-image-preview:large","max-video-preview":"max-video-preview:-1"},"canonical":"https:\/\/alpagasdumaquis.be\/en\/produit\/echarpe-tissee-taikan-2\/","og_locale":"en_US","og_type":"article","og_title":"Echarpe tiss\u00e9e Taikan","og_description":"Belle \u00e9charpe tiss\u00e9e\u00a0originale en Baby Alpaca pour homme et femme. Sa bordure fantaisie ne passera pas inaper\u00e7ue! A porter en \u00e9tole ou en \u00e9charpe. Mati\u00e8re : 70% Baby Alpaca - 30% Laine","og_url":"https:\/\/alpagasdumaquis.be\/en\/produit\/echarpe-tissee-taikan-2\/","og_site_name":"Alpagas du Maquis","article_modified_time":"2023-07-27T15:10:08+00:00","og_image":[{"width":527,"height":800,"url":"https:\/\/alpagasdumaquis.be\/wp-content\/uploads\/2023\/06\/products-2webschal-taika-b-1.jpg","type":"image\/jpeg"}],"twitter_card":"summary_large_image","schema":{"@context":"https:\/\/schema.org","@graph":[{"@type":"WebPage","@id":"https:\/\/alpagasdumaquis.be\/en\/produit\/echarpe-tissee-taikan-2\/","url":"https:\/\/alpagasdumaquis.be\/en\/produit\/echarpe-tissee-taikan-2\/","name":"Echarpe tiss\u00e9e Taikan","isPartOf":{"@id":"https:\/\/alpagasdumaquis.be\/#website"},"primaryImageOfPage":{"@id":"https:\/\/alpagasdumaquis.be\/en\/produit\/echarpe-tissee-taikan-2\/#primaryimage"},"image":{"@id":"https:\/\/alpagasdumaquis.be\/en\/produit\/echarpe-tissee-taikan-2\/#primaryimage"},"thumbnailUrl":"https:\/\/alpagasdumaquis.be\/wp-content\/uploads\/2023\/06\/products-2webschal-taika-b-1.jpg","datePublished":"2023-06-20T15:23:19+00:00","dateModified":"2023-07-27T15:10:08+00:00","description":"Belle \u00e9charpe tiss\u00e9e\u00a0originale en Baby Alpaca pour homme et femme. Sa bordure fantaisie ne passera pas inaper\u00e7ue! A porter en \u00e9tole ou en \u00e9charpe. Mati\u00e8re : 70% Baby Alpaca - 30% Laine","breadcrumb":{"@id":"https:\/\/alpagasdumaquis.be\/en\/produit\/echarpe-tissee-taikan-2\/#breadcrumb"},"inLanguage":"en-US","potentialAction":[{"@type":"ReadAction","target":["https:\/\/alpagasdumaquis.be\/en\/produit\/echarpe-tissee-taikan-2\/"]}]},{"@type":"ImageObject","inLanguage":"en-US","@id":"https:\/\/alpagasdumaquis.be\/en\/produit\/echarpe-tissee-taikan-2\/#primaryimage","url":"https:\/\/alpagasdumaquis.be\/wp-content\/uploads\/2023\/06\/products-2webschal-taika-b-1.jpg","contentUrl":"https:\/\/alpagasdumaquis.be\/wp-content\/uploads\/2023\/06\/products-2webschal-taika-b-1.jpg","width":527,"height":800,"caption":"Echarpe tiss\u00e9e Taikan"},{"@type":"BreadcrumbList","@id":"https:\/\/alpagasdumaquis.be\/en\/produit\/echarpe-tissee-taikan-2\/#breadcrumb","itemListElement":[{"@type":"ListItem","position":1,"name":"Accueil","item":"https:\/\/alpagasdumaquis.be\/en\/alpagas-du-maquis-alpaca-breeding-spinning-mill-shop\/"},{"@type":"ListItem","position":2,"name":"origin &#8211; Boutique","item":"https:\/\/alpagasdumaquis.be\/boutique-origin\/"},{"@type":"ListItem","position":3,"name":"Echarpe tiss\u00e9e Taikan"}]},{"@type":"WebSite","@id":"https:\/\/alpagasdumaquis.be\/#website","url":"https:\/\/alpagasdumaquis.be\/","name":"Alpagas du Maquis","description":"Quality Alpagas &amp; Fiber Mill","publisher":{"@id":"https:\/\/alpagasdumaquis.be\/#organization"},"potentialAction":[{"@type":"SearchAction","target":{"@type":"EntryPoint","urlTemplate":"https:\/\/alpagasdumaquis.be\/?s={search_term_string}"},"query-input":{"@type":"PropertyValueSpecification","valueRequired":true,"valueName":"search_term_string"}}],"inLanguage":"en-US"},{"@type":"Organization","@id":"https:\/\/alpagasdumaquis.be\/#organization","name":"Alpagas du Maquis","url":"https:\/\/alpagasdumaquis.be\/","logo":{"@type":"ImageObject","inLanguage":"en-US","@id":"https:\/\/alpagasdumaquis.be\/#\/schema\/logo\/image\/","url":"https:\/\/alpagasdumaquis.be\/wp-content\/uploads\/2023\/07\/alpagas-logo.76cc389.webp","contentUrl":"https:\/\/alpagasdumaquis.be\/wp-content\/uploads\/2023\/07\/alpagas-logo.76cc389.webp","width":200,"height":200,"caption":"Alpagas du Maquis"},"image":{"@id":"https:\/\/alpagasdumaquis.be\/#\/schema\/logo\/image\/"}}]}},"jetpack_sharing_enabled":true,"_links":{"self":[{"href":"https:\/\/alpagasdumaquis.be\/en\/wp-json\/wp\/v2\/product\/3825","targetHints":{"allow":["GET"]}}],"collection":[{"href":"https:\/\/alpagasdumaquis.be\/en\/wp-json\/wp\/v2\/product"}],"about":[{"href":"https:\/\/alpagasdumaquis.be\/en\/wp-json\/wp\/v2\/types\/product"}],"replies":[{"embeddable":true,"href":"https:\/\/alpagasdumaquis.be\/en\/wp-json\/wp\/v2\/comments?post=3825"}],"version-history":[{"count":0,"href":"https:\/\/alpagasdumaquis.be\/en\/wp-json\/wp\/v2\/product\/3825\/revisions"}],"wp:featuredmedia":[{"embeddable":true,"href":"https:\/\/alpagasdumaquis.be\/en\/wp-json\/wp\/v2\/media\/3828"}],"wp:attachment":[{"href":"https:\/\/alpagasdumaquis.be\/en\/wp-json\/wp\/v2\/media?parent=3825"}],"wp:term":[{"taxonomy":"product_brand","embeddable":true,"href":"https:\/\/alpagasdumaquis.be\/en\/wp-json\/wp\/v2\/product_brand?post=3825"},{"taxonomy":"product_cat","embeddable":true,"href":"https:\/\/alpagasdumaquis.be\/en\/wp-json\/wp\/v2\/product_cat?post=3825"},{"taxonomy":"product_tag","embeddable":true,"href":"https:\/\/alpagasdumaquis.be\/en\/wp-json\/wp\/v2\/product_tag?post=3825"}],"curies":[{"name":"wp","href":"https:\/\/api.w.org\/{rel}","templated":true}]}}