{"id":3913,"date":"2023-07-26T15:20:21","date_gmt":"2023-07-26T15:20:21","guid":{"rendered":"https:\/\/alpagasmaquis.be\/?post_type=product&#038;p=3913"},"modified":"2025-12-18T20:02:17","modified_gmt":"2025-12-18T19:02:17","slug":"peluche-en-fibre-d-alpaga-30cm-3-couleurs-au-choix-2","status":"publish","type":"product","link":"https:\/\/alpagasdumaquis.be\/en\/produit\/peluche-en-fibre-d-alpaga-30cm-3-couleurs-au-choix-2\/","title":{"rendered":"Peluche en fibre d&#8217;alpaga +\/-30cm &#8211; 3 couleurs au choix"},"content":{"rendered":"<p>Cette grande peluche en alpaga de 30 cm est faite d&#8217;une fibre d&#8217;alpaga douce et tr\u00e8s moelleuse. Offrant une sensation tr\u00e8s agr\u00e9able au toucher, elle procurera le plus grand plaisir \u00e0 c\u00e2liner.<\/p>\n<p>Attention: ne convient pas aux enfants de moins de 3 ans.<\/p>\n","protected":false},"excerpt":{"rendered":"<p>Cette grande peluche en alpaga de 30 cm est faite d&#8217;une fibre d&#8217;alpaga douce et tr\u00e8s moelleuse. Offrant une sensation tr\u00e8s agr\u00e9able au toucher, elle procurera le plus grand plaisir \u00e0 c\u00e2liner. Attention: ne convient pas aux enfants de moins de 3 ans.<\/p>\n","protected":false},"featured_media":3917,"comment_status":"open","ping_status":"closed","template":"","meta":[],"product_brand":[58],"product_cat":[53],"product_tag":[],"class_list":{"0":"post-3913","1":"product","2":"type-product","3":"status-publish","4":"has-post-thumbnail","6":"product_brand-apu-kuntur","7":"product_cat-peru-s-envelopper-cocooner-2","8":"pa_couleur-blanc-en","9":"pa_couleur-caramel-en","10":"pa_couleur-multicolore-en","12":"first","13":"instock","14":"shipping-taxable","15":"purchasable","16":"product-type-variable"},"yoast_head":"<!-- This site is optimized with the Yoast SEO plugin v27.5 - https:\/\/yoast.com\/product\/yoast-seo-wordpress\/ -->\n<title>Peluche en fibre d&#039;alpaga +\/-30cm - 3 couleurs au choix<\/title>\n<meta name=\"description\" content=\"Cette grande peluche en alpaga de 30 cm est faite d&#039;une fibre d&#039;alpaga douce et tr\u00e8s moelleuse. Offrant une sensation tr\u00e8s agr\u00e9able au toucher, elle procurera le plus grand plaisir \u00e0 c\u00e2liner. Attention: ne convient pas aux enfants de moins de 3 ans.\" \/>\n<meta name=\"robots\" content=\"index, follow, max-snippet:-1, max-image-preview:large, max-video-preview:-1\" \/>\n<link rel=\"canonical\" href=\"https:\/\/alpagasdumaquis.be\/en\/produit\/peluche-en-fibre-d-alpaga-30cm-3-couleurs-au-choix-2\/\" \/>\n<meta property=\"og:locale\" content=\"en_US\" \/>\n<meta property=\"og:type\" content=\"article\" \/>\n<meta property=\"og:title\" content=\"Peluche en fibre d&#039;alpaga +\/-30cm - 3 couleurs au choix\" \/>\n<meta property=\"og:description\" content=\"Cette grande peluche en alpaga de 30 cm est faite d&#039;une fibre d&#039;alpaga douce et tr\u00e8s moelleuse. Offrant une sensation tr\u00e8s agr\u00e9able au toucher, elle procurera le plus grand plaisir \u00e0 c\u00e2liner. Attention: ne convient pas aux enfants de moins de 3 ans.\" \/>\n<meta property=\"og:url\" content=\"https:\/\/alpagasdumaquis.be\/en\/produit\/peluche-en-fibre-d-alpaga-30cm-3-couleurs-au-choix-2\/\" \/>\n<meta property=\"og:site_name\" content=\"Alpagas du Maquis\" \/>\n<meta property=\"article:modified_time\" content=\"2025-12-18T19:02:17+00:00\" \/>\n<meta property=\"og:image\" content=\"https:\/\/alpagasdumaquis.be\/wp-content\/uploads\/2023\/07\/products-1alpaka-kuscheliges-felltier-30cm-aus-alpaka-fell-1.jpg\" \/>\n\t<meta property=\"og:image:width\" content=\"527\" \/>\n\t<meta property=\"og:image:height\" content=\"800\" \/>\n\t<meta property=\"og:image:type\" content=\"image\/jpeg\" \/>\n<meta name=\"twitter:card\" content=\"summary_large_image\" \/>\n<script type=\"application\/ld+json\" class=\"yoast-schema-graph\">{\"@context\":\"https:\\\/\\\/schema.org\",\"@graph\":[{\"@type\":\"WebPage\",\"@id\":\"https:\\\/\\\/alpagasdumaquis.be\\\/en\\\/produit\\\/peluche-en-fibre-d-alpaga-30cm-3-couleurs-au-choix-2\\\/\",\"url\":\"https:\\\/\\\/alpagasdumaquis.be\\\/en\\\/produit\\\/peluche-en-fibre-d-alpaga-30cm-3-couleurs-au-choix-2\\\/\",\"name\":\"Peluche en fibre d'alpaga +\\\/-30cm - 3 couleurs au choix\",\"isPartOf\":{\"@id\":\"https:\\\/\\\/alpagasdumaquis.be\\\/#website\"},\"primaryImageOfPage\":{\"@id\":\"https:\\\/\\\/alpagasdumaquis.be\\\/en\\\/produit\\\/peluche-en-fibre-d-alpaga-30cm-3-couleurs-au-choix-2\\\/#primaryimage\"},\"image\":{\"@id\":\"https:\\\/\\\/alpagasdumaquis.be\\\/en\\\/produit\\\/peluche-en-fibre-d-alpaga-30cm-3-couleurs-au-choix-2\\\/#primaryimage\"},\"thumbnailUrl\":\"https:\\\/\\\/alpagasdumaquis.be\\\/wp-content\\\/uploads\\\/2023\\\/07\\\/products-1alpaka-kuscheliges-felltier-30cm-aus-alpaka-fell-1.jpg\",\"datePublished\":\"2023-07-26T15:20:21+00:00\",\"dateModified\":\"2025-12-18T19:02:17+00:00\",\"description\":\"Cette grande peluche en alpaga de 30 cm est faite d'une fibre d'alpaga douce et tr\u00e8s moelleuse. Offrant une sensation tr\u00e8s agr\u00e9able au toucher, elle procurera le plus grand plaisir \u00e0 c\u00e2liner. Attention: ne convient pas aux enfants de moins de 3 ans.\",\"breadcrumb\":{\"@id\":\"https:\\\/\\\/alpagasdumaquis.be\\\/en\\\/produit\\\/peluche-en-fibre-d-alpaga-30cm-3-couleurs-au-choix-2\\\/#breadcrumb\"},\"inLanguage\":\"en-US\",\"potentialAction\":[{\"@type\":\"ReadAction\",\"target\":[\"https:\\\/\\\/alpagasdumaquis.be\\\/en\\\/produit\\\/peluche-en-fibre-d-alpaga-30cm-3-couleurs-au-choix-2\\\/\"]}]},{\"@type\":\"ImageObject\",\"inLanguage\":\"en-US\",\"@id\":\"https:\\\/\\\/alpagasdumaquis.be\\\/en\\\/produit\\\/peluche-en-fibre-d-alpaga-30cm-3-couleurs-au-choix-2\\\/#primaryimage\",\"url\":\"https:\\\/\\\/alpagasdumaquis.be\\\/wp-content\\\/uploads\\\/2023\\\/07\\\/products-1alpaka-kuscheliges-felltier-30cm-aus-alpaka-fell-1.jpg\",\"contentUrl\":\"https:\\\/\\\/alpagasdumaquis.be\\\/wp-content\\\/uploads\\\/2023\\\/07\\\/products-1alpaka-kuscheliges-felltier-30cm-aus-alpaka-fell-1.jpg\",\"width\":527,\"height\":800,\"caption\":\"Peluche en fibre d'alpaga +\\\/-30cm - 3 couleurs au choix\"},{\"@type\":\"BreadcrumbList\",\"@id\":\"https:\\\/\\\/alpagasdumaquis.be\\\/en\\\/produit\\\/peluche-en-fibre-d-alpaga-30cm-3-couleurs-au-choix-2\\\/#breadcrumb\",\"itemListElement\":[{\"@type\":\"ListItem\",\"position\":1,\"name\":\"Accueil\",\"item\":\"https:\\\/\\\/alpagasdumaquis.be\\\/en\\\/alpagas-du-maquis-alpaca-breeding-spinning-mill-shop\\\/\"},{\"@type\":\"ListItem\",\"position\":2,\"name\":\"origin &#8211; Boutique\",\"item\":\"https:\\\/\\\/alpagasdumaquis.be\\\/boutique-origin\\\/\"},{\"@type\":\"ListItem\",\"position\":3,\"name\":\"Peluche en fibre d&#8217;alpaga +\\\/-30cm &#8211; 3 couleurs au choix\"}]},{\"@type\":\"WebSite\",\"@id\":\"https:\\\/\\\/alpagasdumaquis.be\\\/#website\",\"url\":\"https:\\\/\\\/alpagasdumaquis.be\\\/\",\"name\":\"Alpagas du Maquis\",\"description\":\"Quality Alpagas &amp; Fiber Mill\",\"publisher\":{\"@id\":\"https:\\\/\\\/alpagasdumaquis.be\\\/#organization\"},\"potentialAction\":[{\"@type\":\"SearchAction\",\"target\":{\"@type\":\"EntryPoint\",\"urlTemplate\":\"https:\\\/\\\/alpagasdumaquis.be\\\/?s={search_term_string}\"},\"query-input\":{\"@type\":\"PropertyValueSpecification\",\"valueRequired\":true,\"valueName\":\"search_term_string\"}}],\"inLanguage\":\"en-US\"},{\"@type\":\"Organization\",\"@id\":\"https:\\\/\\\/alpagasdumaquis.be\\\/#organization\",\"name\":\"Alpagas du Maquis\",\"url\":\"https:\\\/\\\/alpagasdumaquis.be\\\/\",\"logo\":{\"@type\":\"ImageObject\",\"inLanguage\":\"en-US\",\"@id\":\"https:\\\/\\\/alpagasdumaquis.be\\\/#\\\/schema\\\/logo\\\/image\\\/\",\"url\":\"https:\\\/\\\/alpagasdumaquis.be\\\/wp-content\\\/uploads\\\/2023\\\/07\\\/alpagas-logo.76cc389.webp\",\"contentUrl\":\"https:\\\/\\\/alpagasdumaquis.be\\\/wp-content\\\/uploads\\\/2023\\\/07\\\/alpagas-logo.76cc389.webp\",\"width\":200,\"height\":200,\"caption\":\"Alpagas du Maquis\"},\"image\":{\"@id\":\"https:\\\/\\\/alpagasdumaquis.be\\\/#\\\/schema\\\/logo\\\/image\\\/\"}}]}<\/script>\n<!-- \/ Yoast SEO plugin. -->","yoast_head_json":{"title":"Peluche en fibre d'alpaga +\/-30cm - 3 couleurs au choix","description":"Cette grande peluche en alpaga de 30 cm est faite d'une fibre d'alpaga douce et tr\u00e8s moelleuse. Offrant une sensation tr\u00e8s agr\u00e9able au toucher, elle procurera le plus grand plaisir \u00e0 c\u00e2liner. Attention: ne convient pas aux enfants de moins de 3 ans.","robots":{"index":"index","follow":"follow","max-snippet":"max-snippet:-1","max-image-preview":"max-image-preview:large","max-video-preview":"max-video-preview:-1"},"canonical":"https:\/\/alpagasdumaquis.be\/en\/produit\/peluche-en-fibre-d-alpaga-30cm-3-couleurs-au-choix-2\/","og_locale":"en_US","og_type":"article","og_title":"Peluche en fibre d'alpaga +\/-30cm - 3 couleurs au choix","og_description":"Cette grande peluche en alpaga de 30 cm est faite d'une fibre d'alpaga douce et tr\u00e8s moelleuse. Offrant une sensation tr\u00e8s agr\u00e9able au toucher, elle procurera le plus grand plaisir \u00e0 c\u00e2liner. Attention: ne convient pas aux enfants de moins de 3 ans.","og_url":"https:\/\/alpagasdumaquis.be\/en\/produit\/peluche-en-fibre-d-alpaga-30cm-3-couleurs-au-choix-2\/","og_site_name":"Alpagas du Maquis","article_modified_time":"2025-12-18T19:02:17+00:00","og_image":[{"width":527,"height":800,"url":"https:\/\/alpagasdumaquis.be\/wp-content\/uploads\/2023\/07\/products-1alpaka-kuscheliges-felltier-30cm-aus-alpaka-fell-1.jpg","type":"image\/jpeg"}],"twitter_card":"summary_large_image","schema":{"@context":"https:\/\/schema.org","@graph":[{"@type":"WebPage","@id":"https:\/\/alpagasdumaquis.be\/en\/produit\/peluche-en-fibre-d-alpaga-30cm-3-couleurs-au-choix-2\/","url":"https:\/\/alpagasdumaquis.be\/en\/produit\/peluche-en-fibre-d-alpaga-30cm-3-couleurs-au-choix-2\/","name":"Peluche en fibre d'alpaga +\/-30cm - 3 couleurs au choix","isPartOf":{"@id":"https:\/\/alpagasdumaquis.be\/#website"},"primaryImageOfPage":{"@id":"https:\/\/alpagasdumaquis.be\/en\/produit\/peluche-en-fibre-d-alpaga-30cm-3-couleurs-au-choix-2\/#primaryimage"},"image":{"@id":"https:\/\/alpagasdumaquis.be\/en\/produit\/peluche-en-fibre-d-alpaga-30cm-3-couleurs-au-choix-2\/#primaryimage"},"thumbnailUrl":"https:\/\/alpagasdumaquis.be\/wp-content\/uploads\/2023\/07\/products-1alpaka-kuscheliges-felltier-30cm-aus-alpaka-fell-1.jpg","datePublished":"2023-07-26T15:20:21+00:00","dateModified":"2025-12-18T19:02:17+00:00","description":"Cette grande peluche en alpaga de 30 cm est faite d'une fibre d'alpaga douce et tr\u00e8s moelleuse. Offrant une sensation tr\u00e8s agr\u00e9able au toucher, elle procurera le plus grand plaisir \u00e0 c\u00e2liner. Attention: ne convient pas aux enfants de moins de 3 ans.","breadcrumb":{"@id":"https:\/\/alpagasdumaquis.be\/en\/produit\/peluche-en-fibre-d-alpaga-30cm-3-couleurs-au-choix-2\/#breadcrumb"},"inLanguage":"en-US","potentialAction":[{"@type":"ReadAction","target":["https:\/\/alpagasdumaquis.be\/en\/produit\/peluche-en-fibre-d-alpaga-30cm-3-couleurs-au-choix-2\/"]}]},{"@type":"ImageObject","inLanguage":"en-US","@id":"https:\/\/alpagasdumaquis.be\/en\/produit\/peluche-en-fibre-d-alpaga-30cm-3-couleurs-au-choix-2\/#primaryimage","url":"https:\/\/alpagasdumaquis.be\/wp-content\/uploads\/2023\/07\/products-1alpaka-kuscheliges-felltier-30cm-aus-alpaka-fell-1.jpg","contentUrl":"https:\/\/alpagasdumaquis.be\/wp-content\/uploads\/2023\/07\/products-1alpaka-kuscheliges-felltier-30cm-aus-alpaka-fell-1.jpg","width":527,"height":800,"caption":"Peluche en fibre d'alpaga +\/-30cm - 3 couleurs au choix"},{"@type":"BreadcrumbList","@id":"https:\/\/alpagasdumaquis.be\/en\/produit\/peluche-en-fibre-d-alpaga-30cm-3-couleurs-au-choix-2\/#breadcrumb","itemListElement":[{"@type":"ListItem","position":1,"name":"Accueil","item":"https:\/\/alpagasdumaquis.be\/en\/alpagas-du-maquis-alpaca-breeding-spinning-mill-shop\/"},{"@type":"ListItem","position":2,"name":"origin &#8211; Boutique","item":"https:\/\/alpagasdumaquis.be\/boutique-origin\/"},{"@type":"ListItem","position":3,"name":"Peluche en fibre d&#8217;alpaga +\/-30cm &#8211; 3 couleurs au choix"}]},{"@type":"WebSite","@id":"https:\/\/alpagasdumaquis.be\/#website","url":"https:\/\/alpagasdumaquis.be\/","name":"Alpagas du Maquis","description":"Quality Alpagas &amp; Fiber Mill","publisher":{"@id":"https:\/\/alpagasdumaquis.be\/#organization"},"potentialAction":[{"@type":"SearchAction","target":{"@type":"EntryPoint","urlTemplate":"https:\/\/alpagasdumaquis.be\/?s={search_term_string}"},"query-input":{"@type":"PropertyValueSpecification","valueRequired":true,"valueName":"search_term_string"}}],"inLanguage":"en-US"},{"@type":"Organization","@id":"https:\/\/alpagasdumaquis.be\/#organization","name":"Alpagas du Maquis","url":"https:\/\/alpagasdumaquis.be\/","logo":{"@type":"ImageObject","inLanguage":"en-US","@id":"https:\/\/alpagasdumaquis.be\/#\/schema\/logo\/image\/","url":"https:\/\/alpagasdumaquis.be\/wp-content\/uploads\/2023\/07\/alpagas-logo.76cc389.webp","contentUrl":"https:\/\/alpagasdumaquis.be\/wp-content\/uploads\/2023\/07\/alpagas-logo.76cc389.webp","width":200,"height":200,"caption":"Alpagas du Maquis"},"image":{"@id":"https:\/\/alpagasdumaquis.be\/#\/schema\/logo\/image\/"}}]}},"jetpack_sharing_enabled":true,"_links":{"self":[{"href":"https:\/\/alpagasdumaquis.be\/en\/wp-json\/wp\/v2\/product\/3913","targetHints":{"allow":["GET"]}}],"collection":[{"href":"https:\/\/alpagasdumaquis.be\/en\/wp-json\/wp\/v2\/product"}],"about":[{"href":"https:\/\/alpagasdumaquis.be\/en\/wp-json\/wp\/v2\/types\/product"}],"replies":[{"embeddable":true,"href":"https:\/\/alpagasdumaquis.be\/en\/wp-json\/wp\/v2\/comments?post=3913"}],"version-history":[{"count":0,"href":"https:\/\/alpagasdumaquis.be\/en\/wp-json\/wp\/v2\/product\/3913\/revisions"}],"wp:featuredmedia":[{"embeddable":true,"href":"https:\/\/alpagasdumaquis.be\/en\/wp-json\/wp\/v2\/media\/3917"}],"wp:attachment":[{"href":"https:\/\/alpagasdumaquis.be\/en\/wp-json\/wp\/v2\/media?parent=3913"}],"wp:term":[{"taxonomy":"product_brand","embeddable":true,"href":"https:\/\/alpagasdumaquis.be\/en\/wp-json\/wp\/v2\/product_brand?post=3913"},{"taxonomy":"product_cat","embeddable":true,"href":"https:\/\/alpagasdumaquis.be\/en\/wp-json\/wp\/v2\/product_cat?post=3913"},{"taxonomy":"product_tag","embeddable":true,"href":"https:\/\/alpagasdumaquis.be\/en\/wp-json\/wp\/v2\/product_tag?post=3913"}],"curies":[{"name":"wp","href":"https:\/\/api.w.org\/{rel}","templated":true}]}}