{"id":3975,"date":"2023-07-27T15:18:52","date_gmt":"2023-07-27T13:18:52","guid":{"rendered":"https:\/\/alpagasmaquis.be\/?post_type=product&#038;p=3975"},"modified":"2023-07-27T15:29:36","modified_gmt":"2023-07-27T15:29:36","slug":"chapeau-reversible-2-combinaisons-au-choix-2","status":"publish","type":"product","link":"https:\/\/alpagasdumaquis.be\/en\/produit\/chapeau-reversible-2-combinaisons-au-choix-2\/","title":{"rendered":"Chapeau r\u00e9versible &#8211; 2 combinaisons au choix"},"content":{"rendered":"<p><meta charset=\"utf-8\"><\/p>\n<p>Chapeau\u00a0moderne\u00a0unisexe, pour elle comme pour lui.<\/p>\n<p><meta charset=\"utf-8\">L&#8217;alpaga pur et pr\u00e9cieux a gagn\u00e9 sa place dans le secteur des fibres de luxe et ne peut gu\u00e8re \u00eatre surpass\u00e9 en termes de douceur, de capacit\u00e9 d&#8217;isolation thermique et de l\u00e9g\u00e8ret\u00e9. La fibre d&#8217;alpaga ne contient presque pas de lanoline, ce qui la rend id\u00e9ale pour les personnes allergiques \u00e0 la laine.<\/p>\n<p>Mati\u00e8re : 100% <meta charset=\"utf-8\">baby alpaga<\/p>\n<p><meta charset=\"utf-8\">Taille unique<\/p>\n","protected":false},"excerpt":{"rendered":"<p>Chapeau\u00a0moderne\u00a0unisexe, pour elle comme pour lui. L&#8217;alpaga pur et pr\u00e9cieux a gagn\u00e9 sa place dans le secteur des fibres de luxe et ne peut gu\u00e8re \u00eatre surpass\u00e9 en termes de douceur, de capacit\u00e9 d&#8217;isolation thermique et de l\u00e9g\u00e8ret\u00e9. La fibre d&#8217;alpaga ne contient presque pas de lanoline, ce qui la rend id\u00e9ale pour les personnes [&hellip;]<\/p>\n","protected":false},"featured_media":3977,"comment_status":"open","ping_status":"closed","template":"","meta":[],"product_brand":[58],"product_cat":[49],"product_tag":[],"class_list":{"0":"post-3975","1":"product","2":"type-product","3":"status-publish","4":"has-post-thumbnail","6":"product_brand-apu-kuntur","7":"product_cat-peru-tete-cou-bien-proteges-2","8":"pa_couleur-camel-noir-en","9":"pa_couleur-sable-ecru-en","11":"first","12":"instock","13":"shipping-taxable","14":"purchasable","15":"product-type-variable"},"yoast_head":"<!-- This site is optimized with the Yoast SEO plugin v27.5 - https:\/\/yoast.com\/product\/yoast-seo-wordpress\/ -->\n<title>Chapeau r\u00e9versible - 2 combinaisons au choix<\/title>\n<meta name=\"description\" content=\"Chapeau\u00a0moderne\u00a0unisexe, pour elle comme pour lui. L&#039;alpaga pur et pr\u00e9cieux a gagn\u00e9 sa place dans le secteur des fibres de luxe et ne peut gu\u00e8re \u00eatre surpass\u00e9 en termes de douceur, de capacit\u00e9 d&#039;isolation thermique et de l\u00e9g\u00e8ret\u00e9. La fibre d&#039;alpaga ne contient presque pas de lanoline, ce qui la rend id\u00e9ale pour les personnes allergiques \u00e0 la laine. Mati\u00e8re : 100% baby alpaga Taille unique\" \/>\n<meta name=\"robots\" content=\"index, follow, max-snippet:-1, max-image-preview:large, max-video-preview:-1\" \/>\n<link rel=\"canonical\" href=\"https:\/\/alpagasdumaquis.be\/produit\/chapeau-reversible-2-combinaisons-au-choix\/\" \/>\n<meta property=\"og:locale\" content=\"en_US\" \/>\n<meta property=\"og:type\" content=\"article\" \/>\n<meta property=\"og:title\" content=\"Chapeau r\u00e9versible - 2 combinaisons au choix\" \/>\n<meta property=\"og:description\" content=\"Chapeau\u00a0moderne\u00a0unisexe, pour elle comme pour lui. L&#039;alpaga pur et pr\u00e9cieux a gagn\u00e9 sa place dans le secteur des fibres de luxe et ne peut gu\u00e8re \u00eatre surpass\u00e9 en termes de douceur, de capacit\u00e9 d&#039;isolation thermique et de l\u00e9g\u00e8ret\u00e9. La fibre d&#039;alpaga ne contient presque pas de lanoline, ce qui la rend id\u00e9ale pour les personnes allergiques \u00e0 la laine. Mati\u00e8re : 100% baby alpaga Taille unique\" \/>\n<meta property=\"og:url\" content=\"https:\/\/alpagasdumaquis.be\/produit\/chapeau-reversible-2-combinaisons-au-choix\/\" \/>\n<meta property=\"og:site_name\" content=\"Alpagas du Maquis\" \/>\n<meta property=\"article:modified_time\" content=\"2023-07-27T15:29:36+00:00\" \/>\n<meta property=\"og:image\" content=\"https:\/\/alpagasdumaquis.be\/wp-content\/uploads\/2023\/07\/products-alpaka-hut-wiggle-wendbarer-bucket-hat-aus-100-baby-alpaka-1.jpg\" \/>\n\t<meta property=\"og:image:width\" content=\"1500\" \/>\n\t<meta property=\"og:image:height\" content=\"2275\" \/>\n\t<meta property=\"og:image:type\" content=\"image\/jpeg\" \/>\n<meta name=\"twitter:card\" content=\"summary_large_image\" \/>\n<script type=\"application\/ld+json\" class=\"yoast-schema-graph\">{\"@context\":\"https:\\\/\\\/schema.org\",\"@graph\":[{\"@type\":\"WebPage\",\"@id\":\"https:\\\/\\\/alpagasdumaquis.be\\\/produit\\\/chapeau-reversible-2-combinaisons-au-choix\\\/\",\"url\":\"https:\\\/\\\/alpagasdumaquis.be\\\/produit\\\/chapeau-reversible-2-combinaisons-au-choix\\\/\",\"name\":\"Chapeau r\u00e9versible - 2 combinaisons au choix\",\"isPartOf\":{\"@id\":\"https:\\\/\\\/alpagasdumaquis.be\\\/#website\"},\"primaryImageOfPage\":{\"@id\":\"https:\\\/\\\/alpagasdumaquis.be\\\/produit\\\/chapeau-reversible-2-combinaisons-au-choix\\\/#primaryimage\"},\"image\":{\"@id\":\"https:\\\/\\\/alpagasdumaquis.be\\\/produit\\\/chapeau-reversible-2-combinaisons-au-choix\\\/#primaryimage\"},\"thumbnailUrl\":\"https:\\\/\\\/alpagasdumaquis.be\\\/wp-content\\\/uploads\\\/2023\\\/07\\\/products-alpaka-hut-wiggle-wendbarer-bucket-hat-aus-100-baby-alpaka-1.jpg\",\"datePublished\":\"2023-07-27T13:18:52+00:00\",\"dateModified\":\"2023-07-27T15:29:36+00:00\",\"description\":\"Chapeau\u00a0moderne\u00a0unisexe, pour elle comme pour lui. L'alpaga pur et pr\u00e9cieux a gagn\u00e9 sa place dans le secteur des fibres de luxe et ne peut gu\u00e8re \u00eatre surpass\u00e9 en termes de douceur, de capacit\u00e9 d'isolation thermique et de l\u00e9g\u00e8ret\u00e9. La fibre d'alpaga ne contient presque pas de lanoline, ce qui la rend id\u00e9ale pour les personnes allergiques \u00e0 la laine. Mati\u00e8re : 100% baby alpaga Taille unique\",\"breadcrumb\":{\"@id\":\"https:\\\/\\\/alpagasdumaquis.be\\\/produit\\\/chapeau-reversible-2-combinaisons-au-choix\\\/#breadcrumb\"},\"inLanguage\":\"en-US\",\"potentialAction\":[{\"@type\":\"ReadAction\",\"target\":[\"https:\\\/\\\/alpagasdumaquis.be\\\/produit\\\/chapeau-reversible-2-combinaisons-au-choix\\\/\"]}]},{\"@type\":\"ImageObject\",\"inLanguage\":\"en-US\",\"@id\":\"https:\\\/\\\/alpagasdumaquis.be\\\/produit\\\/chapeau-reversible-2-combinaisons-au-choix\\\/#primaryimage\",\"url\":\"https:\\\/\\\/alpagasdumaquis.be\\\/wp-content\\\/uploads\\\/2023\\\/07\\\/products-alpaka-hut-wiggle-wendbarer-bucket-hat-aus-100-baby-alpaka-1.jpg\",\"contentUrl\":\"https:\\\/\\\/alpagasdumaquis.be\\\/wp-content\\\/uploads\\\/2023\\\/07\\\/products-alpaka-hut-wiggle-wendbarer-bucket-hat-aus-100-baby-alpaka-1.jpg\",\"width\":1500,\"height\":2275,\"caption\":\"Chapeau r\u00e9versible - 2 combinaisons au choix\"},{\"@type\":\"BreadcrumbList\",\"@id\":\"https:\\\/\\\/alpagasdumaquis.be\\\/produit\\\/chapeau-reversible-2-combinaisons-au-choix\\\/#breadcrumb\",\"itemListElement\":[{\"@type\":\"ListItem\",\"position\":1,\"name\":\"Accueil\",\"item\":\"https:\\\/\\\/alpagasdumaquis.be\\\/en\\\/alpagas-du-maquis-alpaca-breeding-spinning-mill-shop\\\/\"},{\"@type\":\"ListItem\",\"position\":2,\"name\":\"origin &#8211; Boutique\",\"item\":\"https:\\\/\\\/alpagasdumaquis.be\\\/boutique-origin\\\/\"},{\"@type\":\"ListItem\",\"position\":3,\"name\":\"Chapeau r\u00e9versible &#8211; 2 combinaisons au choix\"}]},{\"@type\":\"WebSite\",\"@id\":\"https:\\\/\\\/alpagasdumaquis.be\\\/#website\",\"url\":\"https:\\\/\\\/alpagasdumaquis.be\\\/\",\"name\":\"Alpagas du Maquis\",\"description\":\"Quality Alpagas &amp; Fiber Mill\",\"publisher\":{\"@id\":\"https:\\\/\\\/alpagasdumaquis.be\\\/#organization\"},\"potentialAction\":[{\"@type\":\"SearchAction\",\"target\":{\"@type\":\"EntryPoint\",\"urlTemplate\":\"https:\\\/\\\/alpagasdumaquis.be\\\/?s={search_term_string}\"},\"query-input\":{\"@type\":\"PropertyValueSpecification\",\"valueRequired\":true,\"valueName\":\"search_term_string\"}}],\"inLanguage\":\"en-US\"},{\"@type\":\"Organization\",\"@id\":\"https:\\\/\\\/alpagasdumaquis.be\\\/#organization\",\"name\":\"Alpagas du Maquis\",\"url\":\"https:\\\/\\\/alpagasdumaquis.be\\\/\",\"logo\":{\"@type\":\"ImageObject\",\"inLanguage\":\"en-US\",\"@id\":\"https:\\\/\\\/alpagasdumaquis.be\\\/#\\\/schema\\\/logo\\\/image\\\/\",\"url\":\"https:\\\/\\\/alpagasdumaquis.be\\\/wp-content\\\/uploads\\\/2023\\\/07\\\/alpagas-logo.76cc389.webp\",\"contentUrl\":\"https:\\\/\\\/alpagasdumaquis.be\\\/wp-content\\\/uploads\\\/2023\\\/07\\\/alpagas-logo.76cc389.webp\",\"width\":200,\"height\":200,\"caption\":\"Alpagas du Maquis\"},\"image\":{\"@id\":\"https:\\\/\\\/alpagasdumaquis.be\\\/#\\\/schema\\\/logo\\\/image\\\/\"}}]}<\/script>\n<!-- \/ Yoast SEO plugin. -->","yoast_head_json":{"title":"Chapeau r\u00e9versible - 2 combinaisons au choix","description":"Chapeau\u00a0moderne\u00a0unisexe, pour elle comme pour lui. L'alpaga pur et pr\u00e9cieux a gagn\u00e9 sa place dans le secteur des fibres de luxe et ne peut gu\u00e8re \u00eatre surpass\u00e9 en termes de douceur, de capacit\u00e9 d'isolation thermique et de l\u00e9g\u00e8ret\u00e9. La fibre d'alpaga ne contient presque pas de lanoline, ce qui la rend id\u00e9ale pour les personnes allergiques \u00e0 la laine. Mati\u00e8re : 100% baby alpaga Taille unique","robots":{"index":"index","follow":"follow","max-snippet":"max-snippet:-1","max-image-preview":"max-image-preview:large","max-video-preview":"max-video-preview:-1"},"canonical":"https:\/\/alpagasdumaquis.be\/produit\/chapeau-reversible-2-combinaisons-au-choix\/","og_locale":"en_US","og_type":"article","og_title":"Chapeau r\u00e9versible - 2 combinaisons au choix","og_description":"Chapeau\u00a0moderne\u00a0unisexe, pour elle comme pour lui. L'alpaga pur et pr\u00e9cieux a gagn\u00e9 sa place dans le secteur des fibres de luxe et ne peut gu\u00e8re \u00eatre surpass\u00e9 en termes de douceur, de capacit\u00e9 d'isolation thermique et de l\u00e9g\u00e8ret\u00e9. La fibre d'alpaga ne contient presque pas de lanoline, ce qui la rend id\u00e9ale pour les personnes allergiques \u00e0 la laine. Mati\u00e8re : 100% baby alpaga Taille unique","og_url":"https:\/\/alpagasdumaquis.be\/produit\/chapeau-reversible-2-combinaisons-au-choix\/","og_site_name":"Alpagas du Maquis","article_modified_time":"2023-07-27T15:29:36+00:00","og_image":[{"width":1500,"height":2275,"url":"https:\/\/alpagasdumaquis.be\/wp-content\/uploads\/2023\/07\/products-alpaka-hut-wiggle-wendbarer-bucket-hat-aus-100-baby-alpaka-1.jpg","type":"image\/jpeg"}],"twitter_card":"summary_large_image","schema":{"@context":"https:\/\/schema.org","@graph":[{"@type":"WebPage","@id":"https:\/\/alpagasdumaquis.be\/produit\/chapeau-reversible-2-combinaisons-au-choix\/","url":"https:\/\/alpagasdumaquis.be\/produit\/chapeau-reversible-2-combinaisons-au-choix\/","name":"Chapeau r\u00e9versible - 2 combinaisons au choix","isPartOf":{"@id":"https:\/\/alpagasdumaquis.be\/#website"},"primaryImageOfPage":{"@id":"https:\/\/alpagasdumaquis.be\/produit\/chapeau-reversible-2-combinaisons-au-choix\/#primaryimage"},"image":{"@id":"https:\/\/alpagasdumaquis.be\/produit\/chapeau-reversible-2-combinaisons-au-choix\/#primaryimage"},"thumbnailUrl":"https:\/\/alpagasdumaquis.be\/wp-content\/uploads\/2023\/07\/products-alpaka-hut-wiggle-wendbarer-bucket-hat-aus-100-baby-alpaka-1.jpg","datePublished":"2023-07-27T13:18:52+00:00","dateModified":"2023-07-27T15:29:36+00:00","description":"Chapeau\u00a0moderne\u00a0unisexe, pour elle comme pour lui. L'alpaga pur et pr\u00e9cieux a gagn\u00e9 sa place dans le secteur des fibres de luxe et ne peut gu\u00e8re \u00eatre surpass\u00e9 en termes de douceur, de capacit\u00e9 d'isolation thermique et de l\u00e9g\u00e8ret\u00e9. La fibre d'alpaga ne contient presque pas de lanoline, ce qui la rend id\u00e9ale pour les personnes allergiques \u00e0 la laine. Mati\u00e8re : 100% baby alpaga Taille unique","breadcrumb":{"@id":"https:\/\/alpagasdumaquis.be\/produit\/chapeau-reversible-2-combinaisons-au-choix\/#breadcrumb"},"inLanguage":"en-US","potentialAction":[{"@type":"ReadAction","target":["https:\/\/alpagasdumaquis.be\/produit\/chapeau-reversible-2-combinaisons-au-choix\/"]}]},{"@type":"ImageObject","inLanguage":"en-US","@id":"https:\/\/alpagasdumaquis.be\/produit\/chapeau-reversible-2-combinaisons-au-choix\/#primaryimage","url":"https:\/\/alpagasdumaquis.be\/wp-content\/uploads\/2023\/07\/products-alpaka-hut-wiggle-wendbarer-bucket-hat-aus-100-baby-alpaka-1.jpg","contentUrl":"https:\/\/alpagasdumaquis.be\/wp-content\/uploads\/2023\/07\/products-alpaka-hut-wiggle-wendbarer-bucket-hat-aus-100-baby-alpaka-1.jpg","width":1500,"height":2275,"caption":"Chapeau r\u00e9versible - 2 combinaisons au choix"},{"@type":"BreadcrumbList","@id":"https:\/\/alpagasdumaquis.be\/produit\/chapeau-reversible-2-combinaisons-au-choix\/#breadcrumb","itemListElement":[{"@type":"ListItem","position":1,"name":"Accueil","item":"https:\/\/alpagasdumaquis.be\/en\/alpagas-du-maquis-alpaca-breeding-spinning-mill-shop\/"},{"@type":"ListItem","position":2,"name":"origin &#8211; Boutique","item":"https:\/\/alpagasdumaquis.be\/boutique-origin\/"},{"@type":"ListItem","position":3,"name":"Chapeau r\u00e9versible &#8211; 2 combinaisons au choix"}]},{"@type":"WebSite","@id":"https:\/\/alpagasdumaquis.be\/#website","url":"https:\/\/alpagasdumaquis.be\/","name":"Alpagas du Maquis","description":"Quality Alpagas &amp; Fiber Mill","publisher":{"@id":"https:\/\/alpagasdumaquis.be\/#organization"},"potentialAction":[{"@type":"SearchAction","target":{"@type":"EntryPoint","urlTemplate":"https:\/\/alpagasdumaquis.be\/?s={search_term_string}"},"query-input":{"@type":"PropertyValueSpecification","valueRequired":true,"valueName":"search_term_string"}}],"inLanguage":"en-US"},{"@type":"Organization","@id":"https:\/\/alpagasdumaquis.be\/#organization","name":"Alpagas du Maquis","url":"https:\/\/alpagasdumaquis.be\/","logo":{"@type":"ImageObject","inLanguage":"en-US","@id":"https:\/\/alpagasdumaquis.be\/#\/schema\/logo\/image\/","url":"https:\/\/alpagasdumaquis.be\/wp-content\/uploads\/2023\/07\/alpagas-logo.76cc389.webp","contentUrl":"https:\/\/alpagasdumaquis.be\/wp-content\/uploads\/2023\/07\/alpagas-logo.76cc389.webp","width":200,"height":200,"caption":"Alpagas du Maquis"},"image":{"@id":"https:\/\/alpagasdumaquis.be\/#\/schema\/logo\/image\/"}}]}},"jetpack_sharing_enabled":true,"_links":{"self":[{"href":"https:\/\/alpagasdumaquis.be\/en\/wp-json\/wp\/v2\/product\/3975","targetHints":{"allow":["GET"]}}],"collection":[{"href":"https:\/\/alpagasdumaquis.be\/en\/wp-json\/wp\/v2\/product"}],"about":[{"href":"https:\/\/alpagasdumaquis.be\/en\/wp-json\/wp\/v2\/types\/product"}],"replies":[{"embeddable":true,"href":"https:\/\/alpagasdumaquis.be\/en\/wp-json\/wp\/v2\/comments?post=3975"}],"version-history":[{"count":0,"href":"https:\/\/alpagasdumaquis.be\/en\/wp-json\/wp\/v2\/product\/3975\/revisions"}],"wp:featuredmedia":[{"embeddable":true,"href":"https:\/\/alpagasdumaquis.be\/en\/wp-json\/wp\/v2\/media\/3977"}],"wp:attachment":[{"href":"https:\/\/alpagasdumaquis.be\/en\/wp-json\/wp\/v2\/media?parent=3975"}],"wp:term":[{"taxonomy":"product_brand","embeddable":true,"href":"https:\/\/alpagasdumaquis.be\/en\/wp-json\/wp\/v2\/product_brand?post=3975"},{"taxonomy":"product_cat","embeddable":true,"href":"https:\/\/alpagasdumaquis.be\/en\/wp-json\/wp\/v2\/product_cat?post=3975"},{"taxonomy":"product_tag","embeddable":true,"href":"https:\/\/alpagasdumaquis.be\/en\/wp-json\/wp\/v2\/product_tag?post=3975"}],"curies":[{"name":"wp","href":"https:\/\/api.w.org\/{rel}","templated":true}]}}