{"id":5366,"date":"2023-10-13T08:10:56","date_gmt":"2023-10-13T06:10:56","guid":{"rendered":"https:\/\/alpagasdumaquis.be\/?post_type=product&#038;p=5366"},"modified":"2023-10-13T08:19:53","modified_gmt":"2023-10-13T06:19:53","slug":"t-shirt-thermique-copie-copie-2","status":"publish","type":"product","link":"https:\/\/alpagasdumaquis.be\/en\/produit\/t-shirt-thermique-copie-copie-2\/","title":{"rendered":"T-shirt thermique (Copie) (Copie)"},"content":{"rendered":"<p>Ce T-shirt est issu d&#8217;un tout nouveau m\u00e9lange technologique, et efficace d&#8217;alpaga, tencel (fibre d&#8217;eucalyptus) et coton.<\/p>\n<p>C&#8217;est un T-shirt de sport haut de gamme et un v\u00eatement thermique en 100% fibres naturelles et respirantes.<\/p>\n<p>Un T-shirt ultra confortable qui vous tient au chaud l&#8217;hiver et vous permet une parfaite r\u00e9gulation de la transpiration l&#8217;\u00e9t\u00e9.<\/p>\n","protected":false},"excerpt":{"rendered":"<p>Ce T-shirt est issu d&#8217;un tout nouveau m\u00e9lange technologique, et efficace d&#8217;alpaga, tencel (fibre d&#8217;eucalyptus) et coton. C&#8217;est un T-shirt de sport haut de gamme et un v\u00eatement thermique en 100% fibres naturelles et respirantes. Un T-shirt ultra confortable qui vous tient au chaud l&#8217;hiver et vous permet une parfaite r\u00e9gulation de la transpiration l&#8217;\u00e9t\u00e9.<\/p>\n","protected":false},"featured_media":5378,"comment_status":"open","ping_status":"closed","template":"","meta":[],"product_brand":[],"product_cat":[53],"product_tag":[],"class_list":{"0":"post-5366","1":"product","2":"type-product","3":"status-publish","4":"has-post-thumbnail","6":"product_cat-peru-s-envelopper-cocooner-2","7":"pa_taille-l-en","8":"pa_taille-m-en","10":"first","11":"instock","12":"shipping-taxable","13":"purchasable","14":"product-type-variable"},"yoast_head":"<!-- This site is optimized with the Yoast SEO plugin v27.5 - https:\/\/yoast.com\/product\/yoast-seo-wordpress\/ -->\n<title>T-shirt thermique<\/title>\n<meta name=\"description\" content=\"Ce T-shirt est issu d&#039;un tout nouveau m\u00e9lange technologique, et efficace d&#039;alpaga, tencel (fibre d&#039;eucalyptus) et coton. C&#039;est un T-shirt de sport haut de gamme et un v\u00eatement thermique en 100% fibres naturelles et respirantes. Un T-shirt ultra confortable qui vous tient au chaud l&#039;hiver et vous permet une parfaite r\u00e9gulation de la transpiration l&#039;\u00e9t\u00e9.\" \/>\n<meta name=\"robots\" content=\"index, follow, max-snippet:-1, max-image-preview:large, max-video-preview:-1\" \/>\n<link rel=\"canonical\" href=\"https:\/\/alpagasdumaquis.be\/en\/produit\/t-shirt-thermique-copie-copie-2\/\" \/>\n<meta property=\"og:locale\" content=\"en_US\" \/>\n<meta property=\"og:type\" content=\"article\" \/>\n<meta property=\"og:title\" content=\"T-shirt thermique\" \/>\n<meta property=\"og:description\" content=\"Ce T-shirt est issu d&#039;un tout nouveau m\u00e9lange technologique, et efficace d&#039;alpaga, tencel (fibre d&#039;eucalyptus) et coton. C&#039;est un T-shirt de sport haut de gamme et un v\u00eatement thermique en 100% fibres naturelles et respirantes. Un T-shirt ultra confortable qui vous tient au chaud l&#039;hiver et vous permet une parfaite r\u00e9gulation de la transpiration l&#039;\u00e9t\u00e9.\" \/>\n<meta property=\"og:url\" content=\"https:\/\/alpagasdumaquis.be\/en\/produit\/t-shirt-thermique-copie-copie-2\/\" \/>\n<meta property=\"og:site_name\" content=\"Alpagas du Maquis\" \/>\n<meta property=\"article:modified_time\" content=\"2023-10-13T06:19:53+00:00\" \/>\n<meta property=\"og:image\" content=\"https:\/\/alpagasdumaquis.be\/wp-content\/uploads\/2023\/10\/thermo-leggins-st-moritz-fr-damen-mit-alpaka-mix.jpg\" \/>\n\t<meta property=\"og:image:width\" content=\"1500\" \/>\n\t<meta property=\"og:image:height\" content=\"2275\" \/>\n\t<meta property=\"og:image:type\" content=\"image\/jpeg\" \/>\n<meta name=\"twitter:card\" content=\"summary_large_image\" \/>\n<script type=\"application\/ld+json\" class=\"yoast-schema-graph\">{\"@context\":\"https:\\\/\\\/schema.org\",\"@graph\":[{\"@type\":\"WebPage\",\"@id\":\"https:\\\/\\\/alpagasdumaquis.be\\\/en\\\/produit\\\/t-shirt-thermique-copie-copie-2\\\/\",\"url\":\"https:\\\/\\\/alpagasdumaquis.be\\\/en\\\/produit\\\/t-shirt-thermique-copie-copie-2\\\/\",\"name\":\"T-shirt thermique\",\"isPartOf\":{\"@id\":\"https:\\\/\\\/alpagasdumaquis.be\\\/#website\"},\"primaryImageOfPage\":{\"@id\":\"https:\\\/\\\/alpagasdumaquis.be\\\/en\\\/produit\\\/t-shirt-thermique-copie-copie-2\\\/#primaryimage\"},\"image\":{\"@id\":\"https:\\\/\\\/alpagasdumaquis.be\\\/en\\\/produit\\\/t-shirt-thermique-copie-copie-2\\\/#primaryimage\"},\"thumbnailUrl\":\"https:\\\/\\\/alpagasdumaquis.be\\\/wp-content\\\/uploads\\\/2023\\\/10\\\/thermo-leggins-st-moritz-fr-damen-mit-alpaka-mix.jpg\",\"datePublished\":\"2023-10-13T06:10:56+00:00\",\"dateModified\":\"2023-10-13T06:19:53+00:00\",\"description\":\"Ce T-shirt est issu d'un tout nouveau m\u00e9lange technologique, et efficace d'alpaga, tencel (fibre d'eucalyptus) et coton. C'est un T-shirt de sport haut de gamme et un v\u00eatement thermique en 100% fibres naturelles et respirantes. Un T-shirt ultra confortable qui vous tient au chaud l'hiver et vous permet une parfaite r\u00e9gulation de la transpiration l'\u00e9t\u00e9.\",\"breadcrumb\":{\"@id\":\"https:\\\/\\\/alpagasdumaquis.be\\\/en\\\/produit\\\/t-shirt-thermique-copie-copie-2\\\/#breadcrumb\"},\"inLanguage\":\"en-US\",\"potentialAction\":[{\"@type\":\"ReadAction\",\"target\":[\"https:\\\/\\\/alpagasdumaquis.be\\\/en\\\/produit\\\/t-shirt-thermique-copie-copie-2\\\/\"]}]},{\"@type\":\"ImageObject\",\"inLanguage\":\"en-US\",\"@id\":\"https:\\\/\\\/alpagasdumaquis.be\\\/en\\\/produit\\\/t-shirt-thermique-copie-copie-2\\\/#primaryimage\",\"url\":\"https:\\\/\\\/alpagasdumaquis.be\\\/wp-content\\\/uploads\\\/2023\\\/10\\\/thermo-leggins-st-moritz-fr-damen-mit-alpaka-mix.jpg\",\"contentUrl\":\"https:\\\/\\\/alpagasdumaquis.be\\\/wp-content\\\/uploads\\\/2023\\\/10\\\/thermo-leggins-st-moritz-fr-damen-mit-alpaka-mix.jpg\",\"width\":1500,\"height\":2275,\"caption\":\"Pantalon thermique en alpaga pour dame\"},{\"@type\":\"BreadcrumbList\",\"@id\":\"https:\\\/\\\/alpagasdumaquis.be\\\/en\\\/produit\\\/t-shirt-thermique-copie-copie-2\\\/#breadcrumb\",\"itemListElement\":[{\"@type\":\"ListItem\",\"position\":1,\"name\":\"Accueil\",\"item\":\"https:\\\/\\\/alpagasdumaquis.be\\\/en\\\/alpagas-du-maquis-alpaca-breeding-spinning-mill-shop\\\/\"},{\"@type\":\"ListItem\",\"position\":2,\"name\":\"origin &#8211; Boutique\",\"item\":\"https:\\\/\\\/alpagasdumaquis.be\\\/boutique-origin\\\/\"},{\"@type\":\"ListItem\",\"position\":3,\"name\":\"T-shirt thermique (Copie) (Copie)\"}]},{\"@type\":\"WebSite\",\"@id\":\"https:\\\/\\\/alpagasdumaquis.be\\\/#website\",\"url\":\"https:\\\/\\\/alpagasdumaquis.be\\\/\",\"name\":\"Alpagas du Maquis\",\"description\":\"Quality Alpagas &amp; Fiber Mill\",\"publisher\":{\"@id\":\"https:\\\/\\\/alpagasdumaquis.be\\\/#organization\"},\"potentialAction\":[{\"@type\":\"SearchAction\",\"target\":{\"@type\":\"EntryPoint\",\"urlTemplate\":\"https:\\\/\\\/alpagasdumaquis.be\\\/?s={search_term_string}\"},\"query-input\":{\"@type\":\"PropertyValueSpecification\",\"valueRequired\":true,\"valueName\":\"search_term_string\"}}],\"inLanguage\":\"en-US\"},{\"@type\":\"Organization\",\"@id\":\"https:\\\/\\\/alpagasdumaquis.be\\\/#organization\",\"name\":\"Alpagas du Maquis\",\"url\":\"https:\\\/\\\/alpagasdumaquis.be\\\/\",\"logo\":{\"@type\":\"ImageObject\",\"inLanguage\":\"en-US\",\"@id\":\"https:\\\/\\\/alpagasdumaquis.be\\\/#\\\/schema\\\/logo\\\/image\\\/\",\"url\":\"https:\\\/\\\/alpagasdumaquis.be\\\/wp-content\\\/uploads\\\/2023\\\/07\\\/alpagas-logo.76cc389.webp\",\"contentUrl\":\"https:\\\/\\\/alpagasdumaquis.be\\\/wp-content\\\/uploads\\\/2023\\\/07\\\/alpagas-logo.76cc389.webp\",\"width\":200,\"height\":200,\"caption\":\"Alpagas du Maquis\"},\"image\":{\"@id\":\"https:\\\/\\\/alpagasdumaquis.be\\\/#\\\/schema\\\/logo\\\/image\\\/\"}}]}<\/script>\n<!-- \/ Yoast SEO plugin. -->","yoast_head_json":{"title":"T-shirt thermique","description":"Ce T-shirt est issu d'un tout nouveau m\u00e9lange technologique, et efficace d'alpaga, tencel (fibre d'eucalyptus) et coton. C'est un T-shirt de sport haut de gamme et un v\u00eatement thermique en 100% fibres naturelles et respirantes. Un T-shirt ultra confortable qui vous tient au chaud l'hiver et vous permet une parfaite r\u00e9gulation de la transpiration l'\u00e9t\u00e9.","robots":{"index":"index","follow":"follow","max-snippet":"max-snippet:-1","max-image-preview":"max-image-preview:large","max-video-preview":"max-video-preview:-1"},"canonical":"https:\/\/alpagasdumaquis.be\/en\/produit\/t-shirt-thermique-copie-copie-2\/","og_locale":"en_US","og_type":"article","og_title":"T-shirt thermique","og_description":"Ce T-shirt est issu d'un tout nouveau m\u00e9lange technologique, et efficace d'alpaga, tencel (fibre d'eucalyptus) et coton. C'est un T-shirt de sport haut de gamme et un v\u00eatement thermique en 100% fibres naturelles et respirantes. Un T-shirt ultra confortable qui vous tient au chaud l'hiver et vous permet une parfaite r\u00e9gulation de la transpiration l'\u00e9t\u00e9.","og_url":"https:\/\/alpagasdumaquis.be\/en\/produit\/t-shirt-thermique-copie-copie-2\/","og_site_name":"Alpagas du Maquis","article_modified_time":"2023-10-13T06:19:53+00:00","og_image":[{"width":1500,"height":2275,"url":"https:\/\/alpagasdumaquis.be\/wp-content\/uploads\/2023\/10\/thermo-leggins-st-moritz-fr-damen-mit-alpaka-mix.jpg","type":"image\/jpeg"}],"twitter_card":"summary_large_image","schema":{"@context":"https:\/\/schema.org","@graph":[{"@type":"WebPage","@id":"https:\/\/alpagasdumaquis.be\/en\/produit\/t-shirt-thermique-copie-copie-2\/","url":"https:\/\/alpagasdumaquis.be\/en\/produit\/t-shirt-thermique-copie-copie-2\/","name":"T-shirt thermique","isPartOf":{"@id":"https:\/\/alpagasdumaquis.be\/#website"},"primaryImageOfPage":{"@id":"https:\/\/alpagasdumaquis.be\/en\/produit\/t-shirt-thermique-copie-copie-2\/#primaryimage"},"image":{"@id":"https:\/\/alpagasdumaquis.be\/en\/produit\/t-shirt-thermique-copie-copie-2\/#primaryimage"},"thumbnailUrl":"https:\/\/alpagasdumaquis.be\/wp-content\/uploads\/2023\/10\/thermo-leggins-st-moritz-fr-damen-mit-alpaka-mix.jpg","datePublished":"2023-10-13T06:10:56+00:00","dateModified":"2023-10-13T06:19:53+00:00","description":"Ce T-shirt est issu d'un tout nouveau m\u00e9lange technologique, et efficace d'alpaga, tencel (fibre d'eucalyptus) et coton. C'est un T-shirt de sport haut de gamme et un v\u00eatement thermique en 100% fibres naturelles et respirantes. Un T-shirt ultra confortable qui vous tient au chaud l'hiver et vous permet une parfaite r\u00e9gulation de la transpiration l'\u00e9t\u00e9.","breadcrumb":{"@id":"https:\/\/alpagasdumaquis.be\/en\/produit\/t-shirt-thermique-copie-copie-2\/#breadcrumb"},"inLanguage":"en-US","potentialAction":[{"@type":"ReadAction","target":["https:\/\/alpagasdumaquis.be\/en\/produit\/t-shirt-thermique-copie-copie-2\/"]}]},{"@type":"ImageObject","inLanguage":"en-US","@id":"https:\/\/alpagasdumaquis.be\/en\/produit\/t-shirt-thermique-copie-copie-2\/#primaryimage","url":"https:\/\/alpagasdumaquis.be\/wp-content\/uploads\/2023\/10\/thermo-leggins-st-moritz-fr-damen-mit-alpaka-mix.jpg","contentUrl":"https:\/\/alpagasdumaquis.be\/wp-content\/uploads\/2023\/10\/thermo-leggins-st-moritz-fr-damen-mit-alpaka-mix.jpg","width":1500,"height":2275,"caption":"Pantalon thermique en alpaga pour dame"},{"@type":"BreadcrumbList","@id":"https:\/\/alpagasdumaquis.be\/en\/produit\/t-shirt-thermique-copie-copie-2\/#breadcrumb","itemListElement":[{"@type":"ListItem","position":1,"name":"Accueil","item":"https:\/\/alpagasdumaquis.be\/en\/alpagas-du-maquis-alpaca-breeding-spinning-mill-shop\/"},{"@type":"ListItem","position":2,"name":"origin &#8211; Boutique","item":"https:\/\/alpagasdumaquis.be\/boutique-origin\/"},{"@type":"ListItem","position":3,"name":"T-shirt thermique (Copie) (Copie)"}]},{"@type":"WebSite","@id":"https:\/\/alpagasdumaquis.be\/#website","url":"https:\/\/alpagasdumaquis.be\/","name":"Alpagas du Maquis","description":"Quality Alpagas &amp; Fiber Mill","publisher":{"@id":"https:\/\/alpagasdumaquis.be\/#organization"},"potentialAction":[{"@type":"SearchAction","target":{"@type":"EntryPoint","urlTemplate":"https:\/\/alpagasdumaquis.be\/?s={search_term_string}"},"query-input":{"@type":"PropertyValueSpecification","valueRequired":true,"valueName":"search_term_string"}}],"inLanguage":"en-US"},{"@type":"Organization","@id":"https:\/\/alpagasdumaquis.be\/#organization","name":"Alpagas du Maquis","url":"https:\/\/alpagasdumaquis.be\/","logo":{"@type":"ImageObject","inLanguage":"en-US","@id":"https:\/\/alpagasdumaquis.be\/#\/schema\/logo\/image\/","url":"https:\/\/alpagasdumaquis.be\/wp-content\/uploads\/2023\/07\/alpagas-logo.76cc389.webp","contentUrl":"https:\/\/alpagasdumaquis.be\/wp-content\/uploads\/2023\/07\/alpagas-logo.76cc389.webp","width":200,"height":200,"caption":"Alpagas du Maquis"},"image":{"@id":"https:\/\/alpagasdumaquis.be\/#\/schema\/logo\/image\/"}}]}},"jetpack_sharing_enabled":true,"_links":{"self":[{"href":"https:\/\/alpagasdumaquis.be\/en\/wp-json\/wp\/v2\/product\/5366","targetHints":{"allow":["GET"]}}],"collection":[{"href":"https:\/\/alpagasdumaquis.be\/en\/wp-json\/wp\/v2\/product"}],"about":[{"href":"https:\/\/alpagasdumaquis.be\/en\/wp-json\/wp\/v2\/types\/product"}],"replies":[{"embeddable":true,"href":"https:\/\/alpagasdumaquis.be\/en\/wp-json\/wp\/v2\/comments?post=5366"}],"version-history":[{"count":0,"href":"https:\/\/alpagasdumaquis.be\/en\/wp-json\/wp\/v2\/product\/5366\/revisions"}],"wp:featuredmedia":[{"embeddable":true,"href":"https:\/\/alpagasdumaquis.be\/en\/wp-json\/wp\/v2\/media\/5378"}],"wp:attachment":[{"href":"https:\/\/alpagasdumaquis.be\/en\/wp-json\/wp\/v2\/media?parent=5366"}],"wp:term":[{"taxonomy":"product_brand","embeddable":true,"href":"https:\/\/alpagasdumaquis.be\/en\/wp-json\/wp\/v2\/product_brand?post=5366"},{"taxonomy":"product_cat","embeddable":true,"href":"https:\/\/alpagasdumaquis.be\/en\/wp-json\/wp\/v2\/product_cat?post=5366"},{"taxonomy":"product_tag","embeddable":true,"href":"https:\/\/alpagasdumaquis.be\/en\/wp-json\/wp\/v2\/product_tag?post=5366"}],"curies":[{"name":"wp","href":"https:\/\/api.w.org\/{rel}","templated":true}]}}