{"id":6729,"date":"2023-12-06T11:40:28","date_gmt":"2023-12-06T10:40:28","guid":{"rendered":"https:\/\/alpagasdumaquis.be\/?post_type=product&#038;p=6729"},"modified":"2023-12-06T11:50:51","modified_gmt":"2023-12-06T10:50:51","slug":"cache-cou-toronto-coloris-au-choix-copie","status":"publish","type":"product","link":"https:\/\/alpagasdumaquis.be\/en\/produit\/cache-cou-toronto-coloris-au-choix-copie\/","title":{"rendered":"Cache-cou Toronto &#8211; Coloris au choix (Copie)"},"content":{"rendered":"\t\t<div data-elementor-type=\"product-post\" data-elementor-id=\"6729\" class=\"elementor elementor-6729 elementor-6722\" data-elementor-post-type=\"product\">\n\t\t\t\t<div class=\"elementor-element elementor-element-1b784c2c e-flex e-con-boxed e-con e-parent\" data-id=\"1b784c2c\" data-element_type=\"container\" data-e-type=\"container\">\n\t\t\t\t\t<div class=\"e-con-inner\">\n\t\t\t\t<div class=\"elementor-element elementor-element-fa7c5e5 elementor-widget elementor-widget-text-editor\" data-id=\"fa7c5e5\" data-element_type=\"widget\" data-e-type=\"widget\" data-widget_type=\"text-editor.default\">\n\t\t\t\t\t\t\t\t\t<p>Un monde de douceur pour ce tour de cou 100% Baby Alpaca et 100% Made In Belgium.<\/p><p>Il est tr\u00e8s pratique et super efficace. C&#8217;est un de nos produits les plus populaires.<\/p><p class=\"p1\">Le filage et le tricotage sont r\u00e9alis\u00e9s enti\u00e8rement par Alpagas du Maquis!<\/p><p>Il n&#8217;y a pas plus Fair-Trade et Eco-responsable.\u00a0 De plus, vous faites preuve de soutien envers l&#8217;artisanat et l&#8217;entrepreneuriat belge et wallon.<\/p><p>Wallorisons nos savoir-faire!<\/p><p>Autre coloris sur demande&#8230; contactez-nous!<\/p><h4 class=\"p1\"><b>L\u2019alpaga est un animal doux, calme et silencieux.<\/b><\/h4><p class=\"p2\">Il est gr\u00e9gaire car il doit toujours \u00eatre en groupe. Craintif et ind\u00e9pendant, il a tendance \u00e0 s\u2019\u00e9loigner des humains. Il ne crache que lorsqu\u2019il est en col\u00e8re ou pour \u00e9tablir une hi\u00e9rarchie au sein du groupe mais normalement, uniquement envers un autre alpaga, pas envers les humains.<\/p><p class=\"p2\">C&#8217;est aussi un animal \u00e9cologique car il ne d\u00e9truit pas les prairies. Il coupe l\u2019herbe au lieu de l\u2019arracher et ses onglons sont munis de coussinets. Il ne produit que tr\u00e8s peu de gaz \u00e0 effets de serre, ses excr\u00e9ments sont solides, inodores et peuvent \u00eatre compost\u00e9s. La relation que l\u2019on d\u00e9veloppe avec un alpaga est diff\u00e9rente de celle que l\u2019on peut d\u00e9velopper avec un chien, un chat ou un cheval mais elle est tout aussi enrichissante. Ils ne nous donnent pas facilement leur confiance mais une fois gagn\u00e9e, c\u2019est une joie immense!<\/p><p class=\"p2\">Parmi tous les animaux produisant de la fibre, c\u2019est l\u2019alpaga qui pr\u00e9sente le plus grand spectre de couleurs. Il y a plus de 200 teintes r\u00e9pertori\u00e9es dans le monde mais elles sont classifi\u00e9es en 16 couleurs officielles.<\/p><h4 class=\"p1\"><b>La laine d\u2019alpaga se nomme \u201cfibre d\u2019alpaga\u201d.<\/b><\/h4><p class=\"p2\">Tr\u00e9sor de l\u2019ancienne civilisation Inca, la fibre \u00e9tait consid\u00e9r\u00e9e comme \u201cla fibre des Dieux\u201d r\u00e9serv\u00e9e \u00e0 la royaut\u00e9. Elle est un produit de luxe dans l\u2019industrie du textile gr\u00e2ce \u00e0 ses qualit\u00e9s uniques: l\u2019alpaga est comparable au cachemire, plus doux, 3 fois plus r\u00e9sistant que la laine et 2 fois plus que le mohair (ch\u00e8vre angora). C\u2019est une fibre naturelle hypo-allerg\u00e8ne car elle ne contient pas de lanoline comme la laine des moutons. L\u2019alpaga \u00e9vacue l\u2019humidit\u00e9 du corps et offre un effet thermique 7 fois sup\u00e9rieur \u00e0 la laine.<\/p>\t\t\t\t\t\t\t\t<\/div>\n\t\t\t\t\t<\/div>\n\t\t\t\t<\/div>\n\t\t\t\t<\/div>\n\t\t","protected":false},"excerpt":{"rendered":"<p>Un monde de douceur pour ce\u00a0cache-cou\u00a0\/ tour de cou 100% Baby Alpaca et 100% Made In Belgium.\u00a0 Il est\u00a0tr\u00e8s pratique et super efficace. Le fil est fabriqu\u00e9 par Alpagas du Maquis et la pi\u00e8ce est\u00a0tricot\u00e9e artisanalement sur le site de l&#8217;\u00e9levage par l&#8217;\u00e9quipe du Maquis!\u00a0\u00a0 Il n&#8217;y a pas plus Fair-Trade et Eco-responsable et de [&hellip;]<\/p>\n","protected":false},"featured_media":6743,"comment_status":"open","ping_status":"closed","template":"","meta":[],"product_brand":[],"product_cat":[37,43],"product_tag":[],"class_list":{"0":"post-6729","1":"product","2":"type-product","3":"status-publish","4":"has-post-thumbnail","6":"product_cat-coups-de-coeur-2","7":"product_cat-homemade-don-t-miss-out","8":"pa_couleur-anthracite-en","9":"pa_couleur-cafe-brule-en","10":"pa_couleur-gris-argent-en","11":"pa_couleur-gris-fonce-en","12":"pa_couleur-noir-en","13":"pa_couleur-taupe-en","15":"first","16":"instock","17":"shipping-taxable","18":"purchasable","19":"product-type-variable"},"yoast_head":"<!-- This site is optimized with the Yoast SEO plugin v27.5 - https:\/\/yoast.com\/product\/yoast-seo-wordpress\/ -->\n<title>Cache-cou Toronto - Coloris au choix<\/title>\n<meta name=\"description\" content=\"Un monde de douceur pour ce\u00a0cache-cou\u00a0\/ tour de cou 100% Baby Alpaca et 100% Made In Belgium.\u00a0 Il est\u00a0tr\u00e8s pratique et super efficace. Le fil est fabriqu\u00e9 par Alpagas du Maquis et la pi\u00e8ce est\u00a0tricot\u00e9e artisanalement sur le site de l&#039;\u00e9levage par l&#039;\u00e9quipe du Maquis!\u00a0\u00a0 Il n&#039;y a pas plus Fair-Trade et Eco-responsable et de plus, vous faites preuve de soutien envers l&#039;artisanat et l&#039;entrepreneuriat\u00a0belge et wallon. Wallorisons nos savoir-faire!\u00a0 Autre coloris sur demande... contactez-nous!\u00a0\" \/>\n<meta name=\"robots\" content=\"index, follow, max-snippet:-1, max-image-preview:large, max-video-preview:-1\" \/>\n<link rel=\"canonical\" href=\"https:\/\/alpagasdumaquis.be\/en\/produit\/cache-cou-toronto-coloris-au-choix-copie\/\" \/>\n<meta property=\"og:locale\" content=\"en_US\" \/>\n<meta property=\"og:type\" content=\"article\" \/>\n<meta property=\"og:title\" content=\"Cache-cou Toronto - Coloris au choix\" \/>\n<meta property=\"og:description\" content=\"Un monde de douceur pour ce\u00a0cache-cou\u00a0\/ tour de cou 100% Baby Alpaca et 100% Made In Belgium.\u00a0 Il est\u00a0tr\u00e8s pratique et super efficace. Le fil est fabriqu\u00e9 par Alpagas du Maquis et la pi\u00e8ce est\u00a0tricot\u00e9e artisanalement sur le site de l&#039;\u00e9levage par l&#039;\u00e9quipe du Maquis!\u00a0\u00a0 Il n&#039;y a pas plus Fair-Trade et Eco-responsable et de plus, vous faites preuve de soutien envers l&#039;artisanat et l&#039;entrepreneuriat\u00a0belge et wallon. Wallorisons nos savoir-faire!\u00a0 Autre coloris sur demande... contactez-nous!\u00a0\" \/>\n<meta property=\"og:url\" content=\"https:\/\/alpagasdumaquis.be\/en\/produit\/cache-cou-toronto-coloris-au-choix-copie\/\" \/>\n<meta property=\"og:site_name\" content=\"Alpagas du Maquis\" \/>\n<meta property=\"article:modified_time\" content=\"2023-12-06T10:50:51+00:00\" \/>\n<meta property=\"og:image\" content=\"https:\/\/alpagasdumaquis.be\/wp-content\/uploads\/2023\/12\/\u200eTour-de-cou-3.\u200e1.jpeg\" \/>\n\t<meta property=\"og:image:width\" content=\"674\" \/>\n\t<meta property=\"og:image:height\" content=\"901\" \/>\n\t<meta property=\"og:image:type\" content=\"image\/jpeg\" \/>\n<meta name=\"twitter:card\" content=\"summary_large_image\" \/>\n<script type=\"application\/ld+json\" class=\"yoast-schema-graph\">{\"@context\":\"https:\\\/\\\/schema.org\",\"@graph\":[{\"@type\":\"WebPage\",\"@id\":\"https:\\\/\\\/alpagasdumaquis.be\\\/en\\\/produit\\\/cache-cou-toronto-coloris-au-choix-copie\\\/\",\"url\":\"https:\\\/\\\/alpagasdumaquis.be\\\/en\\\/produit\\\/cache-cou-toronto-coloris-au-choix-copie\\\/\",\"name\":\"Cache-cou Toronto - Coloris au choix\",\"isPartOf\":{\"@id\":\"https:\\\/\\\/alpagasdumaquis.be\\\/#website\"},\"primaryImageOfPage\":{\"@id\":\"https:\\\/\\\/alpagasdumaquis.be\\\/en\\\/produit\\\/cache-cou-toronto-coloris-au-choix-copie\\\/#primaryimage\"},\"image\":{\"@id\":\"https:\\\/\\\/alpagasdumaquis.be\\\/en\\\/produit\\\/cache-cou-toronto-coloris-au-choix-copie\\\/#primaryimage\"},\"thumbnailUrl\":\"https:\\\/\\\/alpagasdumaquis.be\\\/wp-content\\\/uploads\\\/2023\\\/12\\\/\u200eTour-de-cou-5.\u200e1.jpeg\",\"datePublished\":\"2023-12-06T10:40:28+00:00\",\"dateModified\":\"2023-12-06T10:50:51+00:00\",\"description\":\"Un monde de douceur pour ce\u00a0cache-cou\u00a0\\\/ tour de cou 100% Baby Alpaca et 100% Made In Belgium.\u00a0 Il est\u00a0tr\u00e8s pratique et super efficace. Le fil est fabriqu\u00e9 par Alpagas du Maquis et la pi\u00e8ce est\u00a0tricot\u00e9e artisanalement sur le site de l'\u00e9levage par l'\u00e9quipe du Maquis!\u00a0\u00a0 Il n'y a pas plus Fair-Trade et Eco-responsable et de plus, vous faites preuve de soutien envers l'artisanat et l'entrepreneuriat\u00a0belge et wallon. Wallorisons nos savoir-faire!\u00a0 Autre coloris sur demande... contactez-nous!\u00a0\",\"breadcrumb\":{\"@id\":\"https:\\\/\\\/alpagasdumaquis.be\\\/en\\\/produit\\\/cache-cou-toronto-coloris-au-choix-copie\\\/#breadcrumb\"},\"inLanguage\":\"en-US\",\"potentialAction\":[{\"@type\":\"ReadAction\",\"target\":[\"https:\\\/\\\/alpagasdumaquis.be\\\/en\\\/produit\\\/cache-cou-toronto-coloris-au-choix-copie\\\/\"]}]},{\"@type\":\"ImageObject\",\"inLanguage\":\"en-US\",\"@id\":\"https:\\\/\\\/alpagasdumaquis.be\\\/en\\\/produit\\\/cache-cou-toronto-coloris-au-choix-copie\\\/#primaryimage\",\"url\":\"https:\\\/\\\/alpagasdumaquis.be\\\/wp-content\\\/uploads\\\/2023\\\/12\\\/\u200eTour-de-cou-5.\u200e1.jpeg\",\"contentUrl\":\"https:\\\/\\\/alpagasdumaquis.be\\\/wp-content\\\/uploads\\\/2023\\\/12\\\/\u200eTour-de-cou-5.\u200e1.jpeg\",\"width\":674,\"height\":901,\"caption\":\"Tour de cou Toronto\"},{\"@type\":\"BreadcrumbList\",\"@id\":\"https:\\\/\\\/alpagasdumaquis.be\\\/en\\\/produit\\\/cache-cou-toronto-coloris-au-choix-copie\\\/#breadcrumb\",\"itemListElement\":[{\"@type\":\"ListItem\",\"position\":1,\"name\":\"Accueil\",\"item\":\"https:\\\/\\\/alpagasdumaquis.be\\\/en\\\/alpagas-du-maquis-alpaca-breeding-spinning-mill-shop\\\/\"},{\"@type\":\"ListItem\",\"position\":2,\"name\":\"origin &#8211; Boutique\",\"item\":\"https:\\\/\\\/alpagasdumaquis.be\\\/boutique-origin\\\/\"},{\"@type\":\"ListItem\",\"position\":3,\"name\":\"Cache-cou Toronto &#8211; Coloris au choix (Copie)\"}]},{\"@type\":\"WebSite\",\"@id\":\"https:\\\/\\\/alpagasdumaquis.be\\\/#website\",\"url\":\"https:\\\/\\\/alpagasdumaquis.be\\\/\",\"name\":\"Alpagas du Maquis\",\"description\":\"Quality Alpagas &amp; Fiber Mill\",\"publisher\":{\"@id\":\"https:\\\/\\\/alpagasdumaquis.be\\\/#organization\"},\"potentialAction\":[{\"@type\":\"SearchAction\",\"target\":{\"@type\":\"EntryPoint\",\"urlTemplate\":\"https:\\\/\\\/alpagasdumaquis.be\\\/?s={search_term_string}\"},\"query-input\":{\"@type\":\"PropertyValueSpecification\",\"valueRequired\":true,\"valueName\":\"search_term_string\"}}],\"inLanguage\":\"en-US\"},{\"@type\":\"Organization\",\"@id\":\"https:\\\/\\\/alpagasdumaquis.be\\\/#organization\",\"name\":\"Alpagas du Maquis\",\"url\":\"https:\\\/\\\/alpagasdumaquis.be\\\/\",\"logo\":{\"@type\":\"ImageObject\",\"inLanguage\":\"en-US\",\"@id\":\"https:\\\/\\\/alpagasdumaquis.be\\\/#\\\/schema\\\/logo\\\/image\\\/\",\"url\":\"https:\\\/\\\/alpagasdumaquis.be\\\/wp-content\\\/uploads\\\/2023\\\/07\\\/alpagas-logo.76cc389.webp\",\"contentUrl\":\"https:\\\/\\\/alpagasdumaquis.be\\\/wp-content\\\/uploads\\\/2023\\\/07\\\/alpagas-logo.76cc389.webp\",\"width\":200,\"height\":200,\"caption\":\"Alpagas du Maquis\"},\"image\":{\"@id\":\"https:\\\/\\\/alpagasdumaquis.be\\\/#\\\/schema\\\/logo\\\/image\\\/\"}}]}<\/script>\n<!-- \/ Yoast SEO plugin. -->","yoast_head_json":{"title":"Cache-cou Toronto - Coloris au choix","description":"Un monde de douceur pour ce\u00a0cache-cou\u00a0\/ tour de cou 100% Baby Alpaca et 100% Made In Belgium.\u00a0 Il est\u00a0tr\u00e8s pratique et super efficace. Le fil est fabriqu\u00e9 par Alpagas du Maquis et la pi\u00e8ce est\u00a0tricot\u00e9e artisanalement sur le site de l'\u00e9levage par l'\u00e9quipe du Maquis!\u00a0\u00a0 Il n'y a pas plus Fair-Trade et Eco-responsable et de plus, vous faites preuve de soutien envers l'artisanat et l'entrepreneuriat\u00a0belge et wallon. Wallorisons nos savoir-faire!\u00a0 Autre coloris sur demande... contactez-nous!\u00a0","robots":{"index":"index","follow":"follow","max-snippet":"max-snippet:-1","max-image-preview":"max-image-preview:large","max-video-preview":"max-video-preview:-1"},"canonical":"https:\/\/alpagasdumaquis.be\/en\/produit\/cache-cou-toronto-coloris-au-choix-copie\/","og_locale":"en_US","og_type":"article","og_title":"Cache-cou Toronto - Coloris au choix","og_description":"Un monde de douceur pour ce\u00a0cache-cou\u00a0\/ tour de cou 100% Baby Alpaca et 100% Made In Belgium.\u00a0 Il est\u00a0tr\u00e8s pratique et super efficace. Le fil est fabriqu\u00e9 par Alpagas du Maquis et la pi\u00e8ce est\u00a0tricot\u00e9e artisanalement sur le site de l'\u00e9levage par l'\u00e9quipe du Maquis!\u00a0\u00a0 Il n'y a pas plus Fair-Trade et Eco-responsable et de plus, vous faites preuve de soutien envers l'artisanat et l'entrepreneuriat\u00a0belge et wallon. Wallorisons nos savoir-faire!\u00a0 Autre coloris sur demande... contactez-nous!\u00a0","og_url":"https:\/\/alpagasdumaquis.be\/en\/produit\/cache-cou-toronto-coloris-au-choix-copie\/","og_site_name":"Alpagas du Maquis","article_modified_time":"2023-12-06T10:50:51+00:00","og_image":[{"width":674,"height":901,"url":"https:\/\/alpagasdumaquis.be\/wp-content\/uploads\/2023\/12\/\u200eTour-de-cou-3.\u200e1.jpeg","type":"image\/jpeg"}],"twitter_card":"summary_large_image","schema":{"@context":"https:\/\/schema.org","@graph":[{"@type":"WebPage","@id":"https:\/\/alpagasdumaquis.be\/en\/produit\/cache-cou-toronto-coloris-au-choix-copie\/","url":"https:\/\/alpagasdumaquis.be\/en\/produit\/cache-cou-toronto-coloris-au-choix-copie\/","name":"Cache-cou Toronto - Coloris au choix","isPartOf":{"@id":"https:\/\/alpagasdumaquis.be\/#website"},"primaryImageOfPage":{"@id":"https:\/\/alpagasdumaquis.be\/en\/produit\/cache-cou-toronto-coloris-au-choix-copie\/#primaryimage"},"image":{"@id":"https:\/\/alpagasdumaquis.be\/en\/produit\/cache-cou-toronto-coloris-au-choix-copie\/#primaryimage"},"thumbnailUrl":"https:\/\/alpagasdumaquis.be\/wp-content\/uploads\/2023\/12\/\u200eTour-de-cou-5.\u200e1.jpeg","datePublished":"2023-12-06T10:40:28+00:00","dateModified":"2023-12-06T10:50:51+00:00","description":"Un monde de douceur pour ce\u00a0cache-cou\u00a0\/ tour de cou 100% Baby Alpaca et 100% Made In Belgium.\u00a0 Il est\u00a0tr\u00e8s pratique et super efficace. Le fil est fabriqu\u00e9 par Alpagas du Maquis et la pi\u00e8ce est\u00a0tricot\u00e9e artisanalement sur le site de l'\u00e9levage par l'\u00e9quipe du Maquis!\u00a0\u00a0 Il n'y a pas plus Fair-Trade et Eco-responsable et de plus, vous faites preuve de soutien envers l'artisanat et l'entrepreneuriat\u00a0belge et wallon. Wallorisons nos savoir-faire!\u00a0 Autre coloris sur demande... contactez-nous!\u00a0","breadcrumb":{"@id":"https:\/\/alpagasdumaquis.be\/en\/produit\/cache-cou-toronto-coloris-au-choix-copie\/#breadcrumb"},"inLanguage":"en-US","potentialAction":[{"@type":"ReadAction","target":["https:\/\/alpagasdumaquis.be\/en\/produit\/cache-cou-toronto-coloris-au-choix-copie\/"]}]},{"@type":"ImageObject","inLanguage":"en-US","@id":"https:\/\/alpagasdumaquis.be\/en\/produit\/cache-cou-toronto-coloris-au-choix-copie\/#primaryimage","url":"https:\/\/alpagasdumaquis.be\/wp-content\/uploads\/2023\/12\/\u200eTour-de-cou-5.\u200e1.jpeg","contentUrl":"https:\/\/alpagasdumaquis.be\/wp-content\/uploads\/2023\/12\/\u200eTour-de-cou-5.\u200e1.jpeg","width":674,"height":901,"caption":"Tour de cou Toronto"},{"@type":"BreadcrumbList","@id":"https:\/\/alpagasdumaquis.be\/en\/produit\/cache-cou-toronto-coloris-au-choix-copie\/#breadcrumb","itemListElement":[{"@type":"ListItem","position":1,"name":"Accueil","item":"https:\/\/alpagasdumaquis.be\/en\/alpagas-du-maquis-alpaca-breeding-spinning-mill-shop\/"},{"@type":"ListItem","position":2,"name":"origin &#8211; Boutique","item":"https:\/\/alpagasdumaquis.be\/boutique-origin\/"},{"@type":"ListItem","position":3,"name":"Cache-cou Toronto &#8211; Coloris au choix (Copie)"}]},{"@type":"WebSite","@id":"https:\/\/alpagasdumaquis.be\/#website","url":"https:\/\/alpagasdumaquis.be\/","name":"Alpagas du Maquis","description":"Quality Alpagas &amp; Fiber Mill","publisher":{"@id":"https:\/\/alpagasdumaquis.be\/#organization"},"potentialAction":[{"@type":"SearchAction","target":{"@type":"EntryPoint","urlTemplate":"https:\/\/alpagasdumaquis.be\/?s={search_term_string}"},"query-input":{"@type":"PropertyValueSpecification","valueRequired":true,"valueName":"search_term_string"}}],"inLanguage":"en-US"},{"@type":"Organization","@id":"https:\/\/alpagasdumaquis.be\/#organization","name":"Alpagas du Maquis","url":"https:\/\/alpagasdumaquis.be\/","logo":{"@type":"ImageObject","inLanguage":"en-US","@id":"https:\/\/alpagasdumaquis.be\/#\/schema\/logo\/image\/","url":"https:\/\/alpagasdumaquis.be\/wp-content\/uploads\/2023\/07\/alpagas-logo.76cc389.webp","contentUrl":"https:\/\/alpagasdumaquis.be\/wp-content\/uploads\/2023\/07\/alpagas-logo.76cc389.webp","width":200,"height":200,"caption":"Alpagas du Maquis"},"image":{"@id":"https:\/\/alpagasdumaquis.be\/#\/schema\/logo\/image\/"}}]}},"jetpack_sharing_enabled":true,"_links":{"self":[{"href":"https:\/\/alpagasdumaquis.be\/en\/wp-json\/wp\/v2\/product\/6729","targetHints":{"allow":["GET"]}}],"collection":[{"href":"https:\/\/alpagasdumaquis.be\/en\/wp-json\/wp\/v2\/product"}],"about":[{"href":"https:\/\/alpagasdumaquis.be\/en\/wp-json\/wp\/v2\/types\/product"}],"replies":[{"embeddable":true,"href":"https:\/\/alpagasdumaquis.be\/en\/wp-json\/wp\/v2\/comments?post=6729"}],"version-history":[{"count":0,"href":"https:\/\/alpagasdumaquis.be\/en\/wp-json\/wp\/v2\/product\/6729\/revisions"}],"wp:featuredmedia":[{"embeddable":true,"href":"https:\/\/alpagasdumaquis.be\/en\/wp-json\/wp\/v2\/media\/6743"}],"wp:attachment":[{"href":"https:\/\/alpagasdumaquis.be\/en\/wp-json\/wp\/v2\/media?parent=6729"}],"wp:term":[{"taxonomy":"product_brand","embeddable":true,"href":"https:\/\/alpagasdumaquis.be\/en\/wp-json\/wp\/v2\/product_brand?post=6729"},{"taxonomy":"product_cat","embeddable":true,"href":"https:\/\/alpagasdumaquis.be\/en\/wp-json\/wp\/v2\/product_cat?post=6729"},{"taxonomy":"product_tag","embeddable":true,"href":"https:\/\/alpagasdumaquis.be\/en\/wp-json\/wp\/v2\/product_tag?post=6729"}],"curies":[{"name":"wp","href":"https:\/\/api.w.org\/{rel}","templated":true}]}}