{"id":7233,"date":"2023-12-28T14:31:13","date_gmt":"2023-12-28T13:31:13","guid":{"rendered":"https:\/\/alpagasdumaquis.be\/?post_type=product&#038;p=7233"},"modified":"2025-01-07T19:41:57","modified_gmt":"2025-01-07T18:41:57","slug":"gants-des-andes-modulables-copie-copie","status":"publish","type":"product","link":"https:\/\/alpagasdumaquis.be\/en\/produit\/gants-des-andes-modulables-copie-copie\/","title":{"rendered":"Gants des Andes modulables (Copie) (Copie)"},"content":{"rendered":"<p>Les gants parfaits pour les femmes et les hommes qui ne veulent pas faire de compromis entre facilit\u00e9\u00a0et confort. Vous avez le choix entre les gants demi-doigts et s&#8217;il fait trop froid, vous tirez simplement sur la poche qui va couvrir vos doigts enti\u00e8rement et les r\u00e9chauffer.<\/p>\n<p>Ces gants sont \u00e9galement enti\u00e8rement doubl\u00e9s de doux molleton de coton et sont particuli\u00e8rement chauds. Cette s\u00e9rie pr\u00e9sente le meilleur de la maille jacquard. Un mod\u00e8le typique de l&#8217;hiver, minutieusement tricot\u00e9 dans des couleurs intemporelles, \u00e0 porter en toutes occasions : au ski, en balade dans la neige ou en vir\u00e9e shopping&#8230;<\/p>\n<p>Tricot\u00a0: 100% Alpaga<br \/>Doublure : 100% coton<\/p>\n","protected":false},"excerpt":{"rendered":"<p>Les gants parfaits pour les femmes et les hommes qui ne veulent pas faire de compromis entre facilit\u00e9\u00a0et confort. Vous avez le choix entre les gants demi-doigts et s&#8217;il fait trop froid, vous tirez simplement sur la poche qui va couvrir vos doigts enti\u00e8rement et les r\u00e9chauffer. Ces gants sont \u00e9galement enti\u00e8rement doubl\u00e9s de doux [&hellip;]<\/p>\n","protected":false},"featured_media":7257,"comment_status":"open","ping_status":"closed","template":"","meta":[],"product_brand":[],"product_cat":[51],"product_tag":[],"class_list":{"0":"post-7233","1":"product","2":"type-product","3":"status-publish","4":"has-post-thumbnail","6":"product_cat-peru-mains-pieds-au-chaud-2","7":"pa_couleur-cafe-brule-en","9":"first","10":"instock","11":"shipping-taxable","12":"purchasable","13":"product-type-variable"},"yoast_head":"<!-- This site is optimized with the Yoast SEO plugin v27.5 - https:\/\/yoast.com\/product\/yoast-seo-wordpress\/ -->\n<title>Gants des Andes modulables<\/title>\n<meta name=\"description\" content=\"Les gants parfaits pour les femmes et les hommes qui ne veulent pas faire de compromis entre facilit\u00e9\u00a0et confort. Vous avez le choix entre les gants demi-doigts et s&#039;il fait trop froid, vous tirez simplement sur la poche qui va couvrir vos doigts enti\u00e8rement et les r\u00e9chauffer. Ces gants sont \u00e9galement enti\u00e8rement doubl\u00e9s de doux molleton de coton et sont particuli\u00e8rement chauds. Cette s\u00e9rie pr\u00e9sente le meilleur de la maille jacquard. Un mod\u00e8le typique de l&#039;hiver, minutieusement tricot\u00e9 dans des couleurs intemporelles, \u00e0 porter en toutes occasions : au ski, en balade dans la neige ou en vir\u00e9e shopping...Tricot\u00a0: 100% AlpagaDoublure : 100% coton\" \/>\n<meta name=\"robots\" content=\"index, follow, max-snippet:-1, max-image-preview:large, max-video-preview:-1\" \/>\n<link rel=\"canonical\" href=\"https:\/\/alpagasdumaquis.be\/en\/produit\/gants-des-andes-modulables-copie-copie\/\" \/>\n<meta property=\"og:locale\" content=\"en_US\" \/>\n<meta property=\"og:type\" content=\"article\" \/>\n<meta property=\"og:title\" content=\"Gants des Andes modulables\" \/>\n<meta property=\"og:description\" content=\"Les gants parfaits pour les femmes et les hommes qui ne veulent pas faire de compromis entre facilit\u00e9\u00a0et confort. Vous avez le choix entre les gants demi-doigts et s&#039;il fait trop froid, vous tirez simplement sur la poche qui va couvrir vos doigts enti\u00e8rement et les r\u00e9chauffer. Ces gants sont \u00e9galement enti\u00e8rement doubl\u00e9s de doux molleton de coton et sont particuli\u00e8rement chauds. Cette s\u00e9rie pr\u00e9sente le meilleur de la maille jacquard. Un mod\u00e8le typique de l&#039;hiver, minutieusement tricot\u00e9 dans des couleurs intemporelles, \u00e0 porter en toutes occasions : au ski, en balade dans la neige ou en vir\u00e9e shopping...Tricot\u00a0: 100% AlpagaDoublure : 100% coton\" \/>\n<meta property=\"og:url\" content=\"https:\/\/alpagasdumaquis.be\/en\/produit\/gants-des-andes-modulables-copie-copie\/\" \/>\n<meta property=\"og:site_name\" content=\"Alpagas du Maquis\" \/>\n<meta property=\"article:modified_time\" content=\"2025-01-07T18:41:57+00:00\" \/>\n<meta property=\"og:image\" content=\"https:\/\/alpagasdumaquis.be\/wp-content\/uploads\/2023\/12\/alpaka-fustlinge-natura-fr-neugeborene-aus-100-alpaka-superfein.jpeg\" \/>\n\t<meta property=\"og:image:width\" content=\"1500\" \/>\n\t<meta property=\"og:image:height\" content=\"2275\" \/>\n\t<meta property=\"og:image:type\" content=\"image\/jpeg\" \/>\n<meta name=\"twitter:card\" content=\"summary_large_image\" \/>\n<meta name=\"twitter:label1\" content=\"Est. reading time\" \/>\n\t<meta name=\"twitter:data1\" content=\"1 minute\" \/>\n<script type=\"application\/ld+json\" class=\"yoast-schema-graph\">{\"@context\":\"https:\\\/\\\/schema.org\",\"@graph\":[{\"@type\":\"WebPage\",\"@id\":\"https:\\\/\\\/alpagasdumaquis.be\\\/en\\\/produit\\\/gants-des-andes-modulables-copie-copie\\\/\",\"url\":\"https:\\\/\\\/alpagasdumaquis.be\\\/en\\\/produit\\\/gants-des-andes-modulables-copie-copie\\\/\",\"name\":\"Gants des Andes modulables\",\"isPartOf\":{\"@id\":\"https:\\\/\\\/alpagasdumaquis.be\\\/#website\"},\"primaryImageOfPage\":{\"@id\":\"https:\\\/\\\/alpagasdumaquis.be\\\/en\\\/produit\\\/gants-des-andes-modulables-copie-copie\\\/#primaryimage\"},\"image\":{\"@id\":\"https:\\\/\\\/alpagasdumaquis.be\\\/en\\\/produit\\\/gants-des-andes-modulables-copie-copie\\\/#primaryimage\"},\"thumbnailUrl\":\"https:\\\/\\\/alpagasdumaquis.be\\\/wp-content\\\/uploads\\\/2023\\\/12\\\/alpaka-fustlinge-natura-fr-neugeborene-aus-100-alpaka-superfein.jpeg\",\"datePublished\":\"2023-12-28T13:31:13+00:00\",\"dateModified\":\"2025-01-07T18:41:57+00:00\",\"description\":\"Les gants parfaits pour les femmes et les hommes qui ne veulent pas faire de compromis entre facilit\u00e9\u00a0et confort. Vous avez le choix entre les gants demi-doigts et s'il fait trop froid, vous tirez simplement sur la poche qui va couvrir vos doigts enti\u00e8rement et les r\u00e9chauffer. Ces gants sont \u00e9galement enti\u00e8rement doubl\u00e9s de doux molleton de coton et sont particuli\u00e8rement chauds. Cette s\u00e9rie pr\u00e9sente le meilleur de la maille jacquard. Un mod\u00e8le typique de l'hiver, minutieusement tricot\u00e9 dans des couleurs intemporelles, \u00e0 porter en toutes occasions : au ski, en balade dans la neige ou en vir\u00e9e shopping...Tricot\u00a0: 100% AlpagaDoublure : 100% coton\",\"breadcrumb\":{\"@id\":\"https:\\\/\\\/alpagasdumaquis.be\\\/en\\\/produit\\\/gants-des-andes-modulables-copie-copie\\\/#breadcrumb\"},\"inLanguage\":\"en-US\",\"potentialAction\":[{\"@type\":\"ReadAction\",\"target\":[\"https:\\\/\\\/alpagasdumaquis.be\\\/en\\\/produit\\\/gants-des-andes-modulables-copie-copie\\\/\"]}]},{\"@type\":\"ImageObject\",\"inLanguage\":\"en-US\",\"@id\":\"https:\\\/\\\/alpagasdumaquis.be\\\/en\\\/produit\\\/gants-des-andes-modulables-copie-copie\\\/#primaryimage\",\"url\":\"https:\\\/\\\/alpagasdumaquis.be\\\/wp-content\\\/uploads\\\/2023\\\/12\\\/alpaka-fustlinge-natura-fr-neugeborene-aus-100-alpaka-superfein.jpeg\",\"contentUrl\":\"https:\\\/\\\/alpagasdumaquis.be\\\/wp-content\\\/uploads\\\/2023\\\/12\\\/alpaka-fustlinge-natura-fr-neugeborene-aus-100-alpaka-superfein.jpeg\",\"width\":1500,\"height\":2275,\"caption\":\"Moufles Natura\"},{\"@type\":\"BreadcrumbList\",\"@id\":\"https:\\\/\\\/alpagasdumaquis.be\\\/en\\\/produit\\\/gants-des-andes-modulables-copie-copie\\\/#breadcrumb\",\"itemListElement\":[{\"@type\":\"ListItem\",\"position\":1,\"name\":\"Accueil\",\"item\":\"https:\\\/\\\/alpagasdumaquis.be\\\/en\\\/alpagas-du-maquis-alpaca-breeding-spinning-mill-shop\\\/\"},{\"@type\":\"ListItem\",\"position\":2,\"name\":\"origin &#8211; Boutique\",\"item\":\"https:\\\/\\\/alpagasdumaquis.be\\\/boutique-origin\\\/\"},{\"@type\":\"ListItem\",\"position\":3,\"name\":\"Gants des Andes modulables (Copie) (Copie)\"}]},{\"@type\":\"WebSite\",\"@id\":\"https:\\\/\\\/alpagasdumaquis.be\\\/#website\",\"url\":\"https:\\\/\\\/alpagasdumaquis.be\\\/\",\"name\":\"Alpagas du Maquis\",\"description\":\"Quality Alpagas &amp; Fiber Mill\",\"publisher\":{\"@id\":\"https:\\\/\\\/alpagasdumaquis.be\\\/#organization\"},\"potentialAction\":[{\"@type\":\"SearchAction\",\"target\":{\"@type\":\"EntryPoint\",\"urlTemplate\":\"https:\\\/\\\/alpagasdumaquis.be\\\/?s={search_term_string}\"},\"query-input\":{\"@type\":\"PropertyValueSpecification\",\"valueRequired\":true,\"valueName\":\"search_term_string\"}}],\"inLanguage\":\"en-US\"},{\"@type\":\"Organization\",\"@id\":\"https:\\\/\\\/alpagasdumaquis.be\\\/#organization\",\"name\":\"Alpagas du Maquis\",\"url\":\"https:\\\/\\\/alpagasdumaquis.be\\\/\",\"logo\":{\"@type\":\"ImageObject\",\"inLanguage\":\"en-US\",\"@id\":\"https:\\\/\\\/alpagasdumaquis.be\\\/#\\\/schema\\\/logo\\\/image\\\/\",\"url\":\"https:\\\/\\\/alpagasdumaquis.be\\\/wp-content\\\/uploads\\\/2023\\\/07\\\/alpagas-logo.76cc389.webp\",\"contentUrl\":\"https:\\\/\\\/alpagasdumaquis.be\\\/wp-content\\\/uploads\\\/2023\\\/07\\\/alpagas-logo.76cc389.webp\",\"width\":200,\"height\":200,\"caption\":\"Alpagas du Maquis\"},\"image\":{\"@id\":\"https:\\\/\\\/alpagasdumaquis.be\\\/#\\\/schema\\\/logo\\\/image\\\/\"}}]}<\/script>\n<!-- \/ Yoast SEO plugin. -->","yoast_head_json":{"title":"Gants des Andes modulables","description":"Les gants parfaits pour les femmes et les hommes qui ne veulent pas faire de compromis entre facilit\u00e9\u00a0et confort. Vous avez le choix entre les gants demi-doigts et s'il fait trop froid, vous tirez simplement sur la poche qui va couvrir vos doigts enti\u00e8rement et les r\u00e9chauffer. Ces gants sont \u00e9galement enti\u00e8rement doubl\u00e9s de doux molleton de coton et sont particuli\u00e8rement chauds. Cette s\u00e9rie pr\u00e9sente le meilleur de la maille jacquard. Un mod\u00e8le typique de l'hiver, minutieusement tricot\u00e9 dans des couleurs intemporelles, \u00e0 porter en toutes occasions : au ski, en balade dans la neige ou en vir\u00e9e shopping...Tricot\u00a0: 100% AlpagaDoublure : 100% coton","robots":{"index":"index","follow":"follow","max-snippet":"max-snippet:-1","max-image-preview":"max-image-preview:large","max-video-preview":"max-video-preview:-1"},"canonical":"https:\/\/alpagasdumaquis.be\/en\/produit\/gants-des-andes-modulables-copie-copie\/","og_locale":"en_US","og_type":"article","og_title":"Gants des Andes modulables","og_description":"Les gants parfaits pour les femmes et les hommes qui ne veulent pas faire de compromis entre facilit\u00e9\u00a0et confort. Vous avez le choix entre les gants demi-doigts et s'il fait trop froid, vous tirez simplement sur la poche qui va couvrir vos doigts enti\u00e8rement et les r\u00e9chauffer. Ces gants sont \u00e9galement enti\u00e8rement doubl\u00e9s de doux molleton de coton et sont particuli\u00e8rement chauds. Cette s\u00e9rie pr\u00e9sente le meilleur de la maille jacquard. Un mod\u00e8le typique de l'hiver, minutieusement tricot\u00e9 dans des couleurs intemporelles, \u00e0 porter en toutes occasions : au ski, en balade dans la neige ou en vir\u00e9e shopping...Tricot\u00a0: 100% AlpagaDoublure : 100% coton","og_url":"https:\/\/alpagasdumaquis.be\/en\/produit\/gants-des-andes-modulables-copie-copie\/","og_site_name":"Alpagas du Maquis","article_modified_time":"2025-01-07T18:41:57+00:00","og_image":[{"width":1500,"height":2275,"url":"https:\/\/alpagasdumaquis.be\/wp-content\/uploads\/2023\/12\/alpaka-fustlinge-natura-fr-neugeborene-aus-100-alpaka-superfein.jpeg","type":"image\/jpeg"}],"twitter_card":"summary_large_image","twitter_misc":{"Est. reading time":"1 minute"},"schema":{"@context":"https:\/\/schema.org","@graph":[{"@type":"WebPage","@id":"https:\/\/alpagasdumaquis.be\/en\/produit\/gants-des-andes-modulables-copie-copie\/","url":"https:\/\/alpagasdumaquis.be\/en\/produit\/gants-des-andes-modulables-copie-copie\/","name":"Gants des Andes modulables","isPartOf":{"@id":"https:\/\/alpagasdumaquis.be\/#website"},"primaryImageOfPage":{"@id":"https:\/\/alpagasdumaquis.be\/en\/produit\/gants-des-andes-modulables-copie-copie\/#primaryimage"},"image":{"@id":"https:\/\/alpagasdumaquis.be\/en\/produit\/gants-des-andes-modulables-copie-copie\/#primaryimage"},"thumbnailUrl":"https:\/\/alpagasdumaquis.be\/wp-content\/uploads\/2023\/12\/alpaka-fustlinge-natura-fr-neugeborene-aus-100-alpaka-superfein.jpeg","datePublished":"2023-12-28T13:31:13+00:00","dateModified":"2025-01-07T18:41:57+00:00","description":"Les gants parfaits pour les femmes et les hommes qui ne veulent pas faire de compromis entre facilit\u00e9\u00a0et confort. Vous avez le choix entre les gants demi-doigts et s'il fait trop froid, vous tirez simplement sur la poche qui va couvrir vos doigts enti\u00e8rement et les r\u00e9chauffer. Ces gants sont \u00e9galement enti\u00e8rement doubl\u00e9s de doux molleton de coton et sont particuli\u00e8rement chauds. Cette s\u00e9rie pr\u00e9sente le meilleur de la maille jacquard. Un mod\u00e8le typique de l'hiver, minutieusement tricot\u00e9 dans des couleurs intemporelles, \u00e0 porter en toutes occasions : au ski, en balade dans la neige ou en vir\u00e9e shopping...Tricot\u00a0: 100% AlpagaDoublure : 100% coton","breadcrumb":{"@id":"https:\/\/alpagasdumaquis.be\/en\/produit\/gants-des-andes-modulables-copie-copie\/#breadcrumb"},"inLanguage":"en-US","potentialAction":[{"@type":"ReadAction","target":["https:\/\/alpagasdumaquis.be\/en\/produit\/gants-des-andes-modulables-copie-copie\/"]}]},{"@type":"ImageObject","inLanguage":"en-US","@id":"https:\/\/alpagasdumaquis.be\/en\/produit\/gants-des-andes-modulables-copie-copie\/#primaryimage","url":"https:\/\/alpagasdumaquis.be\/wp-content\/uploads\/2023\/12\/alpaka-fustlinge-natura-fr-neugeborene-aus-100-alpaka-superfein.jpeg","contentUrl":"https:\/\/alpagasdumaquis.be\/wp-content\/uploads\/2023\/12\/alpaka-fustlinge-natura-fr-neugeborene-aus-100-alpaka-superfein.jpeg","width":1500,"height":2275,"caption":"Moufles Natura"},{"@type":"BreadcrumbList","@id":"https:\/\/alpagasdumaquis.be\/en\/produit\/gants-des-andes-modulables-copie-copie\/#breadcrumb","itemListElement":[{"@type":"ListItem","position":1,"name":"Accueil","item":"https:\/\/alpagasdumaquis.be\/en\/alpagas-du-maquis-alpaca-breeding-spinning-mill-shop\/"},{"@type":"ListItem","position":2,"name":"origin &#8211; Boutique","item":"https:\/\/alpagasdumaquis.be\/boutique-origin\/"},{"@type":"ListItem","position":3,"name":"Gants des Andes modulables (Copie) (Copie)"}]},{"@type":"WebSite","@id":"https:\/\/alpagasdumaquis.be\/#website","url":"https:\/\/alpagasdumaquis.be\/","name":"Alpagas du Maquis","description":"Quality Alpagas &amp; Fiber Mill","publisher":{"@id":"https:\/\/alpagasdumaquis.be\/#organization"},"potentialAction":[{"@type":"SearchAction","target":{"@type":"EntryPoint","urlTemplate":"https:\/\/alpagasdumaquis.be\/?s={search_term_string}"},"query-input":{"@type":"PropertyValueSpecification","valueRequired":true,"valueName":"search_term_string"}}],"inLanguage":"en-US"},{"@type":"Organization","@id":"https:\/\/alpagasdumaquis.be\/#organization","name":"Alpagas du Maquis","url":"https:\/\/alpagasdumaquis.be\/","logo":{"@type":"ImageObject","inLanguage":"en-US","@id":"https:\/\/alpagasdumaquis.be\/#\/schema\/logo\/image\/","url":"https:\/\/alpagasdumaquis.be\/wp-content\/uploads\/2023\/07\/alpagas-logo.76cc389.webp","contentUrl":"https:\/\/alpagasdumaquis.be\/wp-content\/uploads\/2023\/07\/alpagas-logo.76cc389.webp","width":200,"height":200,"caption":"Alpagas du Maquis"},"image":{"@id":"https:\/\/alpagasdumaquis.be\/#\/schema\/logo\/image\/"}}]}},"jetpack_sharing_enabled":true,"_links":{"self":[{"href":"https:\/\/alpagasdumaquis.be\/en\/wp-json\/wp\/v2\/product\/7233","targetHints":{"allow":["GET"]}}],"collection":[{"href":"https:\/\/alpagasdumaquis.be\/en\/wp-json\/wp\/v2\/product"}],"about":[{"href":"https:\/\/alpagasdumaquis.be\/en\/wp-json\/wp\/v2\/types\/product"}],"replies":[{"embeddable":true,"href":"https:\/\/alpagasdumaquis.be\/en\/wp-json\/wp\/v2\/comments?post=7233"}],"version-history":[{"count":0,"href":"https:\/\/alpagasdumaquis.be\/en\/wp-json\/wp\/v2\/product\/7233\/revisions"}],"wp:featuredmedia":[{"embeddable":true,"href":"https:\/\/alpagasdumaquis.be\/en\/wp-json\/wp\/v2\/media\/7257"}],"wp:attachment":[{"href":"https:\/\/alpagasdumaquis.be\/en\/wp-json\/wp\/v2\/media?parent=7233"}],"wp:term":[{"taxonomy":"product_brand","embeddable":true,"href":"https:\/\/alpagasdumaquis.be\/en\/wp-json\/wp\/v2\/product_brand?post=7233"},{"taxonomy":"product_cat","embeddable":true,"href":"https:\/\/alpagasdumaquis.be\/en\/wp-json\/wp\/v2\/product_cat?post=7233"},{"taxonomy":"product_tag","embeddable":true,"href":"https:\/\/alpagasdumaquis.be\/en\/wp-json\/wp\/v2\/product_tag?post=7233"}],"curies":[{"name":"wp","href":"https:\/\/api.w.org\/{rel}","templated":true}]}}