{"id":8004,"date":"2024-11-28T18:17:46","date_gmt":"2024-11-28T17:17:46","guid":{"rendered":"https:\/\/alpagasdumaquis.be\/?post_type=product&#038;p=8004"},"modified":"2025-01-07T19:24:08","modified_gmt":"2025-01-07T18:24:08","slug":"pullover-asala-pour-dame-copie","status":"publish","type":"product","link":"https:\/\/alpagasdumaquis.be\/en\/produit\/pullover-asala-pour-dame-copie\/","title":{"rendered":"Pullover Asala pour dame (Copie)"},"content":{"rendered":"<p><meta charset=\"utf-8\"><\/p>\n<p>Un pull essentiel qui deviendra vite votre favori.<\/p>\n<p>Fabriqu\u00e9 \u00e0 partir d&#8217;une combinaison chaude de\u00a0Baby Alpaca et de M\u00e9rinos, ce pull\u00a0 classique est un incontournable de toute garde-robe. Il est\u00a0ultra-doux et il offre une grande chaleur et une l\u00e9g\u00e8ret\u00e9 exceptionnelles.\u00a0<\/p>\n<p>Avec un grand col et de\u00a0jolies bordures c\u00f4tel\u00e9es sur les manches et l&#8217;ourlet, i<span data-mce-fragment=\"1\">l est une pi\u00e8ce intemporelle et sophistiqu\u00e9e.<\/span><\/p>\n<p>Mati\u00e8re : 70% Baby Alpaca &#8211; 23% Laine M\u00e9rinos &#8211; 7% Polyamide<\/p>\n","protected":false},"excerpt":{"rendered":"<p>Un pull essentiel qui deviendra vite votre favori. Fabriqu\u00e9 \u00e0 partir d&#8217;une combinaison chaude de\u00a0Baby Alpaca et de M\u00e9rinos, ce pull\u00a0 classique est un incontournable de toute garde-robe. Il est\u00a0ultra-doux et il offre une grande chaleur et une l\u00e9g\u00e8ret\u00e9 exceptionnelles.\u00a0 Avec un grand col et de\u00a0jolies bordures c\u00f4tel\u00e9es sur les manches et l&#8217;ourlet, il est [&hellip;]<\/p>\n","protected":false},"featured_media":8011,"comment_status":"open","ping_status":"closed","template":"","meta":[],"product_brand":[],"product_cat":[53],"product_tag":[],"class_list":{"0":"post-8004","1":"product","2":"type-product","3":"status-publish","4":"has-post-thumbnail","6":"product_cat-peru-s-envelopper-cocooner-2","7":"pa_taille-l-en","8":"pa_taille-m-en","9":"pa_taille-s-en","10":"pa_taille-xl-en","11":"pa_taille-xxl-en","13":"first","14":"instock","15":"shipping-taxable","16":"purchasable","17":"product-type-variable"},"yoast_head":"<!-- This site is optimized with the Yoast SEO plugin v27.5 - https:\/\/yoast.com\/product\/yoast-seo-wordpress\/ -->\n<title>Pullover Asala pour dame<\/title>\n<meta name=\"description\" content=\"Un pull essentiel qui deviendra vite votre favori. Fabriqu\u00e9 \u00e0 partir d&#039;une combinaison chaude de\u00a0Baby Alpaca et de M\u00e9rinos, ce pull\u00a0 classique est un incontournable de toute garde-robe. Il est\u00a0ultra-doux et il offre une grande chaleur et une l\u00e9g\u00e8ret\u00e9 exceptionnelles.\u00a0 Avec un grand col et de\u00a0jolies bordures c\u00f4tel\u00e9es sur les manches et l&#039;ourlet, il est une pi\u00e8ce intemporelle et sophistiqu\u00e9e.Mati\u00e8re : 70% Baby Alpaca - 23% Laine M\u00e9rinos - 7% Polyamide\" \/>\n<meta name=\"robots\" content=\"index, follow, max-snippet:-1, max-image-preview:large, max-video-preview:-1\" \/>\n<link rel=\"canonical\" href=\"https:\/\/alpagasdumaquis.be\/en\/produit\/pullover-asala-pour-dame-copie\/\" \/>\n<meta property=\"og:locale\" content=\"en_US\" \/>\n<meta property=\"og:type\" content=\"article\" \/>\n<meta property=\"og:title\" content=\"Pullover Asala pour dame\" \/>\n<meta property=\"og:description\" content=\"Un pull essentiel qui deviendra vite votre favori. Fabriqu\u00e9 \u00e0 partir d&#039;une combinaison chaude de\u00a0Baby Alpaca et de M\u00e9rinos, ce pull\u00a0 classique est un incontournable de toute garde-robe. Il est\u00a0ultra-doux et il offre une grande chaleur et une l\u00e9g\u00e8ret\u00e9 exceptionnelles.\u00a0 Avec un grand col et de\u00a0jolies bordures c\u00f4tel\u00e9es sur les manches et l&#039;ourlet, il est une pi\u00e8ce intemporelle et sophistiqu\u00e9e.Mati\u00e8re : 70% Baby Alpaca - 23% Laine M\u00e9rinos - 7% Polyamide\" \/>\n<meta property=\"og:url\" content=\"https:\/\/alpagasdumaquis.be\/en\/produit\/pullover-asala-pour-dame-copie\/\" \/>\n<meta property=\"og:site_name\" content=\"Alpagas du Maquis\" \/>\n<meta property=\"article:modified_time\" content=\"2025-01-07T18:24:08+00:00\" \/>\n<meta property=\"og:image\" content=\"https:\/\/alpagasdumaquis.be\/wp-content\/uploads\/2024\/11\/Pullover-Natura-dame-gris-alpaga.webp\" \/>\n\t<meta property=\"og:image:width\" content=\"1500\" \/>\n\t<meta property=\"og:image:height\" content=\"2275\" \/>\n\t<meta property=\"og:image:type\" content=\"image\/webp\" \/>\n<meta name=\"twitter:card\" content=\"summary_large_image\" \/>\n<script type=\"application\/ld+json\" class=\"yoast-schema-graph\">{\"@context\":\"https:\\\/\\\/schema.org\",\"@graph\":[{\"@type\":\"WebPage\",\"@id\":\"https:\\\/\\\/alpagasdumaquis.be\\\/en\\\/produit\\\/pullover-asala-pour-dame-copie\\\/\",\"url\":\"https:\\\/\\\/alpagasdumaquis.be\\\/en\\\/produit\\\/pullover-asala-pour-dame-copie\\\/\",\"name\":\"Pullover Asala pour dame\",\"isPartOf\":{\"@id\":\"https:\\\/\\\/alpagasdumaquis.be\\\/#website\"},\"primaryImageOfPage\":{\"@id\":\"https:\\\/\\\/alpagasdumaquis.be\\\/en\\\/produit\\\/pullover-asala-pour-dame-copie\\\/#primaryimage\"},\"image\":{\"@id\":\"https:\\\/\\\/alpagasdumaquis.be\\\/en\\\/produit\\\/pullover-asala-pour-dame-copie\\\/#primaryimage\"},\"thumbnailUrl\":\"https:\\\/\\\/alpagasdumaquis.be\\\/wp-content\\\/uploads\\\/2024\\\/11\\\/Pullover-Natura-dame-gris-alpaga.webp\",\"datePublished\":\"2024-11-28T17:17:46+00:00\",\"dateModified\":\"2025-01-07T18:24:08+00:00\",\"description\":\"Un pull essentiel qui deviendra vite votre favori. Fabriqu\u00e9 \u00e0 partir d'une combinaison chaude de\u00a0Baby Alpaca et de M\u00e9rinos, ce pull\u00a0 classique est un incontournable de toute garde-robe. Il est\u00a0ultra-doux et il offre une grande chaleur et une l\u00e9g\u00e8ret\u00e9 exceptionnelles.\u00a0 Avec un grand col et de\u00a0jolies bordures c\u00f4tel\u00e9es sur les manches et l'ourlet, il est une pi\u00e8ce intemporelle et sophistiqu\u00e9e.Mati\u00e8re : 70% Baby Alpaca - 23% Laine M\u00e9rinos - 7% Polyamide\",\"breadcrumb\":{\"@id\":\"https:\\\/\\\/alpagasdumaquis.be\\\/en\\\/produit\\\/pullover-asala-pour-dame-copie\\\/#breadcrumb\"},\"inLanguage\":\"en-US\",\"potentialAction\":[{\"@type\":\"ReadAction\",\"target\":[\"https:\\\/\\\/alpagasdumaquis.be\\\/en\\\/produit\\\/pullover-asala-pour-dame-copie\\\/\"]}]},{\"@type\":\"ImageObject\",\"inLanguage\":\"en-US\",\"@id\":\"https:\\\/\\\/alpagasdumaquis.be\\\/en\\\/produit\\\/pullover-asala-pour-dame-copie\\\/#primaryimage\",\"url\":\"https:\\\/\\\/alpagasdumaquis.be\\\/wp-content\\\/uploads\\\/2024\\\/11\\\/Pullover-Natura-dame-gris-alpaga.webp\",\"contentUrl\":\"https:\\\/\\\/alpagasdumaquis.be\\\/wp-content\\\/uploads\\\/2024\\\/11\\\/Pullover-Natura-dame-gris-alpaga.webp\",\"width\":1500,\"height\":2275},{\"@type\":\"BreadcrumbList\",\"@id\":\"https:\\\/\\\/alpagasdumaquis.be\\\/en\\\/produit\\\/pullover-asala-pour-dame-copie\\\/#breadcrumb\",\"itemListElement\":[{\"@type\":\"ListItem\",\"position\":1,\"name\":\"Accueil\",\"item\":\"https:\\\/\\\/alpagasdumaquis.be\\\/en\\\/alpagas-du-maquis-alpaca-breeding-spinning-mill-shop\\\/\"},{\"@type\":\"ListItem\",\"position\":2,\"name\":\"origin &#8211; Boutique\",\"item\":\"https:\\\/\\\/alpagasdumaquis.be\\\/boutique-origin\\\/\"},{\"@type\":\"ListItem\",\"position\":3,\"name\":\"Pullover Asala pour dame (Copie)\"}]},{\"@type\":\"WebSite\",\"@id\":\"https:\\\/\\\/alpagasdumaquis.be\\\/#website\",\"url\":\"https:\\\/\\\/alpagasdumaquis.be\\\/\",\"name\":\"Alpagas du Maquis\",\"description\":\"Quality Alpagas &amp; Fiber Mill\",\"publisher\":{\"@id\":\"https:\\\/\\\/alpagasdumaquis.be\\\/#organization\"},\"potentialAction\":[{\"@type\":\"SearchAction\",\"target\":{\"@type\":\"EntryPoint\",\"urlTemplate\":\"https:\\\/\\\/alpagasdumaquis.be\\\/?s={search_term_string}\"},\"query-input\":{\"@type\":\"PropertyValueSpecification\",\"valueRequired\":true,\"valueName\":\"search_term_string\"}}],\"inLanguage\":\"en-US\"},{\"@type\":\"Organization\",\"@id\":\"https:\\\/\\\/alpagasdumaquis.be\\\/#organization\",\"name\":\"Alpagas du Maquis\",\"url\":\"https:\\\/\\\/alpagasdumaquis.be\\\/\",\"logo\":{\"@type\":\"ImageObject\",\"inLanguage\":\"en-US\",\"@id\":\"https:\\\/\\\/alpagasdumaquis.be\\\/#\\\/schema\\\/logo\\\/image\\\/\",\"url\":\"https:\\\/\\\/alpagasdumaquis.be\\\/wp-content\\\/uploads\\\/2023\\\/07\\\/alpagas-logo.76cc389.webp\",\"contentUrl\":\"https:\\\/\\\/alpagasdumaquis.be\\\/wp-content\\\/uploads\\\/2023\\\/07\\\/alpagas-logo.76cc389.webp\",\"width\":200,\"height\":200,\"caption\":\"Alpagas du Maquis\"},\"image\":{\"@id\":\"https:\\\/\\\/alpagasdumaquis.be\\\/#\\\/schema\\\/logo\\\/image\\\/\"}}]}<\/script>\n<!-- \/ Yoast SEO plugin. -->","yoast_head_json":{"title":"Pullover Asala pour dame","description":"Un pull essentiel qui deviendra vite votre favori. Fabriqu\u00e9 \u00e0 partir d'une combinaison chaude de\u00a0Baby Alpaca et de M\u00e9rinos, ce pull\u00a0 classique est un incontournable de toute garde-robe. Il est\u00a0ultra-doux et il offre une grande chaleur et une l\u00e9g\u00e8ret\u00e9 exceptionnelles.\u00a0 Avec un grand col et de\u00a0jolies bordures c\u00f4tel\u00e9es sur les manches et l'ourlet, il est une pi\u00e8ce intemporelle et sophistiqu\u00e9e.Mati\u00e8re : 70% Baby Alpaca - 23% Laine M\u00e9rinos - 7% Polyamide","robots":{"index":"index","follow":"follow","max-snippet":"max-snippet:-1","max-image-preview":"max-image-preview:large","max-video-preview":"max-video-preview:-1"},"canonical":"https:\/\/alpagasdumaquis.be\/en\/produit\/pullover-asala-pour-dame-copie\/","og_locale":"en_US","og_type":"article","og_title":"Pullover Asala pour dame","og_description":"Un pull essentiel qui deviendra vite votre favori. Fabriqu\u00e9 \u00e0 partir d'une combinaison chaude de\u00a0Baby Alpaca et de M\u00e9rinos, ce pull\u00a0 classique est un incontournable de toute garde-robe. Il est\u00a0ultra-doux et il offre une grande chaleur et une l\u00e9g\u00e8ret\u00e9 exceptionnelles.\u00a0 Avec un grand col et de\u00a0jolies bordures c\u00f4tel\u00e9es sur les manches et l'ourlet, il est une pi\u00e8ce intemporelle et sophistiqu\u00e9e.Mati\u00e8re : 70% Baby Alpaca - 23% Laine M\u00e9rinos - 7% Polyamide","og_url":"https:\/\/alpagasdumaquis.be\/en\/produit\/pullover-asala-pour-dame-copie\/","og_site_name":"Alpagas du Maquis","article_modified_time":"2025-01-07T18:24:08+00:00","og_image":[{"width":1500,"height":2275,"url":"https:\/\/alpagasdumaquis.be\/wp-content\/uploads\/2024\/11\/Pullover-Natura-dame-gris-alpaga.webp","type":"image\/webp"}],"twitter_card":"summary_large_image","schema":{"@context":"https:\/\/schema.org","@graph":[{"@type":"WebPage","@id":"https:\/\/alpagasdumaquis.be\/en\/produit\/pullover-asala-pour-dame-copie\/","url":"https:\/\/alpagasdumaquis.be\/en\/produit\/pullover-asala-pour-dame-copie\/","name":"Pullover Asala pour dame","isPartOf":{"@id":"https:\/\/alpagasdumaquis.be\/#website"},"primaryImageOfPage":{"@id":"https:\/\/alpagasdumaquis.be\/en\/produit\/pullover-asala-pour-dame-copie\/#primaryimage"},"image":{"@id":"https:\/\/alpagasdumaquis.be\/en\/produit\/pullover-asala-pour-dame-copie\/#primaryimage"},"thumbnailUrl":"https:\/\/alpagasdumaquis.be\/wp-content\/uploads\/2024\/11\/Pullover-Natura-dame-gris-alpaga.webp","datePublished":"2024-11-28T17:17:46+00:00","dateModified":"2025-01-07T18:24:08+00:00","description":"Un pull essentiel qui deviendra vite votre favori. Fabriqu\u00e9 \u00e0 partir d'une combinaison chaude de\u00a0Baby Alpaca et de M\u00e9rinos, ce pull\u00a0 classique est un incontournable de toute garde-robe. Il est\u00a0ultra-doux et il offre une grande chaleur et une l\u00e9g\u00e8ret\u00e9 exceptionnelles.\u00a0 Avec un grand col et de\u00a0jolies bordures c\u00f4tel\u00e9es sur les manches et l'ourlet, il est une pi\u00e8ce intemporelle et sophistiqu\u00e9e.Mati\u00e8re : 70% Baby Alpaca - 23% Laine M\u00e9rinos - 7% Polyamide","breadcrumb":{"@id":"https:\/\/alpagasdumaquis.be\/en\/produit\/pullover-asala-pour-dame-copie\/#breadcrumb"},"inLanguage":"en-US","potentialAction":[{"@type":"ReadAction","target":["https:\/\/alpagasdumaquis.be\/en\/produit\/pullover-asala-pour-dame-copie\/"]}]},{"@type":"ImageObject","inLanguage":"en-US","@id":"https:\/\/alpagasdumaquis.be\/en\/produit\/pullover-asala-pour-dame-copie\/#primaryimage","url":"https:\/\/alpagasdumaquis.be\/wp-content\/uploads\/2024\/11\/Pullover-Natura-dame-gris-alpaga.webp","contentUrl":"https:\/\/alpagasdumaquis.be\/wp-content\/uploads\/2024\/11\/Pullover-Natura-dame-gris-alpaga.webp","width":1500,"height":2275},{"@type":"BreadcrumbList","@id":"https:\/\/alpagasdumaquis.be\/en\/produit\/pullover-asala-pour-dame-copie\/#breadcrumb","itemListElement":[{"@type":"ListItem","position":1,"name":"Accueil","item":"https:\/\/alpagasdumaquis.be\/en\/alpagas-du-maquis-alpaca-breeding-spinning-mill-shop\/"},{"@type":"ListItem","position":2,"name":"origin &#8211; Boutique","item":"https:\/\/alpagasdumaquis.be\/boutique-origin\/"},{"@type":"ListItem","position":3,"name":"Pullover Asala pour dame (Copie)"}]},{"@type":"WebSite","@id":"https:\/\/alpagasdumaquis.be\/#website","url":"https:\/\/alpagasdumaquis.be\/","name":"Alpagas du Maquis","description":"Quality Alpagas &amp; Fiber Mill","publisher":{"@id":"https:\/\/alpagasdumaquis.be\/#organization"},"potentialAction":[{"@type":"SearchAction","target":{"@type":"EntryPoint","urlTemplate":"https:\/\/alpagasdumaquis.be\/?s={search_term_string}"},"query-input":{"@type":"PropertyValueSpecification","valueRequired":true,"valueName":"search_term_string"}}],"inLanguage":"en-US"},{"@type":"Organization","@id":"https:\/\/alpagasdumaquis.be\/#organization","name":"Alpagas du Maquis","url":"https:\/\/alpagasdumaquis.be\/","logo":{"@type":"ImageObject","inLanguage":"en-US","@id":"https:\/\/alpagasdumaquis.be\/#\/schema\/logo\/image\/","url":"https:\/\/alpagasdumaquis.be\/wp-content\/uploads\/2023\/07\/alpagas-logo.76cc389.webp","contentUrl":"https:\/\/alpagasdumaquis.be\/wp-content\/uploads\/2023\/07\/alpagas-logo.76cc389.webp","width":200,"height":200,"caption":"Alpagas du Maquis"},"image":{"@id":"https:\/\/alpagasdumaquis.be\/#\/schema\/logo\/image\/"}}]}},"jetpack_sharing_enabled":true,"_links":{"self":[{"href":"https:\/\/alpagasdumaquis.be\/en\/wp-json\/wp\/v2\/product\/8004","targetHints":{"allow":["GET"]}}],"collection":[{"href":"https:\/\/alpagasdumaquis.be\/en\/wp-json\/wp\/v2\/product"}],"about":[{"href":"https:\/\/alpagasdumaquis.be\/en\/wp-json\/wp\/v2\/types\/product"}],"replies":[{"embeddable":true,"href":"https:\/\/alpagasdumaquis.be\/en\/wp-json\/wp\/v2\/comments?post=8004"}],"version-history":[{"count":1,"href":"https:\/\/alpagasdumaquis.be\/en\/wp-json\/wp\/v2\/product\/8004\/revisions"}],"predecessor-version":[{"id":8017,"href":"https:\/\/alpagasdumaquis.be\/en\/wp-json\/wp\/v2\/product\/8004\/revisions\/8017"}],"wp:featuredmedia":[{"embeddable":true,"href":"https:\/\/alpagasdumaquis.be\/en\/wp-json\/wp\/v2\/media\/8011"}],"wp:attachment":[{"href":"https:\/\/alpagasdumaquis.be\/en\/wp-json\/wp\/v2\/media?parent=8004"}],"wp:term":[{"taxonomy":"product_brand","embeddable":true,"href":"https:\/\/alpagasdumaquis.be\/en\/wp-json\/wp\/v2\/product_brand?post=8004"},{"taxonomy":"product_cat","embeddable":true,"href":"https:\/\/alpagasdumaquis.be\/en\/wp-json\/wp\/v2\/product_cat?post=8004"},{"taxonomy":"product_tag","embeddable":true,"href":"https:\/\/alpagasdumaquis.be\/en\/wp-json\/wp\/v2\/product_tag?post=8004"}],"curies":[{"name":"wp","href":"https:\/\/api.w.org\/{rel}","templated":true}]}}